{"id":39753,"date":"2018-06-27T12:08:58","date_gmt":"2018-06-27T10:08:58","guid":{"rendered":"https:\/\/watch4time.eu\/shop\/oregon-scientific-25\/"},"modified":"2018-06-27T12:08:58","modified_gmt":"2018-06-27T10:08:58","slug":"oregon-scientific-25","status":"publish","type":"product","link":"https:\/\/watch4time.eu\/sv\/shop\/oregon-scientific-25\/","title":{"rendered":"Oregon Scientific BAR292"},"content":{"rendered":"","protected":false},"excerpt":{"rendered":"<p>BAR292<\/p>\n<p>&nbsp;<\/p>\n<p>PRYSMA introducerades 2014 med \u00f6verv\u00e4ldigande marknadssucces. Denna klocka har \u00e4rft det eleganta och snygga DNA-materialet i detta produktkoncept med nya funktioner, inklusive temperatur, fuktighet och v\u00e4derprognos. Den mest framtr\u00e4dande och unika funktionen \u00e4r f\u00f6r\u00e4ndringen av f\u00e4rgdisplayen enligt omgivande temperatur.<\/p>\n","protected":false},"featured_media":39740,"comment_status":"closed","ping_status":"closed","template":"","meta":{"_mi_skip_tracking":false},"product_cat":[1647,1515,1655],"product_tag":[],"yoast_head":"<!-- This site is optimized with the Yoast SEO plugin v18.5.1 - https:\/\/yoast.com\/wordpress\/plugins\/seo\/ -->\n<title>Oregon Scientific BAR292 - Watch4Time<\/title>\n<meta name=\"robots\" content=\"index, follow, max-snippet:-1, max-image-preview:large, max-video-preview:-1\" \/>\n<link rel=\"canonical\" href=\"https:\/\/watch4time.eu\/sv\/shop\/oregon-scientific-25\/\" \/>\n<meta property=\"og:locale\" content=\"sv_SE\" \/>\n<meta property=\"og:type\" content=\"article\" \/>\n<meta property=\"og:title\" content=\"Oregon Scientific BAR292 - Watch4Time\" \/>\n<meta property=\"og:description\" content=\"BAR292  &nbsp;  PRYSMA introducerades 2014 med \u00f6verv\u00e4ldigande marknadssucces. Denna klocka har \u00e4rft det eleganta och snygga DNA-materialet i detta produktkoncept med nya funktioner, inklusive temperatur, fuktighet och v\u00e4derprognos. Den mest framtr\u00e4dande och unika funktionen \u00e4r f\u00f6r\u00e4ndringen av f\u00e4rgdisplayen enligt omgivande temperatur.\" \/>\n<meta property=\"og:url\" content=\"https:\/\/watch4time.eu\/sv\/shop\/oregon-scientific-25\/\" \/>\n<meta property=\"og:site_name\" content=\"Watch4Time\" \/>\n<meta property=\"og:image\" content=\"https:\/\/watch4time.eu\/wp-content\/uploads\/2018\/06\/BAR292_brown_yellow_light.jpg\" \/>\n\t<meta property=\"og:image:width\" content=\"1000\" \/>\n\t<meta property=\"og:image:height\" content=\"1000\" \/>\n\t<meta property=\"og:image:type\" content=\"image\/jpeg\" \/>\n<meta name=\"twitter:card\" content=\"summary_large_image\" \/>\n<script type=\"application\/ld+json\" class=\"yoast-schema-graph\">{\"@context\":\"https:\/\/schema.org\",\"@graph\":[{\"@type\":\"WebSite\",\"@id\":\"https:\/\/watch4time.eu\/#website\",\"url\":\"https:\/\/watch4time.eu\/\",\"name\":\"Watch4Time\",\"description\":\"Exquisite watches for you\",\"potentialAction\":[{\"@type\":\"SearchAction\",\"target\":{\"@type\":\"EntryPoint\",\"urlTemplate\":\"https:\/\/watch4time.eu\/?s={search_term_string}\"},\"query-input\":\"required name=search_term_string\"}],\"inLanguage\":\"sv-SE\"},{\"@type\":\"ImageObject\",\"@id\":\"https:\/\/watch4time.eu\/sv\/shop\/oregon-scientific-25\/#primaryimage\",\"inLanguage\":\"sv-SE\",\"url\":\"https:\/\/watch4time.eu\/wp-content\/uploads\/2018\/06\/BAR292_brown_yellow_light.jpg\",\"contentUrl\":\"https:\/\/watch4time.eu\/wp-content\/uploads\/2018\/06\/BAR292_brown_yellow_light.jpg\",\"width\":1000,\"height\":1000},{\"@type\":\"WebPage\",\"@id\":\"https:\/\/watch4time.eu\/sv\/shop\/oregon-scientific-25\/#webpage\",\"url\":\"https:\/\/watch4time.eu\/sv\/shop\/oregon-scientific-25\/\",\"name\":\"Oregon Scientific BAR292 - Watch4Time\",\"isPartOf\":{\"@id\":\"https:\/\/watch4time.eu\/#website\"},\"primaryImageOfPage\":{\"@id\":\"https:\/\/watch4time.eu\/sv\/shop\/oregon-scientific-25\/#primaryimage\"},\"datePublished\":\"2018-06-27T10:08:58+00:00\",\"dateModified\":\"2018-06-27T10:08:58+00:00\",\"breadcrumb\":{\"@id\":\"https:\/\/watch4time.eu\/sv\/shop\/oregon-scientific-25\/#breadcrumb\"},\"inLanguage\":\"sv-SE\",\"potentialAction\":[{\"@type\":\"ReadAction\",\"target\":[\"https:\/\/watch4time.eu\/sv\/shop\/oregon-scientific-25\/\"]}]},{\"@type\":\"BreadcrumbList\",\"@id\":\"https:\/\/watch4time.eu\/sv\/shop\/oregon-scientific-25\/#breadcrumb\",\"itemListElement\":[{\"@type\":\"ListItem\",\"position\":1,\"name\":\"Hjem\",\"item\":\"https:\/\/watch4time.eu\/\"},{\"@type\":\"ListItem\",\"position\":2,\"name\":\"Shop\",\"item\":\"https:\/\/watch4time.eu\/shop\/\"},{\"@type\":\"ListItem\",\"position\":3,\"name\":\"Oregon Scientific BAR292\"}]}]}<\/script>\n<!-- \/ Yoast SEO plugin. -->","yoast_head_json":{"title":"Oregon Scientific BAR292 - Watch4Time","robots":{"index":"index","follow":"follow","max-snippet":"max-snippet:-1","max-image-preview":"max-image-preview:large","max-video-preview":"max-video-preview:-1"},"canonical":"https:\/\/watch4time.eu\/sv\/shop\/oregon-scientific-25\/","og_locale":"sv_SE","og_type":"article","og_title":"Oregon Scientific BAR292 - Watch4Time","og_description":"BAR292  &nbsp;  PRYSMA introducerades 2014 med \u00f6verv\u00e4ldigande marknadssucces. Denna klocka har \u00e4rft det eleganta och snygga DNA-materialet i detta produktkoncept med nya funktioner, inklusive temperatur, fuktighet och v\u00e4derprognos. Den mest framtr\u00e4dande och unika funktionen \u00e4r f\u00f6r\u00e4ndringen av f\u00e4rgdisplayen enligt omgivande temperatur.","og_url":"https:\/\/watch4time.eu\/sv\/shop\/oregon-scientific-25\/","og_site_name":"Watch4Time","og_image":[{"width":1000,"height":1000,"url":"https:\/\/watch4time.eu\/wp-content\/uploads\/2018\/06\/BAR292_brown_yellow_light.jpg","type":"image\/jpeg"}],"twitter_card":"summary_large_image","schema":{"@context":"https:\/\/schema.org","@graph":[{"@type":"WebSite","@id":"https:\/\/watch4time.eu\/#website","url":"https:\/\/watch4time.eu\/","name":"Watch4Time","description":"Exquisite watches for you","potentialAction":[{"@type":"SearchAction","target":{"@type":"EntryPoint","urlTemplate":"https:\/\/watch4time.eu\/?s={search_term_string}"},"query-input":"required name=search_term_string"}],"inLanguage":"sv-SE"},{"@type":"ImageObject","@id":"https:\/\/watch4time.eu\/sv\/shop\/oregon-scientific-25\/#primaryimage","inLanguage":"sv-SE","url":"https:\/\/watch4time.eu\/wp-content\/uploads\/2018\/06\/BAR292_brown_yellow_light.jpg","contentUrl":"https:\/\/watch4time.eu\/wp-content\/uploads\/2018\/06\/BAR292_brown_yellow_light.jpg","width":1000,"height":1000},{"@type":"WebPage","@id":"https:\/\/watch4time.eu\/sv\/shop\/oregon-scientific-25\/#webpage","url":"https:\/\/watch4time.eu\/sv\/shop\/oregon-scientific-25\/","name":"Oregon Scientific BAR292 - Watch4Time","isPartOf":{"@id":"https:\/\/watch4time.eu\/#website"},"primaryImageOfPage":{"@id":"https:\/\/watch4time.eu\/sv\/shop\/oregon-scientific-25\/#primaryimage"},"datePublished":"2018-06-27T10:08:58+00:00","dateModified":"2018-06-27T10:08:58+00:00","breadcrumb":{"@id":"https:\/\/watch4time.eu\/sv\/shop\/oregon-scientific-25\/#breadcrumb"},"inLanguage":"sv-SE","potentialAction":[{"@type":"ReadAction","target":["https:\/\/watch4time.eu\/sv\/shop\/oregon-scientific-25\/"]}]},{"@type":"BreadcrumbList","@id":"https:\/\/watch4time.eu\/sv\/shop\/oregon-scientific-25\/#breadcrumb","itemListElement":[{"@type":"ListItem","position":1,"name":"Hjem","item":"https:\/\/watch4time.eu\/"},{"@type":"ListItem","position":2,"name":"Shop","item":"https:\/\/watch4time.eu\/shop\/"},{"@type":"ListItem","position":3,"name":"Oregon Scientific BAR292"}]}]}},"_links":{"self":[{"href":"https:\/\/watch4time.eu\/sv\/wp-json\/wp\/v2\/product\/39753"}],"collection":[{"href":"https:\/\/watch4time.eu\/sv\/wp-json\/wp\/v2\/product"}],"about":[{"href":"https:\/\/watch4time.eu\/sv\/wp-json\/wp\/v2\/types\/product"}],"replies":[{"embeddable":true,"href":"https:\/\/watch4time.eu\/sv\/wp-json\/wp\/v2\/comments?post=39753"}],"wp:featuredmedia":[{"embeddable":true,"href":"https:\/\/watch4time.eu\/sv\/wp-json\/wp\/v2\/media\/39740"}],"wp:attachment":[{"href":"https:\/\/watch4time.eu\/sv\/wp-json\/wp\/v2\/media?parent=39753"}],"wp:term":[{"taxonomy":"product_cat","embeddable":true,"href":"https:\/\/watch4time.eu\/sv\/wp-json\/wp\/v2\/product_cat?post=39753"},{"taxonomy":"product_tag","embeddable":true,"href":"https:\/\/watch4time.eu\/sv\/wp-json\/wp\/v2\/product_tag?post=39753"}],"curies":[{"name":"wp","href":"https:\/\/api.w.org\/{rel}","templated":true}]}}