{"id":39711,"date":"2018-06-25T13:48:06","date_gmt":"2018-06-25T11:48:06","guid":{"rendered":"https:\/\/watch4time.eu\/shop\/oregon-scientific-9\/"},"modified":"2021-09-20T10:34:13","modified_gmt":"2021-09-20T08:34:13","slug":"oregon-scientific-9","status":"publish","type":"product","link":"https:\/\/watch4time.eu\/sv\/shop\/oregon-scientific-9\/","title":{"rendered":"Oregon Scientific JM889NR"},"content":{"rendered":"","protected":false},"excerpt":{"rendered":"<p>JM889NR<\/p>\n<p>&nbsp;<\/p>\n<p>Denna Oregon Scientific radiokontrollerade v\u00e4ggklocka har en stor LCD-sk\u00e4rm f\u00f6r en enkel och snabb \u00f6verblick. Klockan visar innetemperaturen via den inbyggda termometern s\u00e5 att du enkelt kan se om ditt hem eller kontor \u00e4r f\u00f6r varmt eller f\u00f6r kallt.<\/p>\n","protected":false},"featured_media":39710,"comment_status":"closed","ping_status":"closed","template":"","meta":{"_mi_skip_tracking":false},"product_cat":[1647,1515,1656],"product_tag":[],"yoast_head":"<!-- This site is optimized with the Yoast SEO plugin v18.5.1 - https:\/\/yoast.com\/wordpress\/plugins\/seo\/ -->\n<title>Oregon Scientific JM889NR - Watch4Time<\/title>\n<meta name=\"robots\" content=\"index, follow, max-snippet:-1, max-image-preview:large, max-video-preview:-1\" \/>\n<link rel=\"canonical\" href=\"https:\/\/watch4time.eu\/sv\/shop\/oregon-scientific-9\/\" \/>\n<meta property=\"og:locale\" content=\"sv_SE\" \/>\n<meta property=\"og:type\" content=\"article\" \/>\n<meta property=\"og:title\" content=\"Oregon Scientific JM889NR - Watch4Time\" \/>\n<meta property=\"og:description\" content=\"JM889NR  &nbsp;  Denna Oregon Scientific radiokontrollerade v\u00e4ggklocka har en stor LCD-sk\u00e4rm f\u00f6r en enkel och snabb \u00f6verblick. Klockan visar innetemperaturen via den inbyggda termometern s\u00e5 att du enkelt kan se om ditt hem eller kontor \u00e4r f\u00f6r varmt eller f\u00f6r kallt.\" \/>\n<meta property=\"og:url\" content=\"https:\/\/watch4time.eu\/sv\/shop\/oregon-scientific-9\/\" \/>\n<meta property=\"og:site_name\" content=\"Watch4Time\" \/>\n<meta property=\"article:modified_time\" content=\"2021-09-20T08:34:13+00:00\" \/>\n<meta property=\"og:image\" content=\"https:\/\/watch4time.eu\/wp-content\/uploads\/2018\/06\/JM889NR-1.jpg\" \/>\n\t<meta property=\"og:image:width\" content=\"1000\" \/>\n\t<meta property=\"og:image:height\" content=\"1000\" \/>\n\t<meta property=\"og:image:type\" content=\"image\/jpeg\" \/>\n<meta name=\"twitter:card\" content=\"summary_large_image\" \/>\n<script type=\"application\/ld+json\" class=\"yoast-schema-graph\">{\"@context\":\"https:\/\/schema.org\",\"@graph\":[{\"@type\":\"WebSite\",\"@id\":\"https:\/\/watch4time.eu\/#website\",\"url\":\"https:\/\/watch4time.eu\/\",\"name\":\"Watch4Time\",\"description\":\"Exquisite watches for you\",\"potentialAction\":[{\"@type\":\"SearchAction\",\"target\":{\"@type\":\"EntryPoint\",\"urlTemplate\":\"https:\/\/watch4time.eu\/?s={search_term_string}\"},\"query-input\":\"required name=search_term_string\"}],\"inLanguage\":\"sv-SE\"},{\"@type\":\"ImageObject\",\"@id\":\"https:\/\/watch4time.eu\/sv\/shop\/oregon-scientific-9\/#primaryimage\",\"inLanguage\":\"sv-SE\",\"url\":\"https:\/\/watch4time.eu\/wp-content\/uploads\/2018\/06\/JM889NR-1.jpg\",\"contentUrl\":\"https:\/\/watch4time.eu\/wp-content\/uploads\/2018\/06\/JM889NR-1.jpg\",\"width\":1000,\"height\":1000},{\"@type\":\"WebPage\",\"@id\":\"https:\/\/watch4time.eu\/sv\/shop\/oregon-scientific-9\/#webpage\",\"url\":\"https:\/\/watch4time.eu\/sv\/shop\/oregon-scientific-9\/\",\"name\":\"Oregon Scientific JM889NR - Watch4Time\",\"isPartOf\":{\"@id\":\"https:\/\/watch4time.eu\/#website\"},\"primaryImageOfPage\":{\"@id\":\"https:\/\/watch4time.eu\/sv\/shop\/oregon-scientific-9\/#primaryimage\"},\"datePublished\":\"2018-06-25T11:48:06+00:00\",\"dateModified\":\"2021-09-20T08:34:13+00:00\",\"breadcrumb\":{\"@id\":\"https:\/\/watch4time.eu\/sv\/shop\/oregon-scientific-9\/#breadcrumb\"},\"inLanguage\":\"sv-SE\",\"potentialAction\":[{\"@type\":\"ReadAction\",\"target\":[\"https:\/\/watch4time.eu\/sv\/shop\/oregon-scientific-9\/\"]}]},{\"@type\":\"BreadcrumbList\",\"@id\":\"https:\/\/watch4time.eu\/sv\/shop\/oregon-scientific-9\/#breadcrumb\",\"itemListElement\":[{\"@type\":\"ListItem\",\"position\":1,\"name\":\"Hjem\",\"item\":\"https:\/\/watch4time.eu\/\"},{\"@type\":\"ListItem\",\"position\":2,\"name\":\"Shop\",\"item\":\"https:\/\/watch4time.eu\/shop\/\"},{\"@type\":\"ListItem\",\"position\":3,\"name\":\"Oregon Scientific JM889NR\"}]}]}<\/script>\n<!-- \/ Yoast SEO plugin. -->","yoast_head_json":{"title":"Oregon Scientific JM889NR - Watch4Time","robots":{"index":"index","follow":"follow","max-snippet":"max-snippet:-1","max-image-preview":"max-image-preview:large","max-video-preview":"max-video-preview:-1"},"canonical":"https:\/\/watch4time.eu\/sv\/shop\/oregon-scientific-9\/","og_locale":"sv_SE","og_type":"article","og_title":"Oregon Scientific JM889NR - Watch4Time","og_description":"JM889NR  &nbsp;  Denna Oregon Scientific radiokontrollerade v\u00e4ggklocka har en stor LCD-sk\u00e4rm f\u00f6r en enkel och snabb \u00f6verblick. Klockan visar innetemperaturen via den inbyggda termometern s\u00e5 att du enkelt kan se om ditt hem eller kontor \u00e4r f\u00f6r varmt eller f\u00f6r kallt.","og_url":"https:\/\/watch4time.eu\/sv\/shop\/oregon-scientific-9\/","og_site_name":"Watch4Time","article_modified_time":"2021-09-20T08:34:13+00:00","og_image":[{"width":1000,"height":1000,"url":"https:\/\/watch4time.eu\/wp-content\/uploads\/2018\/06\/JM889NR-1.jpg","type":"image\/jpeg"}],"twitter_card":"summary_large_image","schema":{"@context":"https:\/\/schema.org","@graph":[{"@type":"WebSite","@id":"https:\/\/watch4time.eu\/#website","url":"https:\/\/watch4time.eu\/","name":"Watch4Time","description":"Exquisite watches for you","potentialAction":[{"@type":"SearchAction","target":{"@type":"EntryPoint","urlTemplate":"https:\/\/watch4time.eu\/?s={search_term_string}"},"query-input":"required name=search_term_string"}],"inLanguage":"sv-SE"},{"@type":"ImageObject","@id":"https:\/\/watch4time.eu\/sv\/shop\/oregon-scientific-9\/#primaryimage","inLanguage":"sv-SE","url":"https:\/\/watch4time.eu\/wp-content\/uploads\/2018\/06\/JM889NR-1.jpg","contentUrl":"https:\/\/watch4time.eu\/wp-content\/uploads\/2018\/06\/JM889NR-1.jpg","width":1000,"height":1000},{"@type":"WebPage","@id":"https:\/\/watch4time.eu\/sv\/shop\/oregon-scientific-9\/#webpage","url":"https:\/\/watch4time.eu\/sv\/shop\/oregon-scientific-9\/","name":"Oregon Scientific JM889NR - Watch4Time","isPartOf":{"@id":"https:\/\/watch4time.eu\/#website"},"primaryImageOfPage":{"@id":"https:\/\/watch4time.eu\/sv\/shop\/oregon-scientific-9\/#primaryimage"},"datePublished":"2018-06-25T11:48:06+00:00","dateModified":"2021-09-20T08:34:13+00:00","breadcrumb":{"@id":"https:\/\/watch4time.eu\/sv\/shop\/oregon-scientific-9\/#breadcrumb"},"inLanguage":"sv-SE","potentialAction":[{"@type":"ReadAction","target":["https:\/\/watch4time.eu\/sv\/shop\/oregon-scientific-9\/"]}]},{"@type":"BreadcrumbList","@id":"https:\/\/watch4time.eu\/sv\/shop\/oregon-scientific-9\/#breadcrumb","itemListElement":[{"@type":"ListItem","position":1,"name":"Hjem","item":"https:\/\/watch4time.eu\/"},{"@type":"ListItem","position":2,"name":"Shop","item":"https:\/\/watch4time.eu\/shop\/"},{"@type":"ListItem","position":3,"name":"Oregon Scientific JM889NR"}]}]}},"_links":{"self":[{"href":"https:\/\/watch4time.eu\/sv\/wp-json\/wp\/v2\/product\/39711"}],"collection":[{"href":"https:\/\/watch4time.eu\/sv\/wp-json\/wp\/v2\/product"}],"about":[{"href":"https:\/\/watch4time.eu\/sv\/wp-json\/wp\/v2\/types\/product"}],"replies":[{"embeddable":true,"href":"https:\/\/watch4time.eu\/sv\/wp-json\/wp\/v2\/comments?post=39711"}],"wp:featuredmedia":[{"embeddable":true,"href":"https:\/\/watch4time.eu\/sv\/wp-json\/wp\/v2\/media\/39710"}],"wp:attachment":[{"href":"https:\/\/watch4time.eu\/sv\/wp-json\/wp\/v2\/media?parent=39711"}],"wp:term":[{"taxonomy":"product_cat","embeddable":true,"href":"https:\/\/watch4time.eu\/sv\/wp-json\/wp\/v2\/product_cat?post=39711"},{"taxonomy":"product_tag","embeddable":true,"href":"https:\/\/watch4time.eu\/sv\/wp-json\/wp\/v2\/product_tag?post=39711"}],"curies":[{"name":"wp","href":"https:\/\/api.w.org\/{rel}","templated":true}]}}