{"id":39342,"date":"2017-09-14T15:59:17","date_gmt":"2017-09-14T13:59:17","guid":{"rendered":"https:\/\/watch4time.eu\/shop\/jacob-jensen-world-timer\/"},"modified":"2017-09-14T15:59:17","modified_gmt":"2017-09-14T13:59:17","slug":"jacob-jensen-world-timer","status":"publish","type":"product","link":"https:\/\/watch4time.eu\/sv\/shop\/jacob-jensen-world-timer\/","title":{"rendered":"Jacob Jensen World Timer 310"},"content":{"rendered":"","protected":false},"excerpt":{"rendered":"<p>JJ310<\/p>\n<p>&nbsp;<\/p>\n<p>Denna v\u00e4ggklocka fr\u00e5n Jacob Jensen har en minimalistisk design som enkelt ger en \u00f6versikt \u00f6ver tiderna i b\u00e5de New York, London, K\u00f6penhamn, Tokyo och Los Angeles. Klockan har en kvartsr\u00f6relse och \u00e4r gjord med fem rostfria st\u00e5lplattor p\u00e5 en fiberplatta.<\/p>\n","protected":false},"featured_media":11625,"comment_status":"open","ping_status":"closed","template":"","meta":{"_mi_skip_tracking":false},"product_cat":[1647,1502,1656,1518],"product_tag":[],"yoast_head":"<!-- This site is optimized with the Yoast SEO plugin v18.5.1 - https:\/\/yoast.com\/wordpress\/plugins\/seo\/ -->\n<title>Jacob Jensen World Timer 310 - Watch4Time<\/title>\n<meta name=\"robots\" content=\"index, follow, max-snippet:-1, max-image-preview:large, max-video-preview:-1\" \/>\n<link rel=\"canonical\" href=\"https:\/\/watch4time.eu\/sv\/shop\/jacob-jensen-world-timer\/\" \/>\n<meta property=\"og:locale\" content=\"sv_SE\" \/>\n<meta property=\"og:type\" content=\"article\" \/>\n<meta property=\"og:title\" content=\"Jacob Jensen World Timer 310 - Watch4Time\" \/>\n<meta property=\"og:description\" content=\"JJ310  &nbsp;  Denna v\u00e4ggklocka fr\u00e5n Jacob Jensen har en minimalistisk design som enkelt ger en \u00f6versikt \u00f6ver tiderna i b\u00e5de New York, London, K\u00f6penhamn, Tokyo och Los Angeles. Klockan har en kvartsr\u00f6relse och \u00e4r gjord med fem rostfria st\u00e5lplattor p\u00e5 en fiberplatta.\" \/>\n<meta property=\"og:url\" content=\"https:\/\/watch4time.eu\/sv\/shop\/jacob-jensen-world-timer\/\" \/>\n<meta property=\"og:site_name\" content=\"Watch4Time\" \/>\n<meta property=\"og:image\" content=\"https:\/\/watch4time.eu\/wp-content\/uploads\/2017\/09\/310_front.jpg\" \/>\n\t<meta property=\"og:image:width\" content=\"1000\" \/>\n\t<meta property=\"og:image:height\" content=\"1000\" \/>\n\t<meta property=\"og:image:type\" content=\"image\/jpeg\" \/>\n<meta name=\"twitter:card\" content=\"summary_large_image\" \/>\n<script type=\"application\/ld+json\" class=\"yoast-schema-graph\">{\"@context\":\"https:\/\/schema.org\",\"@graph\":[{\"@type\":\"WebSite\",\"@id\":\"https:\/\/watch4time.eu\/#website\",\"url\":\"https:\/\/watch4time.eu\/\",\"name\":\"Watch4Time\",\"description\":\"Exquisite watches for you\",\"potentialAction\":[{\"@type\":\"SearchAction\",\"target\":{\"@type\":\"EntryPoint\",\"urlTemplate\":\"https:\/\/watch4time.eu\/?s={search_term_string}\"},\"query-input\":\"required name=search_term_string\"}],\"inLanguage\":\"sv-SE\"},{\"@type\":\"ImageObject\",\"@id\":\"https:\/\/watch4time.eu\/sv\/shop\/jacob-jensen-world-timer\/#primaryimage\",\"inLanguage\":\"sv-SE\",\"url\":\"https:\/\/watch4time.eu\/wp-content\/uploads\/2017\/09\/310_front.jpg\",\"contentUrl\":\"https:\/\/watch4time.eu\/wp-content\/uploads\/2017\/09\/310_front.jpg\",\"width\":1000,\"height\":1000},{\"@type\":\"WebPage\",\"@id\":\"https:\/\/watch4time.eu\/sv\/shop\/jacob-jensen-world-timer\/#webpage\",\"url\":\"https:\/\/watch4time.eu\/sv\/shop\/jacob-jensen-world-timer\/\",\"name\":\"Jacob Jensen World Timer 310 - Watch4Time\",\"isPartOf\":{\"@id\":\"https:\/\/watch4time.eu\/#website\"},\"primaryImageOfPage\":{\"@id\":\"https:\/\/watch4time.eu\/sv\/shop\/jacob-jensen-world-timer\/#primaryimage\"},\"datePublished\":\"2017-09-14T13:59:17+00:00\",\"dateModified\":\"2017-09-14T13:59:17+00:00\",\"breadcrumb\":{\"@id\":\"https:\/\/watch4time.eu\/sv\/shop\/jacob-jensen-world-timer\/#breadcrumb\"},\"inLanguage\":\"sv-SE\",\"potentialAction\":[{\"@type\":\"ReadAction\",\"target\":[\"https:\/\/watch4time.eu\/sv\/shop\/jacob-jensen-world-timer\/\"]}]},{\"@type\":\"BreadcrumbList\",\"@id\":\"https:\/\/watch4time.eu\/sv\/shop\/jacob-jensen-world-timer\/#breadcrumb\",\"itemListElement\":[{\"@type\":\"ListItem\",\"position\":1,\"name\":\"Hjem\",\"item\":\"https:\/\/watch4time.eu\/\"},{\"@type\":\"ListItem\",\"position\":2,\"name\":\"Shop\",\"item\":\"https:\/\/watch4time.eu\/shop\/\"},{\"@type\":\"ListItem\",\"position\":3,\"name\":\"Jacob Jensen World Timer 310\"}]}]}<\/script>\n<!-- \/ Yoast SEO plugin. -->","yoast_head_json":{"title":"Jacob Jensen World Timer 310 - Watch4Time","robots":{"index":"index","follow":"follow","max-snippet":"max-snippet:-1","max-image-preview":"max-image-preview:large","max-video-preview":"max-video-preview:-1"},"canonical":"https:\/\/watch4time.eu\/sv\/shop\/jacob-jensen-world-timer\/","og_locale":"sv_SE","og_type":"article","og_title":"Jacob Jensen World Timer 310 - Watch4Time","og_description":"JJ310  &nbsp;  Denna v\u00e4ggklocka fr\u00e5n Jacob Jensen har en minimalistisk design som enkelt ger en \u00f6versikt \u00f6ver tiderna i b\u00e5de New York, London, K\u00f6penhamn, Tokyo och Los Angeles. Klockan har en kvartsr\u00f6relse och \u00e4r gjord med fem rostfria st\u00e5lplattor p\u00e5 en fiberplatta.","og_url":"https:\/\/watch4time.eu\/sv\/shop\/jacob-jensen-world-timer\/","og_site_name":"Watch4Time","og_image":[{"width":1000,"height":1000,"url":"https:\/\/watch4time.eu\/wp-content\/uploads\/2017\/09\/310_front.jpg","type":"image\/jpeg"}],"twitter_card":"summary_large_image","schema":{"@context":"https:\/\/schema.org","@graph":[{"@type":"WebSite","@id":"https:\/\/watch4time.eu\/#website","url":"https:\/\/watch4time.eu\/","name":"Watch4Time","description":"Exquisite watches for you","potentialAction":[{"@type":"SearchAction","target":{"@type":"EntryPoint","urlTemplate":"https:\/\/watch4time.eu\/?s={search_term_string}"},"query-input":"required name=search_term_string"}],"inLanguage":"sv-SE"},{"@type":"ImageObject","@id":"https:\/\/watch4time.eu\/sv\/shop\/jacob-jensen-world-timer\/#primaryimage","inLanguage":"sv-SE","url":"https:\/\/watch4time.eu\/wp-content\/uploads\/2017\/09\/310_front.jpg","contentUrl":"https:\/\/watch4time.eu\/wp-content\/uploads\/2017\/09\/310_front.jpg","width":1000,"height":1000},{"@type":"WebPage","@id":"https:\/\/watch4time.eu\/sv\/shop\/jacob-jensen-world-timer\/#webpage","url":"https:\/\/watch4time.eu\/sv\/shop\/jacob-jensen-world-timer\/","name":"Jacob Jensen World Timer 310 - Watch4Time","isPartOf":{"@id":"https:\/\/watch4time.eu\/#website"},"primaryImageOfPage":{"@id":"https:\/\/watch4time.eu\/sv\/shop\/jacob-jensen-world-timer\/#primaryimage"},"datePublished":"2017-09-14T13:59:17+00:00","dateModified":"2017-09-14T13:59:17+00:00","breadcrumb":{"@id":"https:\/\/watch4time.eu\/sv\/shop\/jacob-jensen-world-timer\/#breadcrumb"},"inLanguage":"sv-SE","potentialAction":[{"@type":"ReadAction","target":["https:\/\/watch4time.eu\/sv\/shop\/jacob-jensen-world-timer\/"]}]},{"@type":"BreadcrumbList","@id":"https:\/\/watch4time.eu\/sv\/shop\/jacob-jensen-world-timer\/#breadcrumb","itemListElement":[{"@type":"ListItem","position":1,"name":"Hjem","item":"https:\/\/watch4time.eu\/"},{"@type":"ListItem","position":2,"name":"Shop","item":"https:\/\/watch4time.eu\/shop\/"},{"@type":"ListItem","position":3,"name":"Jacob Jensen World Timer 310"}]}]}},"_links":{"self":[{"href":"https:\/\/watch4time.eu\/sv\/wp-json\/wp\/v2\/product\/39342"}],"collection":[{"href":"https:\/\/watch4time.eu\/sv\/wp-json\/wp\/v2\/product"}],"about":[{"href":"https:\/\/watch4time.eu\/sv\/wp-json\/wp\/v2\/types\/product"}],"replies":[{"embeddable":true,"href":"https:\/\/watch4time.eu\/sv\/wp-json\/wp\/v2\/comments?post=39342"}],"wp:featuredmedia":[{"embeddable":true,"href":"https:\/\/watch4time.eu\/sv\/wp-json\/wp\/v2\/media\/11625"}],"wp:attachment":[{"href":"https:\/\/watch4time.eu\/sv\/wp-json\/wp\/v2\/media?parent=39342"}],"wp:term":[{"taxonomy":"product_cat","embeddable":true,"href":"https:\/\/watch4time.eu\/sv\/wp-json\/wp\/v2\/product_cat?post=39342"},{"taxonomy":"product_tag","embeddable":true,"href":"https:\/\/watch4time.eu\/sv\/wp-json\/wp\/v2\/product_tag?post=39342"}],"curies":[{"name":"wp","href":"https:\/\/api.w.org\/{rel}","templated":true}]}}