{"id":39184,"date":"2018-02-09T15:25:25","date_gmt":"2018-02-09T14:25:25","guid":{"rendered":"https:\/\/watch4time.eu\/shop\/trident-traders-19\/"},"modified":"2018-02-09T15:25:25","modified_gmt":"2018-02-09T14:25:25","slug":"trident-traders-19","status":"publish","type":"product","link":"https:\/\/watch4time.eu\/sv\/shop\/trident-traders-19\/","title":{"rendered":"Trident Traders 53100"},"content":{"rendered":"","protected":false},"excerpt":{"rendered":"<p>53100<\/p>\n<p>&nbsp;<\/p>\n<p>Den h\u00e4r v\u00e4ckarklockan fr\u00e5n Trident Traders har en enkel design som tillsammans med sina luminescerande h\u00e4nder g\u00f6r att du alltid kan h\u00e5lla koll p\u00e5 tiden. Den h\u00e4r lilla v\u00e4ckarklockan \u00e4r den perfekta reses\u00e4llskapet och kan l\u00e4tt vara i n\u00e5gon resv\u00e4ska.<\/p>\n","protected":false},"featured_media":39185,"comment_status":"closed","ping_status":"closed","template":"","meta":{"_mi_skip_tracking":false},"product_cat":[1584,1661],"product_tag":[],"yoast_head":"<!-- This site is optimized with the Yoast SEO plugin v18.5.1 - https:\/\/yoast.com\/wordpress\/plugins\/seo\/ -->\n<title>Trident Traders 53100 - Watch4Time<\/title>\n<meta name=\"robots\" content=\"index, follow, max-snippet:-1, max-image-preview:large, max-video-preview:-1\" \/>\n<link rel=\"canonical\" href=\"https:\/\/watch4time.eu\/sv\/shop\/trident-traders-19\/\" \/>\n<meta property=\"og:locale\" content=\"sv_SE\" \/>\n<meta property=\"og:type\" content=\"article\" \/>\n<meta property=\"og:title\" content=\"Trident Traders 53100 - Watch4Time\" \/>\n<meta property=\"og:description\" content=\"53100  &nbsp;  Den h\u00e4r v\u00e4ckarklockan fr\u00e5n Trident Traders har en enkel design som tillsammans med sina luminescerande h\u00e4nder g\u00f6r att du alltid kan h\u00e5lla koll p\u00e5 tiden. Den h\u00e4r lilla v\u00e4ckarklockan \u00e4r den perfekta reses\u00e4llskapet och kan l\u00e4tt vara i n\u00e5gon resv\u00e4ska.\" \/>\n<meta property=\"og:url\" content=\"https:\/\/watch4time.eu\/sv\/shop\/trident-traders-19\/\" \/>\n<meta property=\"og:site_name\" content=\"Watch4Time\" \/>\n<meta property=\"og:image\" content=\"https:\/\/watch4time.eu\/wp-content\/uploads\/2018\/02\/TT53100.jpg\" \/>\n\t<meta property=\"og:image:width\" content=\"1000\" \/>\n\t<meta property=\"og:image:height\" content=\"1000\" \/>\n\t<meta property=\"og:image:type\" content=\"image\/jpeg\" \/>\n<meta name=\"twitter:card\" content=\"summary_large_image\" \/>\n<script type=\"application\/ld+json\" class=\"yoast-schema-graph\">{\"@context\":\"https:\/\/schema.org\",\"@graph\":[{\"@type\":\"WebSite\",\"@id\":\"https:\/\/watch4time.eu\/#website\",\"url\":\"https:\/\/watch4time.eu\/\",\"name\":\"Watch4Time\",\"description\":\"Exquisite watches for you\",\"potentialAction\":[{\"@type\":\"SearchAction\",\"target\":{\"@type\":\"EntryPoint\",\"urlTemplate\":\"https:\/\/watch4time.eu\/?s={search_term_string}\"},\"query-input\":\"required name=search_term_string\"}],\"inLanguage\":\"sv-SE\"},{\"@type\":\"ImageObject\",\"@id\":\"https:\/\/watch4time.eu\/sv\/shop\/trident-traders-19\/#primaryimage\",\"inLanguage\":\"sv-SE\",\"url\":\"https:\/\/watch4time.eu\/wp-content\/uploads\/2018\/02\/TT53100.jpg\",\"contentUrl\":\"https:\/\/watch4time.eu\/wp-content\/uploads\/2018\/02\/TT53100.jpg\",\"width\":1000,\"height\":1000},{\"@type\":\"WebPage\",\"@id\":\"https:\/\/watch4time.eu\/sv\/shop\/trident-traders-19\/#webpage\",\"url\":\"https:\/\/watch4time.eu\/sv\/shop\/trident-traders-19\/\",\"name\":\"Trident Traders 53100 - Watch4Time\",\"isPartOf\":{\"@id\":\"https:\/\/watch4time.eu\/#website\"},\"primaryImageOfPage\":{\"@id\":\"https:\/\/watch4time.eu\/sv\/shop\/trident-traders-19\/#primaryimage\"},\"datePublished\":\"2018-02-09T14:25:25+00:00\",\"dateModified\":\"2018-02-09T14:25:25+00:00\",\"breadcrumb\":{\"@id\":\"https:\/\/watch4time.eu\/sv\/shop\/trident-traders-19\/#breadcrumb\"},\"inLanguage\":\"sv-SE\",\"potentialAction\":[{\"@type\":\"ReadAction\",\"target\":[\"https:\/\/watch4time.eu\/sv\/shop\/trident-traders-19\/\"]}]},{\"@type\":\"BreadcrumbList\",\"@id\":\"https:\/\/watch4time.eu\/sv\/shop\/trident-traders-19\/#breadcrumb\",\"itemListElement\":[{\"@type\":\"ListItem\",\"position\":1,\"name\":\"Hjem\",\"item\":\"https:\/\/watch4time.eu\/\"},{\"@type\":\"ListItem\",\"position\":2,\"name\":\"Shop\",\"item\":\"https:\/\/watch4time.eu\/shop\/\"},{\"@type\":\"ListItem\",\"position\":3,\"name\":\"Trident Traders 53100\"}]}]}<\/script>\n<!-- \/ Yoast SEO plugin. -->","yoast_head_json":{"title":"Trident Traders 53100 - Watch4Time","robots":{"index":"index","follow":"follow","max-snippet":"max-snippet:-1","max-image-preview":"max-image-preview:large","max-video-preview":"max-video-preview:-1"},"canonical":"https:\/\/watch4time.eu\/sv\/shop\/trident-traders-19\/","og_locale":"sv_SE","og_type":"article","og_title":"Trident Traders 53100 - Watch4Time","og_description":"53100  &nbsp;  Den h\u00e4r v\u00e4ckarklockan fr\u00e5n Trident Traders har en enkel design som tillsammans med sina luminescerande h\u00e4nder g\u00f6r att du alltid kan h\u00e5lla koll p\u00e5 tiden. Den h\u00e4r lilla v\u00e4ckarklockan \u00e4r den perfekta reses\u00e4llskapet och kan l\u00e4tt vara i n\u00e5gon resv\u00e4ska.","og_url":"https:\/\/watch4time.eu\/sv\/shop\/trident-traders-19\/","og_site_name":"Watch4Time","og_image":[{"width":1000,"height":1000,"url":"https:\/\/watch4time.eu\/wp-content\/uploads\/2018\/02\/TT53100.jpg","type":"image\/jpeg"}],"twitter_card":"summary_large_image","schema":{"@context":"https:\/\/schema.org","@graph":[{"@type":"WebSite","@id":"https:\/\/watch4time.eu\/#website","url":"https:\/\/watch4time.eu\/","name":"Watch4Time","description":"Exquisite watches for you","potentialAction":[{"@type":"SearchAction","target":{"@type":"EntryPoint","urlTemplate":"https:\/\/watch4time.eu\/?s={search_term_string}"},"query-input":"required name=search_term_string"}],"inLanguage":"sv-SE"},{"@type":"ImageObject","@id":"https:\/\/watch4time.eu\/sv\/shop\/trident-traders-19\/#primaryimage","inLanguage":"sv-SE","url":"https:\/\/watch4time.eu\/wp-content\/uploads\/2018\/02\/TT53100.jpg","contentUrl":"https:\/\/watch4time.eu\/wp-content\/uploads\/2018\/02\/TT53100.jpg","width":1000,"height":1000},{"@type":"WebPage","@id":"https:\/\/watch4time.eu\/sv\/shop\/trident-traders-19\/#webpage","url":"https:\/\/watch4time.eu\/sv\/shop\/trident-traders-19\/","name":"Trident Traders 53100 - Watch4Time","isPartOf":{"@id":"https:\/\/watch4time.eu\/#website"},"primaryImageOfPage":{"@id":"https:\/\/watch4time.eu\/sv\/shop\/trident-traders-19\/#primaryimage"},"datePublished":"2018-02-09T14:25:25+00:00","dateModified":"2018-02-09T14:25:25+00:00","breadcrumb":{"@id":"https:\/\/watch4time.eu\/sv\/shop\/trident-traders-19\/#breadcrumb"},"inLanguage":"sv-SE","potentialAction":[{"@type":"ReadAction","target":["https:\/\/watch4time.eu\/sv\/shop\/trident-traders-19\/"]}]},{"@type":"BreadcrumbList","@id":"https:\/\/watch4time.eu\/sv\/shop\/trident-traders-19\/#breadcrumb","itemListElement":[{"@type":"ListItem","position":1,"name":"Hjem","item":"https:\/\/watch4time.eu\/"},{"@type":"ListItem","position":2,"name":"Shop","item":"https:\/\/watch4time.eu\/shop\/"},{"@type":"ListItem","position":3,"name":"Trident Traders 53100"}]}]}},"_links":{"self":[{"href":"https:\/\/watch4time.eu\/sv\/wp-json\/wp\/v2\/product\/39184"}],"collection":[{"href":"https:\/\/watch4time.eu\/sv\/wp-json\/wp\/v2\/product"}],"about":[{"href":"https:\/\/watch4time.eu\/sv\/wp-json\/wp\/v2\/types\/product"}],"replies":[{"embeddable":true,"href":"https:\/\/watch4time.eu\/sv\/wp-json\/wp\/v2\/comments?post=39184"}],"wp:featuredmedia":[{"embeddable":true,"href":"https:\/\/watch4time.eu\/sv\/wp-json\/wp\/v2\/media\/39185"}],"wp:attachment":[{"href":"https:\/\/watch4time.eu\/sv\/wp-json\/wp\/v2\/media?parent=39184"}],"wp:term":[{"taxonomy":"product_cat","embeddable":true,"href":"https:\/\/watch4time.eu\/sv\/wp-json\/wp\/v2\/product_cat?post=39184"},{"taxonomy":"product_tag","embeddable":true,"href":"https:\/\/watch4time.eu\/sv\/wp-json\/wp\/v2\/product_tag?post=39184"}],"curies":[{"name":"wp","href":"https:\/\/api.w.org\/{rel}","templated":true}]}}