{"id":37776,"date":"2017-08-24T19:18:22","date_gmt":"2017-08-24T17:18:22","guid":{"rendered":"https:\/\/watch4time.eu\/shop\/braun-31\/"},"modified":"2017-08-24T19:18:22","modified_gmt":"2017-08-24T17:18:22","slug":"braun-31","status":"publish","type":"product","link":"https:\/\/watch4time.eu\/sv\/shop\/braun-31\/","title":{"rendered":"Braun Digital BNC010BKRC"},"content":{"rendered":"","protected":false},"excerpt":{"rendered":"<p>BNC010BK-SRC<\/p>\n<p>&nbsp;<\/p>\n<p>Den h\u00e4r globalt radiokontrollerade v\u00e4ckarklockan fr\u00e5n Braun vann designen Red Dot Award 2012 och IF Gold Award 2013. Bland annat har klockan en LCD-sk\u00e4rm, bakgrundsbelysning och FM \/ AM-funktion med 6 f\u00f6rinst\u00e4llda kanaler och volymkontroll. Snabbinst\u00e4llda och snooze-funktioner g\u00f6r klockan enkel att anv\u00e4nda i vardagen.<\/p>\n<p>&nbsp;<\/p>\n<p><a href=\"https:\/\/watch4time.eu\/wp-content\/uploads\/2017\/09\/Manual-BNC010.pdf\" target=\"_blank\" rel=\"noopener noreferrer\">Manual BNC010<\/a><\/p>\n","protected":false},"featured_media":37783,"comment_status":"open","ping_status":"closed","template":"","meta":{"_mi_skip_tracking":false},"product_cat":[1649,1335,1399,1661],"product_tag":[],"yoast_head":"<!-- This site is optimized with the Yoast SEO plugin v18.5.1 - https:\/\/yoast.com\/wordpress\/plugins\/seo\/ -->\n<title>Braun Digital BNC010BKRC - Watch4Time<\/title>\n<meta name=\"robots\" content=\"index, follow, max-snippet:-1, max-image-preview:large, max-video-preview:-1\" \/>\n<link rel=\"canonical\" href=\"https:\/\/watch4time.eu\/sv\/shop\/braun-31\/\" \/>\n<meta property=\"og:locale\" content=\"sv_SE\" \/>\n<meta property=\"og:type\" content=\"article\" \/>\n<meta property=\"og:title\" content=\"Braun Digital BNC010BKRC - Watch4Time\" \/>\n<meta property=\"og:description\" content=\"BNC010BK-SRC  &nbsp;  Den h\u00e4r globalt radiokontrollerade v\u00e4ckarklockan fr\u00e5n Braun vann designen Red Dot Award 2012 och IF Gold Award 2013. Bland annat har klockan en LCD-sk\u00e4rm, bakgrundsbelysning och FM \/ AM-funktion med 6 f\u00f6rinst\u00e4llda kanaler och volymkontroll. Snabbinst\u00e4llda och snooze-funktioner g\u00f6r klockan enkel att anv\u00e4nda i vardagen.  &nbsp;  Manual BNC010\" \/>\n<meta property=\"og:url\" content=\"https:\/\/watch4time.eu\/sv\/shop\/braun-31\/\" \/>\n<meta property=\"og:site_name\" content=\"Watch4Time\" \/>\n<meta property=\"og:image\" content=\"https:\/\/watch4time.eu\/wp-content\/uploads\/2017\/08\/BNC010BK-SRC.jpg\" \/>\n\t<meta property=\"og:image:width\" content=\"1000\" \/>\n\t<meta property=\"og:image:height\" content=\"1000\" \/>\n\t<meta property=\"og:image:type\" content=\"image\/jpeg\" \/>\n<meta name=\"twitter:card\" content=\"summary_large_image\" \/>\n<script type=\"application\/ld+json\" class=\"yoast-schema-graph\">{\"@context\":\"https:\/\/schema.org\",\"@graph\":[{\"@type\":\"WebSite\",\"@id\":\"https:\/\/watch4time.eu\/#website\",\"url\":\"https:\/\/watch4time.eu\/\",\"name\":\"Watch4Time\",\"description\":\"Exquisite watches for you\",\"potentialAction\":[{\"@type\":\"SearchAction\",\"target\":{\"@type\":\"EntryPoint\",\"urlTemplate\":\"https:\/\/watch4time.eu\/?s={search_term_string}\"},\"query-input\":\"required name=search_term_string\"}],\"inLanguage\":\"sv-SE\"},{\"@type\":\"ImageObject\",\"@id\":\"https:\/\/watch4time.eu\/sv\/shop\/braun-31\/#primaryimage\",\"inLanguage\":\"sv-SE\",\"url\":\"https:\/\/watch4time.eu\/wp-content\/uploads\/2017\/08\/BNC010BK-SRC.jpg\",\"contentUrl\":\"https:\/\/watch4time.eu\/wp-content\/uploads\/2017\/08\/BNC010BK-SRC.jpg\",\"width\":1000,\"height\":1000},{\"@type\":\"WebPage\",\"@id\":\"https:\/\/watch4time.eu\/sv\/shop\/braun-31\/#webpage\",\"url\":\"https:\/\/watch4time.eu\/sv\/shop\/braun-31\/\",\"name\":\"Braun Digital BNC010BKRC - Watch4Time\",\"isPartOf\":{\"@id\":\"https:\/\/watch4time.eu\/#website\"},\"primaryImageOfPage\":{\"@id\":\"https:\/\/watch4time.eu\/sv\/shop\/braun-31\/#primaryimage\"},\"datePublished\":\"2017-08-24T17:18:22+00:00\",\"dateModified\":\"2017-08-24T17:18:22+00:00\",\"breadcrumb\":{\"@id\":\"https:\/\/watch4time.eu\/sv\/shop\/braun-31\/#breadcrumb\"},\"inLanguage\":\"sv-SE\",\"potentialAction\":[{\"@type\":\"ReadAction\",\"target\":[\"https:\/\/watch4time.eu\/sv\/shop\/braun-31\/\"]}]},{\"@type\":\"BreadcrumbList\",\"@id\":\"https:\/\/watch4time.eu\/sv\/shop\/braun-31\/#breadcrumb\",\"itemListElement\":[{\"@type\":\"ListItem\",\"position\":1,\"name\":\"Hjem\",\"item\":\"https:\/\/watch4time.eu\/\"},{\"@type\":\"ListItem\",\"position\":2,\"name\":\"Shop\",\"item\":\"https:\/\/watch4time.eu\/shop\/\"},{\"@type\":\"ListItem\",\"position\":3,\"name\":\"Braun Digital BNC010BKRC\"}]}]}<\/script>\n<!-- \/ Yoast SEO plugin. -->","yoast_head_json":{"title":"Braun Digital BNC010BKRC - Watch4Time","robots":{"index":"index","follow":"follow","max-snippet":"max-snippet:-1","max-image-preview":"max-image-preview:large","max-video-preview":"max-video-preview:-1"},"canonical":"https:\/\/watch4time.eu\/sv\/shop\/braun-31\/","og_locale":"sv_SE","og_type":"article","og_title":"Braun Digital BNC010BKRC - Watch4Time","og_description":"BNC010BK-SRC  &nbsp;  Den h\u00e4r globalt radiokontrollerade v\u00e4ckarklockan fr\u00e5n Braun vann designen Red Dot Award 2012 och IF Gold Award 2013. Bland annat har klockan en LCD-sk\u00e4rm, bakgrundsbelysning och FM \/ AM-funktion med 6 f\u00f6rinst\u00e4llda kanaler och volymkontroll. Snabbinst\u00e4llda och snooze-funktioner g\u00f6r klockan enkel att anv\u00e4nda i vardagen.  &nbsp;  Manual BNC010","og_url":"https:\/\/watch4time.eu\/sv\/shop\/braun-31\/","og_site_name":"Watch4Time","og_image":[{"width":1000,"height":1000,"url":"https:\/\/watch4time.eu\/wp-content\/uploads\/2017\/08\/BNC010BK-SRC.jpg","type":"image\/jpeg"}],"twitter_card":"summary_large_image","schema":{"@context":"https:\/\/schema.org","@graph":[{"@type":"WebSite","@id":"https:\/\/watch4time.eu\/#website","url":"https:\/\/watch4time.eu\/","name":"Watch4Time","description":"Exquisite watches for you","potentialAction":[{"@type":"SearchAction","target":{"@type":"EntryPoint","urlTemplate":"https:\/\/watch4time.eu\/?s={search_term_string}"},"query-input":"required name=search_term_string"}],"inLanguage":"sv-SE"},{"@type":"ImageObject","@id":"https:\/\/watch4time.eu\/sv\/shop\/braun-31\/#primaryimage","inLanguage":"sv-SE","url":"https:\/\/watch4time.eu\/wp-content\/uploads\/2017\/08\/BNC010BK-SRC.jpg","contentUrl":"https:\/\/watch4time.eu\/wp-content\/uploads\/2017\/08\/BNC010BK-SRC.jpg","width":1000,"height":1000},{"@type":"WebPage","@id":"https:\/\/watch4time.eu\/sv\/shop\/braun-31\/#webpage","url":"https:\/\/watch4time.eu\/sv\/shop\/braun-31\/","name":"Braun Digital BNC010BKRC - Watch4Time","isPartOf":{"@id":"https:\/\/watch4time.eu\/#website"},"primaryImageOfPage":{"@id":"https:\/\/watch4time.eu\/sv\/shop\/braun-31\/#primaryimage"},"datePublished":"2017-08-24T17:18:22+00:00","dateModified":"2017-08-24T17:18:22+00:00","breadcrumb":{"@id":"https:\/\/watch4time.eu\/sv\/shop\/braun-31\/#breadcrumb"},"inLanguage":"sv-SE","potentialAction":[{"@type":"ReadAction","target":["https:\/\/watch4time.eu\/sv\/shop\/braun-31\/"]}]},{"@type":"BreadcrumbList","@id":"https:\/\/watch4time.eu\/sv\/shop\/braun-31\/#breadcrumb","itemListElement":[{"@type":"ListItem","position":1,"name":"Hjem","item":"https:\/\/watch4time.eu\/"},{"@type":"ListItem","position":2,"name":"Shop","item":"https:\/\/watch4time.eu\/shop\/"},{"@type":"ListItem","position":3,"name":"Braun Digital BNC010BKRC"}]}]}},"_links":{"self":[{"href":"https:\/\/watch4time.eu\/sv\/wp-json\/wp\/v2\/product\/37776"}],"collection":[{"href":"https:\/\/watch4time.eu\/sv\/wp-json\/wp\/v2\/product"}],"about":[{"href":"https:\/\/watch4time.eu\/sv\/wp-json\/wp\/v2\/types\/product"}],"replies":[{"embeddable":true,"href":"https:\/\/watch4time.eu\/sv\/wp-json\/wp\/v2\/comments?post=37776"}],"wp:featuredmedia":[{"embeddable":true,"href":"https:\/\/watch4time.eu\/sv\/wp-json\/wp\/v2\/media\/37783"}],"wp:attachment":[{"href":"https:\/\/watch4time.eu\/sv\/wp-json\/wp\/v2\/media?parent=37776"}],"wp:term":[{"taxonomy":"product_cat","embeddable":true,"href":"https:\/\/watch4time.eu\/sv\/wp-json\/wp\/v2\/product_cat?post=37776"},{"taxonomy":"product_tag","embeddable":true,"href":"https:\/\/watch4time.eu\/sv\/wp-json\/wp\/v2\/product_tag?post=37776"}],"curies":[{"name":"wp","href":"https:\/\/api.w.org\/{rel}","templated":true}]}}