{"id":35019,"date":"2018-04-19T15:49:41","date_gmt":"2018-04-19T13:49:41","guid":{"rendered":"https:\/\/watch4time.eu\/shop\/wenger-avenue-9\/"},"modified":"2018-04-19T15:49:41","modified_gmt":"2018-04-19T13:49:41","slug":"wenger-avenue-9","status":"publish","type":"product","link":"https:\/\/watch4time.eu\/sv\/shop\/wenger-avenue-9\/","title":{"rendered":"Wenger Avenue 01.1621.109"},"content":{"rendered":"","protected":false},"excerpt":{"rendered":"<p>01.1621.109<\/p>\n<p>&nbsp;<\/p>\n<p>Denna Wenger Avenue klocka har en 35 mm. rostfritt st\u00e5lfodral som inneh\u00e5ller en schweizisk kvartsr\u00f6relse. Denna enkla, klassiska design \u00e4r s\u00e4rskiljande. Den har en stor ren ratt med luminescerande h\u00e4nder som ger perfekt l\u00e4sbarhet, vilket g\u00f6r Avenue en bra vardaglig klocka. Och med sitt val av f\u00e4rgstarka band eller traditionella armband, erbjuder den en unik f\u00f6rm\u00e5ga att effektivt visa din stil.<\/p>\n","protected":false},"featured_media":34958,"comment_status":"closed","ping_status":"closed","template":"","meta":{"_mi_skip_tracking":false},"product_cat":[1377,1334,1575,1581],"product_tag":[],"yoast_head":"<!-- This site is optimized with the Yoast SEO plugin v18.5.1 - https:\/\/yoast.com\/wordpress\/plugins\/seo\/ -->\n<title>Wenger Avenue 01.1621.109 - Watch4Time<\/title>\n<meta name=\"robots\" content=\"index, follow, max-snippet:-1, max-image-preview:large, max-video-preview:-1\" \/>\n<link rel=\"canonical\" href=\"https:\/\/watch4time.eu\/sv\/shop\/wenger-avenue-9\/\" \/>\n<meta property=\"og:locale\" content=\"sv_SE\" \/>\n<meta property=\"og:type\" content=\"article\" \/>\n<meta property=\"og:title\" content=\"Wenger Avenue 01.1621.109 - Watch4Time\" \/>\n<meta property=\"og:description\" content=\"01.1621.109  &nbsp;  Denna Wenger Avenue klocka har en 35 mm. rostfritt st\u00e5lfodral som inneh\u00e5ller en schweizisk kvartsr\u00f6relse. Denna enkla, klassiska design \u00e4r s\u00e4rskiljande. Den har en stor ren ratt med luminescerande h\u00e4nder som ger perfekt l\u00e4sbarhet, vilket g\u00f6r Avenue en bra vardaglig klocka. Och med sitt val av f\u00e4rgstarka band eller traditionella armband, erbjuder den en unik f\u00f6rm\u00e5ga att effektivt visa din stil.\" \/>\n<meta property=\"og:url\" content=\"https:\/\/watch4time.eu\/sv\/shop\/wenger-avenue-9\/\" \/>\n<meta property=\"og:site_name\" content=\"Watch4Time\" \/>\n<meta property=\"og:image\" content=\"https:\/\/watch4time.eu\/wp-content\/uploads\/2018\/04\/01.1621.109.jpg\" \/>\n\t<meta property=\"og:image:width\" content=\"1000\" \/>\n\t<meta property=\"og:image:height\" content=\"1000\" \/>\n\t<meta property=\"og:image:type\" content=\"image\/jpeg\" \/>\n<meta name=\"twitter:card\" content=\"summary_large_image\" \/>\n<script type=\"application\/ld+json\" class=\"yoast-schema-graph\">{\"@context\":\"https:\/\/schema.org\",\"@graph\":[{\"@type\":\"WebSite\",\"@id\":\"https:\/\/watch4time.eu\/#website\",\"url\":\"https:\/\/watch4time.eu\/\",\"name\":\"Watch4Time\",\"description\":\"Exquisite watches for you\",\"potentialAction\":[{\"@type\":\"SearchAction\",\"target\":{\"@type\":\"EntryPoint\",\"urlTemplate\":\"https:\/\/watch4time.eu\/?s={search_term_string}\"},\"query-input\":\"required name=search_term_string\"}],\"inLanguage\":\"sv-SE\"},{\"@type\":\"ImageObject\",\"@id\":\"https:\/\/watch4time.eu\/sv\/shop\/wenger-avenue-9\/#primaryimage\",\"inLanguage\":\"sv-SE\",\"url\":\"https:\/\/watch4time.eu\/wp-content\/uploads\/2018\/04\/01.1621.109.jpg\",\"contentUrl\":\"https:\/\/watch4time.eu\/wp-content\/uploads\/2018\/04\/01.1621.109.jpg\",\"width\":1000,\"height\":1000},{\"@type\":\"WebPage\",\"@id\":\"https:\/\/watch4time.eu\/sv\/shop\/wenger-avenue-9\/#webpage\",\"url\":\"https:\/\/watch4time.eu\/sv\/shop\/wenger-avenue-9\/\",\"name\":\"Wenger Avenue 01.1621.109 - Watch4Time\",\"isPartOf\":{\"@id\":\"https:\/\/watch4time.eu\/#website\"},\"primaryImageOfPage\":{\"@id\":\"https:\/\/watch4time.eu\/sv\/shop\/wenger-avenue-9\/#primaryimage\"},\"datePublished\":\"2018-04-19T13:49:41+00:00\",\"dateModified\":\"2018-04-19T13:49:41+00:00\",\"breadcrumb\":{\"@id\":\"https:\/\/watch4time.eu\/sv\/shop\/wenger-avenue-9\/#breadcrumb\"},\"inLanguage\":\"sv-SE\",\"potentialAction\":[{\"@type\":\"ReadAction\",\"target\":[\"https:\/\/watch4time.eu\/sv\/shop\/wenger-avenue-9\/\"]}]},{\"@type\":\"BreadcrumbList\",\"@id\":\"https:\/\/watch4time.eu\/sv\/shop\/wenger-avenue-9\/#breadcrumb\",\"itemListElement\":[{\"@type\":\"ListItem\",\"position\":1,\"name\":\"Hjem\",\"item\":\"https:\/\/watch4time.eu\/\"},{\"@type\":\"ListItem\",\"position\":2,\"name\":\"Shop\",\"item\":\"https:\/\/watch4time.eu\/shop\/\"},{\"@type\":\"ListItem\",\"position\":3,\"name\":\"Wenger Avenue 01.1621.109\"}]}]}<\/script>\n<!-- \/ Yoast SEO plugin. -->","yoast_head_json":{"title":"Wenger Avenue 01.1621.109 - Watch4Time","robots":{"index":"index","follow":"follow","max-snippet":"max-snippet:-1","max-image-preview":"max-image-preview:large","max-video-preview":"max-video-preview:-1"},"canonical":"https:\/\/watch4time.eu\/sv\/shop\/wenger-avenue-9\/","og_locale":"sv_SE","og_type":"article","og_title":"Wenger Avenue 01.1621.109 - Watch4Time","og_description":"01.1621.109  &nbsp;  Denna Wenger Avenue klocka har en 35 mm. rostfritt st\u00e5lfodral som inneh\u00e5ller en schweizisk kvartsr\u00f6relse. Denna enkla, klassiska design \u00e4r s\u00e4rskiljande. Den har en stor ren ratt med luminescerande h\u00e4nder som ger perfekt l\u00e4sbarhet, vilket g\u00f6r Avenue en bra vardaglig klocka. Och med sitt val av f\u00e4rgstarka band eller traditionella armband, erbjuder den en unik f\u00f6rm\u00e5ga att effektivt visa din stil.","og_url":"https:\/\/watch4time.eu\/sv\/shop\/wenger-avenue-9\/","og_site_name":"Watch4Time","og_image":[{"width":1000,"height":1000,"url":"https:\/\/watch4time.eu\/wp-content\/uploads\/2018\/04\/01.1621.109.jpg","type":"image\/jpeg"}],"twitter_card":"summary_large_image","schema":{"@context":"https:\/\/schema.org","@graph":[{"@type":"WebSite","@id":"https:\/\/watch4time.eu\/#website","url":"https:\/\/watch4time.eu\/","name":"Watch4Time","description":"Exquisite watches for you","potentialAction":[{"@type":"SearchAction","target":{"@type":"EntryPoint","urlTemplate":"https:\/\/watch4time.eu\/?s={search_term_string}"},"query-input":"required name=search_term_string"}],"inLanguage":"sv-SE"},{"@type":"ImageObject","@id":"https:\/\/watch4time.eu\/sv\/shop\/wenger-avenue-9\/#primaryimage","inLanguage":"sv-SE","url":"https:\/\/watch4time.eu\/wp-content\/uploads\/2018\/04\/01.1621.109.jpg","contentUrl":"https:\/\/watch4time.eu\/wp-content\/uploads\/2018\/04\/01.1621.109.jpg","width":1000,"height":1000},{"@type":"WebPage","@id":"https:\/\/watch4time.eu\/sv\/shop\/wenger-avenue-9\/#webpage","url":"https:\/\/watch4time.eu\/sv\/shop\/wenger-avenue-9\/","name":"Wenger Avenue 01.1621.109 - Watch4Time","isPartOf":{"@id":"https:\/\/watch4time.eu\/#website"},"primaryImageOfPage":{"@id":"https:\/\/watch4time.eu\/sv\/shop\/wenger-avenue-9\/#primaryimage"},"datePublished":"2018-04-19T13:49:41+00:00","dateModified":"2018-04-19T13:49:41+00:00","breadcrumb":{"@id":"https:\/\/watch4time.eu\/sv\/shop\/wenger-avenue-9\/#breadcrumb"},"inLanguage":"sv-SE","potentialAction":[{"@type":"ReadAction","target":["https:\/\/watch4time.eu\/sv\/shop\/wenger-avenue-9\/"]}]},{"@type":"BreadcrumbList","@id":"https:\/\/watch4time.eu\/sv\/shop\/wenger-avenue-9\/#breadcrumb","itemListElement":[{"@type":"ListItem","position":1,"name":"Hjem","item":"https:\/\/watch4time.eu\/"},{"@type":"ListItem","position":2,"name":"Shop","item":"https:\/\/watch4time.eu\/shop\/"},{"@type":"ListItem","position":3,"name":"Wenger Avenue 01.1621.109"}]}]}},"_links":{"self":[{"href":"https:\/\/watch4time.eu\/sv\/wp-json\/wp\/v2\/product\/35019"}],"collection":[{"href":"https:\/\/watch4time.eu\/sv\/wp-json\/wp\/v2\/product"}],"about":[{"href":"https:\/\/watch4time.eu\/sv\/wp-json\/wp\/v2\/types\/product"}],"replies":[{"embeddable":true,"href":"https:\/\/watch4time.eu\/sv\/wp-json\/wp\/v2\/comments?post=35019"}],"wp:featuredmedia":[{"embeddable":true,"href":"https:\/\/watch4time.eu\/sv\/wp-json\/wp\/v2\/media\/34958"}],"wp:attachment":[{"href":"https:\/\/watch4time.eu\/sv\/wp-json\/wp\/v2\/media?parent=35019"}],"wp:term":[{"taxonomy":"product_cat","embeddable":true,"href":"https:\/\/watch4time.eu\/sv\/wp-json\/wp\/v2\/product_cat?post=35019"},{"taxonomy":"product_tag","embeddable":true,"href":"https:\/\/watch4time.eu\/sv\/wp-json\/wp\/v2\/product_tag?post=35019"}],"curies":[{"name":"wp","href":"https:\/\/api.w.org\/{rel}","templated":true}]}}