{"id":34856,"date":"2017-09-04T15:29:58","date_gmt":"2017-09-04T13:29:58","guid":{"rendered":"https:\/\/watch4time.eu\/shop\/jacob-jensen-chronograph-5\/"},"modified":"2017-09-04T15:29:58","modified_gmt":"2017-09-04T13:29:58","slug":"jacob-jensen-chronograph-5","status":"publish","type":"product","link":"https:\/\/watch4time.eu\/sv\/shop\/jacob-jensen-chronograph-5\/","title":{"rendered":"Jacob Jensen Chronograph 614"},"content":{"rendered":"","protected":false},"excerpt":{"rendered":"<p>JJ614<\/p>\n<p>&nbsp;<\/p>\n<p>\u00bbDe flesta kronografer som g\u00f6rs under historien \u00e4r mer eller mindre variationer p\u00e5 samma tema: Ju fler tal, uppdelningar och detaljer, desto b\u00e4ttre! Men man f\u00e5r inte gl\u00f6mma att en klocka \u00e4r b\u00e5de f\u00f6r daglig anv\u00e4ndning och ett smycke. D\u00e4rf\u00f6r best\u00e4mde vi oss f\u00f6r att g\u00f6ra en annan typ av kronograf. En klocka som \u00e4r enkel och vacker, oavsett tid och plats, men som samtidigt uppfyller de flesta kraven f\u00f6r kronografer. Jag tycker att resultatet talar f\u00f6r sig sj\u00e4lv &#8221;- Timothy Jacob Jensen, VD f\u00f6r Jacob Jensen<\/p>\n","protected":false},"featured_media":34859,"comment_status":"open","ping_status":"closed","template":"","meta":{"_mi_skip_tracking":false},"product_cat":[1345,1334,1526,1502],"product_tag":[],"yoast_head":"<!-- This site is optimized with the Yoast SEO plugin v18.5.1 - https:\/\/yoast.com\/wordpress\/plugins\/seo\/ -->\n<title>Jacob Jensen Chronograph 614 - Watch4Time<\/title>\n<meta name=\"robots\" content=\"index, follow, max-snippet:-1, max-image-preview:large, max-video-preview:-1\" \/>\n<link rel=\"canonical\" href=\"https:\/\/watch4time.eu\/sv\/shop\/jacob-jensen-chronograph-5\/\" \/>\n<meta property=\"og:locale\" content=\"sv_SE\" \/>\n<meta property=\"og:type\" content=\"article\" \/>\n<meta property=\"og:title\" content=\"Jacob Jensen Chronograph 614 - Watch4Time\" \/>\n<meta property=\"og:description\" content=\"JJ614  &nbsp;  \u00bbDe flesta kronografer som g\u00f6rs under historien \u00e4r mer eller mindre variationer p\u00e5 samma tema: Ju fler tal, uppdelningar och detaljer, desto b\u00e4ttre! Men man f\u00e5r inte gl\u00f6mma att en klocka \u00e4r b\u00e5de f\u00f6r daglig anv\u00e4ndning och ett smycke. D\u00e4rf\u00f6r best\u00e4mde vi oss f\u00f6r att g\u00f6ra en annan typ av kronograf. En klocka som \u00e4r enkel och vacker, oavsett tid och plats, men som samtidigt uppfyller de flesta kraven f\u00f6r kronografer. Jag tycker att resultatet talar f\u00f6r sig sj\u00e4lv &quot;- Timothy Jacob Jensen, VD f\u00f6r Jacob Jensen\" \/>\n<meta property=\"og:url\" content=\"https:\/\/watch4time.eu\/sv\/shop\/jacob-jensen-chronograph-5\/\" \/>\n<meta property=\"og:site_name\" content=\"Watch4Time\" \/>\n<meta property=\"og:image\" content=\"https:\/\/watch4time.eu\/wp-content\/uploads\/2017\/09\/614_front.jpg\" \/>\n\t<meta property=\"og:image:width\" content=\"1000\" \/>\n\t<meta property=\"og:image:height\" content=\"1000\" \/>\n\t<meta property=\"og:image:type\" content=\"image\/jpeg\" \/>\n<meta name=\"twitter:card\" content=\"summary_large_image\" \/>\n<script type=\"application\/ld+json\" class=\"yoast-schema-graph\">{\"@context\":\"https:\/\/schema.org\",\"@graph\":[{\"@type\":\"WebSite\",\"@id\":\"https:\/\/watch4time.eu\/#website\",\"url\":\"https:\/\/watch4time.eu\/\",\"name\":\"Watch4Time\",\"description\":\"Exquisite watches for you\",\"potentialAction\":[{\"@type\":\"SearchAction\",\"target\":{\"@type\":\"EntryPoint\",\"urlTemplate\":\"https:\/\/watch4time.eu\/?s={search_term_string}\"},\"query-input\":\"required name=search_term_string\"}],\"inLanguage\":\"sv-SE\"},{\"@type\":\"ImageObject\",\"@id\":\"https:\/\/watch4time.eu\/sv\/shop\/jacob-jensen-chronograph-5\/#primaryimage\",\"inLanguage\":\"sv-SE\",\"url\":\"https:\/\/watch4time.eu\/wp-content\/uploads\/2017\/09\/614_front.jpg\",\"contentUrl\":\"https:\/\/watch4time.eu\/wp-content\/uploads\/2017\/09\/614_front.jpg\",\"width\":1000,\"height\":1000},{\"@type\":\"WebPage\",\"@id\":\"https:\/\/watch4time.eu\/sv\/shop\/jacob-jensen-chronograph-5\/#webpage\",\"url\":\"https:\/\/watch4time.eu\/sv\/shop\/jacob-jensen-chronograph-5\/\",\"name\":\"Jacob Jensen Chronograph 614 - Watch4Time\",\"isPartOf\":{\"@id\":\"https:\/\/watch4time.eu\/#website\"},\"primaryImageOfPage\":{\"@id\":\"https:\/\/watch4time.eu\/sv\/shop\/jacob-jensen-chronograph-5\/#primaryimage\"},\"datePublished\":\"2017-09-04T13:29:58+00:00\",\"dateModified\":\"2017-09-04T13:29:58+00:00\",\"breadcrumb\":{\"@id\":\"https:\/\/watch4time.eu\/sv\/shop\/jacob-jensen-chronograph-5\/#breadcrumb\"},\"inLanguage\":\"sv-SE\",\"potentialAction\":[{\"@type\":\"ReadAction\",\"target\":[\"https:\/\/watch4time.eu\/sv\/shop\/jacob-jensen-chronograph-5\/\"]}]},{\"@type\":\"BreadcrumbList\",\"@id\":\"https:\/\/watch4time.eu\/sv\/shop\/jacob-jensen-chronograph-5\/#breadcrumb\",\"itemListElement\":[{\"@type\":\"ListItem\",\"position\":1,\"name\":\"Hjem\",\"item\":\"https:\/\/watch4time.eu\/\"},{\"@type\":\"ListItem\",\"position\":2,\"name\":\"Shop\",\"item\":\"https:\/\/watch4time.eu\/shop\/\"},{\"@type\":\"ListItem\",\"position\":3,\"name\":\"Jacob Jensen Chronograph 614\"}]}]}<\/script>\n<!-- \/ Yoast SEO plugin. -->","yoast_head_json":{"title":"Jacob Jensen Chronograph 614 - Watch4Time","robots":{"index":"index","follow":"follow","max-snippet":"max-snippet:-1","max-image-preview":"max-image-preview:large","max-video-preview":"max-video-preview:-1"},"canonical":"https:\/\/watch4time.eu\/sv\/shop\/jacob-jensen-chronograph-5\/","og_locale":"sv_SE","og_type":"article","og_title":"Jacob Jensen Chronograph 614 - Watch4Time","og_description":"JJ614  &nbsp;  \u00bbDe flesta kronografer som g\u00f6rs under historien \u00e4r mer eller mindre variationer p\u00e5 samma tema: Ju fler tal, uppdelningar och detaljer, desto b\u00e4ttre! Men man f\u00e5r inte gl\u00f6mma att en klocka \u00e4r b\u00e5de f\u00f6r daglig anv\u00e4ndning och ett smycke. D\u00e4rf\u00f6r best\u00e4mde vi oss f\u00f6r att g\u00f6ra en annan typ av kronograf. En klocka som \u00e4r enkel och vacker, oavsett tid och plats, men som samtidigt uppfyller de flesta kraven f\u00f6r kronografer. Jag tycker att resultatet talar f\u00f6r sig sj\u00e4lv \"- Timothy Jacob Jensen, VD f\u00f6r Jacob Jensen","og_url":"https:\/\/watch4time.eu\/sv\/shop\/jacob-jensen-chronograph-5\/","og_site_name":"Watch4Time","og_image":[{"width":1000,"height":1000,"url":"https:\/\/watch4time.eu\/wp-content\/uploads\/2017\/09\/614_front.jpg","type":"image\/jpeg"}],"twitter_card":"summary_large_image","schema":{"@context":"https:\/\/schema.org","@graph":[{"@type":"WebSite","@id":"https:\/\/watch4time.eu\/#website","url":"https:\/\/watch4time.eu\/","name":"Watch4Time","description":"Exquisite watches for you","potentialAction":[{"@type":"SearchAction","target":{"@type":"EntryPoint","urlTemplate":"https:\/\/watch4time.eu\/?s={search_term_string}"},"query-input":"required name=search_term_string"}],"inLanguage":"sv-SE"},{"@type":"ImageObject","@id":"https:\/\/watch4time.eu\/sv\/shop\/jacob-jensen-chronograph-5\/#primaryimage","inLanguage":"sv-SE","url":"https:\/\/watch4time.eu\/wp-content\/uploads\/2017\/09\/614_front.jpg","contentUrl":"https:\/\/watch4time.eu\/wp-content\/uploads\/2017\/09\/614_front.jpg","width":1000,"height":1000},{"@type":"WebPage","@id":"https:\/\/watch4time.eu\/sv\/shop\/jacob-jensen-chronograph-5\/#webpage","url":"https:\/\/watch4time.eu\/sv\/shop\/jacob-jensen-chronograph-5\/","name":"Jacob Jensen Chronograph 614 - Watch4Time","isPartOf":{"@id":"https:\/\/watch4time.eu\/#website"},"primaryImageOfPage":{"@id":"https:\/\/watch4time.eu\/sv\/shop\/jacob-jensen-chronograph-5\/#primaryimage"},"datePublished":"2017-09-04T13:29:58+00:00","dateModified":"2017-09-04T13:29:58+00:00","breadcrumb":{"@id":"https:\/\/watch4time.eu\/sv\/shop\/jacob-jensen-chronograph-5\/#breadcrumb"},"inLanguage":"sv-SE","potentialAction":[{"@type":"ReadAction","target":["https:\/\/watch4time.eu\/sv\/shop\/jacob-jensen-chronograph-5\/"]}]},{"@type":"BreadcrumbList","@id":"https:\/\/watch4time.eu\/sv\/shop\/jacob-jensen-chronograph-5\/#breadcrumb","itemListElement":[{"@type":"ListItem","position":1,"name":"Hjem","item":"https:\/\/watch4time.eu\/"},{"@type":"ListItem","position":2,"name":"Shop","item":"https:\/\/watch4time.eu\/shop\/"},{"@type":"ListItem","position":3,"name":"Jacob Jensen Chronograph 614"}]}]}},"_links":{"self":[{"href":"https:\/\/watch4time.eu\/sv\/wp-json\/wp\/v2\/product\/34856"}],"collection":[{"href":"https:\/\/watch4time.eu\/sv\/wp-json\/wp\/v2\/product"}],"about":[{"href":"https:\/\/watch4time.eu\/sv\/wp-json\/wp\/v2\/types\/product"}],"replies":[{"embeddable":true,"href":"https:\/\/watch4time.eu\/sv\/wp-json\/wp\/v2\/comments?post=34856"}],"wp:featuredmedia":[{"embeddable":true,"href":"https:\/\/watch4time.eu\/sv\/wp-json\/wp\/v2\/media\/34859"}],"wp:attachment":[{"href":"https:\/\/watch4time.eu\/sv\/wp-json\/wp\/v2\/media?parent=34856"}],"wp:term":[{"taxonomy":"product_cat","embeddable":true,"href":"https:\/\/watch4time.eu\/sv\/wp-json\/wp\/v2\/product_cat?post=34856"},{"taxonomy":"product_tag","embeddable":true,"href":"https:\/\/watch4time.eu\/sv\/wp-json\/wp\/v2\/product_tag?post=34856"}],"curies":[{"name":"wp","href":"https:\/\/api.w.org\/{rel}","templated":true}]}}