{"id":34568,"date":"2017-08-29T13:18:42","date_gmt":"2017-08-29T11:18:42","guid":{"rendered":"https:\/\/watch4time.eu\/shop\/danish-design-zirconia-7\/"},"modified":"2017-08-29T13:18:42","modified_gmt":"2017-08-29T11:18:42","slug":"danish-design-zirconia-7","status":"publish","type":"product","link":"https:\/\/watch4time.eu\/sv\/shop\/danish-design-zirconia-7\/","title":{"rendered":"Danish Design Zirconia IV68Q1181"},"content":{"rendered":"","protected":false},"excerpt":{"rendered":"<p>IV68Q1181<\/p>\n<p>&nbsp;<\/p>\n<p>Med zirkoner som tidmark\u00f6rer f\u00e5r du en vacker touch till en redan feminin klocka. Klockan fr\u00e5n Danish Design har ett fodral i rostfritt st\u00e5l med bl\u00e5 urtavla, mineralsk kristallglas och ett n\u00e4tarmband i rostfritt st\u00e5l.<\/p>\n","protected":false},"featured_media":29840,"comment_status":"open","ping_status":"closed","template":"","meta":{"_mi_skip_tracking":false},"product_cat":[1642,1435,1334,1429],"product_tag":[],"yoast_head":"<!-- This site is optimized with the Yoast SEO plugin v18.5.1 - https:\/\/yoast.com\/wordpress\/plugins\/seo\/ -->\n<title>Danish Design Zirconia IV68Q1181 - Watch4Time<\/title>\n<meta name=\"robots\" content=\"index, follow, max-snippet:-1, max-image-preview:large, max-video-preview:-1\" \/>\n<link rel=\"canonical\" href=\"https:\/\/watch4time.eu\/sv\/shop\/danish-design-zirconia-7\/\" \/>\n<meta property=\"og:locale\" content=\"sv_SE\" \/>\n<meta property=\"og:type\" content=\"article\" \/>\n<meta property=\"og:title\" content=\"Danish Design Zirconia IV68Q1181 - Watch4Time\" \/>\n<meta property=\"og:description\" content=\"IV68Q1181  &nbsp;  Med zirkoner som tidmark\u00f6rer f\u00e5r du en vacker touch till en redan feminin klocka. Klockan fr\u00e5n Danish Design har ett fodral i rostfritt st\u00e5l med bl\u00e5 urtavla, mineralsk kristallglas och ett n\u00e4tarmband i rostfritt st\u00e5l.\" \/>\n<meta property=\"og:url\" content=\"https:\/\/watch4time.eu\/sv\/shop\/danish-design-zirconia-7\/\" \/>\n<meta property=\"og:site_name\" content=\"Watch4Time\" \/>\n<meta property=\"og:image\" content=\"https:\/\/watch4time.eu\/wp-content\/uploads\/2017\/08\/IV68Q1181-1.jpg\" \/>\n\t<meta property=\"og:image:width\" content=\"1000\" \/>\n\t<meta property=\"og:image:height\" content=\"1000\" \/>\n\t<meta property=\"og:image:type\" content=\"image\/jpeg\" \/>\n<meta name=\"twitter:card\" content=\"summary_large_image\" \/>\n<script type=\"application\/ld+json\" class=\"yoast-schema-graph\">{\"@context\":\"https:\/\/schema.org\",\"@graph\":[{\"@type\":\"WebSite\",\"@id\":\"https:\/\/watch4time.eu\/#website\",\"url\":\"https:\/\/watch4time.eu\/\",\"name\":\"Watch4Time\",\"description\":\"Exquisite watches for you\",\"potentialAction\":[{\"@type\":\"SearchAction\",\"target\":{\"@type\":\"EntryPoint\",\"urlTemplate\":\"https:\/\/watch4time.eu\/?s={search_term_string}\"},\"query-input\":\"required name=search_term_string\"}],\"inLanguage\":\"sv-SE\"},{\"@type\":\"ImageObject\",\"@id\":\"https:\/\/watch4time.eu\/sv\/shop\/danish-design-zirconia-7\/#primaryimage\",\"inLanguage\":\"sv-SE\",\"url\":\"https:\/\/watch4time.eu\/wp-content\/uploads\/2017\/08\/IV68Q1181-1.jpg\",\"contentUrl\":\"https:\/\/watch4time.eu\/wp-content\/uploads\/2017\/08\/IV68Q1181-1.jpg\",\"width\":1000,\"height\":1000},{\"@type\":\"WebPage\",\"@id\":\"https:\/\/watch4time.eu\/sv\/shop\/danish-design-zirconia-7\/#webpage\",\"url\":\"https:\/\/watch4time.eu\/sv\/shop\/danish-design-zirconia-7\/\",\"name\":\"Danish Design Zirconia IV68Q1181 - Watch4Time\",\"isPartOf\":{\"@id\":\"https:\/\/watch4time.eu\/#website\"},\"primaryImageOfPage\":{\"@id\":\"https:\/\/watch4time.eu\/sv\/shop\/danish-design-zirconia-7\/#primaryimage\"},\"datePublished\":\"2017-08-29T11:18:42+00:00\",\"dateModified\":\"2017-08-29T11:18:42+00:00\",\"breadcrumb\":{\"@id\":\"https:\/\/watch4time.eu\/sv\/shop\/danish-design-zirconia-7\/#breadcrumb\"},\"inLanguage\":\"sv-SE\",\"potentialAction\":[{\"@type\":\"ReadAction\",\"target\":[\"https:\/\/watch4time.eu\/sv\/shop\/danish-design-zirconia-7\/\"]}]},{\"@type\":\"BreadcrumbList\",\"@id\":\"https:\/\/watch4time.eu\/sv\/shop\/danish-design-zirconia-7\/#breadcrumb\",\"itemListElement\":[{\"@type\":\"ListItem\",\"position\":1,\"name\":\"Hjem\",\"item\":\"https:\/\/watch4time.eu\/\"},{\"@type\":\"ListItem\",\"position\":2,\"name\":\"Shop\",\"item\":\"https:\/\/watch4time.eu\/shop\/\"},{\"@type\":\"ListItem\",\"position\":3,\"name\":\"Danish Design Zirconia IV68Q1181\"}]}]}<\/script>\n<!-- \/ Yoast SEO plugin. -->","yoast_head_json":{"title":"Danish Design Zirconia IV68Q1181 - Watch4Time","robots":{"index":"index","follow":"follow","max-snippet":"max-snippet:-1","max-image-preview":"max-image-preview:large","max-video-preview":"max-video-preview:-1"},"canonical":"https:\/\/watch4time.eu\/sv\/shop\/danish-design-zirconia-7\/","og_locale":"sv_SE","og_type":"article","og_title":"Danish Design Zirconia IV68Q1181 - Watch4Time","og_description":"IV68Q1181  &nbsp;  Med zirkoner som tidmark\u00f6rer f\u00e5r du en vacker touch till en redan feminin klocka. Klockan fr\u00e5n Danish Design har ett fodral i rostfritt st\u00e5l med bl\u00e5 urtavla, mineralsk kristallglas och ett n\u00e4tarmband i rostfritt st\u00e5l.","og_url":"https:\/\/watch4time.eu\/sv\/shop\/danish-design-zirconia-7\/","og_site_name":"Watch4Time","og_image":[{"width":1000,"height":1000,"url":"https:\/\/watch4time.eu\/wp-content\/uploads\/2017\/08\/IV68Q1181-1.jpg","type":"image\/jpeg"}],"twitter_card":"summary_large_image","schema":{"@context":"https:\/\/schema.org","@graph":[{"@type":"WebSite","@id":"https:\/\/watch4time.eu\/#website","url":"https:\/\/watch4time.eu\/","name":"Watch4Time","description":"Exquisite watches for you","potentialAction":[{"@type":"SearchAction","target":{"@type":"EntryPoint","urlTemplate":"https:\/\/watch4time.eu\/?s={search_term_string}"},"query-input":"required name=search_term_string"}],"inLanguage":"sv-SE"},{"@type":"ImageObject","@id":"https:\/\/watch4time.eu\/sv\/shop\/danish-design-zirconia-7\/#primaryimage","inLanguage":"sv-SE","url":"https:\/\/watch4time.eu\/wp-content\/uploads\/2017\/08\/IV68Q1181-1.jpg","contentUrl":"https:\/\/watch4time.eu\/wp-content\/uploads\/2017\/08\/IV68Q1181-1.jpg","width":1000,"height":1000},{"@type":"WebPage","@id":"https:\/\/watch4time.eu\/sv\/shop\/danish-design-zirconia-7\/#webpage","url":"https:\/\/watch4time.eu\/sv\/shop\/danish-design-zirconia-7\/","name":"Danish Design Zirconia IV68Q1181 - Watch4Time","isPartOf":{"@id":"https:\/\/watch4time.eu\/#website"},"primaryImageOfPage":{"@id":"https:\/\/watch4time.eu\/sv\/shop\/danish-design-zirconia-7\/#primaryimage"},"datePublished":"2017-08-29T11:18:42+00:00","dateModified":"2017-08-29T11:18:42+00:00","breadcrumb":{"@id":"https:\/\/watch4time.eu\/sv\/shop\/danish-design-zirconia-7\/#breadcrumb"},"inLanguage":"sv-SE","potentialAction":[{"@type":"ReadAction","target":["https:\/\/watch4time.eu\/sv\/shop\/danish-design-zirconia-7\/"]}]},{"@type":"BreadcrumbList","@id":"https:\/\/watch4time.eu\/sv\/shop\/danish-design-zirconia-7\/#breadcrumb","itemListElement":[{"@type":"ListItem","position":1,"name":"Hjem","item":"https:\/\/watch4time.eu\/"},{"@type":"ListItem","position":2,"name":"Shop","item":"https:\/\/watch4time.eu\/shop\/"},{"@type":"ListItem","position":3,"name":"Danish Design Zirconia IV68Q1181"}]}]}},"_links":{"self":[{"href":"https:\/\/watch4time.eu\/sv\/wp-json\/wp\/v2\/product\/34568"}],"collection":[{"href":"https:\/\/watch4time.eu\/sv\/wp-json\/wp\/v2\/product"}],"about":[{"href":"https:\/\/watch4time.eu\/sv\/wp-json\/wp\/v2\/types\/product"}],"replies":[{"embeddable":true,"href":"https:\/\/watch4time.eu\/sv\/wp-json\/wp\/v2\/comments?post=34568"}],"wp:featuredmedia":[{"embeddable":true,"href":"https:\/\/watch4time.eu\/sv\/wp-json\/wp\/v2\/media\/29840"}],"wp:attachment":[{"href":"https:\/\/watch4time.eu\/sv\/wp-json\/wp\/v2\/media?parent=34568"}],"wp:term":[{"taxonomy":"product_cat","embeddable":true,"href":"https:\/\/watch4time.eu\/sv\/wp-json\/wp\/v2\/product_cat?post=34568"},{"taxonomy":"product_tag","embeddable":true,"href":"https:\/\/watch4time.eu\/sv\/wp-json\/wp\/v2\/product_tag?post=34568"}],"curies":[{"name":"wp","href":"https:\/\/api.w.org\/{rel}","templated":true}]}}