{"id":28031,"date":"2017-09-12T16:55:28","date_gmt":"2017-09-12T14:55:28","guid":{"rendered":"https:\/\/watch4time.eu\/shop\/wenger-urban-classic-18\/"},"modified":"2017-09-12T16:55:28","modified_gmt":"2017-09-12T14:55:28","slug":"wenger-urban-classic-18","status":"publish","type":"product","link":"https:\/\/watch4time.eu\/sv\/shop\/wenger-urban-classic-18\/","title":{"rendered":"Wenger Urban Classic 01.1741.107"},"content":{"rendered":"","protected":false},"excerpt":{"rendered":"<p>01.1741.107<\/p>\n<p>&nbsp;<\/p>\n<p>Denna Wenger Urban Classic-klocka har en 42 mm. rostfritt st\u00e5lfodral som inneh\u00e5ller en schweizisk kvartsr\u00f6relse. Otaliga trender kommer och g\u00e5r, men en sann klassiker g\u00e5r aldrig i stil. Urban Classic klockor \u00e4r de m\u00e5ngsidiga klockorna som passar perfekt till scenen n\u00e4r de utforskar staden, korsar landet eller g\u00e5r in i styrelserummet.<\/p>\n","protected":false},"featured_media":28010,"comment_status":"open","ping_status":"closed","template":"","meta":{"_mi_skip_tracking":false},"product_cat":[1336,1334,1625,1581],"product_tag":[],"yoast_head":"<!-- This site is optimized with the Yoast SEO plugin v18.5.1 - https:\/\/yoast.com\/wordpress\/plugins\/seo\/ -->\n<title>Wenger Urban Classic 01.1741.107 - Watch4Time<\/title>\n<meta name=\"robots\" content=\"index, follow, max-snippet:-1, max-image-preview:large, max-video-preview:-1\" \/>\n<link rel=\"canonical\" href=\"https:\/\/watch4time.eu\/sv\/shop\/wenger-urban-classic-18\/\" \/>\n<meta property=\"og:locale\" content=\"sv_SE\" \/>\n<meta property=\"og:type\" content=\"article\" \/>\n<meta property=\"og:title\" content=\"Wenger Urban Classic 01.1741.107 - Watch4Time\" \/>\n<meta property=\"og:description\" content=\"01.1741.107  &nbsp;  Denna Wenger Urban Classic-klocka har en 42 mm. rostfritt st\u00e5lfodral som inneh\u00e5ller en schweizisk kvartsr\u00f6relse. Otaliga trender kommer och g\u00e5r, men en sann klassiker g\u00e5r aldrig i stil. Urban Classic klockor \u00e4r de m\u00e5ngsidiga klockorna som passar perfekt till scenen n\u00e4r de utforskar staden, korsar landet eller g\u00e5r in i styrelserummet.\" \/>\n<meta property=\"og:url\" content=\"https:\/\/watch4time.eu\/sv\/shop\/wenger-urban-classic-18\/\" \/>\n<meta property=\"og:site_name\" content=\"Watch4Time\" \/>\n<meta property=\"og:image\" content=\"https:\/\/watch4time.eu\/wp-content\/uploads\/2017\/09\/01.1741.107.jpg\" \/>\n\t<meta property=\"og:image:width\" content=\"1024\" \/>\n\t<meta property=\"og:image:height\" content=\"1024\" \/>\n\t<meta property=\"og:image:type\" content=\"image\/jpeg\" \/>\n<meta name=\"twitter:card\" content=\"summary_large_image\" \/>\n<script type=\"application\/ld+json\" class=\"yoast-schema-graph\">{\"@context\":\"https:\/\/schema.org\",\"@graph\":[{\"@type\":\"WebSite\",\"@id\":\"https:\/\/watch4time.eu\/#website\",\"url\":\"https:\/\/watch4time.eu\/\",\"name\":\"Watch4Time\",\"description\":\"Exquisite watches for you\",\"potentialAction\":[{\"@type\":\"SearchAction\",\"target\":{\"@type\":\"EntryPoint\",\"urlTemplate\":\"https:\/\/watch4time.eu\/?s={search_term_string}\"},\"query-input\":\"required name=search_term_string\"}],\"inLanguage\":\"sv-SE\"},{\"@type\":\"ImageObject\",\"@id\":\"https:\/\/watch4time.eu\/sv\/shop\/wenger-urban-classic-18\/#primaryimage\",\"inLanguage\":\"sv-SE\",\"url\":\"https:\/\/watch4time.eu\/wp-content\/uploads\/2017\/09\/01.1741.107.jpg\",\"contentUrl\":\"https:\/\/watch4time.eu\/wp-content\/uploads\/2017\/09\/01.1741.107.jpg\",\"width\":1024,\"height\":1024},{\"@type\":\"WebPage\",\"@id\":\"https:\/\/watch4time.eu\/sv\/shop\/wenger-urban-classic-18\/#webpage\",\"url\":\"https:\/\/watch4time.eu\/sv\/shop\/wenger-urban-classic-18\/\",\"name\":\"Wenger Urban Classic 01.1741.107 - Watch4Time\",\"isPartOf\":{\"@id\":\"https:\/\/watch4time.eu\/#website\"},\"primaryImageOfPage\":{\"@id\":\"https:\/\/watch4time.eu\/sv\/shop\/wenger-urban-classic-18\/#primaryimage\"},\"datePublished\":\"2017-09-12T14:55:28+00:00\",\"dateModified\":\"2017-09-12T14:55:28+00:00\",\"breadcrumb\":{\"@id\":\"https:\/\/watch4time.eu\/sv\/shop\/wenger-urban-classic-18\/#breadcrumb\"},\"inLanguage\":\"sv-SE\",\"potentialAction\":[{\"@type\":\"ReadAction\",\"target\":[\"https:\/\/watch4time.eu\/sv\/shop\/wenger-urban-classic-18\/\"]}]},{\"@type\":\"BreadcrumbList\",\"@id\":\"https:\/\/watch4time.eu\/sv\/shop\/wenger-urban-classic-18\/#breadcrumb\",\"itemListElement\":[{\"@type\":\"ListItem\",\"position\":1,\"name\":\"Hjem\",\"item\":\"https:\/\/watch4time.eu\/\"},{\"@type\":\"ListItem\",\"position\":2,\"name\":\"Shop\",\"item\":\"https:\/\/watch4time.eu\/shop\/\"},{\"@type\":\"ListItem\",\"position\":3,\"name\":\"Wenger Urban Classic 01.1741.107\"}]}]}<\/script>\n<!-- \/ Yoast SEO plugin. -->","yoast_head_json":{"title":"Wenger Urban Classic 01.1741.107 - Watch4Time","robots":{"index":"index","follow":"follow","max-snippet":"max-snippet:-1","max-image-preview":"max-image-preview:large","max-video-preview":"max-video-preview:-1"},"canonical":"https:\/\/watch4time.eu\/sv\/shop\/wenger-urban-classic-18\/","og_locale":"sv_SE","og_type":"article","og_title":"Wenger Urban Classic 01.1741.107 - Watch4Time","og_description":"01.1741.107  &nbsp;  Denna Wenger Urban Classic-klocka har en 42 mm. rostfritt st\u00e5lfodral som inneh\u00e5ller en schweizisk kvartsr\u00f6relse. Otaliga trender kommer och g\u00e5r, men en sann klassiker g\u00e5r aldrig i stil. Urban Classic klockor \u00e4r de m\u00e5ngsidiga klockorna som passar perfekt till scenen n\u00e4r de utforskar staden, korsar landet eller g\u00e5r in i styrelserummet.","og_url":"https:\/\/watch4time.eu\/sv\/shop\/wenger-urban-classic-18\/","og_site_name":"Watch4Time","og_image":[{"width":1024,"height":1024,"url":"https:\/\/watch4time.eu\/wp-content\/uploads\/2017\/09\/01.1741.107.jpg","type":"image\/jpeg"}],"twitter_card":"summary_large_image","schema":{"@context":"https:\/\/schema.org","@graph":[{"@type":"WebSite","@id":"https:\/\/watch4time.eu\/#website","url":"https:\/\/watch4time.eu\/","name":"Watch4Time","description":"Exquisite watches for you","potentialAction":[{"@type":"SearchAction","target":{"@type":"EntryPoint","urlTemplate":"https:\/\/watch4time.eu\/?s={search_term_string}"},"query-input":"required name=search_term_string"}],"inLanguage":"sv-SE"},{"@type":"ImageObject","@id":"https:\/\/watch4time.eu\/sv\/shop\/wenger-urban-classic-18\/#primaryimage","inLanguage":"sv-SE","url":"https:\/\/watch4time.eu\/wp-content\/uploads\/2017\/09\/01.1741.107.jpg","contentUrl":"https:\/\/watch4time.eu\/wp-content\/uploads\/2017\/09\/01.1741.107.jpg","width":1024,"height":1024},{"@type":"WebPage","@id":"https:\/\/watch4time.eu\/sv\/shop\/wenger-urban-classic-18\/#webpage","url":"https:\/\/watch4time.eu\/sv\/shop\/wenger-urban-classic-18\/","name":"Wenger Urban Classic 01.1741.107 - Watch4Time","isPartOf":{"@id":"https:\/\/watch4time.eu\/#website"},"primaryImageOfPage":{"@id":"https:\/\/watch4time.eu\/sv\/shop\/wenger-urban-classic-18\/#primaryimage"},"datePublished":"2017-09-12T14:55:28+00:00","dateModified":"2017-09-12T14:55:28+00:00","breadcrumb":{"@id":"https:\/\/watch4time.eu\/sv\/shop\/wenger-urban-classic-18\/#breadcrumb"},"inLanguage":"sv-SE","potentialAction":[{"@type":"ReadAction","target":["https:\/\/watch4time.eu\/sv\/shop\/wenger-urban-classic-18\/"]}]},{"@type":"BreadcrumbList","@id":"https:\/\/watch4time.eu\/sv\/shop\/wenger-urban-classic-18\/#breadcrumb","itemListElement":[{"@type":"ListItem","position":1,"name":"Hjem","item":"https:\/\/watch4time.eu\/"},{"@type":"ListItem","position":2,"name":"Shop","item":"https:\/\/watch4time.eu\/shop\/"},{"@type":"ListItem","position":3,"name":"Wenger Urban Classic 01.1741.107"}]}]}},"_links":{"self":[{"href":"https:\/\/watch4time.eu\/sv\/wp-json\/wp\/v2\/product\/28031"}],"collection":[{"href":"https:\/\/watch4time.eu\/sv\/wp-json\/wp\/v2\/product"}],"about":[{"href":"https:\/\/watch4time.eu\/sv\/wp-json\/wp\/v2\/types\/product"}],"replies":[{"embeddable":true,"href":"https:\/\/watch4time.eu\/sv\/wp-json\/wp\/v2\/comments?post=28031"}],"wp:featuredmedia":[{"embeddable":true,"href":"https:\/\/watch4time.eu\/sv\/wp-json\/wp\/v2\/media\/28010"}],"wp:attachment":[{"href":"https:\/\/watch4time.eu\/sv\/wp-json\/wp\/v2\/media?parent=28031"}],"wp:term":[{"taxonomy":"product_cat","embeddable":true,"href":"https:\/\/watch4time.eu\/sv\/wp-json\/wp\/v2\/product_cat?post=28031"},{"taxonomy":"product_tag","embeddable":true,"href":"https:\/\/watch4time.eu\/sv\/wp-json\/wp\/v2\/product_tag?post=28031"}],"curies":[{"name":"wp","href":"https:\/\/api.w.org\/{rel}","templated":true}]}}