{"id":27770,"date":"2017-09-12T16:31:03","date_gmt":"2017-09-12T14:31:03","guid":{"rendered":"https:\/\/watch4time.eu\/shop\/wenger-attitude-chrono\/"},"modified":"2017-09-12T16:31:03","modified_gmt":"2017-09-12T14:31:03","slug":"wenger-attitude-chrono","status":"publish","type":"product","link":"https:\/\/watch4time.eu\/sv\/shop\/wenger-attitude-chrono\/","title":{"rendered":"Wenger Attitude Chrono 01.1543.101"},"content":{"rendered":"","protected":false},"excerpt":{"rendered":"<p>01.1543.101<\/p>\n<p>&nbsp;<\/p>\n<p>Denna Wenger Attitude klocka har en 44 mm. rostfritt st\u00e5lfodral och inneh\u00e5ller en kvartsr\u00f6relse. Samlingen beh\u00e5ller inte sin medf\u00f6dda dynamiska karakt\u00e4rshemlighet, med sin exklusiva vitalitet i kombination med en aktiv livsstil. Med en original blandning av energi, dynamik och uppm\u00e4rksamhet p\u00e5 detaljer som \u00e4r typiska f\u00f6r schweizisk tillverkning, har Attitude-samlingen en distinkt personlighet.<\/p>\n","protected":false},"featured_media":27771,"comment_status":"open","ping_status":"closed","template":"","meta":{"_mi_skip_tracking":false},"product_cat":[1336,1334,1578,1581],"product_tag":[],"yoast_head":"<!-- This site is optimized with the Yoast SEO plugin v18.5.1 - https:\/\/yoast.com\/wordpress\/plugins\/seo\/ -->\n<title>Wenger Attitude Chrono 01.1543.101 - Watch4Time<\/title>\n<meta name=\"robots\" content=\"index, follow, max-snippet:-1, max-image-preview:large, max-video-preview:-1\" \/>\n<link rel=\"canonical\" href=\"https:\/\/watch4time.eu\/sv\/shop\/wenger-attitude-chrono\/\" \/>\n<meta property=\"og:locale\" content=\"sv_SE\" \/>\n<meta property=\"og:type\" content=\"article\" \/>\n<meta property=\"og:title\" content=\"Wenger Attitude Chrono 01.1543.101 - Watch4Time\" \/>\n<meta property=\"og:description\" content=\"01.1543.101  &nbsp;  Denna Wenger Attitude klocka har en 44 mm. rostfritt st\u00e5lfodral och inneh\u00e5ller en kvartsr\u00f6relse. Samlingen beh\u00e5ller inte sin medf\u00f6dda dynamiska karakt\u00e4rshemlighet, med sin exklusiva vitalitet i kombination med en aktiv livsstil. Med en original blandning av energi, dynamik och uppm\u00e4rksamhet p\u00e5 detaljer som \u00e4r typiska f\u00f6r schweizisk tillverkning, har Attitude-samlingen en distinkt personlighet.\" \/>\n<meta property=\"og:url\" content=\"https:\/\/watch4time.eu\/sv\/shop\/wenger-attitude-chrono\/\" \/>\n<meta property=\"og:site_name\" content=\"Watch4Time\" \/>\n<meta property=\"og:image\" content=\"https:\/\/watch4time.eu\/wp-content\/uploads\/2017\/09\/01.1543.101.jpg\" \/>\n\t<meta property=\"og:image:width\" content=\"1024\" \/>\n\t<meta property=\"og:image:height\" content=\"1024\" \/>\n\t<meta property=\"og:image:type\" content=\"image\/jpeg\" \/>\n<meta name=\"twitter:card\" content=\"summary_large_image\" \/>\n<script type=\"application\/ld+json\" class=\"yoast-schema-graph\">{\"@context\":\"https:\/\/schema.org\",\"@graph\":[{\"@type\":\"WebSite\",\"@id\":\"https:\/\/watch4time.eu\/#website\",\"url\":\"https:\/\/watch4time.eu\/\",\"name\":\"Watch4Time\",\"description\":\"Exquisite watches for you\",\"potentialAction\":[{\"@type\":\"SearchAction\",\"target\":{\"@type\":\"EntryPoint\",\"urlTemplate\":\"https:\/\/watch4time.eu\/?s={search_term_string}\"},\"query-input\":\"required name=search_term_string\"}],\"inLanguage\":\"sv-SE\"},{\"@type\":\"ImageObject\",\"@id\":\"https:\/\/watch4time.eu\/sv\/shop\/wenger-attitude-chrono\/#primaryimage\",\"inLanguage\":\"sv-SE\",\"url\":\"https:\/\/watch4time.eu\/wp-content\/uploads\/2017\/09\/01.1543.101.jpg\",\"contentUrl\":\"https:\/\/watch4time.eu\/wp-content\/uploads\/2017\/09\/01.1543.101.jpg\",\"width\":1024,\"height\":1024},{\"@type\":\"WebPage\",\"@id\":\"https:\/\/watch4time.eu\/sv\/shop\/wenger-attitude-chrono\/#webpage\",\"url\":\"https:\/\/watch4time.eu\/sv\/shop\/wenger-attitude-chrono\/\",\"name\":\"Wenger Attitude Chrono 01.1543.101 - Watch4Time\",\"isPartOf\":{\"@id\":\"https:\/\/watch4time.eu\/#website\"},\"primaryImageOfPage\":{\"@id\":\"https:\/\/watch4time.eu\/sv\/shop\/wenger-attitude-chrono\/#primaryimage\"},\"datePublished\":\"2017-09-12T14:31:03+00:00\",\"dateModified\":\"2017-09-12T14:31:03+00:00\",\"breadcrumb\":{\"@id\":\"https:\/\/watch4time.eu\/sv\/shop\/wenger-attitude-chrono\/#breadcrumb\"},\"inLanguage\":\"sv-SE\",\"potentialAction\":[{\"@type\":\"ReadAction\",\"target\":[\"https:\/\/watch4time.eu\/sv\/shop\/wenger-attitude-chrono\/\"]}]},{\"@type\":\"BreadcrumbList\",\"@id\":\"https:\/\/watch4time.eu\/sv\/shop\/wenger-attitude-chrono\/#breadcrumb\",\"itemListElement\":[{\"@type\":\"ListItem\",\"position\":1,\"name\":\"Hjem\",\"item\":\"https:\/\/watch4time.eu\/\"},{\"@type\":\"ListItem\",\"position\":2,\"name\":\"Shop\",\"item\":\"https:\/\/watch4time.eu\/shop\/\"},{\"@type\":\"ListItem\",\"position\":3,\"name\":\"Wenger Attitude Chrono 01.1543.101\"}]}]}<\/script>\n<!-- \/ Yoast SEO plugin. -->","yoast_head_json":{"title":"Wenger Attitude Chrono 01.1543.101 - Watch4Time","robots":{"index":"index","follow":"follow","max-snippet":"max-snippet:-1","max-image-preview":"max-image-preview:large","max-video-preview":"max-video-preview:-1"},"canonical":"https:\/\/watch4time.eu\/sv\/shop\/wenger-attitude-chrono\/","og_locale":"sv_SE","og_type":"article","og_title":"Wenger Attitude Chrono 01.1543.101 - Watch4Time","og_description":"01.1543.101  &nbsp;  Denna Wenger Attitude klocka har en 44 mm. rostfritt st\u00e5lfodral och inneh\u00e5ller en kvartsr\u00f6relse. Samlingen beh\u00e5ller inte sin medf\u00f6dda dynamiska karakt\u00e4rshemlighet, med sin exklusiva vitalitet i kombination med en aktiv livsstil. Med en original blandning av energi, dynamik och uppm\u00e4rksamhet p\u00e5 detaljer som \u00e4r typiska f\u00f6r schweizisk tillverkning, har Attitude-samlingen en distinkt personlighet.","og_url":"https:\/\/watch4time.eu\/sv\/shop\/wenger-attitude-chrono\/","og_site_name":"Watch4Time","og_image":[{"width":1024,"height":1024,"url":"https:\/\/watch4time.eu\/wp-content\/uploads\/2017\/09\/01.1543.101.jpg","type":"image\/jpeg"}],"twitter_card":"summary_large_image","schema":{"@context":"https:\/\/schema.org","@graph":[{"@type":"WebSite","@id":"https:\/\/watch4time.eu\/#website","url":"https:\/\/watch4time.eu\/","name":"Watch4Time","description":"Exquisite watches for you","potentialAction":[{"@type":"SearchAction","target":{"@type":"EntryPoint","urlTemplate":"https:\/\/watch4time.eu\/?s={search_term_string}"},"query-input":"required name=search_term_string"}],"inLanguage":"sv-SE"},{"@type":"ImageObject","@id":"https:\/\/watch4time.eu\/sv\/shop\/wenger-attitude-chrono\/#primaryimage","inLanguage":"sv-SE","url":"https:\/\/watch4time.eu\/wp-content\/uploads\/2017\/09\/01.1543.101.jpg","contentUrl":"https:\/\/watch4time.eu\/wp-content\/uploads\/2017\/09\/01.1543.101.jpg","width":1024,"height":1024},{"@type":"WebPage","@id":"https:\/\/watch4time.eu\/sv\/shop\/wenger-attitude-chrono\/#webpage","url":"https:\/\/watch4time.eu\/sv\/shop\/wenger-attitude-chrono\/","name":"Wenger Attitude Chrono 01.1543.101 - Watch4Time","isPartOf":{"@id":"https:\/\/watch4time.eu\/#website"},"primaryImageOfPage":{"@id":"https:\/\/watch4time.eu\/sv\/shop\/wenger-attitude-chrono\/#primaryimage"},"datePublished":"2017-09-12T14:31:03+00:00","dateModified":"2017-09-12T14:31:03+00:00","breadcrumb":{"@id":"https:\/\/watch4time.eu\/sv\/shop\/wenger-attitude-chrono\/#breadcrumb"},"inLanguage":"sv-SE","potentialAction":[{"@type":"ReadAction","target":["https:\/\/watch4time.eu\/sv\/shop\/wenger-attitude-chrono\/"]}]},{"@type":"BreadcrumbList","@id":"https:\/\/watch4time.eu\/sv\/shop\/wenger-attitude-chrono\/#breadcrumb","itemListElement":[{"@type":"ListItem","position":1,"name":"Hjem","item":"https:\/\/watch4time.eu\/"},{"@type":"ListItem","position":2,"name":"Shop","item":"https:\/\/watch4time.eu\/shop\/"},{"@type":"ListItem","position":3,"name":"Wenger Attitude Chrono 01.1543.101"}]}]}},"_links":{"self":[{"href":"https:\/\/watch4time.eu\/sv\/wp-json\/wp\/v2\/product\/27770"}],"collection":[{"href":"https:\/\/watch4time.eu\/sv\/wp-json\/wp\/v2\/product"}],"about":[{"href":"https:\/\/watch4time.eu\/sv\/wp-json\/wp\/v2\/types\/product"}],"replies":[{"embeddable":true,"href":"https:\/\/watch4time.eu\/sv\/wp-json\/wp\/v2\/comments?post=27770"}],"wp:featuredmedia":[{"embeddable":true,"href":"https:\/\/watch4time.eu\/sv\/wp-json\/wp\/v2\/media\/27771"}],"wp:attachment":[{"href":"https:\/\/watch4time.eu\/sv\/wp-json\/wp\/v2\/media?parent=27770"}],"wp:term":[{"taxonomy":"product_cat","embeddable":true,"href":"https:\/\/watch4time.eu\/sv\/wp-json\/wp\/v2\/product_cat?post=27770"},{"taxonomy":"product_tag","embeddable":true,"href":"https:\/\/watch4time.eu\/sv\/wp-json\/wp\/v2\/product_tag?post=27770"}],"curies":[{"name":"wp","href":"https:\/\/api.w.org\/{rel}","templated":true}]}}