{"id":26987,"date":"2018-04-20T12:55:43","date_gmt":"2018-04-20T10:55:43","guid":{"rendered":"https:\/\/watch4time.eu\/shop\/wenger-urban-donnissima-4\/"},"modified":"2018-04-20T12:55:43","modified_gmt":"2018-04-20T10:55:43","slug":"wenger-urban-donnissima-4","status":"publish","type":"product","link":"https:\/\/watch4time.eu\/sv\/shop\/wenger-urban-donnissima-4\/","title":{"rendered":"Wenger Urban Donnissima 01.1721.103"},"content":{"rendered":"","protected":false},"excerpt":{"rendered":"<p>01.1721.103<\/p>\n<p>&nbsp;<\/p>\n<p>Wenger Urban Donnissima kollektionen har en 35 mm. rostfritt st\u00e5lfodral som inneh\u00e5ller en schweizisk kvartsr\u00f6relse. Samlingen \u00e4r en unik blandning av femininitet och f\u00f6rfinad elegans. Det kommer att markera b\u00e5de din kv\u00e4llsutrustning eller en mer avslappnad kl\u00e4dsel.<\/p>\n","protected":false},"featured_media":26989,"comment_status":"closed","ping_status":"closed","template":"","meta":{"_mi_skip_tracking":false},"product_cat":[1377,1334,1628,1581],"product_tag":[],"yoast_head":"<!-- This site is optimized with the Yoast SEO plugin v18.5.1 - https:\/\/yoast.com\/wordpress\/plugins\/seo\/ -->\n<title>Wenger Urban Donnissima 01.1721.103 - Watch4Time<\/title>\n<meta name=\"robots\" content=\"index, follow, max-snippet:-1, max-image-preview:large, max-video-preview:-1\" \/>\n<link rel=\"canonical\" href=\"https:\/\/watch4time.eu\/sv\/shop\/wenger-urban-donnissima-4\/\" \/>\n<meta property=\"og:locale\" content=\"sv_SE\" \/>\n<meta property=\"og:type\" content=\"article\" \/>\n<meta property=\"og:title\" content=\"Wenger Urban Donnissima 01.1721.103 - Watch4Time\" \/>\n<meta property=\"og:description\" content=\"01.1721.103  &nbsp;  Wenger Urban Donnissima kollektionen har en 35 mm. rostfritt st\u00e5lfodral som inneh\u00e5ller en schweizisk kvartsr\u00f6relse. Samlingen \u00e4r en unik blandning av femininitet och f\u00f6rfinad elegans. Det kommer att markera b\u00e5de din kv\u00e4llsutrustning eller en mer avslappnad kl\u00e4dsel.\" \/>\n<meta property=\"og:url\" content=\"https:\/\/watch4time.eu\/sv\/shop\/wenger-urban-donnissima-4\/\" \/>\n<meta property=\"og:site_name\" content=\"Watch4Time\" \/>\n<meta property=\"og:image\" content=\"https:\/\/watch4time.eu\/wp-content\/uploads\/2018\/04\/01.1721.103.jpg\" \/>\n\t<meta property=\"og:image:width\" content=\"1000\" \/>\n\t<meta property=\"og:image:height\" content=\"1000\" \/>\n\t<meta property=\"og:image:type\" content=\"image\/jpeg\" \/>\n<meta name=\"twitter:card\" content=\"summary_large_image\" \/>\n<script type=\"application\/ld+json\" class=\"yoast-schema-graph\">{\"@context\":\"https:\/\/schema.org\",\"@graph\":[{\"@type\":\"WebSite\",\"@id\":\"https:\/\/watch4time.eu\/#website\",\"url\":\"https:\/\/watch4time.eu\/\",\"name\":\"Watch4Time\",\"description\":\"Exquisite watches for you\",\"potentialAction\":[{\"@type\":\"SearchAction\",\"target\":{\"@type\":\"EntryPoint\",\"urlTemplate\":\"https:\/\/watch4time.eu\/?s={search_term_string}\"},\"query-input\":\"required name=search_term_string\"}],\"inLanguage\":\"sv-SE\"},{\"@type\":\"ImageObject\",\"@id\":\"https:\/\/watch4time.eu\/sv\/shop\/wenger-urban-donnissima-4\/#primaryimage\",\"inLanguage\":\"sv-SE\",\"url\":\"https:\/\/watch4time.eu\/wp-content\/uploads\/2018\/04\/01.1721.103.jpg\",\"contentUrl\":\"https:\/\/watch4time.eu\/wp-content\/uploads\/2018\/04\/01.1721.103.jpg\",\"width\":1000,\"height\":1000},{\"@type\":\"WebPage\",\"@id\":\"https:\/\/watch4time.eu\/sv\/shop\/wenger-urban-donnissima-4\/#webpage\",\"url\":\"https:\/\/watch4time.eu\/sv\/shop\/wenger-urban-donnissima-4\/\",\"name\":\"Wenger Urban Donnissima 01.1721.103 - Watch4Time\",\"isPartOf\":{\"@id\":\"https:\/\/watch4time.eu\/#website\"},\"primaryImageOfPage\":{\"@id\":\"https:\/\/watch4time.eu\/sv\/shop\/wenger-urban-donnissima-4\/#primaryimage\"},\"datePublished\":\"2018-04-20T10:55:43+00:00\",\"dateModified\":\"2018-04-20T10:55:43+00:00\",\"breadcrumb\":{\"@id\":\"https:\/\/watch4time.eu\/sv\/shop\/wenger-urban-donnissima-4\/#breadcrumb\"},\"inLanguage\":\"sv-SE\",\"potentialAction\":[{\"@type\":\"ReadAction\",\"target\":[\"https:\/\/watch4time.eu\/sv\/shop\/wenger-urban-donnissima-4\/\"]}]},{\"@type\":\"BreadcrumbList\",\"@id\":\"https:\/\/watch4time.eu\/sv\/shop\/wenger-urban-donnissima-4\/#breadcrumb\",\"itemListElement\":[{\"@type\":\"ListItem\",\"position\":1,\"name\":\"Hjem\",\"item\":\"https:\/\/watch4time.eu\/\"},{\"@type\":\"ListItem\",\"position\":2,\"name\":\"Shop\",\"item\":\"https:\/\/watch4time.eu\/shop\/\"},{\"@type\":\"ListItem\",\"position\":3,\"name\":\"Wenger Urban Donnissima 01.1721.103\"}]}]}<\/script>\n<!-- \/ Yoast SEO plugin. -->","yoast_head_json":{"title":"Wenger Urban Donnissima 01.1721.103 - Watch4Time","robots":{"index":"index","follow":"follow","max-snippet":"max-snippet:-1","max-image-preview":"max-image-preview:large","max-video-preview":"max-video-preview:-1"},"canonical":"https:\/\/watch4time.eu\/sv\/shop\/wenger-urban-donnissima-4\/","og_locale":"sv_SE","og_type":"article","og_title":"Wenger Urban Donnissima 01.1721.103 - Watch4Time","og_description":"01.1721.103  &nbsp;  Wenger Urban Donnissima kollektionen har en 35 mm. rostfritt st\u00e5lfodral som inneh\u00e5ller en schweizisk kvartsr\u00f6relse. Samlingen \u00e4r en unik blandning av femininitet och f\u00f6rfinad elegans. Det kommer att markera b\u00e5de din kv\u00e4llsutrustning eller en mer avslappnad kl\u00e4dsel.","og_url":"https:\/\/watch4time.eu\/sv\/shop\/wenger-urban-donnissima-4\/","og_site_name":"Watch4Time","og_image":[{"width":1000,"height":1000,"url":"https:\/\/watch4time.eu\/wp-content\/uploads\/2018\/04\/01.1721.103.jpg","type":"image\/jpeg"}],"twitter_card":"summary_large_image","schema":{"@context":"https:\/\/schema.org","@graph":[{"@type":"WebSite","@id":"https:\/\/watch4time.eu\/#website","url":"https:\/\/watch4time.eu\/","name":"Watch4Time","description":"Exquisite watches for you","potentialAction":[{"@type":"SearchAction","target":{"@type":"EntryPoint","urlTemplate":"https:\/\/watch4time.eu\/?s={search_term_string}"},"query-input":"required name=search_term_string"}],"inLanguage":"sv-SE"},{"@type":"ImageObject","@id":"https:\/\/watch4time.eu\/sv\/shop\/wenger-urban-donnissima-4\/#primaryimage","inLanguage":"sv-SE","url":"https:\/\/watch4time.eu\/wp-content\/uploads\/2018\/04\/01.1721.103.jpg","contentUrl":"https:\/\/watch4time.eu\/wp-content\/uploads\/2018\/04\/01.1721.103.jpg","width":1000,"height":1000},{"@type":"WebPage","@id":"https:\/\/watch4time.eu\/sv\/shop\/wenger-urban-donnissima-4\/#webpage","url":"https:\/\/watch4time.eu\/sv\/shop\/wenger-urban-donnissima-4\/","name":"Wenger Urban Donnissima 01.1721.103 - Watch4Time","isPartOf":{"@id":"https:\/\/watch4time.eu\/#website"},"primaryImageOfPage":{"@id":"https:\/\/watch4time.eu\/sv\/shop\/wenger-urban-donnissima-4\/#primaryimage"},"datePublished":"2018-04-20T10:55:43+00:00","dateModified":"2018-04-20T10:55:43+00:00","breadcrumb":{"@id":"https:\/\/watch4time.eu\/sv\/shop\/wenger-urban-donnissima-4\/#breadcrumb"},"inLanguage":"sv-SE","potentialAction":[{"@type":"ReadAction","target":["https:\/\/watch4time.eu\/sv\/shop\/wenger-urban-donnissima-4\/"]}]},{"@type":"BreadcrumbList","@id":"https:\/\/watch4time.eu\/sv\/shop\/wenger-urban-donnissima-4\/#breadcrumb","itemListElement":[{"@type":"ListItem","position":1,"name":"Hjem","item":"https:\/\/watch4time.eu\/"},{"@type":"ListItem","position":2,"name":"Shop","item":"https:\/\/watch4time.eu\/shop\/"},{"@type":"ListItem","position":3,"name":"Wenger Urban Donnissima 01.1721.103"}]}]}},"_links":{"self":[{"href":"https:\/\/watch4time.eu\/sv\/wp-json\/wp\/v2\/product\/26987"}],"collection":[{"href":"https:\/\/watch4time.eu\/sv\/wp-json\/wp\/v2\/product"}],"about":[{"href":"https:\/\/watch4time.eu\/sv\/wp-json\/wp\/v2\/types\/product"}],"replies":[{"embeddable":true,"href":"https:\/\/watch4time.eu\/sv\/wp-json\/wp\/v2\/comments?post=26987"}],"wp:featuredmedia":[{"embeddable":true,"href":"https:\/\/watch4time.eu\/sv\/wp-json\/wp\/v2\/media\/26989"}],"wp:attachment":[{"href":"https:\/\/watch4time.eu\/sv\/wp-json\/wp\/v2\/media?parent=26987"}],"wp:term":[{"taxonomy":"product_cat","embeddable":true,"href":"https:\/\/watch4time.eu\/sv\/wp-json\/wp\/v2\/product_cat?post=26987"},{"taxonomy":"product_tag","embeddable":true,"href":"https:\/\/watch4time.eu\/sv\/wp-json\/wp\/v2\/product_tag?post=26987"}],"curies":[{"name":"wp","href":"https:\/\/api.w.org\/{rel}","templated":true}]}}