{"id":26693,"date":"2017-08-30T10:17:16","date_gmt":"2017-08-30T08:17:16","guid":{"rendered":"https:\/\/watch4time.eu\/shop\/wenger-roadster-black-night-4\/"},"modified":"2017-08-30T10:17:16","modified_gmt":"2017-08-30T08:17:16","slug":"wenger-roadster-black-night-4","status":"publish","type":"product","link":"https:\/\/watch4time.eu\/sv\/shop\/wenger-roadster-black-night-4\/","title":{"rendered":"Wenger Roadster Black Night 01.0851.123"},"content":{"rendered":"","protected":false},"excerpt":{"rendered":"<p>01.0851.123<\/p>\n<p>&nbsp;<\/p>\n<p>Denna Wenger Roadster Black Night har en 45 mm. rostfritt st\u00e5lfodral som inneh\u00e5ller en schweizisk kvartsr\u00f6relse. Samlingen \u00e4r lika m\u00f6rk och fascinerande som namnet antyder, och det \u00e4r perfekt f\u00f6r den moderna mannen som s\u00f6ker en dynamisk och sofistikerad klocka.<\/p>\n","protected":false},"featured_media":26694,"comment_status":"open","ping_status":"closed","template":"","meta":{"_mi_skip_tracking":false},"product_cat":[1336,1334,1619,1581],"product_tag":[],"yoast_head":"<!-- This site is optimized with the Yoast SEO plugin v18.5.1 - https:\/\/yoast.com\/wordpress\/plugins\/seo\/ -->\n<title>Wenger Roadster Black Night 01.0851.123 - Watch4Time<\/title>\n<meta name=\"robots\" content=\"index, follow, max-snippet:-1, max-image-preview:large, max-video-preview:-1\" \/>\n<link rel=\"canonical\" href=\"https:\/\/watch4time.eu\/sv\/shop\/wenger-roadster-black-night-4\/\" \/>\n<meta property=\"og:locale\" content=\"sv_SE\" \/>\n<meta property=\"og:type\" content=\"article\" \/>\n<meta property=\"og:title\" content=\"Wenger Roadster Black Night 01.0851.123 - Watch4Time\" \/>\n<meta property=\"og:description\" content=\"01.0851.123  &nbsp;  Denna Wenger Roadster Black Night har en 45 mm. rostfritt st\u00e5lfodral som inneh\u00e5ller en schweizisk kvartsr\u00f6relse. Samlingen \u00e4r lika m\u00f6rk och fascinerande som namnet antyder, och det \u00e4r perfekt f\u00f6r den moderna mannen som s\u00f6ker en dynamisk och sofistikerad klocka.\" \/>\n<meta property=\"og:url\" content=\"https:\/\/watch4time.eu\/sv\/shop\/wenger-roadster-black-night-4\/\" \/>\n<meta property=\"og:site_name\" content=\"Watch4Time\" \/>\n<meta property=\"og:image\" content=\"https:\/\/watch4time.eu\/wp-content\/uploads\/2017\/08\/01.0851.123-1.jpg\" \/>\n\t<meta property=\"og:image:width\" content=\"1000\" \/>\n\t<meta property=\"og:image:height\" content=\"1000\" \/>\n\t<meta property=\"og:image:type\" content=\"image\/jpeg\" \/>\n<meta name=\"twitter:card\" content=\"summary_large_image\" \/>\n<script type=\"application\/ld+json\" class=\"yoast-schema-graph\">{\"@context\":\"https:\/\/schema.org\",\"@graph\":[{\"@type\":\"WebSite\",\"@id\":\"https:\/\/watch4time.eu\/#website\",\"url\":\"https:\/\/watch4time.eu\/\",\"name\":\"Watch4Time\",\"description\":\"Exquisite watches for you\",\"potentialAction\":[{\"@type\":\"SearchAction\",\"target\":{\"@type\":\"EntryPoint\",\"urlTemplate\":\"https:\/\/watch4time.eu\/?s={search_term_string}\"},\"query-input\":\"required name=search_term_string\"}],\"inLanguage\":\"sv-SE\"},{\"@type\":\"ImageObject\",\"@id\":\"https:\/\/watch4time.eu\/sv\/shop\/wenger-roadster-black-night-4\/#primaryimage\",\"inLanguage\":\"sv-SE\",\"url\":\"https:\/\/watch4time.eu\/wp-content\/uploads\/2017\/08\/01.0851.123-1.jpg\",\"contentUrl\":\"https:\/\/watch4time.eu\/wp-content\/uploads\/2017\/08\/01.0851.123-1.jpg\",\"width\":1000,\"height\":1000},{\"@type\":\"WebPage\",\"@id\":\"https:\/\/watch4time.eu\/sv\/shop\/wenger-roadster-black-night-4\/#webpage\",\"url\":\"https:\/\/watch4time.eu\/sv\/shop\/wenger-roadster-black-night-4\/\",\"name\":\"Wenger Roadster Black Night 01.0851.123 - Watch4Time\",\"isPartOf\":{\"@id\":\"https:\/\/watch4time.eu\/#website\"},\"primaryImageOfPage\":{\"@id\":\"https:\/\/watch4time.eu\/sv\/shop\/wenger-roadster-black-night-4\/#primaryimage\"},\"datePublished\":\"2017-08-30T08:17:16+00:00\",\"dateModified\":\"2017-08-30T08:17:16+00:00\",\"breadcrumb\":{\"@id\":\"https:\/\/watch4time.eu\/sv\/shop\/wenger-roadster-black-night-4\/#breadcrumb\"},\"inLanguage\":\"sv-SE\",\"potentialAction\":[{\"@type\":\"ReadAction\",\"target\":[\"https:\/\/watch4time.eu\/sv\/shop\/wenger-roadster-black-night-4\/\"]}]},{\"@type\":\"BreadcrumbList\",\"@id\":\"https:\/\/watch4time.eu\/sv\/shop\/wenger-roadster-black-night-4\/#breadcrumb\",\"itemListElement\":[{\"@type\":\"ListItem\",\"position\":1,\"name\":\"Hjem\",\"item\":\"https:\/\/watch4time.eu\/\"},{\"@type\":\"ListItem\",\"position\":2,\"name\":\"Shop\",\"item\":\"https:\/\/watch4time.eu\/shop\/\"},{\"@type\":\"ListItem\",\"position\":3,\"name\":\"Wenger Roadster Black Night 01.0851.123\"}]}]}<\/script>\n<!-- \/ Yoast SEO plugin. -->","yoast_head_json":{"title":"Wenger Roadster Black Night 01.0851.123 - Watch4Time","robots":{"index":"index","follow":"follow","max-snippet":"max-snippet:-1","max-image-preview":"max-image-preview:large","max-video-preview":"max-video-preview:-1"},"canonical":"https:\/\/watch4time.eu\/sv\/shop\/wenger-roadster-black-night-4\/","og_locale":"sv_SE","og_type":"article","og_title":"Wenger Roadster Black Night 01.0851.123 - Watch4Time","og_description":"01.0851.123  &nbsp;  Denna Wenger Roadster Black Night har en 45 mm. rostfritt st\u00e5lfodral som inneh\u00e5ller en schweizisk kvartsr\u00f6relse. Samlingen \u00e4r lika m\u00f6rk och fascinerande som namnet antyder, och det \u00e4r perfekt f\u00f6r den moderna mannen som s\u00f6ker en dynamisk och sofistikerad klocka.","og_url":"https:\/\/watch4time.eu\/sv\/shop\/wenger-roadster-black-night-4\/","og_site_name":"Watch4Time","og_image":[{"width":1000,"height":1000,"url":"https:\/\/watch4time.eu\/wp-content\/uploads\/2017\/08\/01.0851.123-1.jpg","type":"image\/jpeg"}],"twitter_card":"summary_large_image","schema":{"@context":"https:\/\/schema.org","@graph":[{"@type":"WebSite","@id":"https:\/\/watch4time.eu\/#website","url":"https:\/\/watch4time.eu\/","name":"Watch4Time","description":"Exquisite watches for you","potentialAction":[{"@type":"SearchAction","target":{"@type":"EntryPoint","urlTemplate":"https:\/\/watch4time.eu\/?s={search_term_string}"},"query-input":"required name=search_term_string"}],"inLanguage":"sv-SE"},{"@type":"ImageObject","@id":"https:\/\/watch4time.eu\/sv\/shop\/wenger-roadster-black-night-4\/#primaryimage","inLanguage":"sv-SE","url":"https:\/\/watch4time.eu\/wp-content\/uploads\/2017\/08\/01.0851.123-1.jpg","contentUrl":"https:\/\/watch4time.eu\/wp-content\/uploads\/2017\/08\/01.0851.123-1.jpg","width":1000,"height":1000},{"@type":"WebPage","@id":"https:\/\/watch4time.eu\/sv\/shop\/wenger-roadster-black-night-4\/#webpage","url":"https:\/\/watch4time.eu\/sv\/shop\/wenger-roadster-black-night-4\/","name":"Wenger Roadster Black Night 01.0851.123 - Watch4Time","isPartOf":{"@id":"https:\/\/watch4time.eu\/#website"},"primaryImageOfPage":{"@id":"https:\/\/watch4time.eu\/sv\/shop\/wenger-roadster-black-night-4\/#primaryimage"},"datePublished":"2017-08-30T08:17:16+00:00","dateModified":"2017-08-30T08:17:16+00:00","breadcrumb":{"@id":"https:\/\/watch4time.eu\/sv\/shop\/wenger-roadster-black-night-4\/#breadcrumb"},"inLanguage":"sv-SE","potentialAction":[{"@type":"ReadAction","target":["https:\/\/watch4time.eu\/sv\/shop\/wenger-roadster-black-night-4\/"]}]},{"@type":"BreadcrumbList","@id":"https:\/\/watch4time.eu\/sv\/shop\/wenger-roadster-black-night-4\/#breadcrumb","itemListElement":[{"@type":"ListItem","position":1,"name":"Hjem","item":"https:\/\/watch4time.eu\/"},{"@type":"ListItem","position":2,"name":"Shop","item":"https:\/\/watch4time.eu\/shop\/"},{"@type":"ListItem","position":3,"name":"Wenger Roadster Black Night 01.0851.123"}]}]}},"_links":{"self":[{"href":"https:\/\/watch4time.eu\/sv\/wp-json\/wp\/v2\/product\/26693"}],"collection":[{"href":"https:\/\/watch4time.eu\/sv\/wp-json\/wp\/v2\/product"}],"about":[{"href":"https:\/\/watch4time.eu\/sv\/wp-json\/wp\/v2\/types\/product"}],"replies":[{"embeddable":true,"href":"https:\/\/watch4time.eu\/sv\/wp-json\/wp\/v2\/comments?post=26693"}],"wp:featuredmedia":[{"embeddable":true,"href":"https:\/\/watch4time.eu\/sv\/wp-json\/wp\/v2\/media\/26694"}],"wp:attachment":[{"href":"https:\/\/watch4time.eu\/sv\/wp-json\/wp\/v2\/media?parent=26693"}],"wp:term":[{"taxonomy":"product_cat","embeddable":true,"href":"https:\/\/watch4time.eu\/sv\/wp-json\/wp\/v2\/product_cat?post=26693"},{"taxonomy":"product_tag","embeddable":true,"href":"https:\/\/watch4time.eu\/sv\/wp-json\/wp\/v2\/product_tag?post=26693"}],"curies":[{"name":"wp","href":"https:\/\/api.w.org\/{rel}","templated":true}]}}