{"id":26034,"date":"2017-09-13T13:06:12","date_gmt":"2017-09-13T11:06:12","guid":{"rendered":"https:\/\/watch4time.eu\/shop\/ebel-brasilia-3\/"},"modified":"2017-09-13T13:06:12","modified_gmt":"2017-09-13T11:06:12","slug":"ebel-brasilia-3","status":"publish","type":"product","link":"https:\/\/watch4time.eu\/sv\/shop\/ebel-brasilia-3\/","title":{"rendered":"Ebel Brasilia 1216068"},"content":{"rendered":"","protected":false},"excerpt":{"rendered":"<p>1216068<\/p>\n<p>&nbsp;<\/p>\n<p>Denna Ebel Brasilia klocka har en 24 mm. borstad och polerat rostfritt st\u00e5lfodral med 34 diamanter, en silvergalvanisk urtavla med m\u00e5lade romerska siffror och ett borstat och polerat rostfritt st\u00e5ll\u00e4nkband.<\/p>\n<p>Antal Diamanter &#8211; 34 \u00a0 \u00a0 \u00a0Karat Diamanter &#8211; 0.554 \u00a0 \u00a0 \u00a0Klarhetsdiamanter &#8211; VS<\/p>\n<p>N\u00e4r du k\u00f6per denna produkt, kan du v\u00e4nta l\u00e4ngre leveranstider.<\/p>\n","protected":false},"featured_media":24722,"comment_status":"open","ping_status":"closed","template":"","meta":{"_mi_skip_tracking":false},"product_cat":[1642,1334,1482,1344],"product_tag":[],"yoast_head":"<!-- This site is optimized with the Yoast SEO plugin v18.5.1 - https:\/\/yoast.com\/wordpress\/plugins\/seo\/ -->\n<title>Ebel Brasilia 1216068 - Watch4Time<\/title>\n<meta name=\"robots\" content=\"index, follow, max-snippet:-1, max-image-preview:large, max-video-preview:-1\" \/>\n<link rel=\"canonical\" href=\"https:\/\/watch4time.eu\/sv\/shop\/ebel-brasilia-3\/\" \/>\n<meta property=\"og:locale\" content=\"sv_SE\" \/>\n<meta property=\"og:type\" content=\"article\" \/>\n<meta property=\"og:title\" content=\"Ebel Brasilia 1216068 - Watch4Time\" \/>\n<meta property=\"og:description\" content=\"1216068  &nbsp;  Denna Ebel Brasilia klocka har en 24 mm. borstad och polerat rostfritt st\u00e5lfodral med 34 diamanter, en silvergalvanisk urtavla med m\u00e5lade romerska siffror och ett borstat och polerat rostfritt st\u00e5ll\u00e4nkband.  Antal Diamanter - 34 \u00a0 \u00a0 \u00a0Karat Diamanter - 0.554 \u00a0 \u00a0 \u00a0Klarhetsdiamanter - VS  N\u00e4r du k\u00f6per denna produkt, kan du v\u00e4nta l\u00e4ngre leveranstider.\" \/>\n<meta property=\"og:url\" content=\"https:\/\/watch4time.eu\/sv\/shop\/ebel-brasilia-3\/\" \/>\n<meta property=\"og:site_name\" content=\"Watch4Time\" \/>\n<meta property=\"og:image\" content=\"https:\/\/watch4time.eu\/wp-content\/uploads\/2017\/09\/1216068_brasilia_s-1.jpg\" \/>\n\t<meta property=\"og:image:width\" content=\"1000\" \/>\n\t<meta property=\"og:image:height\" content=\"1000\" \/>\n\t<meta property=\"og:image:type\" content=\"image\/jpeg\" \/>\n<meta name=\"twitter:card\" content=\"summary_large_image\" \/>\n<script type=\"application\/ld+json\" class=\"yoast-schema-graph\">{\"@context\":\"https:\/\/schema.org\",\"@graph\":[{\"@type\":\"WebSite\",\"@id\":\"https:\/\/watch4time.eu\/#website\",\"url\":\"https:\/\/watch4time.eu\/\",\"name\":\"Watch4Time\",\"description\":\"Exquisite watches for you\",\"potentialAction\":[{\"@type\":\"SearchAction\",\"target\":{\"@type\":\"EntryPoint\",\"urlTemplate\":\"https:\/\/watch4time.eu\/?s={search_term_string}\"},\"query-input\":\"required name=search_term_string\"}],\"inLanguage\":\"sv-SE\"},{\"@type\":\"ImageObject\",\"@id\":\"https:\/\/watch4time.eu\/sv\/shop\/ebel-brasilia-3\/#primaryimage\",\"inLanguage\":\"sv-SE\",\"url\":\"https:\/\/watch4time.eu\/wp-content\/uploads\/2017\/09\/1216068_brasilia_s-1.jpg\",\"contentUrl\":\"https:\/\/watch4time.eu\/wp-content\/uploads\/2017\/09\/1216068_brasilia_s-1.jpg\",\"width\":1000,\"height\":1000},{\"@type\":\"WebPage\",\"@id\":\"https:\/\/watch4time.eu\/sv\/shop\/ebel-brasilia-3\/#webpage\",\"url\":\"https:\/\/watch4time.eu\/sv\/shop\/ebel-brasilia-3\/\",\"name\":\"Ebel Brasilia 1216068 - Watch4Time\",\"isPartOf\":{\"@id\":\"https:\/\/watch4time.eu\/#website\"},\"primaryImageOfPage\":{\"@id\":\"https:\/\/watch4time.eu\/sv\/shop\/ebel-brasilia-3\/#primaryimage\"},\"datePublished\":\"2017-09-13T11:06:12+00:00\",\"dateModified\":\"2017-09-13T11:06:12+00:00\",\"breadcrumb\":{\"@id\":\"https:\/\/watch4time.eu\/sv\/shop\/ebel-brasilia-3\/#breadcrumb\"},\"inLanguage\":\"sv-SE\",\"potentialAction\":[{\"@type\":\"ReadAction\",\"target\":[\"https:\/\/watch4time.eu\/sv\/shop\/ebel-brasilia-3\/\"]}]},{\"@type\":\"BreadcrumbList\",\"@id\":\"https:\/\/watch4time.eu\/sv\/shop\/ebel-brasilia-3\/#breadcrumb\",\"itemListElement\":[{\"@type\":\"ListItem\",\"position\":1,\"name\":\"Hjem\",\"item\":\"https:\/\/watch4time.eu\/\"},{\"@type\":\"ListItem\",\"position\":2,\"name\":\"Shop\",\"item\":\"https:\/\/watch4time.eu\/shop\/\"},{\"@type\":\"ListItem\",\"position\":3,\"name\":\"Ebel Brasilia 1216068\"}]}]}<\/script>\n<!-- \/ Yoast SEO plugin. -->","yoast_head_json":{"title":"Ebel Brasilia 1216068 - Watch4Time","robots":{"index":"index","follow":"follow","max-snippet":"max-snippet:-1","max-image-preview":"max-image-preview:large","max-video-preview":"max-video-preview:-1"},"canonical":"https:\/\/watch4time.eu\/sv\/shop\/ebel-brasilia-3\/","og_locale":"sv_SE","og_type":"article","og_title":"Ebel Brasilia 1216068 - Watch4Time","og_description":"1216068  &nbsp;  Denna Ebel Brasilia klocka har en 24 mm. borstad och polerat rostfritt st\u00e5lfodral med 34 diamanter, en silvergalvanisk urtavla med m\u00e5lade romerska siffror och ett borstat och polerat rostfritt st\u00e5ll\u00e4nkband.  Antal Diamanter - 34 \u00a0 \u00a0 \u00a0Karat Diamanter - 0.554 \u00a0 \u00a0 \u00a0Klarhetsdiamanter - VS  N\u00e4r du k\u00f6per denna produkt, kan du v\u00e4nta l\u00e4ngre leveranstider.","og_url":"https:\/\/watch4time.eu\/sv\/shop\/ebel-brasilia-3\/","og_site_name":"Watch4Time","og_image":[{"width":1000,"height":1000,"url":"https:\/\/watch4time.eu\/wp-content\/uploads\/2017\/09\/1216068_brasilia_s-1.jpg","type":"image\/jpeg"}],"twitter_card":"summary_large_image","schema":{"@context":"https:\/\/schema.org","@graph":[{"@type":"WebSite","@id":"https:\/\/watch4time.eu\/#website","url":"https:\/\/watch4time.eu\/","name":"Watch4Time","description":"Exquisite watches for you","potentialAction":[{"@type":"SearchAction","target":{"@type":"EntryPoint","urlTemplate":"https:\/\/watch4time.eu\/?s={search_term_string}"},"query-input":"required name=search_term_string"}],"inLanguage":"sv-SE"},{"@type":"ImageObject","@id":"https:\/\/watch4time.eu\/sv\/shop\/ebel-brasilia-3\/#primaryimage","inLanguage":"sv-SE","url":"https:\/\/watch4time.eu\/wp-content\/uploads\/2017\/09\/1216068_brasilia_s-1.jpg","contentUrl":"https:\/\/watch4time.eu\/wp-content\/uploads\/2017\/09\/1216068_brasilia_s-1.jpg","width":1000,"height":1000},{"@type":"WebPage","@id":"https:\/\/watch4time.eu\/sv\/shop\/ebel-brasilia-3\/#webpage","url":"https:\/\/watch4time.eu\/sv\/shop\/ebel-brasilia-3\/","name":"Ebel Brasilia 1216068 - Watch4Time","isPartOf":{"@id":"https:\/\/watch4time.eu\/#website"},"primaryImageOfPage":{"@id":"https:\/\/watch4time.eu\/sv\/shop\/ebel-brasilia-3\/#primaryimage"},"datePublished":"2017-09-13T11:06:12+00:00","dateModified":"2017-09-13T11:06:12+00:00","breadcrumb":{"@id":"https:\/\/watch4time.eu\/sv\/shop\/ebel-brasilia-3\/#breadcrumb"},"inLanguage":"sv-SE","potentialAction":[{"@type":"ReadAction","target":["https:\/\/watch4time.eu\/sv\/shop\/ebel-brasilia-3\/"]}]},{"@type":"BreadcrumbList","@id":"https:\/\/watch4time.eu\/sv\/shop\/ebel-brasilia-3\/#breadcrumb","itemListElement":[{"@type":"ListItem","position":1,"name":"Hjem","item":"https:\/\/watch4time.eu\/"},{"@type":"ListItem","position":2,"name":"Shop","item":"https:\/\/watch4time.eu\/shop\/"},{"@type":"ListItem","position":3,"name":"Ebel Brasilia 1216068"}]}]}},"_links":{"self":[{"href":"https:\/\/watch4time.eu\/sv\/wp-json\/wp\/v2\/product\/26034"}],"collection":[{"href":"https:\/\/watch4time.eu\/sv\/wp-json\/wp\/v2\/product"}],"about":[{"href":"https:\/\/watch4time.eu\/sv\/wp-json\/wp\/v2\/types\/product"}],"replies":[{"embeddable":true,"href":"https:\/\/watch4time.eu\/sv\/wp-json\/wp\/v2\/comments?post=26034"}],"wp:featuredmedia":[{"embeddable":true,"href":"https:\/\/watch4time.eu\/sv\/wp-json\/wp\/v2\/media\/24722"}],"wp:attachment":[{"href":"https:\/\/watch4time.eu\/sv\/wp-json\/wp\/v2\/media?parent=26034"}],"wp:term":[{"taxonomy":"product_cat","embeddable":true,"href":"https:\/\/watch4time.eu\/sv\/wp-json\/wp\/v2\/product_cat?post=26034"},{"taxonomy":"product_tag","embeddable":true,"href":"https:\/\/watch4time.eu\/sv\/wp-json\/wp\/v2\/product_tag?post=26034"}],"curies":[{"name":"wp","href":"https:\/\/api.w.org\/{rel}","templated":true}]}}