{"id":25497,"date":"2017-09-08T15:12:17","date_gmt":"2017-09-08T13:12:17","guid":{"rendered":"https:\/\/watch4time.eu\/shop\/ebel-classic-6\/"},"modified":"2019-04-17T12:26:08","modified_gmt":"2019-04-17T10:26:08","slug":"ebel-classic-6","status":"publish","type":"product","link":"https:\/\/watch4time.eu\/sv\/shop\/ebel-classic-6\/","title":{"rendered":"Ebel Classic 1215928"},"content":{"rendered":"","protected":false},"excerpt":{"rendered":"<p>1215928<\/p>\n<p>&nbsp;<\/p>\n<p>Denna Ebel Classic damer klocka med automatisk r\u00f6relse har en 27,1 mm. rostfritt st\u00e5l fodral med 18K ros guldfodral och krona. Klockan har en vit p\u00e4rlemorskring med 11 diamantmark\u00f6rer, datumdisplay och ett signaturv\u00e5gl\u00e4nkarmband.<\/p>\n<p>Antal diamanter &#8211; 53 Karat diamanter &#8211; 0.399 Klarhet diamanter &#8211; IF-VVS<\/p>\n<p>N\u00e4r du k\u00f6per denna produkt, kan du v\u00e4nta l\u00e4ngre leveranstider.<\/p>\n","protected":false},"featured_media":24711,"comment_status":"open","ping_status":"closed","template":"","meta":{"_mi_skip_tracking":false},"product_cat":[1642,1334,1485,1344],"product_tag":[],"yoast_head":"<!-- This site is optimized with the Yoast SEO plugin v18.5.1 - https:\/\/yoast.com\/wordpress\/plugins\/seo\/ -->\n<title>Ebel Classic 1215928 - Watch4Time<\/title>\n<meta name=\"robots\" content=\"index, follow, max-snippet:-1, max-image-preview:large, max-video-preview:-1\" \/>\n<link rel=\"canonical\" href=\"https:\/\/watch4time.eu\/sv\/shop\/ebel-classic-6\/\" \/>\n<meta property=\"og:locale\" content=\"sv_SE\" \/>\n<meta property=\"og:type\" content=\"article\" \/>\n<meta property=\"og:title\" content=\"Ebel Classic 1215928 - Watch4Time\" \/>\n<meta property=\"og:description\" content=\"1215928  &nbsp;  Denna Ebel Classic damer klocka med automatisk r\u00f6relse har en 27,1 mm. rostfritt st\u00e5l fodral med 18K ros guldfodral och krona. Klockan har en vit p\u00e4rlemorskring med 11 diamantmark\u00f6rer, datumdisplay och ett signaturv\u00e5gl\u00e4nkarmband.  Antal diamanter - 53 Karat diamanter - 0.399 Klarhet diamanter - IF-VVS  N\u00e4r du k\u00f6per denna produkt, kan du v\u00e4nta l\u00e4ngre leveranstider.\" \/>\n<meta property=\"og:url\" content=\"https:\/\/watch4time.eu\/sv\/shop\/ebel-classic-6\/\" \/>\n<meta property=\"og:site_name\" content=\"Watch4Time\" \/>\n<meta property=\"article:modified_time\" content=\"2019-04-17T10:26:08+00:00\" \/>\n<meta property=\"og:image\" content=\"https:\/\/watch4time.eu\/wp-content\/uploads\/2017\/09\/1215928_classic_s-1.jpg\" \/>\n\t<meta property=\"og:image:width\" content=\"1000\" \/>\n\t<meta property=\"og:image:height\" content=\"1000\" \/>\n\t<meta property=\"og:image:type\" content=\"image\/jpeg\" \/>\n<meta name=\"twitter:card\" content=\"summary_large_image\" \/>\n<script type=\"application\/ld+json\" class=\"yoast-schema-graph\">{\"@context\":\"https:\/\/schema.org\",\"@graph\":[{\"@type\":\"WebSite\",\"@id\":\"https:\/\/watch4time.eu\/#website\",\"url\":\"https:\/\/watch4time.eu\/\",\"name\":\"Watch4Time\",\"description\":\"Exquisite watches for you\",\"potentialAction\":[{\"@type\":\"SearchAction\",\"target\":{\"@type\":\"EntryPoint\",\"urlTemplate\":\"https:\/\/watch4time.eu\/?s={search_term_string}\"},\"query-input\":\"required name=search_term_string\"}],\"inLanguage\":\"sv-SE\"},{\"@type\":\"ImageObject\",\"@id\":\"https:\/\/watch4time.eu\/sv\/shop\/ebel-classic-6\/#primaryimage\",\"inLanguage\":\"sv-SE\",\"url\":\"https:\/\/watch4time.eu\/wp-content\/uploads\/2017\/09\/1215928_classic_s-1.jpg\",\"contentUrl\":\"https:\/\/watch4time.eu\/wp-content\/uploads\/2017\/09\/1215928_classic_s-1.jpg\",\"width\":1000,\"height\":1000},{\"@type\":\"WebPage\",\"@id\":\"https:\/\/watch4time.eu\/sv\/shop\/ebel-classic-6\/#webpage\",\"url\":\"https:\/\/watch4time.eu\/sv\/shop\/ebel-classic-6\/\",\"name\":\"Ebel Classic 1215928 - Watch4Time\",\"isPartOf\":{\"@id\":\"https:\/\/watch4time.eu\/#website\"},\"primaryImageOfPage\":{\"@id\":\"https:\/\/watch4time.eu\/sv\/shop\/ebel-classic-6\/#primaryimage\"},\"datePublished\":\"2017-09-08T13:12:17+00:00\",\"dateModified\":\"2019-04-17T10:26:08+00:00\",\"breadcrumb\":{\"@id\":\"https:\/\/watch4time.eu\/sv\/shop\/ebel-classic-6\/#breadcrumb\"},\"inLanguage\":\"sv-SE\",\"potentialAction\":[{\"@type\":\"ReadAction\",\"target\":[\"https:\/\/watch4time.eu\/sv\/shop\/ebel-classic-6\/\"]}]},{\"@type\":\"BreadcrumbList\",\"@id\":\"https:\/\/watch4time.eu\/sv\/shop\/ebel-classic-6\/#breadcrumb\",\"itemListElement\":[{\"@type\":\"ListItem\",\"position\":1,\"name\":\"Hjem\",\"item\":\"https:\/\/watch4time.eu\/\"},{\"@type\":\"ListItem\",\"position\":2,\"name\":\"Shop\",\"item\":\"https:\/\/watch4time.eu\/shop\/\"},{\"@type\":\"ListItem\",\"position\":3,\"name\":\"Ebel Classic 1215928\"}]}]}<\/script>\n<!-- \/ Yoast SEO plugin. -->","yoast_head_json":{"title":"Ebel Classic 1215928 - Watch4Time","robots":{"index":"index","follow":"follow","max-snippet":"max-snippet:-1","max-image-preview":"max-image-preview:large","max-video-preview":"max-video-preview:-1"},"canonical":"https:\/\/watch4time.eu\/sv\/shop\/ebel-classic-6\/","og_locale":"sv_SE","og_type":"article","og_title":"Ebel Classic 1215928 - Watch4Time","og_description":"1215928  &nbsp;  Denna Ebel Classic damer klocka med automatisk r\u00f6relse har en 27,1 mm. rostfritt st\u00e5l fodral med 18K ros guldfodral och krona. Klockan har en vit p\u00e4rlemorskring med 11 diamantmark\u00f6rer, datumdisplay och ett signaturv\u00e5gl\u00e4nkarmband.  Antal diamanter - 53 Karat diamanter - 0.399 Klarhet diamanter - IF-VVS  N\u00e4r du k\u00f6per denna produkt, kan du v\u00e4nta l\u00e4ngre leveranstider.","og_url":"https:\/\/watch4time.eu\/sv\/shop\/ebel-classic-6\/","og_site_name":"Watch4Time","article_modified_time":"2019-04-17T10:26:08+00:00","og_image":[{"width":1000,"height":1000,"url":"https:\/\/watch4time.eu\/wp-content\/uploads\/2017\/09\/1215928_classic_s-1.jpg","type":"image\/jpeg"}],"twitter_card":"summary_large_image","schema":{"@context":"https:\/\/schema.org","@graph":[{"@type":"WebSite","@id":"https:\/\/watch4time.eu\/#website","url":"https:\/\/watch4time.eu\/","name":"Watch4Time","description":"Exquisite watches for you","potentialAction":[{"@type":"SearchAction","target":{"@type":"EntryPoint","urlTemplate":"https:\/\/watch4time.eu\/?s={search_term_string}"},"query-input":"required name=search_term_string"}],"inLanguage":"sv-SE"},{"@type":"ImageObject","@id":"https:\/\/watch4time.eu\/sv\/shop\/ebel-classic-6\/#primaryimage","inLanguage":"sv-SE","url":"https:\/\/watch4time.eu\/wp-content\/uploads\/2017\/09\/1215928_classic_s-1.jpg","contentUrl":"https:\/\/watch4time.eu\/wp-content\/uploads\/2017\/09\/1215928_classic_s-1.jpg","width":1000,"height":1000},{"@type":"WebPage","@id":"https:\/\/watch4time.eu\/sv\/shop\/ebel-classic-6\/#webpage","url":"https:\/\/watch4time.eu\/sv\/shop\/ebel-classic-6\/","name":"Ebel Classic 1215928 - Watch4Time","isPartOf":{"@id":"https:\/\/watch4time.eu\/#website"},"primaryImageOfPage":{"@id":"https:\/\/watch4time.eu\/sv\/shop\/ebel-classic-6\/#primaryimage"},"datePublished":"2017-09-08T13:12:17+00:00","dateModified":"2019-04-17T10:26:08+00:00","breadcrumb":{"@id":"https:\/\/watch4time.eu\/sv\/shop\/ebel-classic-6\/#breadcrumb"},"inLanguage":"sv-SE","potentialAction":[{"@type":"ReadAction","target":["https:\/\/watch4time.eu\/sv\/shop\/ebel-classic-6\/"]}]},{"@type":"BreadcrumbList","@id":"https:\/\/watch4time.eu\/sv\/shop\/ebel-classic-6\/#breadcrumb","itemListElement":[{"@type":"ListItem","position":1,"name":"Hjem","item":"https:\/\/watch4time.eu\/"},{"@type":"ListItem","position":2,"name":"Shop","item":"https:\/\/watch4time.eu\/shop\/"},{"@type":"ListItem","position":3,"name":"Ebel Classic 1215928"}]}]}},"_links":{"self":[{"href":"https:\/\/watch4time.eu\/sv\/wp-json\/wp\/v2\/product\/25497"}],"collection":[{"href":"https:\/\/watch4time.eu\/sv\/wp-json\/wp\/v2\/product"}],"about":[{"href":"https:\/\/watch4time.eu\/sv\/wp-json\/wp\/v2\/types\/product"}],"replies":[{"embeddable":true,"href":"https:\/\/watch4time.eu\/sv\/wp-json\/wp\/v2\/comments?post=25497"}],"wp:featuredmedia":[{"embeddable":true,"href":"https:\/\/watch4time.eu\/sv\/wp-json\/wp\/v2\/media\/24711"}],"wp:attachment":[{"href":"https:\/\/watch4time.eu\/sv\/wp-json\/wp\/v2\/media?parent=25497"}],"wp:term":[{"taxonomy":"product_cat","embeddable":true,"href":"https:\/\/watch4time.eu\/sv\/wp-json\/wp\/v2\/product_cat?post=25497"},{"taxonomy":"product_tag","embeddable":true,"href":"https:\/\/watch4time.eu\/sv\/wp-json\/wp\/v2\/product_tag?post=25497"}],"curies":[{"name":"wp","href":"https:\/\/api.w.org\/{rel}","templated":true}]}}