{"id":25311,"date":"2019-04-16T21:47:46","date_gmt":"2019-04-16T19:47:46","guid":{"rendered":"https:\/\/watch4time.eu\/shop\/edox-les-vauberts-34500-37r-air\/"},"modified":"2019-04-16T21:47:46","modified_gmt":"2019-04-16T19:47:46","slug":"edox-les-vauberts-34500-37r-air","status":"publish","type":"product","link":"https:\/\/watch4time.eu\/sv\/shop\/edox-les-vauberts-34500-37r-air\/","title":{"rendered":"Edox Les Vauberts 34500-37R-AIR"},"content":{"rendered":"","protected":false},"excerpt":{"rendered":"<p>34500-37R-AIR<\/p>\n<p>&nbsp;<\/p>\n<p>Denna Edox Les Vaubert kronograf klocka har en 42 mm. rostfritt st\u00e5l fall. Klockan har datumvisning, safirglasglas, schweizisk kvartsr\u00f6relse och \u00e4r vattent\u00e4t upp till 50 meter.<\/p>\n<p>N\u00e4r du k\u00f6per denna produkt, kan du v\u00e4nta l\u00e4ngre leveranstider.<\/p>\n","protected":false},"featured_media":25307,"comment_status":"closed","ping_status":"closed","template":"","meta":{"_mi_skip_tracking":false},"product_cat":[1336,1334,1473,1499],"product_tag":[],"yoast_head":"<!-- This site is optimized with the Yoast SEO plugin v18.5.1 - https:\/\/yoast.com\/wordpress\/plugins\/seo\/ -->\n<title>Edox Les Vauberts 34500-37R-AIR - Watch4Time<\/title>\n<meta name=\"robots\" content=\"index, follow, max-snippet:-1, max-image-preview:large, max-video-preview:-1\" \/>\n<link rel=\"canonical\" href=\"https:\/\/watch4time.eu\/sv\/shop\/edox-les-vauberts-34500-37r-air\/\" \/>\n<meta property=\"og:locale\" content=\"sv_SE\" \/>\n<meta property=\"og:type\" content=\"article\" \/>\n<meta property=\"og:title\" content=\"Edox Les Vauberts 34500-37R-AIR - Watch4Time\" \/>\n<meta property=\"og:description\" content=\"34500-37R-AIR  &nbsp;  Denna Edox Les Vaubert kronograf klocka har en 42 mm. rostfritt st\u00e5l fall. Klockan har datumvisning, safirglasglas, schweizisk kvartsr\u00f6relse och \u00e4r vattent\u00e4t upp till 50 meter.  N\u00e4r du k\u00f6per denna produkt, kan du v\u00e4nta l\u00e4ngre leveranstider.\" \/>\n<meta property=\"og:url\" content=\"https:\/\/watch4time.eu\/sv\/shop\/edox-les-vauberts-34500-37r-air\/\" \/>\n<meta property=\"og:site_name\" content=\"Watch4Time\" \/>\n<meta property=\"og:image\" content=\"https:\/\/watch4time.eu\/wp-content\/uploads\/2019\/04\/34500-37r-air.jpg\" \/>\n\t<meta property=\"og:image:width\" content=\"1000\" \/>\n\t<meta property=\"og:image:height\" content=\"1000\" \/>\n\t<meta property=\"og:image:type\" content=\"image\/jpeg\" \/>\n<meta name=\"twitter:card\" content=\"summary_large_image\" \/>\n<script type=\"application\/ld+json\" class=\"yoast-schema-graph\">{\"@context\":\"https:\/\/schema.org\",\"@graph\":[{\"@type\":\"WebSite\",\"@id\":\"https:\/\/watch4time.eu\/#website\",\"url\":\"https:\/\/watch4time.eu\/\",\"name\":\"Watch4Time\",\"description\":\"Exquisite watches for you\",\"potentialAction\":[{\"@type\":\"SearchAction\",\"target\":{\"@type\":\"EntryPoint\",\"urlTemplate\":\"https:\/\/watch4time.eu\/?s={search_term_string}\"},\"query-input\":\"required name=search_term_string\"}],\"inLanguage\":\"sv-SE\"},{\"@type\":\"ImageObject\",\"@id\":\"https:\/\/watch4time.eu\/sv\/shop\/edox-les-vauberts-34500-37r-air\/#primaryimage\",\"inLanguage\":\"sv-SE\",\"url\":\"https:\/\/watch4time.eu\/wp-content\/uploads\/2019\/04\/34500-37r-air.jpg\",\"contentUrl\":\"https:\/\/watch4time.eu\/wp-content\/uploads\/2019\/04\/34500-37r-air.jpg\",\"width\":1000,\"height\":1000},{\"@type\":\"WebPage\",\"@id\":\"https:\/\/watch4time.eu\/sv\/shop\/edox-les-vauberts-34500-37r-air\/#webpage\",\"url\":\"https:\/\/watch4time.eu\/sv\/shop\/edox-les-vauberts-34500-37r-air\/\",\"name\":\"Edox Les Vauberts 34500-37R-AIR - Watch4Time\",\"isPartOf\":{\"@id\":\"https:\/\/watch4time.eu\/#website\"},\"primaryImageOfPage\":{\"@id\":\"https:\/\/watch4time.eu\/sv\/shop\/edox-les-vauberts-34500-37r-air\/#primaryimage\"},\"datePublished\":\"2019-04-16T19:47:46+00:00\",\"dateModified\":\"2019-04-16T19:47:46+00:00\",\"breadcrumb\":{\"@id\":\"https:\/\/watch4time.eu\/sv\/shop\/edox-les-vauberts-34500-37r-air\/#breadcrumb\"},\"inLanguage\":\"sv-SE\",\"potentialAction\":[{\"@type\":\"ReadAction\",\"target\":[\"https:\/\/watch4time.eu\/sv\/shop\/edox-les-vauberts-34500-37r-air\/\"]}]},{\"@type\":\"BreadcrumbList\",\"@id\":\"https:\/\/watch4time.eu\/sv\/shop\/edox-les-vauberts-34500-37r-air\/#breadcrumb\",\"itemListElement\":[{\"@type\":\"ListItem\",\"position\":1,\"name\":\"Hjem\",\"item\":\"https:\/\/watch4time.eu\/\"},{\"@type\":\"ListItem\",\"position\":2,\"name\":\"Shop\",\"item\":\"https:\/\/watch4time.eu\/shop\/\"},{\"@type\":\"ListItem\",\"position\":3,\"name\":\"Edox Les Vauberts 34500-37R-AIR\"}]}]}<\/script>\n<!-- \/ Yoast SEO plugin. -->","yoast_head_json":{"title":"Edox Les Vauberts 34500-37R-AIR - Watch4Time","robots":{"index":"index","follow":"follow","max-snippet":"max-snippet:-1","max-image-preview":"max-image-preview:large","max-video-preview":"max-video-preview:-1"},"canonical":"https:\/\/watch4time.eu\/sv\/shop\/edox-les-vauberts-34500-37r-air\/","og_locale":"sv_SE","og_type":"article","og_title":"Edox Les Vauberts 34500-37R-AIR - Watch4Time","og_description":"34500-37R-AIR  &nbsp;  Denna Edox Les Vaubert kronograf klocka har en 42 mm. rostfritt st\u00e5l fall. Klockan har datumvisning, safirglasglas, schweizisk kvartsr\u00f6relse och \u00e4r vattent\u00e4t upp till 50 meter.  N\u00e4r du k\u00f6per denna produkt, kan du v\u00e4nta l\u00e4ngre leveranstider.","og_url":"https:\/\/watch4time.eu\/sv\/shop\/edox-les-vauberts-34500-37r-air\/","og_site_name":"Watch4Time","og_image":[{"width":1000,"height":1000,"url":"https:\/\/watch4time.eu\/wp-content\/uploads\/2019\/04\/34500-37r-air.jpg","type":"image\/jpeg"}],"twitter_card":"summary_large_image","schema":{"@context":"https:\/\/schema.org","@graph":[{"@type":"WebSite","@id":"https:\/\/watch4time.eu\/#website","url":"https:\/\/watch4time.eu\/","name":"Watch4Time","description":"Exquisite watches for you","potentialAction":[{"@type":"SearchAction","target":{"@type":"EntryPoint","urlTemplate":"https:\/\/watch4time.eu\/?s={search_term_string}"},"query-input":"required name=search_term_string"}],"inLanguage":"sv-SE"},{"@type":"ImageObject","@id":"https:\/\/watch4time.eu\/sv\/shop\/edox-les-vauberts-34500-37r-air\/#primaryimage","inLanguage":"sv-SE","url":"https:\/\/watch4time.eu\/wp-content\/uploads\/2019\/04\/34500-37r-air.jpg","contentUrl":"https:\/\/watch4time.eu\/wp-content\/uploads\/2019\/04\/34500-37r-air.jpg","width":1000,"height":1000},{"@type":"WebPage","@id":"https:\/\/watch4time.eu\/sv\/shop\/edox-les-vauberts-34500-37r-air\/#webpage","url":"https:\/\/watch4time.eu\/sv\/shop\/edox-les-vauberts-34500-37r-air\/","name":"Edox Les Vauberts 34500-37R-AIR - Watch4Time","isPartOf":{"@id":"https:\/\/watch4time.eu\/#website"},"primaryImageOfPage":{"@id":"https:\/\/watch4time.eu\/sv\/shop\/edox-les-vauberts-34500-37r-air\/#primaryimage"},"datePublished":"2019-04-16T19:47:46+00:00","dateModified":"2019-04-16T19:47:46+00:00","breadcrumb":{"@id":"https:\/\/watch4time.eu\/sv\/shop\/edox-les-vauberts-34500-37r-air\/#breadcrumb"},"inLanguage":"sv-SE","potentialAction":[{"@type":"ReadAction","target":["https:\/\/watch4time.eu\/sv\/shop\/edox-les-vauberts-34500-37r-air\/"]}]},{"@type":"BreadcrumbList","@id":"https:\/\/watch4time.eu\/sv\/shop\/edox-les-vauberts-34500-37r-air\/#breadcrumb","itemListElement":[{"@type":"ListItem","position":1,"name":"Hjem","item":"https:\/\/watch4time.eu\/"},{"@type":"ListItem","position":2,"name":"Shop","item":"https:\/\/watch4time.eu\/shop\/"},{"@type":"ListItem","position":3,"name":"Edox Les Vauberts 34500-37R-AIR"}]}]}},"_links":{"self":[{"href":"https:\/\/watch4time.eu\/sv\/wp-json\/wp\/v2\/product\/25311"}],"collection":[{"href":"https:\/\/watch4time.eu\/sv\/wp-json\/wp\/v2\/product"}],"about":[{"href":"https:\/\/watch4time.eu\/sv\/wp-json\/wp\/v2\/types\/product"}],"replies":[{"embeddable":true,"href":"https:\/\/watch4time.eu\/sv\/wp-json\/wp\/v2\/comments?post=25311"}],"wp:featuredmedia":[{"embeddable":true,"href":"https:\/\/watch4time.eu\/sv\/wp-json\/wp\/v2\/media\/25307"}],"wp:attachment":[{"href":"https:\/\/watch4time.eu\/sv\/wp-json\/wp\/v2\/media?parent=25311"}],"wp:term":[{"taxonomy":"product_cat","embeddable":true,"href":"https:\/\/watch4time.eu\/sv\/wp-json\/wp\/v2\/product_cat?post=25311"},{"taxonomy":"product_tag","embeddable":true,"href":"https:\/\/watch4time.eu\/sv\/wp-json\/wp\/v2\/product_tag?post=25311"}],"curies":[{"name":"wp","href":"https:\/\/api.w.org\/{rel}","templated":true}]}}