{"id":24894,"date":"2019-04-16T14:12:25","date_gmt":"2019-04-16T12:12:25","guid":{"rendered":"https:\/\/watch4time.eu\/shop\/edox-chronorally-s-09503-3bucbu-bubg\/"},"modified":"2019-04-16T14:12:25","modified_gmt":"2019-04-16T12:12:25","slug":"edox-chronorally-s-09503-3bucbu-bubg","status":"publish","type":"product","link":"https:\/\/watch4time.eu\/sv\/shop\/edox-chronorally-s-09503-3bucbu-bubg\/","title":{"rendered":"Edox Chronorally-S 09503-3BUCBU-BUBG"},"content":{"rendered":"","protected":false},"excerpt":{"rendered":"<p>09503-3BUCBU-BUBG<\/p>\n<p>&nbsp;<\/p>\n<p>Denna Edox Chronorally-S kronograf klocka har en 43 mm. Rostfritt st\u00e5l fall. Klockan har datumvisning, safirkristallglas, schweizisk kvartsr\u00f6relse och \u00e4r vattent\u00e4t upp till 100 meter.<\/p>\n<p>N\u00e4r du k\u00f6per denna produkt, kan du v\u00e4nta l\u00e4ngre leveranstider.<\/p>\n","protected":false},"featured_media":24892,"comment_status":"closed","ping_status":"closed","template":"","meta":{"_mi_skip_tracking":false},"product_cat":[1336,1334,1463,1473],"product_tag":[],"yoast_head":"<!-- This site is optimized with the Yoast SEO plugin v18.5.1 - https:\/\/yoast.com\/wordpress\/plugins\/seo\/ -->\n<title>Edox Chronorally-S 09503-3BUCBU-BUBG - Watch4Time<\/title>\n<meta name=\"robots\" content=\"index, follow, max-snippet:-1, max-image-preview:large, max-video-preview:-1\" \/>\n<link rel=\"canonical\" href=\"https:\/\/watch4time.eu\/sv\/shop\/edox-chronorally-s-09503-3bucbu-bubg\/\" \/>\n<meta property=\"og:locale\" content=\"sv_SE\" \/>\n<meta property=\"og:type\" content=\"article\" \/>\n<meta property=\"og:title\" content=\"Edox Chronorally-S 09503-3BUCBU-BUBG - Watch4Time\" \/>\n<meta property=\"og:description\" content=\"09503-3BUCBU-BUBG  &nbsp;  Denna Edox Chronorally-S kronograf klocka har en 43 mm. Rostfritt st\u00e5l fall. Klockan har datumvisning, safirkristallglas, schweizisk kvartsr\u00f6relse och \u00e4r vattent\u00e4t upp till 100 meter.  N\u00e4r du k\u00f6per denna produkt, kan du v\u00e4nta l\u00e4ngre leveranstider.\" \/>\n<meta property=\"og:url\" content=\"https:\/\/watch4time.eu\/sv\/shop\/edox-chronorally-s-09503-3bucbu-bubg\/\" \/>\n<meta property=\"og:site_name\" content=\"Watch4Time\" \/>\n<meta property=\"og:image\" content=\"https:\/\/watch4time.eu\/wp-content\/uploads\/2019\/04\/09503-3bucbu-bubg.jpg\" \/>\n\t<meta property=\"og:image:width\" content=\"1000\" \/>\n\t<meta property=\"og:image:height\" content=\"1000\" \/>\n\t<meta property=\"og:image:type\" content=\"image\/jpeg\" \/>\n<meta name=\"twitter:card\" content=\"summary_large_image\" \/>\n<script type=\"application\/ld+json\" class=\"yoast-schema-graph\">{\"@context\":\"https:\/\/schema.org\",\"@graph\":[{\"@type\":\"WebSite\",\"@id\":\"https:\/\/watch4time.eu\/#website\",\"url\":\"https:\/\/watch4time.eu\/\",\"name\":\"Watch4Time\",\"description\":\"Exquisite watches for you\",\"potentialAction\":[{\"@type\":\"SearchAction\",\"target\":{\"@type\":\"EntryPoint\",\"urlTemplate\":\"https:\/\/watch4time.eu\/?s={search_term_string}\"},\"query-input\":\"required name=search_term_string\"}],\"inLanguage\":\"sv-SE\"},{\"@type\":\"ImageObject\",\"@id\":\"https:\/\/watch4time.eu\/sv\/shop\/edox-chronorally-s-09503-3bucbu-bubg\/#primaryimage\",\"inLanguage\":\"sv-SE\",\"url\":\"https:\/\/watch4time.eu\/wp-content\/uploads\/2019\/04\/09503-3bucbu-bubg.jpg\",\"contentUrl\":\"https:\/\/watch4time.eu\/wp-content\/uploads\/2019\/04\/09503-3bucbu-bubg.jpg\",\"width\":1000,\"height\":1000},{\"@type\":\"WebPage\",\"@id\":\"https:\/\/watch4time.eu\/sv\/shop\/edox-chronorally-s-09503-3bucbu-bubg\/#webpage\",\"url\":\"https:\/\/watch4time.eu\/sv\/shop\/edox-chronorally-s-09503-3bucbu-bubg\/\",\"name\":\"Edox Chronorally-S 09503-3BUCBU-BUBG - Watch4Time\",\"isPartOf\":{\"@id\":\"https:\/\/watch4time.eu\/#website\"},\"primaryImageOfPage\":{\"@id\":\"https:\/\/watch4time.eu\/sv\/shop\/edox-chronorally-s-09503-3bucbu-bubg\/#primaryimage\"},\"datePublished\":\"2019-04-16T12:12:25+00:00\",\"dateModified\":\"2019-04-16T12:12:25+00:00\",\"breadcrumb\":{\"@id\":\"https:\/\/watch4time.eu\/sv\/shop\/edox-chronorally-s-09503-3bucbu-bubg\/#breadcrumb\"},\"inLanguage\":\"sv-SE\",\"potentialAction\":[{\"@type\":\"ReadAction\",\"target\":[\"https:\/\/watch4time.eu\/sv\/shop\/edox-chronorally-s-09503-3bucbu-bubg\/\"]}]},{\"@type\":\"BreadcrumbList\",\"@id\":\"https:\/\/watch4time.eu\/sv\/shop\/edox-chronorally-s-09503-3bucbu-bubg\/#breadcrumb\",\"itemListElement\":[{\"@type\":\"ListItem\",\"position\":1,\"name\":\"Hjem\",\"item\":\"https:\/\/watch4time.eu\/\"},{\"@type\":\"ListItem\",\"position\":2,\"name\":\"Shop\",\"item\":\"https:\/\/watch4time.eu\/shop\/\"},{\"@type\":\"ListItem\",\"position\":3,\"name\":\"Edox Chronorally-S 09503-3BUCBU-BUBG\"}]}]}<\/script>\n<!-- \/ Yoast SEO plugin. -->","yoast_head_json":{"title":"Edox Chronorally-S 09503-3BUCBU-BUBG - Watch4Time","robots":{"index":"index","follow":"follow","max-snippet":"max-snippet:-1","max-image-preview":"max-image-preview:large","max-video-preview":"max-video-preview:-1"},"canonical":"https:\/\/watch4time.eu\/sv\/shop\/edox-chronorally-s-09503-3bucbu-bubg\/","og_locale":"sv_SE","og_type":"article","og_title":"Edox Chronorally-S 09503-3BUCBU-BUBG - Watch4Time","og_description":"09503-3BUCBU-BUBG  &nbsp;  Denna Edox Chronorally-S kronograf klocka har en 43 mm. Rostfritt st\u00e5l fall. Klockan har datumvisning, safirkristallglas, schweizisk kvartsr\u00f6relse och \u00e4r vattent\u00e4t upp till 100 meter.  N\u00e4r du k\u00f6per denna produkt, kan du v\u00e4nta l\u00e4ngre leveranstider.","og_url":"https:\/\/watch4time.eu\/sv\/shop\/edox-chronorally-s-09503-3bucbu-bubg\/","og_site_name":"Watch4Time","og_image":[{"width":1000,"height":1000,"url":"https:\/\/watch4time.eu\/wp-content\/uploads\/2019\/04\/09503-3bucbu-bubg.jpg","type":"image\/jpeg"}],"twitter_card":"summary_large_image","schema":{"@context":"https:\/\/schema.org","@graph":[{"@type":"WebSite","@id":"https:\/\/watch4time.eu\/#website","url":"https:\/\/watch4time.eu\/","name":"Watch4Time","description":"Exquisite watches for you","potentialAction":[{"@type":"SearchAction","target":{"@type":"EntryPoint","urlTemplate":"https:\/\/watch4time.eu\/?s={search_term_string}"},"query-input":"required name=search_term_string"}],"inLanguage":"sv-SE"},{"@type":"ImageObject","@id":"https:\/\/watch4time.eu\/sv\/shop\/edox-chronorally-s-09503-3bucbu-bubg\/#primaryimage","inLanguage":"sv-SE","url":"https:\/\/watch4time.eu\/wp-content\/uploads\/2019\/04\/09503-3bucbu-bubg.jpg","contentUrl":"https:\/\/watch4time.eu\/wp-content\/uploads\/2019\/04\/09503-3bucbu-bubg.jpg","width":1000,"height":1000},{"@type":"WebPage","@id":"https:\/\/watch4time.eu\/sv\/shop\/edox-chronorally-s-09503-3bucbu-bubg\/#webpage","url":"https:\/\/watch4time.eu\/sv\/shop\/edox-chronorally-s-09503-3bucbu-bubg\/","name":"Edox Chronorally-S 09503-3BUCBU-BUBG - Watch4Time","isPartOf":{"@id":"https:\/\/watch4time.eu\/#website"},"primaryImageOfPage":{"@id":"https:\/\/watch4time.eu\/sv\/shop\/edox-chronorally-s-09503-3bucbu-bubg\/#primaryimage"},"datePublished":"2019-04-16T12:12:25+00:00","dateModified":"2019-04-16T12:12:25+00:00","breadcrumb":{"@id":"https:\/\/watch4time.eu\/sv\/shop\/edox-chronorally-s-09503-3bucbu-bubg\/#breadcrumb"},"inLanguage":"sv-SE","potentialAction":[{"@type":"ReadAction","target":["https:\/\/watch4time.eu\/sv\/shop\/edox-chronorally-s-09503-3bucbu-bubg\/"]}]},{"@type":"BreadcrumbList","@id":"https:\/\/watch4time.eu\/sv\/shop\/edox-chronorally-s-09503-3bucbu-bubg\/#breadcrumb","itemListElement":[{"@type":"ListItem","position":1,"name":"Hjem","item":"https:\/\/watch4time.eu\/"},{"@type":"ListItem","position":2,"name":"Shop","item":"https:\/\/watch4time.eu\/shop\/"},{"@type":"ListItem","position":3,"name":"Edox Chronorally-S 09503-3BUCBU-BUBG"}]}]}},"_links":{"self":[{"href":"https:\/\/watch4time.eu\/sv\/wp-json\/wp\/v2\/product\/24894"}],"collection":[{"href":"https:\/\/watch4time.eu\/sv\/wp-json\/wp\/v2\/product"}],"about":[{"href":"https:\/\/watch4time.eu\/sv\/wp-json\/wp\/v2\/types\/product"}],"replies":[{"embeddable":true,"href":"https:\/\/watch4time.eu\/sv\/wp-json\/wp\/v2\/comments?post=24894"}],"wp:featuredmedia":[{"embeddable":true,"href":"https:\/\/watch4time.eu\/sv\/wp-json\/wp\/v2\/media\/24892"}],"wp:attachment":[{"href":"https:\/\/watch4time.eu\/sv\/wp-json\/wp\/v2\/media?parent=24894"}],"wp:term":[{"taxonomy":"product_cat","embeddable":true,"href":"https:\/\/watch4time.eu\/sv\/wp-json\/wp\/v2\/product_cat?post=24894"},{"taxonomy":"product_tag","embeddable":true,"href":"https:\/\/watch4time.eu\/sv\/wp-json\/wp\/v2\/product_tag?post=24894"}],"curies":[{"name":"wp","href":"https:\/\/api.w.org\/{rel}","templated":true}]}}