{"id":24858,"date":"2019-04-16T12:12:18","date_gmt":"2019-04-16T10:12:18","guid":{"rendered":"https:\/\/watch4time.eu\/shop\/edox-les-vauberts-80106-3c-ar\/"},"modified":"2019-04-16T12:12:18","modified_gmt":"2019-04-16T10:12:18","slug":"edox-les-vauberts-80106-3c-ar","status":"publish","type":"product","link":"https:\/\/watch4time.eu\/sv\/shop\/edox-les-vauberts-80106-3c-ar\/","title":{"rendered":"Edox Les Vauberts 80106-3C-AR"},"content":{"rendered":"","protected":false},"excerpt":{"rendered":"<p>80106-3C-AR<\/p>\n<p>&nbsp;<\/p>\n<p>Denna Edox Les Vauberts klocka har en 42 mm. rostfritt st\u00e5l fall. Klockan har datumdisplay, safirglasglas, schweizisk automatisk r\u00f6relse och \u00e4r vattent\u00e4t upp till 30 meter.<\/p>\n<p>N\u00e4r du k\u00f6per denna produkt, kan du v\u00e4nta l\u00e4ngre leveranstider.<\/p>\n","protected":false},"featured_media":24856,"comment_status":"closed","ping_status":"closed","template":"","meta":{"_mi_skip_tracking":false},"product_cat":[1336,1334,1473,1499],"product_tag":[],"yoast_head":"<!-- This site is optimized with the Yoast SEO plugin v18.5.1 - https:\/\/yoast.com\/wordpress\/plugins\/seo\/ -->\n<title>Edox Les Vauberts 80106-3C-AR - Watch4Time<\/title>\n<meta name=\"robots\" content=\"index, follow, max-snippet:-1, max-image-preview:large, max-video-preview:-1\" \/>\n<link rel=\"canonical\" href=\"https:\/\/watch4time.eu\/sv\/shop\/edox-les-vauberts-80106-3c-ar\/\" \/>\n<meta property=\"og:locale\" content=\"sv_SE\" \/>\n<meta property=\"og:type\" content=\"article\" \/>\n<meta property=\"og:title\" content=\"Edox Les Vauberts 80106-3C-AR - Watch4Time\" \/>\n<meta property=\"og:description\" content=\"80106-3C-AR  &nbsp;  Denna Edox Les Vauberts klocka har en 42 mm. rostfritt st\u00e5l fall. Klockan har datumdisplay, safirglasglas, schweizisk automatisk r\u00f6relse och \u00e4r vattent\u00e4t upp till 30 meter.  N\u00e4r du k\u00f6per denna produkt, kan du v\u00e4nta l\u00e4ngre leveranstider.\" \/>\n<meta property=\"og:url\" content=\"https:\/\/watch4time.eu\/sv\/shop\/edox-les-vauberts-80106-3c-ar\/\" \/>\n<meta property=\"og:site_name\" content=\"Watch4Time\" \/>\n<meta property=\"og:image\" content=\"https:\/\/watch4time.eu\/wp-content\/uploads\/2019\/04\/80106-3c-ar.jpg\" \/>\n\t<meta property=\"og:image:width\" content=\"1000\" \/>\n\t<meta property=\"og:image:height\" content=\"1000\" \/>\n\t<meta property=\"og:image:type\" content=\"image\/jpeg\" \/>\n<meta name=\"twitter:card\" content=\"summary_large_image\" \/>\n<script type=\"application\/ld+json\" class=\"yoast-schema-graph\">{\"@context\":\"https:\/\/schema.org\",\"@graph\":[{\"@type\":\"WebSite\",\"@id\":\"https:\/\/watch4time.eu\/#website\",\"url\":\"https:\/\/watch4time.eu\/\",\"name\":\"Watch4Time\",\"description\":\"Exquisite watches for you\",\"potentialAction\":[{\"@type\":\"SearchAction\",\"target\":{\"@type\":\"EntryPoint\",\"urlTemplate\":\"https:\/\/watch4time.eu\/?s={search_term_string}\"},\"query-input\":\"required name=search_term_string\"}],\"inLanguage\":\"sv-SE\"},{\"@type\":\"ImageObject\",\"@id\":\"https:\/\/watch4time.eu\/sv\/shop\/edox-les-vauberts-80106-3c-ar\/#primaryimage\",\"inLanguage\":\"sv-SE\",\"url\":\"https:\/\/watch4time.eu\/wp-content\/uploads\/2019\/04\/80106-3c-ar.jpg\",\"contentUrl\":\"https:\/\/watch4time.eu\/wp-content\/uploads\/2019\/04\/80106-3c-ar.jpg\",\"width\":1000,\"height\":1000},{\"@type\":\"WebPage\",\"@id\":\"https:\/\/watch4time.eu\/sv\/shop\/edox-les-vauberts-80106-3c-ar\/#webpage\",\"url\":\"https:\/\/watch4time.eu\/sv\/shop\/edox-les-vauberts-80106-3c-ar\/\",\"name\":\"Edox Les Vauberts 80106-3C-AR - Watch4Time\",\"isPartOf\":{\"@id\":\"https:\/\/watch4time.eu\/#website\"},\"primaryImageOfPage\":{\"@id\":\"https:\/\/watch4time.eu\/sv\/shop\/edox-les-vauberts-80106-3c-ar\/#primaryimage\"},\"datePublished\":\"2019-04-16T10:12:18+00:00\",\"dateModified\":\"2019-04-16T10:12:18+00:00\",\"breadcrumb\":{\"@id\":\"https:\/\/watch4time.eu\/sv\/shop\/edox-les-vauberts-80106-3c-ar\/#breadcrumb\"},\"inLanguage\":\"sv-SE\",\"potentialAction\":[{\"@type\":\"ReadAction\",\"target\":[\"https:\/\/watch4time.eu\/sv\/shop\/edox-les-vauberts-80106-3c-ar\/\"]}]},{\"@type\":\"BreadcrumbList\",\"@id\":\"https:\/\/watch4time.eu\/sv\/shop\/edox-les-vauberts-80106-3c-ar\/#breadcrumb\",\"itemListElement\":[{\"@type\":\"ListItem\",\"position\":1,\"name\":\"Hjem\",\"item\":\"https:\/\/watch4time.eu\/\"},{\"@type\":\"ListItem\",\"position\":2,\"name\":\"Shop\",\"item\":\"https:\/\/watch4time.eu\/shop\/\"},{\"@type\":\"ListItem\",\"position\":3,\"name\":\"Edox Les Vauberts 80106-3C-AR\"}]}]}<\/script>\n<!-- \/ Yoast SEO plugin. -->","yoast_head_json":{"title":"Edox Les Vauberts 80106-3C-AR - Watch4Time","robots":{"index":"index","follow":"follow","max-snippet":"max-snippet:-1","max-image-preview":"max-image-preview:large","max-video-preview":"max-video-preview:-1"},"canonical":"https:\/\/watch4time.eu\/sv\/shop\/edox-les-vauberts-80106-3c-ar\/","og_locale":"sv_SE","og_type":"article","og_title":"Edox Les Vauberts 80106-3C-AR - Watch4Time","og_description":"80106-3C-AR  &nbsp;  Denna Edox Les Vauberts klocka har en 42 mm. rostfritt st\u00e5l fall. Klockan har datumdisplay, safirglasglas, schweizisk automatisk r\u00f6relse och \u00e4r vattent\u00e4t upp till 30 meter.  N\u00e4r du k\u00f6per denna produkt, kan du v\u00e4nta l\u00e4ngre leveranstider.","og_url":"https:\/\/watch4time.eu\/sv\/shop\/edox-les-vauberts-80106-3c-ar\/","og_site_name":"Watch4Time","og_image":[{"width":1000,"height":1000,"url":"https:\/\/watch4time.eu\/wp-content\/uploads\/2019\/04\/80106-3c-ar.jpg","type":"image\/jpeg"}],"twitter_card":"summary_large_image","schema":{"@context":"https:\/\/schema.org","@graph":[{"@type":"WebSite","@id":"https:\/\/watch4time.eu\/#website","url":"https:\/\/watch4time.eu\/","name":"Watch4Time","description":"Exquisite watches for you","potentialAction":[{"@type":"SearchAction","target":{"@type":"EntryPoint","urlTemplate":"https:\/\/watch4time.eu\/?s={search_term_string}"},"query-input":"required name=search_term_string"}],"inLanguage":"sv-SE"},{"@type":"ImageObject","@id":"https:\/\/watch4time.eu\/sv\/shop\/edox-les-vauberts-80106-3c-ar\/#primaryimage","inLanguage":"sv-SE","url":"https:\/\/watch4time.eu\/wp-content\/uploads\/2019\/04\/80106-3c-ar.jpg","contentUrl":"https:\/\/watch4time.eu\/wp-content\/uploads\/2019\/04\/80106-3c-ar.jpg","width":1000,"height":1000},{"@type":"WebPage","@id":"https:\/\/watch4time.eu\/sv\/shop\/edox-les-vauberts-80106-3c-ar\/#webpage","url":"https:\/\/watch4time.eu\/sv\/shop\/edox-les-vauberts-80106-3c-ar\/","name":"Edox Les Vauberts 80106-3C-AR - Watch4Time","isPartOf":{"@id":"https:\/\/watch4time.eu\/#website"},"primaryImageOfPage":{"@id":"https:\/\/watch4time.eu\/sv\/shop\/edox-les-vauberts-80106-3c-ar\/#primaryimage"},"datePublished":"2019-04-16T10:12:18+00:00","dateModified":"2019-04-16T10:12:18+00:00","breadcrumb":{"@id":"https:\/\/watch4time.eu\/sv\/shop\/edox-les-vauberts-80106-3c-ar\/#breadcrumb"},"inLanguage":"sv-SE","potentialAction":[{"@type":"ReadAction","target":["https:\/\/watch4time.eu\/sv\/shop\/edox-les-vauberts-80106-3c-ar\/"]}]},{"@type":"BreadcrumbList","@id":"https:\/\/watch4time.eu\/sv\/shop\/edox-les-vauberts-80106-3c-ar\/#breadcrumb","itemListElement":[{"@type":"ListItem","position":1,"name":"Hjem","item":"https:\/\/watch4time.eu\/"},{"@type":"ListItem","position":2,"name":"Shop","item":"https:\/\/watch4time.eu\/shop\/"},{"@type":"ListItem","position":3,"name":"Edox Les Vauberts 80106-3C-AR"}]}]}},"_links":{"self":[{"href":"https:\/\/watch4time.eu\/sv\/wp-json\/wp\/v2\/product\/24858"}],"collection":[{"href":"https:\/\/watch4time.eu\/sv\/wp-json\/wp\/v2\/product"}],"about":[{"href":"https:\/\/watch4time.eu\/sv\/wp-json\/wp\/v2\/types\/product"}],"replies":[{"embeddable":true,"href":"https:\/\/watch4time.eu\/sv\/wp-json\/wp\/v2\/comments?post=24858"}],"wp:featuredmedia":[{"embeddable":true,"href":"https:\/\/watch4time.eu\/sv\/wp-json\/wp\/v2\/media\/24856"}],"wp:attachment":[{"href":"https:\/\/watch4time.eu\/sv\/wp-json\/wp\/v2\/media?parent=24858"}],"wp:term":[{"taxonomy":"product_cat","embeddable":true,"href":"https:\/\/watch4time.eu\/sv\/wp-json\/wp\/v2\/product_cat?post=24858"},{"taxonomy":"product_tag","embeddable":true,"href":"https:\/\/watch4time.eu\/sv\/wp-json\/wp\/v2\/product_tag?post=24858"}],"curies":[{"name":"wp","href":"https:\/\/api.w.org\/{rel}","templated":true}]}}