{"id":23977,"date":"2017-08-25T16:58:28","date_gmt":"2017-08-25T14:58:28","guid":{"rendered":"https:\/\/watch4time.eu\/shop\/danish-design-relief-3\/"},"modified":"2017-08-25T16:58:28","modified_gmt":"2017-08-25T14:58:28","slug":"danish-design-relief-3","status":"publish","type":"product","link":"https:\/\/watch4time.eu\/sv\/shop\/danish-design-relief-3\/","title":{"rendered":"Danish Design Relief IQ28Q1152"},"content":{"rendered":"","protected":false},"excerpt":{"rendered":"<p>IQ28Q1152<\/p>\n<p>&nbsp;<\/p>\n<p>Den h\u00e4r danska designklockan fr\u00e5n Relief-serien \u00e4r speciell, f\u00f6r de tre l\u00e4sknapparna. Varje hand \u00e4r jag niv\u00e5 med ett lager p\u00e5 ratten. 42MM borstat rostfritt st\u00e5lfodral kombineras perfekt med ett svart kalvskinnsrem. Den moderna och rena designen av klockan \u00e4r designad av Ens M\u00e5ne.<\/p>\n","protected":false},"featured_media":23552,"comment_status":"open","ping_status":"closed","template":"","meta":{"_mi_skip_tracking":false},"product_cat":[1336,1334,1429,1441],"product_tag":[],"yoast_head":"<!-- This site is optimized with the Yoast SEO plugin v18.5.1 - https:\/\/yoast.com\/wordpress\/plugins\/seo\/ -->\n<title>Danish Design Relief IQ28Q1152 - Watch4Time<\/title>\n<meta name=\"robots\" content=\"index, follow, max-snippet:-1, max-image-preview:large, max-video-preview:-1\" \/>\n<link rel=\"canonical\" href=\"https:\/\/watch4time.eu\/sv\/shop\/danish-design-relief-3\/\" \/>\n<meta property=\"og:locale\" content=\"sv_SE\" \/>\n<meta property=\"og:type\" content=\"article\" \/>\n<meta property=\"og:title\" content=\"Danish Design Relief IQ28Q1152 - Watch4Time\" \/>\n<meta property=\"og:description\" content=\"IQ28Q1152  &nbsp;  Den h\u00e4r danska designklockan fr\u00e5n Relief-serien \u00e4r speciell, f\u00f6r de tre l\u00e4sknapparna. Varje hand \u00e4r jag niv\u00e5 med ett lager p\u00e5 ratten. 42MM borstat rostfritt st\u00e5lfodral kombineras perfekt med ett svart kalvskinnsrem. Den moderna och rena designen av klockan \u00e4r designad av Ens M\u00e5ne.\" \/>\n<meta property=\"og:url\" content=\"https:\/\/watch4time.eu\/sv\/shop\/danish-design-relief-3\/\" \/>\n<meta property=\"og:site_name\" content=\"Watch4Time\" \/>\n<meta property=\"og:image\" content=\"https:\/\/watch4time.eu\/wp-content\/uploads\/2017\/08\/IQ28Q1152-1.jpg\" \/>\n\t<meta property=\"og:image:width\" content=\"1000\" \/>\n\t<meta property=\"og:image:height\" content=\"1000\" \/>\n\t<meta property=\"og:image:type\" content=\"image\/jpeg\" \/>\n<meta name=\"twitter:card\" content=\"summary_large_image\" \/>\n<script type=\"application\/ld+json\" class=\"yoast-schema-graph\">{\"@context\":\"https:\/\/schema.org\",\"@graph\":[{\"@type\":\"WebSite\",\"@id\":\"https:\/\/watch4time.eu\/#website\",\"url\":\"https:\/\/watch4time.eu\/\",\"name\":\"Watch4Time\",\"description\":\"Exquisite watches for you\",\"potentialAction\":[{\"@type\":\"SearchAction\",\"target\":{\"@type\":\"EntryPoint\",\"urlTemplate\":\"https:\/\/watch4time.eu\/?s={search_term_string}\"},\"query-input\":\"required name=search_term_string\"}],\"inLanguage\":\"sv-SE\"},{\"@type\":\"ImageObject\",\"@id\":\"https:\/\/watch4time.eu\/sv\/shop\/danish-design-relief-3\/#primaryimage\",\"inLanguage\":\"sv-SE\",\"url\":\"https:\/\/watch4time.eu\/wp-content\/uploads\/2017\/08\/IQ28Q1152-1.jpg\",\"contentUrl\":\"https:\/\/watch4time.eu\/wp-content\/uploads\/2017\/08\/IQ28Q1152-1.jpg\",\"width\":1000,\"height\":1000},{\"@type\":\"WebPage\",\"@id\":\"https:\/\/watch4time.eu\/sv\/shop\/danish-design-relief-3\/#webpage\",\"url\":\"https:\/\/watch4time.eu\/sv\/shop\/danish-design-relief-3\/\",\"name\":\"Danish Design Relief IQ28Q1152 - Watch4Time\",\"isPartOf\":{\"@id\":\"https:\/\/watch4time.eu\/#website\"},\"primaryImageOfPage\":{\"@id\":\"https:\/\/watch4time.eu\/sv\/shop\/danish-design-relief-3\/#primaryimage\"},\"datePublished\":\"2017-08-25T14:58:28+00:00\",\"dateModified\":\"2017-08-25T14:58:28+00:00\",\"breadcrumb\":{\"@id\":\"https:\/\/watch4time.eu\/sv\/shop\/danish-design-relief-3\/#breadcrumb\"},\"inLanguage\":\"sv-SE\",\"potentialAction\":[{\"@type\":\"ReadAction\",\"target\":[\"https:\/\/watch4time.eu\/sv\/shop\/danish-design-relief-3\/\"]}]},{\"@type\":\"BreadcrumbList\",\"@id\":\"https:\/\/watch4time.eu\/sv\/shop\/danish-design-relief-3\/#breadcrumb\",\"itemListElement\":[{\"@type\":\"ListItem\",\"position\":1,\"name\":\"Hjem\",\"item\":\"https:\/\/watch4time.eu\/\"},{\"@type\":\"ListItem\",\"position\":2,\"name\":\"Shop\",\"item\":\"https:\/\/watch4time.eu\/shop\/\"},{\"@type\":\"ListItem\",\"position\":3,\"name\":\"Danish Design Relief IQ28Q1152\"}]}]}<\/script>\n<!-- \/ Yoast SEO plugin. -->","yoast_head_json":{"title":"Danish Design Relief IQ28Q1152 - Watch4Time","robots":{"index":"index","follow":"follow","max-snippet":"max-snippet:-1","max-image-preview":"max-image-preview:large","max-video-preview":"max-video-preview:-1"},"canonical":"https:\/\/watch4time.eu\/sv\/shop\/danish-design-relief-3\/","og_locale":"sv_SE","og_type":"article","og_title":"Danish Design Relief IQ28Q1152 - Watch4Time","og_description":"IQ28Q1152  &nbsp;  Den h\u00e4r danska designklockan fr\u00e5n Relief-serien \u00e4r speciell, f\u00f6r de tre l\u00e4sknapparna. Varje hand \u00e4r jag niv\u00e5 med ett lager p\u00e5 ratten. 42MM borstat rostfritt st\u00e5lfodral kombineras perfekt med ett svart kalvskinnsrem. Den moderna och rena designen av klockan \u00e4r designad av Ens M\u00e5ne.","og_url":"https:\/\/watch4time.eu\/sv\/shop\/danish-design-relief-3\/","og_site_name":"Watch4Time","og_image":[{"width":1000,"height":1000,"url":"https:\/\/watch4time.eu\/wp-content\/uploads\/2017\/08\/IQ28Q1152-1.jpg","type":"image\/jpeg"}],"twitter_card":"summary_large_image","schema":{"@context":"https:\/\/schema.org","@graph":[{"@type":"WebSite","@id":"https:\/\/watch4time.eu\/#website","url":"https:\/\/watch4time.eu\/","name":"Watch4Time","description":"Exquisite watches for you","potentialAction":[{"@type":"SearchAction","target":{"@type":"EntryPoint","urlTemplate":"https:\/\/watch4time.eu\/?s={search_term_string}"},"query-input":"required name=search_term_string"}],"inLanguage":"sv-SE"},{"@type":"ImageObject","@id":"https:\/\/watch4time.eu\/sv\/shop\/danish-design-relief-3\/#primaryimage","inLanguage":"sv-SE","url":"https:\/\/watch4time.eu\/wp-content\/uploads\/2017\/08\/IQ28Q1152-1.jpg","contentUrl":"https:\/\/watch4time.eu\/wp-content\/uploads\/2017\/08\/IQ28Q1152-1.jpg","width":1000,"height":1000},{"@type":"WebPage","@id":"https:\/\/watch4time.eu\/sv\/shop\/danish-design-relief-3\/#webpage","url":"https:\/\/watch4time.eu\/sv\/shop\/danish-design-relief-3\/","name":"Danish Design Relief IQ28Q1152 - Watch4Time","isPartOf":{"@id":"https:\/\/watch4time.eu\/#website"},"primaryImageOfPage":{"@id":"https:\/\/watch4time.eu\/sv\/shop\/danish-design-relief-3\/#primaryimage"},"datePublished":"2017-08-25T14:58:28+00:00","dateModified":"2017-08-25T14:58:28+00:00","breadcrumb":{"@id":"https:\/\/watch4time.eu\/sv\/shop\/danish-design-relief-3\/#breadcrumb"},"inLanguage":"sv-SE","potentialAction":[{"@type":"ReadAction","target":["https:\/\/watch4time.eu\/sv\/shop\/danish-design-relief-3\/"]}]},{"@type":"BreadcrumbList","@id":"https:\/\/watch4time.eu\/sv\/shop\/danish-design-relief-3\/#breadcrumb","itemListElement":[{"@type":"ListItem","position":1,"name":"Hjem","item":"https:\/\/watch4time.eu\/"},{"@type":"ListItem","position":2,"name":"Shop","item":"https:\/\/watch4time.eu\/shop\/"},{"@type":"ListItem","position":3,"name":"Danish Design Relief IQ28Q1152"}]}]}},"_links":{"self":[{"href":"https:\/\/watch4time.eu\/sv\/wp-json\/wp\/v2\/product\/23977"}],"collection":[{"href":"https:\/\/watch4time.eu\/sv\/wp-json\/wp\/v2\/product"}],"about":[{"href":"https:\/\/watch4time.eu\/sv\/wp-json\/wp\/v2\/types\/product"}],"replies":[{"embeddable":true,"href":"https:\/\/watch4time.eu\/sv\/wp-json\/wp\/v2\/comments?post=23977"}],"wp:featuredmedia":[{"embeddable":true,"href":"https:\/\/watch4time.eu\/sv\/wp-json\/wp\/v2\/media\/23552"}],"wp:attachment":[{"href":"https:\/\/watch4time.eu\/sv\/wp-json\/wp\/v2\/media?parent=23977"}],"wp:term":[{"taxonomy":"product_cat","embeddable":true,"href":"https:\/\/watch4time.eu\/sv\/wp-json\/wp\/v2\/product_cat?post=23977"},{"taxonomy":"product_tag","embeddable":true,"href":"https:\/\/watch4time.eu\/sv\/wp-json\/wp\/v2\/product_tag?post=23977"}],"curies":[{"name":"wp","href":"https:\/\/api.w.org\/{rel}","templated":true}]}}