{"id":39893,"date":"2017-09-13T20:21:06","date_gmt":"2017-09-13T18:21:06","guid":{"rendered":"https:\/\/watch4time.eu\/shop\/ebel-la-maison-5\/"},"modified":"2017-09-13T20:21:06","modified_gmt":"2017-09-13T18:21:06","slug":"ebel-la-maison-5","status":"publish","type":"product","link":"https:\/\/watch4time.eu\/no\/shop\/ebel-la-maison-5\/","title":{"rendered":"Ebel La Maison 1216349"},"content":{"rendered":"","protected":false},"excerpt":{"rendered":"<p>1216349<\/p>\n<p>&nbsp;<\/p>\n<p>Limited edition klokke med rose gull hender og tid mark\u00f8rer, dato display og m\u00e5nen fase p\u00e5 en hvit dial av perlemor med s\u00f8lv og diamanter. Klokken har en diamantbelagt bezel, et sett av 18K rosengull og en burgunderrem av alligator.<\/p>\n<p>Antall diamanter &#8211; 164 \u00a0 \u00a0 \u00a0Karat diamanter &#8211; 0,7542<\/p>\n<p>&nbsp;<\/p>\n<p>N\u00e5r du kj\u00f8per dette produktet, kan du forvente lengre leveringstider.<\/p>\n","protected":false},"featured_media":39895,"comment_status":"open","ping_status":"closed","template":"","meta":{"_mi_skip_tracking":false},"product_cat":[1375,1321,1353,1355],"product_tag":[],"yoast_head":"<!-- This site is optimized with the Yoast SEO plugin v18.5.1 - https:\/\/yoast.com\/wordpress\/plugins\/seo\/ -->\n<title>Ebel La Maison 1216349 - Watch4Time<\/title>\n<meta name=\"robots\" content=\"index, follow, max-snippet:-1, max-image-preview:large, max-video-preview:-1\" \/>\n<link rel=\"canonical\" href=\"https:\/\/watch4time.eu\/no\/shop\/ebel-la-maison-5\/\" \/>\n<meta property=\"og:locale\" content=\"nb_NO\" \/>\n<meta property=\"og:type\" content=\"article\" \/>\n<meta property=\"og:title\" content=\"Ebel La Maison 1216349 - Watch4Time\" \/>\n<meta property=\"og:description\" content=\"1216349  &nbsp;  Limited edition klokke med rose gull hender og tid mark\u00f8rer, dato display og m\u00e5nen fase p\u00e5 en hvit dial av perlemor med s\u00f8lv og diamanter. Klokken har en diamantbelagt bezel, et sett av 18K rosengull og en burgunderrem av alligator.  Antall diamanter - 164 \u00a0 \u00a0 \u00a0Karat diamanter - 0,7542  &nbsp;  N\u00e5r du kj\u00f8per dette produktet, kan du forvente lengre leveringstider.\" \/>\n<meta property=\"og:url\" content=\"https:\/\/watch4time.eu\/no\/shop\/ebel-la-maison-5\/\" \/>\n<meta property=\"og:site_name\" content=\"Watch4Time\" \/>\n<meta property=\"og:image\" content=\"https:\/\/watch4time.eu\/wp-content\/uploads\/2017\/09\/1216349_maisonebel_s-1.jpg\" \/>\n\t<meta property=\"og:image:width\" content=\"1000\" \/>\n\t<meta property=\"og:image:height\" content=\"1000\" \/>\n\t<meta property=\"og:image:type\" content=\"image\/jpeg\" \/>\n<meta name=\"twitter:card\" content=\"summary_large_image\" \/>\n<script type=\"application\/ld+json\" class=\"yoast-schema-graph\">{\"@context\":\"https:\/\/schema.org\",\"@graph\":[{\"@type\":\"WebSite\",\"@id\":\"https:\/\/watch4time.eu\/#website\",\"url\":\"https:\/\/watch4time.eu\/\",\"name\":\"Watch4Time\",\"description\":\"Exquisite watches for you\",\"potentialAction\":[{\"@type\":\"SearchAction\",\"target\":{\"@type\":\"EntryPoint\",\"urlTemplate\":\"https:\/\/watch4time.eu\/?s={search_term_string}\"},\"query-input\":\"required name=search_term_string\"}],\"inLanguage\":\"nb-NO\"},{\"@type\":\"ImageObject\",\"@id\":\"https:\/\/watch4time.eu\/no\/shop\/ebel-la-maison-5\/#primaryimage\",\"inLanguage\":\"nb-NO\",\"url\":\"https:\/\/watch4time.eu\/wp-content\/uploads\/2017\/09\/1216349_maisonebel_s-1.jpg\",\"contentUrl\":\"https:\/\/watch4time.eu\/wp-content\/uploads\/2017\/09\/1216349_maisonebel_s-1.jpg\",\"width\":1000,\"height\":1000},{\"@type\":\"WebPage\",\"@id\":\"https:\/\/watch4time.eu\/no\/shop\/ebel-la-maison-5\/#webpage\",\"url\":\"https:\/\/watch4time.eu\/no\/shop\/ebel-la-maison-5\/\",\"name\":\"Ebel La Maison 1216349 - Watch4Time\",\"isPartOf\":{\"@id\":\"https:\/\/watch4time.eu\/#website\"},\"primaryImageOfPage\":{\"@id\":\"https:\/\/watch4time.eu\/no\/shop\/ebel-la-maison-5\/#primaryimage\"},\"datePublished\":\"2017-09-13T18:21:06+00:00\",\"dateModified\":\"2017-09-13T18:21:06+00:00\",\"breadcrumb\":{\"@id\":\"https:\/\/watch4time.eu\/no\/shop\/ebel-la-maison-5\/#breadcrumb\"},\"inLanguage\":\"nb-NO\",\"potentialAction\":[{\"@type\":\"ReadAction\",\"target\":[\"https:\/\/watch4time.eu\/no\/shop\/ebel-la-maison-5\/\"]}]},{\"@type\":\"BreadcrumbList\",\"@id\":\"https:\/\/watch4time.eu\/no\/shop\/ebel-la-maison-5\/#breadcrumb\",\"itemListElement\":[{\"@type\":\"ListItem\",\"position\":1,\"name\":\"Hjem\",\"item\":\"https:\/\/watch4time.eu\/\"},{\"@type\":\"ListItem\",\"position\":2,\"name\":\"Shop\",\"item\":\"https:\/\/watch4time.eu\/shop\/\"},{\"@type\":\"ListItem\",\"position\":3,\"name\":\"Ebel La Maison 1216349\"}]}]}<\/script>\n<!-- \/ Yoast SEO plugin. -->","yoast_head_json":{"title":"Ebel La Maison 1216349 - Watch4Time","robots":{"index":"index","follow":"follow","max-snippet":"max-snippet:-1","max-image-preview":"max-image-preview:large","max-video-preview":"max-video-preview:-1"},"canonical":"https:\/\/watch4time.eu\/no\/shop\/ebel-la-maison-5\/","og_locale":"nb_NO","og_type":"article","og_title":"Ebel La Maison 1216349 - Watch4Time","og_description":"1216349  &nbsp;  Limited edition klokke med rose gull hender og tid mark\u00f8rer, dato display og m\u00e5nen fase p\u00e5 en hvit dial av perlemor med s\u00f8lv og diamanter. Klokken har en diamantbelagt bezel, et sett av 18K rosengull og en burgunderrem av alligator.  Antall diamanter - 164 \u00a0 \u00a0 \u00a0Karat diamanter - 0,7542  &nbsp;  N\u00e5r du kj\u00f8per dette produktet, kan du forvente lengre leveringstider.","og_url":"https:\/\/watch4time.eu\/no\/shop\/ebel-la-maison-5\/","og_site_name":"Watch4Time","og_image":[{"width":1000,"height":1000,"url":"https:\/\/watch4time.eu\/wp-content\/uploads\/2017\/09\/1216349_maisonebel_s-1.jpg","type":"image\/jpeg"}],"twitter_card":"summary_large_image","schema":{"@context":"https:\/\/schema.org","@graph":[{"@type":"WebSite","@id":"https:\/\/watch4time.eu\/#website","url":"https:\/\/watch4time.eu\/","name":"Watch4Time","description":"Exquisite watches for you","potentialAction":[{"@type":"SearchAction","target":{"@type":"EntryPoint","urlTemplate":"https:\/\/watch4time.eu\/?s={search_term_string}"},"query-input":"required name=search_term_string"}],"inLanguage":"nb-NO"},{"@type":"ImageObject","@id":"https:\/\/watch4time.eu\/no\/shop\/ebel-la-maison-5\/#primaryimage","inLanguage":"nb-NO","url":"https:\/\/watch4time.eu\/wp-content\/uploads\/2017\/09\/1216349_maisonebel_s-1.jpg","contentUrl":"https:\/\/watch4time.eu\/wp-content\/uploads\/2017\/09\/1216349_maisonebel_s-1.jpg","width":1000,"height":1000},{"@type":"WebPage","@id":"https:\/\/watch4time.eu\/no\/shop\/ebel-la-maison-5\/#webpage","url":"https:\/\/watch4time.eu\/no\/shop\/ebel-la-maison-5\/","name":"Ebel La Maison 1216349 - Watch4Time","isPartOf":{"@id":"https:\/\/watch4time.eu\/#website"},"primaryImageOfPage":{"@id":"https:\/\/watch4time.eu\/no\/shop\/ebel-la-maison-5\/#primaryimage"},"datePublished":"2017-09-13T18:21:06+00:00","dateModified":"2017-09-13T18:21:06+00:00","breadcrumb":{"@id":"https:\/\/watch4time.eu\/no\/shop\/ebel-la-maison-5\/#breadcrumb"},"inLanguage":"nb-NO","potentialAction":[{"@type":"ReadAction","target":["https:\/\/watch4time.eu\/no\/shop\/ebel-la-maison-5\/"]}]},{"@type":"BreadcrumbList","@id":"https:\/\/watch4time.eu\/no\/shop\/ebel-la-maison-5\/#breadcrumb","itemListElement":[{"@type":"ListItem","position":1,"name":"Hjem","item":"https:\/\/watch4time.eu\/"},{"@type":"ListItem","position":2,"name":"Shop","item":"https:\/\/watch4time.eu\/shop\/"},{"@type":"ListItem","position":3,"name":"Ebel La Maison 1216349"}]}]}},"_links":{"self":[{"href":"https:\/\/watch4time.eu\/no\/wp-json\/wp\/v2\/product\/39893"}],"collection":[{"href":"https:\/\/watch4time.eu\/no\/wp-json\/wp\/v2\/product"}],"about":[{"href":"https:\/\/watch4time.eu\/no\/wp-json\/wp\/v2\/types\/product"}],"replies":[{"embeddable":true,"href":"https:\/\/watch4time.eu\/no\/wp-json\/wp\/v2\/comments?post=39893"}],"wp:featuredmedia":[{"embeddable":true,"href":"https:\/\/watch4time.eu\/no\/wp-json\/wp\/v2\/media\/39895"}],"wp:attachment":[{"href":"https:\/\/watch4time.eu\/no\/wp-json\/wp\/v2\/media?parent=39893"}],"wp:term":[{"taxonomy":"product_cat","embeddable":true,"href":"https:\/\/watch4time.eu\/no\/wp-json\/wp\/v2\/product_cat?post=39893"},{"taxonomy":"product_tag","embeddable":true,"href":"https:\/\/watch4time.eu\/no\/wp-json\/wp\/v2\/product_tag?post=39893"}],"curies":[{"name":"wp","href":"https:\/\/api.w.org\/{rel}","templated":true}]}}