{"id":39832,"date":"2017-09-13T20:07:11","date_gmt":"2017-09-13T18:07:11","guid":{"rendered":"https:\/\/watch4time.eu\/shop\/ebel-la-maison-3\/"},"modified":"2017-09-13T20:07:11","modified_gmt":"2017-09-13T18:07:11","slug":"ebel-la-maison-3","status":"publish","type":"product","link":"https:\/\/watch4time.eu\/no\/shop\/ebel-la-maison-3\/","title":{"rendered":"Ebel La Maison 1216346"},"content":{"rendered":"","protected":false},"excerpt":{"rendered":"<p>1216346<\/p>\n<p>&nbsp;<\/p>\n<p>Limited edition klokke med gull hender og tid mark\u00f8rer, dato display og m\u00e5nen fase p\u00e5 en hvit perlemor perle dial med s\u00f8lv detaljer. Klokken har en diamantbelagt bezel, og begge dekslene og stroppene er laget av 18K gull.<\/p>\n<p>Antall diamanter &#8211; 72 \u00a0 \u00a0 \u00a0Karat diamanter &#8211; 0,448<\/p>\n<p>&nbsp;<\/p>\n<p>N\u00e5r du kj\u00f8per dette produktet, kan du forvente lengre leveringstider.<\/p>\n","protected":false},"featured_media":39833,"comment_status":"open","ping_status":"closed","template":"","meta":{"_mi_skip_tracking":false},"product_cat":[1375,1321,1353,1489],"product_tag":[],"yoast_head":"<!-- This site is optimized with the Yoast SEO plugin v18.5.1 - https:\/\/yoast.com\/wordpress\/plugins\/seo\/ -->\n<title>Ebel La Maison 1216346 - Watch4Time<\/title>\n<meta name=\"robots\" content=\"index, follow, max-snippet:-1, max-image-preview:large, max-video-preview:-1\" \/>\n<link rel=\"canonical\" href=\"https:\/\/watch4time.eu\/no\/shop\/ebel-la-maison-3\/\" \/>\n<meta property=\"og:locale\" content=\"nb_NO\" \/>\n<meta property=\"og:type\" content=\"article\" \/>\n<meta property=\"og:title\" content=\"Ebel La Maison 1216346 - Watch4Time\" \/>\n<meta property=\"og:description\" content=\"1216346  &nbsp;  Limited edition klokke med gull hender og tid mark\u00f8rer, dato display og m\u00e5nen fase p\u00e5 en hvit perlemor perle dial med s\u00f8lv detaljer. Klokken har en diamantbelagt bezel, og begge dekslene og stroppene er laget av 18K gull.  Antall diamanter - 72 \u00a0 \u00a0 \u00a0Karat diamanter - 0,448  &nbsp;  N\u00e5r du kj\u00f8per dette produktet, kan du forvente lengre leveringstider.\" \/>\n<meta property=\"og:url\" content=\"https:\/\/watch4time.eu\/no\/shop\/ebel-la-maison-3\/\" \/>\n<meta property=\"og:site_name\" content=\"Watch4Time\" \/>\n<meta property=\"og:image\" content=\"https:\/\/watch4time.eu\/wp-content\/uploads\/2017\/09\/1216346_maisonebel_s-1.jpg\" \/>\n\t<meta property=\"og:image:width\" content=\"1000\" \/>\n\t<meta property=\"og:image:height\" content=\"1000\" \/>\n\t<meta property=\"og:image:type\" content=\"image\/jpeg\" \/>\n<meta name=\"twitter:card\" content=\"summary_large_image\" \/>\n<script type=\"application\/ld+json\" class=\"yoast-schema-graph\">{\"@context\":\"https:\/\/schema.org\",\"@graph\":[{\"@type\":\"WebSite\",\"@id\":\"https:\/\/watch4time.eu\/#website\",\"url\":\"https:\/\/watch4time.eu\/\",\"name\":\"Watch4Time\",\"description\":\"Exquisite watches for you\",\"potentialAction\":[{\"@type\":\"SearchAction\",\"target\":{\"@type\":\"EntryPoint\",\"urlTemplate\":\"https:\/\/watch4time.eu\/?s={search_term_string}\"},\"query-input\":\"required name=search_term_string\"}],\"inLanguage\":\"nb-NO\"},{\"@type\":\"ImageObject\",\"@id\":\"https:\/\/watch4time.eu\/no\/shop\/ebel-la-maison-3\/#primaryimage\",\"inLanguage\":\"nb-NO\",\"url\":\"https:\/\/watch4time.eu\/wp-content\/uploads\/2017\/09\/1216346_maisonebel_s-1.jpg\",\"contentUrl\":\"https:\/\/watch4time.eu\/wp-content\/uploads\/2017\/09\/1216346_maisonebel_s-1.jpg\",\"width\":1000,\"height\":1000},{\"@type\":\"WebPage\",\"@id\":\"https:\/\/watch4time.eu\/no\/shop\/ebel-la-maison-3\/#webpage\",\"url\":\"https:\/\/watch4time.eu\/no\/shop\/ebel-la-maison-3\/\",\"name\":\"Ebel La Maison 1216346 - Watch4Time\",\"isPartOf\":{\"@id\":\"https:\/\/watch4time.eu\/#website\"},\"primaryImageOfPage\":{\"@id\":\"https:\/\/watch4time.eu\/no\/shop\/ebel-la-maison-3\/#primaryimage\"},\"datePublished\":\"2017-09-13T18:07:11+00:00\",\"dateModified\":\"2017-09-13T18:07:11+00:00\",\"breadcrumb\":{\"@id\":\"https:\/\/watch4time.eu\/no\/shop\/ebel-la-maison-3\/#breadcrumb\"},\"inLanguage\":\"nb-NO\",\"potentialAction\":[{\"@type\":\"ReadAction\",\"target\":[\"https:\/\/watch4time.eu\/no\/shop\/ebel-la-maison-3\/\"]}]},{\"@type\":\"BreadcrumbList\",\"@id\":\"https:\/\/watch4time.eu\/no\/shop\/ebel-la-maison-3\/#breadcrumb\",\"itemListElement\":[{\"@type\":\"ListItem\",\"position\":1,\"name\":\"Hjem\",\"item\":\"https:\/\/watch4time.eu\/\"},{\"@type\":\"ListItem\",\"position\":2,\"name\":\"Shop\",\"item\":\"https:\/\/watch4time.eu\/shop\/\"},{\"@type\":\"ListItem\",\"position\":3,\"name\":\"Ebel La Maison 1216346\"}]}]}<\/script>\n<!-- \/ Yoast SEO plugin. -->","yoast_head_json":{"title":"Ebel La Maison 1216346 - Watch4Time","robots":{"index":"index","follow":"follow","max-snippet":"max-snippet:-1","max-image-preview":"max-image-preview:large","max-video-preview":"max-video-preview:-1"},"canonical":"https:\/\/watch4time.eu\/no\/shop\/ebel-la-maison-3\/","og_locale":"nb_NO","og_type":"article","og_title":"Ebel La Maison 1216346 - Watch4Time","og_description":"1216346  &nbsp;  Limited edition klokke med gull hender og tid mark\u00f8rer, dato display og m\u00e5nen fase p\u00e5 en hvit perlemor perle dial med s\u00f8lv detaljer. Klokken har en diamantbelagt bezel, og begge dekslene og stroppene er laget av 18K gull.  Antall diamanter - 72 \u00a0 \u00a0 \u00a0Karat diamanter - 0,448  &nbsp;  N\u00e5r du kj\u00f8per dette produktet, kan du forvente lengre leveringstider.","og_url":"https:\/\/watch4time.eu\/no\/shop\/ebel-la-maison-3\/","og_site_name":"Watch4Time","og_image":[{"width":1000,"height":1000,"url":"https:\/\/watch4time.eu\/wp-content\/uploads\/2017\/09\/1216346_maisonebel_s-1.jpg","type":"image\/jpeg"}],"twitter_card":"summary_large_image","schema":{"@context":"https:\/\/schema.org","@graph":[{"@type":"WebSite","@id":"https:\/\/watch4time.eu\/#website","url":"https:\/\/watch4time.eu\/","name":"Watch4Time","description":"Exquisite watches for you","potentialAction":[{"@type":"SearchAction","target":{"@type":"EntryPoint","urlTemplate":"https:\/\/watch4time.eu\/?s={search_term_string}"},"query-input":"required name=search_term_string"}],"inLanguage":"nb-NO"},{"@type":"ImageObject","@id":"https:\/\/watch4time.eu\/no\/shop\/ebel-la-maison-3\/#primaryimage","inLanguage":"nb-NO","url":"https:\/\/watch4time.eu\/wp-content\/uploads\/2017\/09\/1216346_maisonebel_s-1.jpg","contentUrl":"https:\/\/watch4time.eu\/wp-content\/uploads\/2017\/09\/1216346_maisonebel_s-1.jpg","width":1000,"height":1000},{"@type":"WebPage","@id":"https:\/\/watch4time.eu\/no\/shop\/ebel-la-maison-3\/#webpage","url":"https:\/\/watch4time.eu\/no\/shop\/ebel-la-maison-3\/","name":"Ebel La Maison 1216346 - Watch4Time","isPartOf":{"@id":"https:\/\/watch4time.eu\/#website"},"primaryImageOfPage":{"@id":"https:\/\/watch4time.eu\/no\/shop\/ebel-la-maison-3\/#primaryimage"},"datePublished":"2017-09-13T18:07:11+00:00","dateModified":"2017-09-13T18:07:11+00:00","breadcrumb":{"@id":"https:\/\/watch4time.eu\/no\/shop\/ebel-la-maison-3\/#breadcrumb"},"inLanguage":"nb-NO","potentialAction":[{"@type":"ReadAction","target":["https:\/\/watch4time.eu\/no\/shop\/ebel-la-maison-3\/"]}]},{"@type":"BreadcrumbList","@id":"https:\/\/watch4time.eu\/no\/shop\/ebel-la-maison-3\/#breadcrumb","itemListElement":[{"@type":"ListItem","position":1,"name":"Hjem","item":"https:\/\/watch4time.eu\/"},{"@type":"ListItem","position":2,"name":"Shop","item":"https:\/\/watch4time.eu\/shop\/"},{"@type":"ListItem","position":3,"name":"Ebel La Maison 1216346"}]}]}},"_links":{"self":[{"href":"https:\/\/watch4time.eu\/no\/wp-json\/wp\/v2\/product\/39832"}],"collection":[{"href":"https:\/\/watch4time.eu\/no\/wp-json\/wp\/v2\/product"}],"about":[{"href":"https:\/\/watch4time.eu\/no\/wp-json\/wp\/v2\/types\/product"}],"replies":[{"embeddable":true,"href":"https:\/\/watch4time.eu\/no\/wp-json\/wp\/v2\/comments?post=39832"}],"wp:featuredmedia":[{"embeddable":true,"href":"https:\/\/watch4time.eu\/no\/wp-json\/wp\/v2\/media\/39833"}],"wp:attachment":[{"href":"https:\/\/watch4time.eu\/no\/wp-json\/wp\/v2\/media?parent=39832"}],"wp:term":[{"taxonomy":"product_cat","embeddable":true,"href":"https:\/\/watch4time.eu\/no\/wp-json\/wp\/v2\/product_cat?post=39832"},{"taxonomy":"product_tag","embeddable":true,"href":"https:\/\/watch4time.eu\/no\/wp-json\/wp\/v2\/product_tag?post=39832"}],"curies":[{"name":"wp","href":"https:\/\/api.w.org\/{rel}","templated":true}]}}