{"id":35167,"date":"2019-05-17T21:09:53","date_gmt":"2019-05-17T19:09:53","guid":{"rendered":"https:\/\/watch4time.eu\/shop\/ebel-wave-1216403\/"},"modified":"2019-05-17T21:09:53","modified_gmt":"2019-05-17T19:09:53","slug":"ebel-wave-1216403","status":"publish","type":"product","link":"https:\/\/watch4time.eu\/no\/shop\/ebel-wave-1216403\/","title":{"rendered":"Ebel Wave 1216403"},"content":{"rendered":"","protected":false},"excerpt":{"rendered":"<p>1216403<\/p>\n<p>&nbsp;<\/p>\n<p>Denne Ebel Sport Classic har en 42 mm. rustfritt st\u00e5l tilfelle. Klokken har en s\u00f8lv galvanisk urskive med festede indekser, safir krystall med antireflekterende behandling under og et rustfritt st\u00e5l b\u00f8lgelink armb\u00e5nd.<\/p>\n","protected":false},"featured_media":35162,"comment_status":"closed","ping_status":"closed","template":"","meta":{"_mi_skip_tracking":false},"product_cat":[1323,1321,1353,1355],"product_tag":[],"yoast_head":"<!-- This site is optimized with the Yoast SEO plugin v18.5.1 - https:\/\/yoast.com\/wordpress\/plugins\/seo\/ -->\n<title>Ebel Wave 1216403 - Watch4Time<\/title>\n<meta name=\"robots\" content=\"index, follow, max-snippet:-1, max-image-preview:large, max-video-preview:-1\" \/>\n<link rel=\"canonical\" href=\"https:\/\/watch4time.eu\/no\/shop\/ebel-wave-1216403\/\" \/>\n<meta property=\"og:locale\" content=\"nb_NO\" \/>\n<meta property=\"og:type\" content=\"article\" \/>\n<meta property=\"og:title\" content=\"Ebel Wave 1216403 - Watch4Time\" \/>\n<meta property=\"og:description\" content=\"1216403  &nbsp;  Denne Ebel Sport Classic har en 42 mm. rustfritt st\u00e5l tilfelle. Klokken har en s\u00f8lv galvanisk urskive med festede indekser, safir krystall med antireflekterende behandling under og et rustfritt st\u00e5l b\u00f8lgelink armb\u00e5nd.\" \/>\n<meta property=\"og:url\" content=\"https:\/\/watch4time.eu\/no\/shop\/ebel-wave-1216403\/\" \/>\n<meta property=\"og:site_name\" content=\"Watch4Time\" \/>\n<meta property=\"og:image\" content=\"https:\/\/watch4time.eu\/wp-content\/uploads\/2019\/05\/1216403-1.jpg\" \/>\n\t<meta property=\"og:image:width\" content=\"1000\" \/>\n\t<meta property=\"og:image:height\" content=\"1000\" \/>\n\t<meta property=\"og:image:type\" content=\"image\/jpeg\" \/>\n<meta name=\"twitter:card\" content=\"summary_large_image\" \/>\n<script type=\"application\/ld+json\" class=\"yoast-schema-graph\">{\"@context\":\"https:\/\/schema.org\",\"@graph\":[{\"@type\":\"WebSite\",\"@id\":\"https:\/\/watch4time.eu\/#website\",\"url\":\"https:\/\/watch4time.eu\/\",\"name\":\"Watch4Time\",\"description\":\"Exquisite watches for you\",\"potentialAction\":[{\"@type\":\"SearchAction\",\"target\":{\"@type\":\"EntryPoint\",\"urlTemplate\":\"https:\/\/watch4time.eu\/?s={search_term_string}\"},\"query-input\":\"required name=search_term_string\"}],\"inLanguage\":\"nb-NO\"},{\"@type\":\"ImageObject\",\"@id\":\"https:\/\/watch4time.eu\/no\/shop\/ebel-wave-1216403\/#primaryimage\",\"inLanguage\":\"nb-NO\",\"url\":\"https:\/\/watch4time.eu\/wp-content\/uploads\/2019\/05\/1216403-1.jpg\",\"contentUrl\":\"https:\/\/watch4time.eu\/wp-content\/uploads\/2019\/05\/1216403-1.jpg\",\"width\":1000,\"height\":1000},{\"@type\":\"WebPage\",\"@id\":\"https:\/\/watch4time.eu\/no\/shop\/ebel-wave-1216403\/#webpage\",\"url\":\"https:\/\/watch4time.eu\/no\/shop\/ebel-wave-1216403\/\",\"name\":\"Ebel Wave 1216403 - Watch4Time\",\"isPartOf\":{\"@id\":\"https:\/\/watch4time.eu\/#website\"},\"primaryImageOfPage\":{\"@id\":\"https:\/\/watch4time.eu\/no\/shop\/ebel-wave-1216403\/#primaryimage\"},\"datePublished\":\"2019-05-17T19:09:53+00:00\",\"dateModified\":\"2019-05-17T19:09:53+00:00\",\"breadcrumb\":{\"@id\":\"https:\/\/watch4time.eu\/no\/shop\/ebel-wave-1216403\/#breadcrumb\"},\"inLanguage\":\"nb-NO\",\"potentialAction\":[{\"@type\":\"ReadAction\",\"target\":[\"https:\/\/watch4time.eu\/no\/shop\/ebel-wave-1216403\/\"]}]},{\"@type\":\"BreadcrumbList\",\"@id\":\"https:\/\/watch4time.eu\/no\/shop\/ebel-wave-1216403\/#breadcrumb\",\"itemListElement\":[{\"@type\":\"ListItem\",\"position\":1,\"name\":\"Hjem\",\"item\":\"https:\/\/watch4time.eu\/\"},{\"@type\":\"ListItem\",\"position\":2,\"name\":\"Shop\",\"item\":\"https:\/\/watch4time.eu\/shop\/\"},{\"@type\":\"ListItem\",\"position\":3,\"name\":\"Ebel Wave 1216403\"}]}]}<\/script>\n<!-- \/ Yoast SEO plugin. -->","yoast_head_json":{"title":"Ebel Wave 1216403 - Watch4Time","robots":{"index":"index","follow":"follow","max-snippet":"max-snippet:-1","max-image-preview":"max-image-preview:large","max-video-preview":"max-video-preview:-1"},"canonical":"https:\/\/watch4time.eu\/no\/shop\/ebel-wave-1216403\/","og_locale":"nb_NO","og_type":"article","og_title":"Ebel Wave 1216403 - Watch4Time","og_description":"1216403  &nbsp;  Denne Ebel Sport Classic har en 42 mm. rustfritt st\u00e5l tilfelle. Klokken har en s\u00f8lv galvanisk urskive med festede indekser, safir krystall med antireflekterende behandling under og et rustfritt st\u00e5l b\u00f8lgelink armb\u00e5nd.","og_url":"https:\/\/watch4time.eu\/no\/shop\/ebel-wave-1216403\/","og_site_name":"Watch4Time","og_image":[{"width":1000,"height":1000,"url":"https:\/\/watch4time.eu\/wp-content\/uploads\/2019\/05\/1216403-1.jpg","type":"image\/jpeg"}],"twitter_card":"summary_large_image","schema":{"@context":"https:\/\/schema.org","@graph":[{"@type":"WebSite","@id":"https:\/\/watch4time.eu\/#website","url":"https:\/\/watch4time.eu\/","name":"Watch4Time","description":"Exquisite watches for you","potentialAction":[{"@type":"SearchAction","target":{"@type":"EntryPoint","urlTemplate":"https:\/\/watch4time.eu\/?s={search_term_string}"},"query-input":"required name=search_term_string"}],"inLanguage":"nb-NO"},{"@type":"ImageObject","@id":"https:\/\/watch4time.eu\/no\/shop\/ebel-wave-1216403\/#primaryimage","inLanguage":"nb-NO","url":"https:\/\/watch4time.eu\/wp-content\/uploads\/2019\/05\/1216403-1.jpg","contentUrl":"https:\/\/watch4time.eu\/wp-content\/uploads\/2019\/05\/1216403-1.jpg","width":1000,"height":1000},{"@type":"WebPage","@id":"https:\/\/watch4time.eu\/no\/shop\/ebel-wave-1216403\/#webpage","url":"https:\/\/watch4time.eu\/no\/shop\/ebel-wave-1216403\/","name":"Ebel Wave 1216403 - Watch4Time","isPartOf":{"@id":"https:\/\/watch4time.eu\/#website"},"primaryImageOfPage":{"@id":"https:\/\/watch4time.eu\/no\/shop\/ebel-wave-1216403\/#primaryimage"},"datePublished":"2019-05-17T19:09:53+00:00","dateModified":"2019-05-17T19:09:53+00:00","breadcrumb":{"@id":"https:\/\/watch4time.eu\/no\/shop\/ebel-wave-1216403\/#breadcrumb"},"inLanguage":"nb-NO","potentialAction":[{"@type":"ReadAction","target":["https:\/\/watch4time.eu\/no\/shop\/ebel-wave-1216403\/"]}]},{"@type":"BreadcrumbList","@id":"https:\/\/watch4time.eu\/no\/shop\/ebel-wave-1216403\/#breadcrumb","itemListElement":[{"@type":"ListItem","position":1,"name":"Hjem","item":"https:\/\/watch4time.eu\/"},{"@type":"ListItem","position":2,"name":"Shop","item":"https:\/\/watch4time.eu\/shop\/"},{"@type":"ListItem","position":3,"name":"Ebel Wave 1216403"}]}]}},"_links":{"self":[{"href":"https:\/\/watch4time.eu\/no\/wp-json\/wp\/v2\/product\/35167"}],"collection":[{"href":"https:\/\/watch4time.eu\/no\/wp-json\/wp\/v2\/product"}],"about":[{"href":"https:\/\/watch4time.eu\/no\/wp-json\/wp\/v2\/types\/product"}],"replies":[{"embeddable":true,"href":"https:\/\/watch4time.eu\/no\/wp-json\/wp\/v2\/comments?post=35167"}],"wp:featuredmedia":[{"embeddable":true,"href":"https:\/\/watch4time.eu\/no\/wp-json\/wp\/v2\/media\/35162"}],"wp:attachment":[{"href":"https:\/\/watch4time.eu\/no\/wp-json\/wp\/v2\/media?parent=35167"}],"wp:term":[{"taxonomy":"product_cat","embeddable":true,"href":"https:\/\/watch4time.eu\/no\/wp-json\/wp\/v2\/product_cat?post=35167"},{"taxonomy":"product_tag","embeddable":true,"href":"https:\/\/watch4time.eu\/no\/wp-json\/wp\/v2\/product_tag?post=35167"}],"curies":[{"name":"wp","href":"https:\/\/api.w.org\/{rel}","templated":true}]}}