{"id":35075,"date":"2018-04-19T16:28:21","date_gmt":"2018-04-19T14:28:21","guid":{"rendered":"https:\/\/watch4time.eu\/shop\/wenger-avenue-15\/"},"modified":"2018-04-19T16:28:21","modified_gmt":"2018-04-19T14:28:21","slug":"wenger-avenue-15","status":"publish","type":"product","link":"https:\/\/watch4time.eu\/no\/shop\/wenger-avenue-15\/","title":{"rendered":"Wenger Avenue 01.1641.106"},"content":{"rendered":"","protected":false},"excerpt":{"rendered":"<p>01.1641.106<\/p>\n<p>&nbsp;<\/p>\n<p>Denne Wenger Avenue klokken har en 42 mm. rustfritt st\u00e5l veske med en sveitsisk kvarts bevegelse. Denne enkle, klassiske designen er karakteristisk. Den har et stort, rent ur med luminescerende hender som gir perfekt lesbarhet, noe som gj\u00f8r Avenue til en god hverdagsklokke. Og med sitt valg av fargerike stropper eller tradisjonelle armb\u00e5nd, tilbyr den en unik evne til effektivt \u00e5 vise stilen din.<\/p>\n","protected":false},"featured_media":35040,"comment_status":"closed","ping_status":"closed","template":"","meta":{"_mi_skip_tracking":false},"product_cat":[1323,1321,1574,1580],"product_tag":[],"yoast_head":"<!-- This site is optimized with the Yoast SEO plugin v18.5.1 - https:\/\/yoast.com\/wordpress\/plugins\/seo\/ -->\n<title>Wenger Avenue 01.1641.106 - Watch4Time<\/title>\n<meta name=\"robots\" content=\"index, follow, max-snippet:-1, max-image-preview:large, max-video-preview:-1\" \/>\n<link rel=\"canonical\" href=\"https:\/\/watch4time.eu\/no\/shop\/wenger-avenue-15\/\" \/>\n<meta property=\"og:locale\" content=\"nb_NO\" \/>\n<meta property=\"og:type\" content=\"article\" \/>\n<meta property=\"og:title\" content=\"Wenger Avenue 01.1641.106 - Watch4Time\" \/>\n<meta property=\"og:description\" content=\"01.1641.106  &nbsp;  Denne Wenger Avenue klokken har en 42 mm. rustfritt st\u00e5l veske med en sveitsisk kvarts bevegelse. Denne enkle, klassiske designen er karakteristisk. Den har et stort, rent ur med luminescerende hender som gir perfekt lesbarhet, noe som gj\u00f8r Avenue til en god hverdagsklokke. Og med sitt valg av fargerike stropper eller tradisjonelle armb\u00e5nd, tilbyr den en unik evne til effektivt \u00e5 vise stilen din.\" \/>\n<meta property=\"og:url\" content=\"https:\/\/watch4time.eu\/no\/shop\/wenger-avenue-15\/\" \/>\n<meta property=\"og:site_name\" content=\"Watch4Time\" \/>\n<meta property=\"og:image\" content=\"https:\/\/watch4time.eu\/wp-content\/uploads\/2018\/04\/01.1641.106.jpg\" \/>\n\t<meta property=\"og:image:width\" content=\"1000\" \/>\n\t<meta property=\"og:image:height\" content=\"1000\" \/>\n\t<meta property=\"og:image:type\" content=\"image\/jpeg\" \/>\n<meta name=\"twitter:card\" content=\"summary_large_image\" \/>\n<script type=\"application\/ld+json\" class=\"yoast-schema-graph\">{\"@context\":\"https:\/\/schema.org\",\"@graph\":[{\"@type\":\"WebSite\",\"@id\":\"https:\/\/watch4time.eu\/#website\",\"url\":\"https:\/\/watch4time.eu\/\",\"name\":\"Watch4Time\",\"description\":\"Exquisite watches for you\",\"potentialAction\":[{\"@type\":\"SearchAction\",\"target\":{\"@type\":\"EntryPoint\",\"urlTemplate\":\"https:\/\/watch4time.eu\/?s={search_term_string}\"},\"query-input\":\"required name=search_term_string\"}],\"inLanguage\":\"nb-NO\"},{\"@type\":\"ImageObject\",\"@id\":\"https:\/\/watch4time.eu\/no\/shop\/wenger-avenue-15\/#primaryimage\",\"inLanguage\":\"nb-NO\",\"url\":\"https:\/\/watch4time.eu\/wp-content\/uploads\/2018\/04\/01.1641.106.jpg\",\"contentUrl\":\"https:\/\/watch4time.eu\/wp-content\/uploads\/2018\/04\/01.1641.106.jpg\",\"width\":1000,\"height\":1000},{\"@type\":\"WebPage\",\"@id\":\"https:\/\/watch4time.eu\/no\/shop\/wenger-avenue-15\/#webpage\",\"url\":\"https:\/\/watch4time.eu\/no\/shop\/wenger-avenue-15\/\",\"name\":\"Wenger Avenue 01.1641.106 - Watch4Time\",\"isPartOf\":{\"@id\":\"https:\/\/watch4time.eu\/#website\"},\"primaryImageOfPage\":{\"@id\":\"https:\/\/watch4time.eu\/no\/shop\/wenger-avenue-15\/#primaryimage\"},\"datePublished\":\"2018-04-19T14:28:21+00:00\",\"dateModified\":\"2018-04-19T14:28:21+00:00\",\"breadcrumb\":{\"@id\":\"https:\/\/watch4time.eu\/no\/shop\/wenger-avenue-15\/#breadcrumb\"},\"inLanguage\":\"nb-NO\",\"potentialAction\":[{\"@type\":\"ReadAction\",\"target\":[\"https:\/\/watch4time.eu\/no\/shop\/wenger-avenue-15\/\"]}]},{\"@type\":\"BreadcrumbList\",\"@id\":\"https:\/\/watch4time.eu\/no\/shop\/wenger-avenue-15\/#breadcrumb\",\"itemListElement\":[{\"@type\":\"ListItem\",\"position\":1,\"name\":\"Hjem\",\"item\":\"https:\/\/watch4time.eu\/\"},{\"@type\":\"ListItem\",\"position\":2,\"name\":\"Shop\",\"item\":\"https:\/\/watch4time.eu\/shop\/\"},{\"@type\":\"ListItem\",\"position\":3,\"name\":\"Wenger Avenue 01.1641.106\"}]}]}<\/script>\n<!-- \/ Yoast SEO plugin. -->","yoast_head_json":{"title":"Wenger Avenue 01.1641.106 - Watch4Time","robots":{"index":"index","follow":"follow","max-snippet":"max-snippet:-1","max-image-preview":"max-image-preview:large","max-video-preview":"max-video-preview:-1"},"canonical":"https:\/\/watch4time.eu\/no\/shop\/wenger-avenue-15\/","og_locale":"nb_NO","og_type":"article","og_title":"Wenger Avenue 01.1641.106 - Watch4Time","og_description":"01.1641.106  &nbsp;  Denne Wenger Avenue klokken har en 42 mm. rustfritt st\u00e5l veske med en sveitsisk kvarts bevegelse. Denne enkle, klassiske designen er karakteristisk. Den har et stort, rent ur med luminescerende hender som gir perfekt lesbarhet, noe som gj\u00f8r Avenue til en god hverdagsklokke. Og med sitt valg av fargerike stropper eller tradisjonelle armb\u00e5nd, tilbyr den en unik evne til effektivt \u00e5 vise stilen din.","og_url":"https:\/\/watch4time.eu\/no\/shop\/wenger-avenue-15\/","og_site_name":"Watch4Time","og_image":[{"width":1000,"height":1000,"url":"https:\/\/watch4time.eu\/wp-content\/uploads\/2018\/04\/01.1641.106.jpg","type":"image\/jpeg"}],"twitter_card":"summary_large_image","schema":{"@context":"https:\/\/schema.org","@graph":[{"@type":"WebSite","@id":"https:\/\/watch4time.eu\/#website","url":"https:\/\/watch4time.eu\/","name":"Watch4Time","description":"Exquisite watches for you","potentialAction":[{"@type":"SearchAction","target":{"@type":"EntryPoint","urlTemplate":"https:\/\/watch4time.eu\/?s={search_term_string}"},"query-input":"required name=search_term_string"}],"inLanguage":"nb-NO"},{"@type":"ImageObject","@id":"https:\/\/watch4time.eu\/no\/shop\/wenger-avenue-15\/#primaryimage","inLanguage":"nb-NO","url":"https:\/\/watch4time.eu\/wp-content\/uploads\/2018\/04\/01.1641.106.jpg","contentUrl":"https:\/\/watch4time.eu\/wp-content\/uploads\/2018\/04\/01.1641.106.jpg","width":1000,"height":1000},{"@type":"WebPage","@id":"https:\/\/watch4time.eu\/no\/shop\/wenger-avenue-15\/#webpage","url":"https:\/\/watch4time.eu\/no\/shop\/wenger-avenue-15\/","name":"Wenger Avenue 01.1641.106 - Watch4Time","isPartOf":{"@id":"https:\/\/watch4time.eu\/#website"},"primaryImageOfPage":{"@id":"https:\/\/watch4time.eu\/no\/shop\/wenger-avenue-15\/#primaryimage"},"datePublished":"2018-04-19T14:28:21+00:00","dateModified":"2018-04-19T14:28:21+00:00","breadcrumb":{"@id":"https:\/\/watch4time.eu\/no\/shop\/wenger-avenue-15\/#breadcrumb"},"inLanguage":"nb-NO","potentialAction":[{"@type":"ReadAction","target":["https:\/\/watch4time.eu\/no\/shop\/wenger-avenue-15\/"]}]},{"@type":"BreadcrumbList","@id":"https:\/\/watch4time.eu\/no\/shop\/wenger-avenue-15\/#breadcrumb","itemListElement":[{"@type":"ListItem","position":1,"name":"Hjem","item":"https:\/\/watch4time.eu\/"},{"@type":"ListItem","position":2,"name":"Shop","item":"https:\/\/watch4time.eu\/shop\/"},{"@type":"ListItem","position":3,"name":"Wenger Avenue 01.1641.106"}]}]}},"_links":{"self":[{"href":"https:\/\/watch4time.eu\/no\/wp-json\/wp\/v2\/product\/35075"}],"collection":[{"href":"https:\/\/watch4time.eu\/no\/wp-json\/wp\/v2\/product"}],"about":[{"href":"https:\/\/watch4time.eu\/no\/wp-json\/wp\/v2\/types\/product"}],"replies":[{"embeddable":true,"href":"https:\/\/watch4time.eu\/no\/wp-json\/wp\/v2\/comments?post=35075"}],"wp:featuredmedia":[{"embeddable":true,"href":"https:\/\/watch4time.eu\/no\/wp-json\/wp\/v2\/media\/35040"}],"wp:attachment":[{"href":"https:\/\/watch4time.eu\/no\/wp-json\/wp\/v2\/media?parent=35075"}],"wp:term":[{"taxonomy":"product_cat","embeddable":true,"href":"https:\/\/watch4time.eu\/no\/wp-json\/wp\/v2\/product_cat?post=35075"},{"taxonomy":"product_tag","embeddable":true,"href":"https:\/\/watch4time.eu\/no\/wp-json\/wp\/v2\/product_tag?post=35075"}],"curies":[{"name":"wp","href":"https:\/\/api.w.org\/{rel}","templated":true}]}}