{"id":34185,"date":"2017-08-28T16:06:20","date_gmt":"2017-08-28T14:06:20","guid":{"rendered":"https:\/\/watch4time.eu\/shop\/danish-design-197\/"},"modified":"2017-08-28T16:06:20","modified_gmt":"2017-08-28T14:06:20","slug":"danish-design-197","status":"publish","type":"product","link":"https:\/\/watch4time.eu\/no\/shop\/danish-design-197\/","title":{"rendered":"Danish Design IV63Q1140"},"content":{"rendered":"","protected":false},"excerpt":{"rendered":"<p>IV63Q1140<\/p>\n<p>&nbsp;<\/p>\n<p>Denne klokken fra Danish Design er ikke bare enkel, men ogs\u00e5 veldig feminin med det smale armb\u00e5ndet. Klokka har et rustfritt st\u00e5lveske med svart urskive, mineralsk krystallglass og et rustfritt st\u00e5l armb\u00e5nd.<\/p>\n","protected":false},"featured_media":29138,"comment_status":"open","ping_status":"closed","template":"","meta":{"_mi_skip_tracking":false},"product_cat":[1354,1434,1321,1430],"product_tag":[],"yoast_head":"<!-- This site is optimized with the Yoast SEO plugin v18.5.1 - https:\/\/yoast.com\/wordpress\/plugins\/seo\/ -->\n<title>Danish Design IV63Q1140 - Watch4Time<\/title>\n<meta name=\"robots\" content=\"index, follow, max-snippet:-1, max-image-preview:large, max-video-preview:-1\" \/>\n<link rel=\"canonical\" href=\"https:\/\/watch4time.eu\/no\/shop\/danish-design-197\/\" \/>\n<meta property=\"og:locale\" content=\"nb_NO\" \/>\n<meta property=\"og:type\" content=\"article\" \/>\n<meta property=\"og:title\" content=\"Danish Design IV63Q1140 - Watch4Time\" \/>\n<meta property=\"og:description\" content=\"IV63Q1140  &nbsp;  Denne klokken fra Danish Design er ikke bare enkel, men ogs\u00e5 veldig feminin med det smale armb\u00e5ndet. Klokka har et rustfritt st\u00e5lveske med svart urskive, mineralsk krystallglass og et rustfritt st\u00e5l armb\u00e5nd.\" \/>\n<meta property=\"og:url\" content=\"https:\/\/watch4time.eu\/no\/shop\/danish-design-197\/\" \/>\n<meta property=\"og:site_name\" content=\"Watch4Time\" \/>\n<meta property=\"og:image\" content=\"https:\/\/watch4time.eu\/wp-content\/uploads\/2017\/08\/IV63Q1140-1.jpg\" \/>\n\t<meta property=\"og:image:width\" content=\"1000\" \/>\n\t<meta property=\"og:image:height\" content=\"1000\" \/>\n\t<meta property=\"og:image:type\" content=\"image\/jpeg\" \/>\n<meta name=\"twitter:card\" content=\"summary_large_image\" \/>\n<script type=\"application\/ld+json\" class=\"yoast-schema-graph\">{\"@context\":\"https:\/\/schema.org\",\"@graph\":[{\"@type\":\"WebSite\",\"@id\":\"https:\/\/watch4time.eu\/#website\",\"url\":\"https:\/\/watch4time.eu\/\",\"name\":\"Watch4Time\",\"description\":\"Exquisite watches for you\",\"potentialAction\":[{\"@type\":\"SearchAction\",\"target\":{\"@type\":\"EntryPoint\",\"urlTemplate\":\"https:\/\/watch4time.eu\/?s={search_term_string}\"},\"query-input\":\"required name=search_term_string\"}],\"inLanguage\":\"nb-NO\"},{\"@type\":\"ImageObject\",\"@id\":\"https:\/\/watch4time.eu\/no\/shop\/danish-design-197\/#primaryimage\",\"inLanguage\":\"nb-NO\",\"url\":\"https:\/\/watch4time.eu\/wp-content\/uploads\/2017\/08\/IV63Q1140-1.jpg\",\"contentUrl\":\"https:\/\/watch4time.eu\/wp-content\/uploads\/2017\/08\/IV63Q1140-1.jpg\",\"width\":1000,\"height\":1000},{\"@type\":\"WebPage\",\"@id\":\"https:\/\/watch4time.eu\/no\/shop\/danish-design-197\/#webpage\",\"url\":\"https:\/\/watch4time.eu\/no\/shop\/danish-design-197\/\",\"name\":\"Danish Design IV63Q1140 - Watch4Time\",\"isPartOf\":{\"@id\":\"https:\/\/watch4time.eu\/#website\"},\"primaryImageOfPage\":{\"@id\":\"https:\/\/watch4time.eu\/no\/shop\/danish-design-197\/#primaryimage\"},\"datePublished\":\"2017-08-28T14:06:20+00:00\",\"dateModified\":\"2017-08-28T14:06:20+00:00\",\"breadcrumb\":{\"@id\":\"https:\/\/watch4time.eu\/no\/shop\/danish-design-197\/#breadcrumb\"},\"inLanguage\":\"nb-NO\",\"potentialAction\":[{\"@type\":\"ReadAction\",\"target\":[\"https:\/\/watch4time.eu\/no\/shop\/danish-design-197\/\"]}]},{\"@type\":\"BreadcrumbList\",\"@id\":\"https:\/\/watch4time.eu\/no\/shop\/danish-design-197\/#breadcrumb\",\"itemListElement\":[{\"@type\":\"ListItem\",\"position\":1,\"name\":\"Hjem\",\"item\":\"https:\/\/watch4time.eu\/\"},{\"@type\":\"ListItem\",\"position\":2,\"name\":\"Shop\",\"item\":\"https:\/\/watch4time.eu\/shop\/\"},{\"@type\":\"ListItem\",\"position\":3,\"name\":\"Danish Design IV63Q1140\"}]}]}<\/script>\n<!-- \/ Yoast SEO plugin. -->","yoast_head_json":{"title":"Danish Design IV63Q1140 - Watch4Time","robots":{"index":"index","follow":"follow","max-snippet":"max-snippet:-1","max-image-preview":"max-image-preview:large","max-video-preview":"max-video-preview:-1"},"canonical":"https:\/\/watch4time.eu\/no\/shop\/danish-design-197\/","og_locale":"nb_NO","og_type":"article","og_title":"Danish Design IV63Q1140 - Watch4Time","og_description":"IV63Q1140  &nbsp;  Denne klokken fra Danish Design er ikke bare enkel, men ogs\u00e5 veldig feminin med det smale armb\u00e5ndet. Klokka har et rustfritt st\u00e5lveske med svart urskive, mineralsk krystallglass og et rustfritt st\u00e5l armb\u00e5nd.","og_url":"https:\/\/watch4time.eu\/no\/shop\/danish-design-197\/","og_site_name":"Watch4Time","og_image":[{"width":1000,"height":1000,"url":"https:\/\/watch4time.eu\/wp-content\/uploads\/2017\/08\/IV63Q1140-1.jpg","type":"image\/jpeg"}],"twitter_card":"summary_large_image","schema":{"@context":"https:\/\/schema.org","@graph":[{"@type":"WebSite","@id":"https:\/\/watch4time.eu\/#website","url":"https:\/\/watch4time.eu\/","name":"Watch4Time","description":"Exquisite watches for you","potentialAction":[{"@type":"SearchAction","target":{"@type":"EntryPoint","urlTemplate":"https:\/\/watch4time.eu\/?s={search_term_string}"},"query-input":"required name=search_term_string"}],"inLanguage":"nb-NO"},{"@type":"ImageObject","@id":"https:\/\/watch4time.eu\/no\/shop\/danish-design-197\/#primaryimage","inLanguage":"nb-NO","url":"https:\/\/watch4time.eu\/wp-content\/uploads\/2017\/08\/IV63Q1140-1.jpg","contentUrl":"https:\/\/watch4time.eu\/wp-content\/uploads\/2017\/08\/IV63Q1140-1.jpg","width":1000,"height":1000},{"@type":"WebPage","@id":"https:\/\/watch4time.eu\/no\/shop\/danish-design-197\/#webpage","url":"https:\/\/watch4time.eu\/no\/shop\/danish-design-197\/","name":"Danish Design IV63Q1140 - Watch4Time","isPartOf":{"@id":"https:\/\/watch4time.eu\/#website"},"primaryImageOfPage":{"@id":"https:\/\/watch4time.eu\/no\/shop\/danish-design-197\/#primaryimage"},"datePublished":"2017-08-28T14:06:20+00:00","dateModified":"2017-08-28T14:06:20+00:00","breadcrumb":{"@id":"https:\/\/watch4time.eu\/no\/shop\/danish-design-197\/#breadcrumb"},"inLanguage":"nb-NO","potentialAction":[{"@type":"ReadAction","target":["https:\/\/watch4time.eu\/no\/shop\/danish-design-197\/"]}]},{"@type":"BreadcrumbList","@id":"https:\/\/watch4time.eu\/no\/shop\/danish-design-197\/#breadcrumb","itemListElement":[{"@type":"ListItem","position":1,"name":"Hjem","item":"https:\/\/watch4time.eu\/"},{"@type":"ListItem","position":2,"name":"Shop","item":"https:\/\/watch4time.eu\/shop\/"},{"@type":"ListItem","position":3,"name":"Danish Design IV63Q1140"}]}]}},"_links":{"self":[{"href":"https:\/\/watch4time.eu\/no\/wp-json\/wp\/v2\/product\/34185"}],"collection":[{"href":"https:\/\/watch4time.eu\/no\/wp-json\/wp\/v2\/product"}],"about":[{"href":"https:\/\/watch4time.eu\/no\/wp-json\/wp\/v2\/types\/product"}],"replies":[{"embeddable":true,"href":"https:\/\/watch4time.eu\/no\/wp-json\/wp\/v2\/comments?post=34185"}],"wp:featuredmedia":[{"embeddable":true,"href":"https:\/\/watch4time.eu\/no\/wp-json\/wp\/v2\/media\/29138"}],"wp:attachment":[{"href":"https:\/\/watch4time.eu\/no\/wp-json\/wp\/v2\/media?parent=34185"}],"wp:term":[{"taxonomy":"product_cat","embeddable":true,"href":"https:\/\/watch4time.eu\/no\/wp-json\/wp\/v2\/product_cat?post=34185"},{"taxonomy":"product_tag","embeddable":true,"href":"https:\/\/watch4time.eu\/no\/wp-json\/wp\/v2\/product_tag?post=34185"}],"curies":[{"name":"wp","href":"https:\/\/api.w.org\/{rel}","templated":true}]}}