{"id":27995,"date":"2017-09-12T16:41:58","date_gmt":"2017-09-12T14:41:58","guid":{"rendered":"https:\/\/watch4time.eu\/shop\/wenger-urban-classic-12\/"},"modified":"2017-09-12T16:41:58","modified_gmt":"2017-09-12T14:41:58","slug":"wenger-urban-classic-12","status":"publish","type":"product","link":"https:\/\/watch4time.eu\/no\/shop\/wenger-urban-classic-12\/","title":{"rendered":"Wenger Urban Classic 01.1741.101"},"content":{"rendered":"","protected":false},"excerpt":{"rendered":"<p>01.1741.101<\/p>\n<p>&nbsp;<\/p>\n<p>Denne Wenger Urban Classic-klokken har en 42 mm. rustfritt st\u00e5l veske med en sveitsisk kvarts bevegelse. Utallige trender kommer og g\u00e5r, men en sann klassiker g\u00e5r aldri ut av stil. Urban Classic klokker er de allsidige klokker som passer uanstrengt til scenen n\u00e5r de utforsker byen, krysser landet eller g\u00e5r inn i styrerommet.<\/p>\n","protected":false},"featured_media":27996,"comment_status":"open","ping_status":"closed","template":"","meta":{"_mi_skip_tracking":false},"product_cat":[1323,1321,1624,1580],"product_tag":[],"yoast_head":"<!-- This site is optimized with the Yoast SEO plugin v18.5.1 - https:\/\/yoast.com\/wordpress\/plugins\/seo\/ -->\n<title>Wenger Urban Classic 01.1741.101 - Watch4Time<\/title>\n<meta name=\"robots\" content=\"index, follow, max-snippet:-1, max-image-preview:large, max-video-preview:-1\" \/>\n<link rel=\"canonical\" href=\"https:\/\/watch4time.eu\/no\/shop\/wenger-urban-classic-12\/\" \/>\n<meta property=\"og:locale\" content=\"nb_NO\" \/>\n<meta property=\"og:type\" content=\"article\" \/>\n<meta property=\"og:title\" content=\"Wenger Urban Classic 01.1741.101 - Watch4Time\" \/>\n<meta property=\"og:description\" content=\"01.1741.101  &nbsp;  Denne Wenger Urban Classic-klokken har en 42 mm. rustfritt st\u00e5l veske med en sveitsisk kvarts bevegelse. Utallige trender kommer og g\u00e5r, men en sann klassiker g\u00e5r aldri ut av stil. Urban Classic klokker er de allsidige klokker som passer uanstrengt til scenen n\u00e5r de utforsker byen, krysser landet eller g\u00e5r inn i styrerommet.\" \/>\n<meta property=\"og:url\" content=\"https:\/\/watch4time.eu\/no\/shop\/wenger-urban-classic-12\/\" \/>\n<meta property=\"og:site_name\" content=\"Watch4Time\" \/>\n<meta property=\"og:image\" content=\"https:\/\/watch4time.eu\/wp-content\/uploads\/2017\/09\/01.1741.101.jpg\" \/>\n\t<meta property=\"og:image:width\" content=\"1024\" \/>\n\t<meta property=\"og:image:height\" content=\"1024\" \/>\n\t<meta property=\"og:image:type\" content=\"image\/jpeg\" \/>\n<meta name=\"twitter:card\" content=\"summary_large_image\" \/>\n<script type=\"application\/ld+json\" class=\"yoast-schema-graph\">{\"@context\":\"https:\/\/schema.org\",\"@graph\":[{\"@type\":\"WebSite\",\"@id\":\"https:\/\/watch4time.eu\/#website\",\"url\":\"https:\/\/watch4time.eu\/\",\"name\":\"Watch4Time\",\"description\":\"Exquisite watches for you\",\"potentialAction\":[{\"@type\":\"SearchAction\",\"target\":{\"@type\":\"EntryPoint\",\"urlTemplate\":\"https:\/\/watch4time.eu\/?s={search_term_string}\"},\"query-input\":\"required name=search_term_string\"}],\"inLanguage\":\"nb-NO\"},{\"@type\":\"ImageObject\",\"@id\":\"https:\/\/watch4time.eu\/no\/shop\/wenger-urban-classic-12\/#primaryimage\",\"inLanguage\":\"nb-NO\",\"url\":\"https:\/\/watch4time.eu\/wp-content\/uploads\/2017\/09\/01.1741.101.jpg\",\"contentUrl\":\"https:\/\/watch4time.eu\/wp-content\/uploads\/2017\/09\/01.1741.101.jpg\",\"width\":1024,\"height\":1024},{\"@type\":\"WebPage\",\"@id\":\"https:\/\/watch4time.eu\/no\/shop\/wenger-urban-classic-12\/#webpage\",\"url\":\"https:\/\/watch4time.eu\/no\/shop\/wenger-urban-classic-12\/\",\"name\":\"Wenger Urban Classic 01.1741.101 - Watch4Time\",\"isPartOf\":{\"@id\":\"https:\/\/watch4time.eu\/#website\"},\"primaryImageOfPage\":{\"@id\":\"https:\/\/watch4time.eu\/no\/shop\/wenger-urban-classic-12\/#primaryimage\"},\"datePublished\":\"2017-09-12T14:41:58+00:00\",\"dateModified\":\"2017-09-12T14:41:58+00:00\",\"breadcrumb\":{\"@id\":\"https:\/\/watch4time.eu\/no\/shop\/wenger-urban-classic-12\/#breadcrumb\"},\"inLanguage\":\"nb-NO\",\"potentialAction\":[{\"@type\":\"ReadAction\",\"target\":[\"https:\/\/watch4time.eu\/no\/shop\/wenger-urban-classic-12\/\"]}]},{\"@type\":\"BreadcrumbList\",\"@id\":\"https:\/\/watch4time.eu\/no\/shop\/wenger-urban-classic-12\/#breadcrumb\",\"itemListElement\":[{\"@type\":\"ListItem\",\"position\":1,\"name\":\"Hjem\",\"item\":\"https:\/\/watch4time.eu\/\"},{\"@type\":\"ListItem\",\"position\":2,\"name\":\"Shop\",\"item\":\"https:\/\/watch4time.eu\/shop\/\"},{\"@type\":\"ListItem\",\"position\":3,\"name\":\"Wenger Urban Classic 01.1741.101\"}]}]}<\/script>\n<!-- \/ Yoast SEO plugin. -->","yoast_head_json":{"title":"Wenger Urban Classic 01.1741.101 - Watch4Time","robots":{"index":"index","follow":"follow","max-snippet":"max-snippet:-1","max-image-preview":"max-image-preview:large","max-video-preview":"max-video-preview:-1"},"canonical":"https:\/\/watch4time.eu\/no\/shop\/wenger-urban-classic-12\/","og_locale":"nb_NO","og_type":"article","og_title":"Wenger Urban Classic 01.1741.101 - Watch4Time","og_description":"01.1741.101  &nbsp;  Denne Wenger Urban Classic-klokken har en 42 mm. rustfritt st\u00e5l veske med en sveitsisk kvarts bevegelse. Utallige trender kommer og g\u00e5r, men en sann klassiker g\u00e5r aldri ut av stil. Urban Classic klokker er de allsidige klokker som passer uanstrengt til scenen n\u00e5r de utforsker byen, krysser landet eller g\u00e5r inn i styrerommet.","og_url":"https:\/\/watch4time.eu\/no\/shop\/wenger-urban-classic-12\/","og_site_name":"Watch4Time","og_image":[{"width":1024,"height":1024,"url":"https:\/\/watch4time.eu\/wp-content\/uploads\/2017\/09\/01.1741.101.jpg","type":"image\/jpeg"}],"twitter_card":"summary_large_image","schema":{"@context":"https:\/\/schema.org","@graph":[{"@type":"WebSite","@id":"https:\/\/watch4time.eu\/#website","url":"https:\/\/watch4time.eu\/","name":"Watch4Time","description":"Exquisite watches for you","potentialAction":[{"@type":"SearchAction","target":{"@type":"EntryPoint","urlTemplate":"https:\/\/watch4time.eu\/?s={search_term_string}"},"query-input":"required name=search_term_string"}],"inLanguage":"nb-NO"},{"@type":"ImageObject","@id":"https:\/\/watch4time.eu\/no\/shop\/wenger-urban-classic-12\/#primaryimage","inLanguage":"nb-NO","url":"https:\/\/watch4time.eu\/wp-content\/uploads\/2017\/09\/01.1741.101.jpg","contentUrl":"https:\/\/watch4time.eu\/wp-content\/uploads\/2017\/09\/01.1741.101.jpg","width":1024,"height":1024},{"@type":"WebPage","@id":"https:\/\/watch4time.eu\/no\/shop\/wenger-urban-classic-12\/#webpage","url":"https:\/\/watch4time.eu\/no\/shop\/wenger-urban-classic-12\/","name":"Wenger Urban Classic 01.1741.101 - Watch4Time","isPartOf":{"@id":"https:\/\/watch4time.eu\/#website"},"primaryImageOfPage":{"@id":"https:\/\/watch4time.eu\/no\/shop\/wenger-urban-classic-12\/#primaryimage"},"datePublished":"2017-09-12T14:41:58+00:00","dateModified":"2017-09-12T14:41:58+00:00","breadcrumb":{"@id":"https:\/\/watch4time.eu\/no\/shop\/wenger-urban-classic-12\/#breadcrumb"},"inLanguage":"nb-NO","potentialAction":[{"@type":"ReadAction","target":["https:\/\/watch4time.eu\/no\/shop\/wenger-urban-classic-12\/"]}]},{"@type":"BreadcrumbList","@id":"https:\/\/watch4time.eu\/no\/shop\/wenger-urban-classic-12\/#breadcrumb","itemListElement":[{"@type":"ListItem","position":1,"name":"Hjem","item":"https:\/\/watch4time.eu\/"},{"@type":"ListItem","position":2,"name":"Shop","item":"https:\/\/watch4time.eu\/shop\/"},{"@type":"ListItem","position":3,"name":"Wenger Urban Classic 01.1741.101"}]}]}},"_links":{"self":[{"href":"https:\/\/watch4time.eu\/no\/wp-json\/wp\/v2\/product\/27995"}],"collection":[{"href":"https:\/\/watch4time.eu\/no\/wp-json\/wp\/v2\/product"}],"about":[{"href":"https:\/\/watch4time.eu\/no\/wp-json\/wp\/v2\/types\/product"}],"replies":[{"embeddable":true,"href":"https:\/\/watch4time.eu\/no\/wp-json\/wp\/v2\/comments?post=27995"}],"wp:featuredmedia":[{"embeddable":true,"href":"https:\/\/watch4time.eu\/no\/wp-json\/wp\/v2\/media\/27996"}],"wp:attachment":[{"href":"https:\/\/watch4time.eu\/no\/wp-json\/wp\/v2\/media?parent=27995"}],"wp:term":[{"taxonomy":"product_cat","embeddable":true,"href":"https:\/\/watch4time.eu\/no\/wp-json\/wp\/v2\/product_cat?post=27995"},{"taxonomy":"product_tag","embeddable":true,"href":"https:\/\/watch4time.eu\/no\/wp-json\/wp\/v2\/product_tag?post=27995"}],"curies":[{"name":"wp","href":"https:\/\/api.w.org\/{rel}","templated":true}]}}