{"id":26702,"date":"2017-08-30T10:18:43","date_gmt":"2017-08-30T08:18:43","guid":{"rendered":"https:\/\/watch4time.eu\/shop\/wenger-roadster-black-night-5\/"},"modified":"2017-08-30T10:18:43","modified_gmt":"2017-08-30T08:18:43","slug":"wenger-roadster-black-night-5","status":"publish","type":"product","link":"https:\/\/watch4time.eu\/no\/shop\/wenger-roadster-black-night-5\/","title":{"rendered":"Wenger Roadster Black Night 01.0851.124"},"content":{"rendered":"","protected":false},"excerpt":{"rendered":"<p>01.0851.124<\/p>\n<p>&nbsp;<\/p>\n<p>Denne Wenger Roadster Black Night har en 45 mm. rustfritt st\u00e5l veske med en sveitsisk kvarts bevegelse. Samlingen er like m\u00f8rk og fascinerende som navnet antyder, og det er perfekt for den moderne mannen som s\u00f8ker en dynamisk og sofistikert klokke.<\/p>\n","protected":false},"featured_media":26703,"comment_status":"open","ping_status":"closed","template":"","meta":{"_mi_skip_tracking":false},"product_cat":[1323,1321,1618,1580],"product_tag":[],"yoast_head":"<!-- This site is optimized with the Yoast SEO plugin v18.5.1 - https:\/\/yoast.com\/wordpress\/plugins\/seo\/ -->\n<title>Wenger Roadster Black Night 01.0851.124 - Watch4Time<\/title>\n<meta name=\"robots\" content=\"index, follow, max-snippet:-1, max-image-preview:large, max-video-preview:-1\" \/>\n<link rel=\"canonical\" href=\"https:\/\/watch4time.eu\/no\/shop\/wenger-roadster-black-night-5\/\" \/>\n<meta property=\"og:locale\" content=\"nb_NO\" \/>\n<meta property=\"og:type\" content=\"article\" \/>\n<meta property=\"og:title\" content=\"Wenger Roadster Black Night 01.0851.124 - Watch4Time\" \/>\n<meta property=\"og:description\" content=\"01.0851.124  &nbsp;  Denne Wenger Roadster Black Night har en 45 mm. rustfritt st\u00e5l veske med en sveitsisk kvarts bevegelse. Samlingen er like m\u00f8rk og fascinerende som navnet antyder, og det er perfekt for den moderne mannen som s\u00f8ker en dynamisk og sofistikert klokke.\" \/>\n<meta property=\"og:url\" content=\"https:\/\/watch4time.eu\/no\/shop\/wenger-roadster-black-night-5\/\" \/>\n<meta property=\"og:site_name\" content=\"Watch4Time\" \/>\n<meta property=\"og:image\" content=\"https:\/\/watch4time.eu\/wp-content\/uploads\/2017\/08\/01.0851.124-1.jpg\" \/>\n\t<meta property=\"og:image:width\" content=\"1000\" \/>\n\t<meta property=\"og:image:height\" content=\"1000\" \/>\n\t<meta property=\"og:image:type\" content=\"image\/jpeg\" \/>\n<meta name=\"twitter:card\" content=\"summary_large_image\" \/>\n<script type=\"application\/ld+json\" class=\"yoast-schema-graph\">{\"@context\":\"https:\/\/schema.org\",\"@graph\":[{\"@type\":\"WebSite\",\"@id\":\"https:\/\/watch4time.eu\/#website\",\"url\":\"https:\/\/watch4time.eu\/\",\"name\":\"Watch4Time\",\"description\":\"Exquisite watches for you\",\"potentialAction\":[{\"@type\":\"SearchAction\",\"target\":{\"@type\":\"EntryPoint\",\"urlTemplate\":\"https:\/\/watch4time.eu\/?s={search_term_string}\"},\"query-input\":\"required name=search_term_string\"}],\"inLanguage\":\"nb-NO\"},{\"@type\":\"ImageObject\",\"@id\":\"https:\/\/watch4time.eu\/no\/shop\/wenger-roadster-black-night-5\/#primaryimage\",\"inLanguage\":\"nb-NO\",\"url\":\"https:\/\/watch4time.eu\/wp-content\/uploads\/2017\/08\/01.0851.124-1.jpg\",\"contentUrl\":\"https:\/\/watch4time.eu\/wp-content\/uploads\/2017\/08\/01.0851.124-1.jpg\",\"width\":1000,\"height\":1000},{\"@type\":\"WebPage\",\"@id\":\"https:\/\/watch4time.eu\/no\/shop\/wenger-roadster-black-night-5\/#webpage\",\"url\":\"https:\/\/watch4time.eu\/no\/shop\/wenger-roadster-black-night-5\/\",\"name\":\"Wenger Roadster Black Night 01.0851.124 - Watch4Time\",\"isPartOf\":{\"@id\":\"https:\/\/watch4time.eu\/#website\"},\"primaryImageOfPage\":{\"@id\":\"https:\/\/watch4time.eu\/no\/shop\/wenger-roadster-black-night-5\/#primaryimage\"},\"datePublished\":\"2017-08-30T08:18:43+00:00\",\"dateModified\":\"2017-08-30T08:18:43+00:00\",\"breadcrumb\":{\"@id\":\"https:\/\/watch4time.eu\/no\/shop\/wenger-roadster-black-night-5\/#breadcrumb\"},\"inLanguage\":\"nb-NO\",\"potentialAction\":[{\"@type\":\"ReadAction\",\"target\":[\"https:\/\/watch4time.eu\/no\/shop\/wenger-roadster-black-night-5\/\"]}]},{\"@type\":\"BreadcrumbList\",\"@id\":\"https:\/\/watch4time.eu\/no\/shop\/wenger-roadster-black-night-5\/#breadcrumb\",\"itemListElement\":[{\"@type\":\"ListItem\",\"position\":1,\"name\":\"Hjem\",\"item\":\"https:\/\/watch4time.eu\/\"},{\"@type\":\"ListItem\",\"position\":2,\"name\":\"Shop\",\"item\":\"https:\/\/watch4time.eu\/shop\/\"},{\"@type\":\"ListItem\",\"position\":3,\"name\":\"Wenger Roadster Black Night 01.0851.124\"}]}]}<\/script>\n<!-- \/ Yoast SEO plugin. -->","yoast_head_json":{"title":"Wenger Roadster Black Night 01.0851.124 - Watch4Time","robots":{"index":"index","follow":"follow","max-snippet":"max-snippet:-1","max-image-preview":"max-image-preview:large","max-video-preview":"max-video-preview:-1"},"canonical":"https:\/\/watch4time.eu\/no\/shop\/wenger-roadster-black-night-5\/","og_locale":"nb_NO","og_type":"article","og_title":"Wenger Roadster Black Night 01.0851.124 - Watch4Time","og_description":"01.0851.124  &nbsp;  Denne Wenger Roadster Black Night har en 45 mm. rustfritt st\u00e5l veske med en sveitsisk kvarts bevegelse. Samlingen er like m\u00f8rk og fascinerende som navnet antyder, og det er perfekt for den moderne mannen som s\u00f8ker en dynamisk og sofistikert klokke.","og_url":"https:\/\/watch4time.eu\/no\/shop\/wenger-roadster-black-night-5\/","og_site_name":"Watch4Time","og_image":[{"width":1000,"height":1000,"url":"https:\/\/watch4time.eu\/wp-content\/uploads\/2017\/08\/01.0851.124-1.jpg","type":"image\/jpeg"}],"twitter_card":"summary_large_image","schema":{"@context":"https:\/\/schema.org","@graph":[{"@type":"WebSite","@id":"https:\/\/watch4time.eu\/#website","url":"https:\/\/watch4time.eu\/","name":"Watch4Time","description":"Exquisite watches for you","potentialAction":[{"@type":"SearchAction","target":{"@type":"EntryPoint","urlTemplate":"https:\/\/watch4time.eu\/?s={search_term_string}"},"query-input":"required name=search_term_string"}],"inLanguage":"nb-NO"},{"@type":"ImageObject","@id":"https:\/\/watch4time.eu\/no\/shop\/wenger-roadster-black-night-5\/#primaryimage","inLanguage":"nb-NO","url":"https:\/\/watch4time.eu\/wp-content\/uploads\/2017\/08\/01.0851.124-1.jpg","contentUrl":"https:\/\/watch4time.eu\/wp-content\/uploads\/2017\/08\/01.0851.124-1.jpg","width":1000,"height":1000},{"@type":"WebPage","@id":"https:\/\/watch4time.eu\/no\/shop\/wenger-roadster-black-night-5\/#webpage","url":"https:\/\/watch4time.eu\/no\/shop\/wenger-roadster-black-night-5\/","name":"Wenger Roadster Black Night 01.0851.124 - Watch4Time","isPartOf":{"@id":"https:\/\/watch4time.eu\/#website"},"primaryImageOfPage":{"@id":"https:\/\/watch4time.eu\/no\/shop\/wenger-roadster-black-night-5\/#primaryimage"},"datePublished":"2017-08-30T08:18:43+00:00","dateModified":"2017-08-30T08:18:43+00:00","breadcrumb":{"@id":"https:\/\/watch4time.eu\/no\/shop\/wenger-roadster-black-night-5\/#breadcrumb"},"inLanguage":"nb-NO","potentialAction":[{"@type":"ReadAction","target":["https:\/\/watch4time.eu\/no\/shop\/wenger-roadster-black-night-5\/"]}]},{"@type":"BreadcrumbList","@id":"https:\/\/watch4time.eu\/no\/shop\/wenger-roadster-black-night-5\/#breadcrumb","itemListElement":[{"@type":"ListItem","position":1,"name":"Hjem","item":"https:\/\/watch4time.eu\/"},{"@type":"ListItem","position":2,"name":"Shop","item":"https:\/\/watch4time.eu\/shop\/"},{"@type":"ListItem","position":3,"name":"Wenger Roadster Black Night 01.0851.124"}]}]}},"_links":{"self":[{"href":"https:\/\/watch4time.eu\/no\/wp-json\/wp\/v2\/product\/26702"}],"collection":[{"href":"https:\/\/watch4time.eu\/no\/wp-json\/wp\/v2\/product"}],"about":[{"href":"https:\/\/watch4time.eu\/no\/wp-json\/wp\/v2\/types\/product"}],"replies":[{"embeddable":true,"href":"https:\/\/watch4time.eu\/no\/wp-json\/wp\/v2\/comments?post=26702"}],"wp:featuredmedia":[{"embeddable":true,"href":"https:\/\/watch4time.eu\/no\/wp-json\/wp\/v2\/media\/26703"}],"wp:attachment":[{"href":"https:\/\/watch4time.eu\/no\/wp-json\/wp\/v2\/media?parent=26702"}],"wp:term":[{"taxonomy":"product_cat","embeddable":true,"href":"https:\/\/watch4time.eu\/no\/wp-json\/wp\/v2\/product_cat?post=26702"},{"taxonomy":"product_tag","embeddable":true,"href":"https:\/\/watch4time.eu\/no\/wp-json\/wp\/v2\/product_tag?post=26702"}],"curies":[{"name":"wp","href":"https:\/\/api.w.org\/{rel}","templated":true}]}}