{"id":25221,"date":"2019-04-16T21:07:22","date_gmt":"2019-04-16T19:07:22","guid":{"rendered":"https:\/\/watch4time.eu\/shop\/edox-les-bemonts-64012-37r-buir\/"},"modified":"2019-04-16T21:07:22","modified_gmt":"2019-04-16T19:07:22","slug":"edox-les-bemonts-64012-37r-buir","status":"publish","type":"product","link":"https:\/\/watch4time.eu\/no\/shop\/edox-les-bemonts-64012-37r-buir\/","title":{"rendered":"Edox Les B\u00e9monts 64012-37R-BUIR"},"content":{"rendered":"","protected":false},"excerpt":{"rendered":"<p>64012-37R-BUIR<\/p>\n<p>&nbsp;<\/p>\n<p>Dette Edox Les B\u00e9monts uret har en 40 mm. rustfritt st\u00e5l tilfelle. Klokken har datovisning, safirkrystallglass, sveitsisk kvartsbevegelse og er vanntett opp til 30 meter.<\/p>\n<p>N\u00e5r du kj\u00f8per dette produktet, kan du forvente lengre leveringstider.<\/p>\n","protected":false},"featured_media":25216,"comment_status":"closed","ping_status":"closed","template":"","meta":{"_mi_skip_tracking":false},"product_cat":[1323,1321,1472,1495],"product_tag":[],"yoast_head":"<!-- This site is optimized with the Yoast SEO plugin v18.5.1 - https:\/\/yoast.com\/wordpress\/plugins\/seo\/ -->\n<title>Edox Les B\u00e9monts 64012-37R-BUIR - Watch4Time<\/title>\n<meta name=\"robots\" content=\"index, follow, max-snippet:-1, max-image-preview:large, max-video-preview:-1\" \/>\n<link rel=\"canonical\" href=\"https:\/\/watch4time.eu\/no\/shop\/edox-les-bemonts-64012-37r-buir\/\" \/>\n<meta property=\"og:locale\" content=\"nb_NO\" \/>\n<meta property=\"og:type\" content=\"article\" \/>\n<meta property=\"og:title\" content=\"Edox Les B\u00e9monts 64012-37R-BUIR - Watch4Time\" \/>\n<meta property=\"og:description\" content=\"64012-37R-BUIR  &nbsp;  Dette Edox Les B\u00e9monts uret har en 40 mm. rustfritt st\u00e5l tilfelle. Klokken har datovisning, safirkrystallglass, sveitsisk kvartsbevegelse og er vanntett opp til 30 meter.  N\u00e5r du kj\u00f8per dette produktet, kan du forvente lengre leveringstider.\" \/>\n<meta property=\"og:url\" content=\"https:\/\/watch4time.eu\/no\/shop\/edox-les-bemonts-64012-37r-buir\/\" \/>\n<meta property=\"og:site_name\" content=\"Watch4Time\" \/>\n<meta property=\"og:image\" content=\"https:\/\/watch4time.eu\/wp-content\/uploads\/2019\/04\/64012-37r-buir.jpg\" \/>\n\t<meta property=\"og:image:width\" content=\"1000\" \/>\n\t<meta property=\"og:image:height\" content=\"1000\" \/>\n\t<meta property=\"og:image:type\" content=\"image\/jpeg\" \/>\n<meta name=\"twitter:card\" content=\"summary_large_image\" \/>\n<script type=\"application\/ld+json\" class=\"yoast-schema-graph\">{\"@context\":\"https:\/\/schema.org\",\"@graph\":[{\"@type\":\"WebSite\",\"@id\":\"https:\/\/watch4time.eu\/#website\",\"url\":\"https:\/\/watch4time.eu\/\",\"name\":\"Watch4Time\",\"description\":\"Exquisite watches for you\",\"potentialAction\":[{\"@type\":\"SearchAction\",\"target\":{\"@type\":\"EntryPoint\",\"urlTemplate\":\"https:\/\/watch4time.eu\/?s={search_term_string}\"},\"query-input\":\"required name=search_term_string\"}],\"inLanguage\":\"nb-NO\"},{\"@type\":\"ImageObject\",\"@id\":\"https:\/\/watch4time.eu\/no\/shop\/edox-les-bemonts-64012-37r-buir\/#primaryimage\",\"inLanguage\":\"nb-NO\",\"url\":\"https:\/\/watch4time.eu\/wp-content\/uploads\/2019\/04\/64012-37r-buir.jpg\",\"contentUrl\":\"https:\/\/watch4time.eu\/wp-content\/uploads\/2019\/04\/64012-37r-buir.jpg\",\"width\":1000,\"height\":1000},{\"@type\":\"WebPage\",\"@id\":\"https:\/\/watch4time.eu\/no\/shop\/edox-les-bemonts-64012-37r-buir\/#webpage\",\"url\":\"https:\/\/watch4time.eu\/no\/shop\/edox-les-bemonts-64012-37r-buir\/\",\"name\":\"Edox Les B\u00e9monts 64012-37R-BUIR - Watch4Time\",\"isPartOf\":{\"@id\":\"https:\/\/watch4time.eu\/#website\"},\"primaryImageOfPage\":{\"@id\":\"https:\/\/watch4time.eu\/no\/shop\/edox-les-bemonts-64012-37r-buir\/#primaryimage\"},\"datePublished\":\"2019-04-16T19:07:22+00:00\",\"dateModified\":\"2019-04-16T19:07:22+00:00\",\"breadcrumb\":{\"@id\":\"https:\/\/watch4time.eu\/no\/shop\/edox-les-bemonts-64012-37r-buir\/#breadcrumb\"},\"inLanguage\":\"nb-NO\",\"potentialAction\":[{\"@type\":\"ReadAction\",\"target\":[\"https:\/\/watch4time.eu\/no\/shop\/edox-les-bemonts-64012-37r-buir\/\"]}]},{\"@type\":\"BreadcrumbList\",\"@id\":\"https:\/\/watch4time.eu\/no\/shop\/edox-les-bemonts-64012-37r-buir\/#breadcrumb\",\"itemListElement\":[{\"@type\":\"ListItem\",\"position\":1,\"name\":\"Hjem\",\"item\":\"https:\/\/watch4time.eu\/\"},{\"@type\":\"ListItem\",\"position\":2,\"name\":\"Shop\",\"item\":\"https:\/\/watch4time.eu\/shop\/\"},{\"@type\":\"ListItem\",\"position\":3,\"name\":\"Edox Les B\u00e9monts 64012-37R-BUIR\"}]}]}<\/script>\n<!-- \/ Yoast SEO plugin. -->","yoast_head_json":{"title":"Edox Les B\u00e9monts 64012-37R-BUIR - Watch4Time","robots":{"index":"index","follow":"follow","max-snippet":"max-snippet:-1","max-image-preview":"max-image-preview:large","max-video-preview":"max-video-preview:-1"},"canonical":"https:\/\/watch4time.eu\/no\/shop\/edox-les-bemonts-64012-37r-buir\/","og_locale":"nb_NO","og_type":"article","og_title":"Edox Les B\u00e9monts 64012-37R-BUIR - Watch4Time","og_description":"64012-37R-BUIR  &nbsp;  Dette Edox Les B\u00e9monts uret har en 40 mm. rustfritt st\u00e5l tilfelle. Klokken har datovisning, safirkrystallglass, sveitsisk kvartsbevegelse og er vanntett opp til 30 meter.  N\u00e5r du kj\u00f8per dette produktet, kan du forvente lengre leveringstider.","og_url":"https:\/\/watch4time.eu\/no\/shop\/edox-les-bemonts-64012-37r-buir\/","og_site_name":"Watch4Time","og_image":[{"width":1000,"height":1000,"url":"https:\/\/watch4time.eu\/wp-content\/uploads\/2019\/04\/64012-37r-buir.jpg","type":"image\/jpeg"}],"twitter_card":"summary_large_image","schema":{"@context":"https:\/\/schema.org","@graph":[{"@type":"WebSite","@id":"https:\/\/watch4time.eu\/#website","url":"https:\/\/watch4time.eu\/","name":"Watch4Time","description":"Exquisite watches for you","potentialAction":[{"@type":"SearchAction","target":{"@type":"EntryPoint","urlTemplate":"https:\/\/watch4time.eu\/?s={search_term_string}"},"query-input":"required name=search_term_string"}],"inLanguage":"nb-NO"},{"@type":"ImageObject","@id":"https:\/\/watch4time.eu\/no\/shop\/edox-les-bemonts-64012-37r-buir\/#primaryimage","inLanguage":"nb-NO","url":"https:\/\/watch4time.eu\/wp-content\/uploads\/2019\/04\/64012-37r-buir.jpg","contentUrl":"https:\/\/watch4time.eu\/wp-content\/uploads\/2019\/04\/64012-37r-buir.jpg","width":1000,"height":1000},{"@type":"WebPage","@id":"https:\/\/watch4time.eu\/no\/shop\/edox-les-bemonts-64012-37r-buir\/#webpage","url":"https:\/\/watch4time.eu\/no\/shop\/edox-les-bemonts-64012-37r-buir\/","name":"Edox Les B\u00e9monts 64012-37R-BUIR - Watch4Time","isPartOf":{"@id":"https:\/\/watch4time.eu\/#website"},"primaryImageOfPage":{"@id":"https:\/\/watch4time.eu\/no\/shop\/edox-les-bemonts-64012-37r-buir\/#primaryimage"},"datePublished":"2019-04-16T19:07:22+00:00","dateModified":"2019-04-16T19:07:22+00:00","breadcrumb":{"@id":"https:\/\/watch4time.eu\/no\/shop\/edox-les-bemonts-64012-37r-buir\/#breadcrumb"},"inLanguage":"nb-NO","potentialAction":[{"@type":"ReadAction","target":["https:\/\/watch4time.eu\/no\/shop\/edox-les-bemonts-64012-37r-buir\/"]}]},{"@type":"BreadcrumbList","@id":"https:\/\/watch4time.eu\/no\/shop\/edox-les-bemonts-64012-37r-buir\/#breadcrumb","itemListElement":[{"@type":"ListItem","position":1,"name":"Hjem","item":"https:\/\/watch4time.eu\/"},{"@type":"ListItem","position":2,"name":"Shop","item":"https:\/\/watch4time.eu\/shop\/"},{"@type":"ListItem","position":3,"name":"Edox Les B\u00e9monts 64012-37R-BUIR"}]}]}},"_links":{"self":[{"href":"https:\/\/watch4time.eu\/no\/wp-json\/wp\/v2\/product\/25221"}],"collection":[{"href":"https:\/\/watch4time.eu\/no\/wp-json\/wp\/v2\/product"}],"about":[{"href":"https:\/\/watch4time.eu\/no\/wp-json\/wp\/v2\/types\/product"}],"replies":[{"embeddable":true,"href":"https:\/\/watch4time.eu\/no\/wp-json\/wp\/v2\/comments?post=25221"}],"wp:featuredmedia":[{"embeddable":true,"href":"https:\/\/watch4time.eu\/no\/wp-json\/wp\/v2\/media\/25216"}],"wp:attachment":[{"href":"https:\/\/watch4time.eu\/no\/wp-json\/wp\/v2\/media?parent=25221"}],"wp:term":[{"taxonomy":"product_cat","embeddable":true,"href":"https:\/\/watch4time.eu\/no\/wp-json\/wp\/v2\/product_cat?post=25221"},{"taxonomy":"product_tag","embeddable":true,"href":"https:\/\/watch4time.eu\/no\/wp-json\/wp\/v2\/product_tag?post=25221"}],"curies":[{"name":"wp","href":"https:\/\/api.w.org\/{rel}","templated":true}]}}