{"id":41885,"date":"2019-07-03T10:39:22","date_gmt":"2019-07-03T08:39:22","guid":{"rendered":"https:\/\/watch4time.eu\/shop\/ebel-sport-classic-1216454a\/"},"modified":"2019-07-03T10:41:20","modified_gmt":"2019-07-03T08:41:20","slug":"ebel-sport-classic-1216454a","status":"publish","type":"product","link":"https:\/\/watch4time.eu\/fi\/shop\/ebel-sport-classic-1216454a\/","title":{"rendered":"Ebel Sport Classic 1216454A"},"content":{"rendered":"","protected":false},"excerpt":{"rendered":"<p>1216454A<\/p>\n<p>&nbsp;<\/p>\n<p>T\u00e4m\u00e4 Ebel Sport Classic -kello on 29 mm. Ruostumattomasta ter\u00e4ksest\u00e4 valmistettu kotelo, jossa on 18 K kultaseppele ja jossa on automaattinen ETA 2000-1 -liike. Kellossa on harmaa galvaaninen valintakiekko, jossa on p\u00e4iv\u00e4m\u00e4\u00e4r\u00e4n\u00e4ytt\u00f6, 8 timanttia, safiirikristallilasi, jonka alla on antireflektiivinen hoito ja ruostumaton ter\u00e4s rannekoru.<\/p>\n<p>Timanttien m\u00e4\u00e4r\u00e4 &#8211; 8 \u00a0 \u00a0 \u00a0 Carat Diamonds &#8211; 0,0512<\/p>\n<p>&nbsp;<\/p>\n<p>Ostettaessa t\u00e4t\u00e4 tuotetta odotetaan pidempi\u00e4 toimitusaikoja.<\/p>\n","protected":false},"featured_media":41878,"comment_status":"closed","ping_status":"closed","template":"","meta":{"_mi_skip_tracking":false},"product_cat":[1363,1308,1362,1474],"product_tag":[],"yoast_head":"<!-- This site is optimized with the Yoast SEO plugin v18.5.1 - https:\/\/yoast.com\/wordpress\/plugins\/seo\/ -->\n<title>Ebel Sport Classic 1216454A - Watch4Time<\/title>\n<meta name=\"robots\" content=\"index, follow, max-snippet:-1, max-image-preview:large, max-video-preview:-1\" \/>\n<link rel=\"canonical\" href=\"https:\/\/watch4time.eu\/fi\/shop\/ebel-sport-classic-1216454a\/\" \/>\n<meta property=\"og:locale\" content=\"fi_FI\" \/>\n<meta property=\"og:type\" content=\"article\" \/>\n<meta property=\"og:title\" content=\"Ebel Sport Classic 1216454A - Watch4Time\" \/>\n<meta property=\"og:description\" content=\"1216454A  &nbsp;  T\u00e4m\u00e4 Ebel Sport Classic -kello on 29 mm. Ruostumattomasta ter\u00e4ksest\u00e4 valmistettu kotelo, jossa on 18 K kultaseppele ja jossa on automaattinen ETA 2000-1 -liike. Kellossa on harmaa galvaaninen valintakiekko, jossa on p\u00e4iv\u00e4m\u00e4\u00e4r\u00e4n\u00e4ytt\u00f6, 8 timanttia, safiirikristallilasi, jonka alla on antireflektiivinen hoito ja ruostumaton ter\u00e4s rannekoru.  Timanttien m\u00e4\u00e4r\u00e4 - 8 \u00a0 \u00a0 \u00a0 Carat Diamonds - 0,0512  &nbsp;  Ostettaessa t\u00e4t\u00e4 tuotetta odotetaan pidempi\u00e4 toimitusaikoja.\" \/>\n<meta property=\"og:url\" content=\"https:\/\/watch4time.eu\/fi\/shop\/ebel-sport-classic-1216454a\/\" \/>\n<meta property=\"og:site_name\" content=\"Watch4Time\" \/>\n<meta property=\"article:modified_time\" content=\"2019-07-03T08:41:20+00:00\" \/>\n<meta property=\"og:image\" content=\"https:\/\/watch4time.eu\/wp-content\/uploads\/2019\/07\/1216454A.jpg\" \/>\n\t<meta property=\"og:image:width\" content=\"1000\" \/>\n\t<meta property=\"og:image:height\" content=\"1000\" \/>\n\t<meta property=\"og:image:type\" content=\"image\/jpeg\" \/>\n<meta name=\"twitter:card\" content=\"summary_large_image\" \/>\n<script type=\"application\/ld+json\" class=\"yoast-schema-graph\">{\"@context\":\"https:\/\/schema.org\",\"@graph\":[{\"@type\":\"WebSite\",\"@id\":\"https:\/\/watch4time.eu\/#website\",\"url\":\"https:\/\/watch4time.eu\/\",\"name\":\"Watch4Time\",\"description\":\"Exquisite watches for you\",\"potentialAction\":[{\"@type\":\"SearchAction\",\"target\":{\"@type\":\"EntryPoint\",\"urlTemplate\":\"https:\/\/watch4time.eu\/?s={search_term_string}\"},\"query-input\":\"required name=search_term_string\"}],\"inLanguage\":\"fi\"},{\"@type\":\"ImageObject\",\"@id\":\"https:\/\/watch4time.eu\/fi\/shop\/ebel-sport-classic-1216454a\/#primaryimage\",\"inLanguage\":\"fi\",\"url\":\"https:\/\/watch4time.eu\/wp-content\/uploads\/2019\/07\/1216454A.jpg\",\"contentUrl\":\"https:\/\/watch4time.eu\/wp-content\/uploads\/2019\/07\/1216454A.jpg\",\"width\":1000,\"height\":1000},{\"@type\":\"WebPage\",\"@id\":\"https:\/\/watch4time.eu\/fi\/shop\/ebel-sport-classic-1216454a\/#webpage\",\"url\":\"https:\/\/watch4time.eu\/fi\/shop\/ebel-sport-classic-1216454a\/\",\"name\":\"Ebel Sport Classic 1216454A - Watch4Time\",\"isPartOf\":{\"@id\":\"https:\/\/watch4time.eu\/#website\"},\"primaryImageOfPage\":{\"@id\":\"https:\/\/watch4time.eu\/fi\/shop\/ebel-sport-classic-1216454a\/#primaryimage\"},\"datePublished\":\"2019-07-03T08:39:22+00:00\",\"dateModified\":\"2019-07-03T08:41:20+00:00\",\"breadcrumb\":{\"@id\":\"https:\/\/watch4time.eu\/fi\/shop\/ebel-sport-classic-1216454a\/#breadcrumb\"},\"inLanguage\":\"fi\",\"potentialAction\":[{\"@type\":\"ReadAction\",\"target\":[\"https:\/\/watch4time.eu\/fi\/shop\/ebel-sport-classic-1216454a\/\"]}]},{\"@type\":\"BreadcrumbList\",\"@id\":\"https:\/\/watch4time.eu\/fi\/shop\/ebel-sport-classic-1216454a\/#breadcrumb\",\"itemListElement\":[{\"@type\":\"ListItem\",\"position\":1,\"name\":\"Hjem\",\"item\":\"https:\/\/watch4time.eu\/\"},{\"@type\":\"ListItem\",\"position\":2,\"name\":\"Shop\",\"item\":\"https:\/\/watch4time.eu\/shop\/\"},{\"@type\":\"ListItem\",\"position\":3,\"name\":\"Ebel Sport Classic 1216454A\"}]}]}<\/script>\n<!-- \/ Yoast SEO plugin. -->","yoast_head_json":{"title":"Ebel Sport Classic 1216454A - Watch4Time","robots":{"index":"index","follow":"follow","max-snippet":"max-snippet:-1","max-image-preview":"max-image-preview:large","max-video-preview":"max-video-preview:-1"},"canonical":"https:\/\/watch4time.eu\/fi\/shop\/ebel-sport-classic-1216454a\/","og_locale":"fi_FI","og_type":"article","og_title":"Ebel Sport Classic 1216454A - Watch4Time","og_description":"1216454A  &nbsp;  T\u00e4m\u00e4 Ebel Sport Classic -kello on 29 mm. Ruostumattomasta ter\u00e4ksest\u00e4 valmistettu kotelo, jossa on 18 K kultaseppele ja jossa on automaattinen ETA 2000-1 -liike. Kellossa on harmaa galvaaninen valintakiekko, jossa on p\u00e4iv\u00e4m\u00e4\u00e4r\u00e4n\u00e4ytt\u00f6, 8 timanttia, safiirikristallilasi, jonka alla on antireflektiivinen hoito ja ruostumaton ter\u00e4s rannekoru.  Timanttien m\u00e4\u00e4r\u00e4 - 8 \u00a0 \u00a0 \u00a0 Carat Diamonds - 0,0512  &nbsp;  Ostettaessa t\u00e4t\u00e4 tuotetta odotetaan pidempi\u00e4 toimitusaikoja.","og_url":"https:\/\/watch4time.eu\/fi\/shop\/ebel-sport-classic-1216454a\/","og_site_name":"Watch4Time","article_modified_time":"2019-07-03T08:41:20+00:00","og_image":[{"width":1000,"height":1000,"url":"https:\/\/watch4time.eu\/wp-content\/uploads\/2019\/07\/1216454A.jpg","type":"image\/jpeg"}],"twitter_card":"summary_large_image","schema":{"@context":"https:\/\/schema.org","@graph":[{"@type":"WebSite","@id":"https:\/\/watch4time.eu\/#website","url":"https:\/\/watch4time.eu\/","name":"Watch4Time","description":"Exquisite watches for you","potentialAction":[{"@type":"SearchAction","target":{"@type":"EntryPoint","urlTemplate":"https:\/\/watch4time.eu\/?s={search_term_string}"},"query-input":"required name=search_term_string"}],"inLanguage":"fi"},{"@type":"ImageObject","@id":"https:\/\/watch4time.eu\/fi\/shop\/ebel-sport-classic-1216454a\/#primaryimage","inLanguage":"fi","url":"https:\/\/watch4time.eu\/wp-content\/uploads\/2019\/07\/1216454A.jpg","contentUrl":"https:\/\/watch4time.eu\/wp-content\/uploads\/2019\/07\/1216454A.jpg","width":1000,"height":1000},{"@type":"WebPage","@id":"https:\/\/watch4time.eu\/fi\/shop\/ebel-sport-classic-1216454a\/#webpage","url":"https:\/\/watch4time.eu\/fi\/shop\/ebel-sport-classic-1216454a\/","name":"Ebel Sport Classic 1216454A - Watch4Time","isPartOf":{"@id":"https:\/\/watch4time.eu\/#website"},"primaryImageOfPage":{"@id":"https:\/\/watch4time.eu\/fi\/shop\/ebel-sport-classic-1216454a\/#primaryimage"},"datePublished":"2019-07-03T08:39:22+00:00","dateModified":"2019-07-03T08:41:20+00:00","breadcrumb":{"@id":"https:\/\/watch4time.eu\/fi\/shop\/ebel-sport-classic-1216454a\/#breadcrumb"},"inLanguage":"fi","potentialAction":[{"@type":"ReadAction","target":["https:\/\/watch4time.eu\/fi\/shop\/ebel-sport-classic-1216454a\/"]}]},{"@type":"BreadcrumbList","@id":"https:\/\/watch4time.eu\/fi\/shop\/ebel-sport-classic-1216454a\/#breadcrumb","itemListElement":[{"@type":"ListItem","position":1,"name":"Hjem","item":"https:\/\/watch4time.eu\/"},{"@type":"ListItem","position":2,"name":"Shop","item":"https:\/\/watch4time.eu\/shop\/"},{"@type":"ListItem","position":3,"name":"Ebel Sport Classic 1216454A"}]}]}},"_links":{"self":[{"href":"https:\/\/watch4time.eu\/fi\/wp-json\/wp\/v2\/product\/41885"}],"collection":[{"href":"https:\/\/watch4time.eu\/fi\/wp-json\/wp\/v2\/product"}],"about":[{"href":"https:\/\/watch4time.eu\/fi\/wp-json\/wp\/v2\/types\/product"}],"replies":[{"embeddable":true,"href":"https:\/\/watch4time.eu\/fi\/wp-json\/wp\/v2\/comments?post=41885"}],"wp:featuredmedia":[{"embeddable":true,"href":"https:\/\/watch4time.eu\/fi\/wp-json\/wp\/v2\/media\/41878"}],"wp:attachment":[{"href":"https:\/\/watch4time.eu\/fi\/wp-json\/wp\/v2\/media?parent=41885"}],"wp:term":[{"taxonomy":"product_cat","embeddable":true,"href":"https:\/\/watch4time.eu\/fi\/wp-json\/wp\/v2\/product_cat?post=41885"},{"taxonomy":"product_tag","embeddable":true,"href":"https:\/\/watch4time.eu\/fi\/wp-json\/wp\/v2\/product_tag?post=41885"}],"curies":[{"name":"wp","href":"https:\/\/api.w.org\/{rel}","templated":true}]}}