{"id":39795,"date":"2018-06-27T16:16:56","date_gmt":"2018-06-27T14:16:56","guid":{"rendered":"https:\/\/watch4time.eu\/shop\/oregon-scientific-28\/"},"modified":"2021-09-20T10:46:03","modified_gmt":"2021-09-20T08:46:03","slug":"oregon-scientific-28","status":"publish","type":"product","link":"https:\/\/watch4time.eu\/fi\/shop\/oregon-scientific-28\/","title":{"rendered":"Oregon Scientific WMR300"},"content":{"rendered":"","protected":false},"excerpt":{"rendered":"<p>WMR300<\/p>\n<p>&nbsp;<\/p>\n<p>T\u00e4m\u00e4 ammatillinen s\u00e4\u00e4asema ker\u00e4\u00e4 ja lataa automaattisesti tarkkoja ja yksityiskohtaisia s\u00e4\u00e4tietoja, mik\u00e4 mahdollistaa helpon p\u00e4\u00e4syn pitk\u00e4n aikav\u00e4lin s\u00e4\u00e4malleihin. Yksil\u00f6lliset tallennusv\u00e4li-asetukset mahdollistavat tietojen ker\u00e4\u00e4misen ja tallentamisen tietojenker\u00e4\u00e4j\u00e4n kautta tietyin v\u00e4liajoin tutkimuksen ja tutkimuksen k\u00e4yt\u00f6n parantamiseksi. Tien asemalla on helppo seurata mikroklimatilaa maaper\u00e4n ja viljelyn k\u00e4sittelyyn, ker\u00e4t\u00e4 ja analysoida s\u00e4\u00e4tietoja vaikeassa maastossa ja paljon muuta.<\/p>\n","protected":false},"featured_media":39780,"comment_status":"closed","ping_status":"closed","template":"","meta":{"_mi_skip_tracking":false},"product_cat":[1645,1513,1654],"product_tag":[],"yoast_head":"<!-- This site is optimized with the Yoast SEO plugin v18.5.1 - https:\/\/yoast.com\/wordpress\/plugins\/seo\/ -->\n<title>Oregon Scientific WMR300 - Watch4Time<\/title>\n<meta name=\"robots\" content=\"index, follow, max-snippet:-1, max-image-preview:large, max-video-preview:-1\" \/>\n<link rel=\"canonical\" href=\"https:\/\/watch4time.eu\/fi\/shop\/oregon-scientific-28\/\" \/>\n<meta property=\"og:locale\" content=\"fi_FI\" \/>\n<meta property=\"og:type\" content=\"article\" \/>\n<meta property=\"og:title\" content=\"Oregon Scientific WMR300 - Watch4Time\" \/>\n<meta property=\"og:description\" content=\"WMR300  &nbsp;  T\u00e4m\u00e4 ammatillinen s\u00e4\u00e4asema ker\u00e4\u00e4 ja lataa automaattisesti tarkkoja ja yksityiskohtaisia s\u00e4\u00e4tietoja, mik\u00e4 mahdollistaa helpon p\u00e4\u00e4syn pitk\u00e4n aikav\u00e4lin s\u00e4\u00e4malleihin. Yksil\u00f6lliset tallennusv\u00e4li-asetukset mahdollistavat tietojen ker\u00e4\u00e4misen ja tallentamisen tietojenker\u00e4\u00e4j\u00e4n kautta tietyin v\u00e4liajoin tutkimuksen ja tutkimuksen k\u00e4yt\u00f6n parantamiseksi. Tien asemalla on helppo seurata mikroklimatilaa maaper\u00e4n ja viljelyn k\u00e4sittelyyn, ker\u00e4t\u00e4 ja analysoida s\u00e4\u00e4tietoja vaikeassa maastossa ja paljon muuta.\" \/>\n<meta property=\"og:url\" content=\"https:\/\/watch4time.eu\/fi\/shop\/oregon-scientific-28\/\" \/>\n<meta property=\"og:site_name\" content=\"Watch4Time\" \/>\n<meta property=\"article:modified_time\" content=\"2021-09-20T08:46:03+00:00\" \/>\n<meta property=\"og:image\" content=\"https:\/\/watch4time.eu\/wp-content\/uploads\/2018\/06\/WMR300_MainUnit_NoShadow.jpg\" \/>\n\t<meta property=\"og:image:width\" content=\"1000\" \/>\n\t<meta property=\"og:image:height\" content=\"1000\" \/>\n\t<meta property=\"og:image:type\" content=\"image\/jpeg\" \/>\n<meta name=\"twitter:card\" content=\"summary_large_image\" \/>\n<script type=\"application\/ld+json\" class=\"yoast-schema-graph\">{\"@context\":\"https:\/\/schema.org\",\"@graph\":[{\"@type\":\"WebSite\",\"@id\":\"https:\/\/watch4time.eu\/#website\",\"url\":\"https:\/\/watch4time.eu\/\",\"name\":\"Watch4Time\",\"description\":\"Exquisite watches for you\",\"potentialAction\":[{\"@type\":\"SearchAction\",\"target\":{\"@type\":\"EntryPoint\",\"urlTemplate\":\"https:\/\/watch4time.eu\/?s={search_term_string}\"},\"query-input\":\"required name=search_term_string\"}],\"inLanguage\":\"fi\"},{\"@type\":\"ImageObject\",\"@id\":\"https:\/\/watch4time.eu\/fi\/shop\/oregon-scientific-28\/#primaryimage\",\"inLanguage\":\"fi\",\"url\":\"https:\/\/watch4time.eu\/wp-content\/uploads\/2018\/06\/WMR300_MainUnit_NoShadow.jpg\",\"contentUrl\":\"https:\/\/watch4time.eu\/wp-content\/uploads\/2018\/06\/WMR300_MainUnit_NoShadow.jpg\",\"width\":1000,\"height\":1000},{\"@type\":\"WebPage\",\"@id\":\"https:\/\/watch4time.eu\/fi\/shop\/oregon-scientific-28\/#webpage\",\"url\":\"https:\/\/watch4time.eu\/fi\/shop\/oregon-scientific-28\/\",\"name\":\"Oregon Scientific WMR300 - Watch4Time\",\"isPartOf\":{\"@id\":\"https:\/\/watch4time.eu\/#website\"},\"primaryImageOfPage\":{\"@id\":\"https:\/\/watch4time.eu\/fi\/shop\/oregon-scientific-28\/#primaryimage\"},\"datePublished\":\"2018-06-27T14:16:56+00:00\",\"dateModified\":\"2021-09-20T08:46:03+00:00\",\"breadcrumb\":{\"@id\":\"https:\/\/watch4time.eu\/fi\/shop\/oregon-scientific-28\/#breadcrumb\"},\"inLanguage\":\"fi\",\"potentialAction\":[{\"@type\":\"ReadAction\",\"target\":[\"https:\/\/watch4time.eu\/fi\/shop\/oregon-scientific-28\/\"]}]},{\"@type\":\"BreadcrumbList\",\"@id\":\"https:\/\/watch4time.eu\/fi\/shop\/oregon-scientific-28\/#breadcrumb\",\"itemListElement\":[{\"@type\":\"ListItem\",\"position\":1,\"name\":\"Hjem\",\"item\":\"https:\/\/watch4time.eu\/\"},{\"@type\":\"ListItem\",\"position\":2,\"name\":\"Shop\",\"item\":\"https:\/\/watch4time.eu\/shop\/\"},{\"@type\":\"ListItem\",\"position\":3,\"name\":\"Oregon Scientific WMR300\"}]}]}<\/script>\n<!-- \/ Yoast SEO plugin. -->","yoast_head_json":{"title":"Oregon Scientific WMR300 - Watch4Time","robots":{"index":"index","follow":"follow","max-snippet":"max-snippet:-1","max-image-preview":"max-image-preview:large","max-video-preview":"max-video-preview:-1"},"canonical":"https:\/\/watch4time.eu\/fi\/shop\/oregon-scientific-28\/","og_locale":"fi_FI","og_type":"article","og_title":"Oregon Scientific WMR300 - Watch4Time","og_description":"WMR300  &nbsp;  T\u00e4m\u00e4 ammatillinen s\u00e4\u00e4asema ker\u00e4\u00e4 ja lataa automaattisesti tarkkoja ja yksityiskohtaisia s\u00e4\u00e4tietoja, mik\u00e4 mahdollistaa helpon p\u00e4\u00e4syn pitk\u00e4n aikav\u00e4lin s\u00e4\u00e4malleihin. Yksil\u00f6lliset tallennusv\u00e4li-asetukset mahdollistavat tietojen ker\u00e4\u00e4misen ja tallentamisen tietojenker\u00e4\u00e4j\u00e4n kautta tietyin v\u00e4liajoin tutkimuksen ja tutkimuksen k\u00e4yt\u00f6n parantamiseksi. Tien asemalla on helppo seurata mikroklimatilaa maaper\u00e4n ja viljelyn k\u00e4sittelyyn, ker\u00e4t\u00e4 ja analysoida s\u00e4\u00e4tietoja vaikeassa maastossa ja paljon muuta.","og_url":"https:\/\/watch4time.eu\/fi\/shop\/oregon-scientific-28\/","og_site_name":"Watch4Time","article_modified_time":"2021-09-20T08:46:03+00:00","og_image":[{"width":1000,"height":1000,"url":"https:\/\/watch4time.eu\/wp-content\/uploads\/2018\/06\/WMR300_MainUnit_NoShadow.jpg","type":"image\/jpeg"}],"twitter_card":"summary_large_image","schema":{"@context":"https:\/\/schema.org","@graph":[{"@type":"WebSite","@id":"https:\/\/watch4time.eu\/#website","url":"https:\/\/watch4time.eu\/","name":"Watch4Time","description":"Exquisite watches for you","potentialAction":[{"@type":"SearchAction","target":{"@type":"EntryPoint","urlTemplate":"https:\/\/watch4time.eu\/?s={search_term_string}"},"query-input":"required name=search_term_string"}],"inLanguage":"fi"},{"@type":"ImageObject","@id":"https:\/\/watch4time.eu\/fi\/shop\/oregon-scientific-28\/#primaryimage","inLanguage":"fi","url":"https:\/\/watch4time.eu\/wp-content\/uploads\/2018\/06\/WMR300_MainUnit_NoShadow.jpg","contentUrl":"https:\/\/watch4time.eu\/wp-content\/uploads\/2018\/06\/WMR300_MainUnit_NoShadow.jpg","width":1000,"height":1000},{"@type":"WebPage","@id":"https:\/\/watch4time.eu\/fi\/shop\/oregon-scientific-28\/#webpage","url":"https:\/\/watch4time.eu\/fi\/shop\/oregon-scientific-28\/","name":"Oregon Scientific WMR300 - Watch4Time","isPartOf":{"@id":"https:\/\/watch4time.eu\/#website"},"primaryImageOfPage":{"@id":"https:\/\/watch4time.eu\/fi\/shop\/oregon-scientific-28\/#primaryimage"},"datePublished":"2018-06-27T14:16:56+00:00","dateModified":"2021-09-20T08:46:03+00:00","breadcrumb":{"@id":"https:\/\/watch4time.eu\/fi\/shop\/oregon-scientific-28\/#breadcrumb"},"inLanguage":"fi","potentialAction":[{"@type":"ReadAction","target":["https:\/\/watch4time.eu\/fi\/shop\/oregon-scientific-28\/"]}]},{"@type":"BreadcrumbList","@id":"https:\/\/watch4time.eu\/fi\/shop\/oregon-scientific-28\/#breadcrumb","itemListElement":[{"@type":"ListItem","position":1,"name":"Hjem","item":"https:\/\/watch4time.eu\/"},{"@type":"ListItem","position":2,"name":"Shop","item":"https:\/\/watch4time.eu\/shop\/"},{"@type":"ListItem","position":3,"name":"Oregon Scientific WMR300"}]}]}},"_links":{"self":[{"href":"https:\/\/watch4time.eu\/fi\/wp-json\/wp\/v2\/product\/39795"}],"collection":[{"href":"https:\/\/watch4time.eu\/fi\/wp-json\/wp\/v2\/product"}],"about":[{"href":"https:\/\/watch4time.eu\/fi\/wp-json\/wp\/v2\/types\/product"}],"replies":[{"embeddable":true,"href":"https:\/\/watch4time.eu\/fi\/wp-json\/wp\/v2\/comments?post=39795"}],"wp:featuredmedia":[{"embeddable":true,"href":"https:\/\/watch4time.eu\/fi\/wp-json\/wp\/v2\/media\/39780"}],"wp:attachment":[{"href":"https:\/\/watch4time.eu\/fi\/wp-json\/wp\/v2\/media?parent=39795"}],"wp:term":[{"taxonomy":"product_cat","embeddable":true,"href":"https:\/\/watch4time.eu\/fi\/wp-json\/wp\/v2\/product_cat?post=39795"},{"taxonomy":"product_tag","embeddable":true,"href":"https:\/\/watch4time.eu\/fi\/wp-json\/wp\/v2\/product_tag?post=39795"}],"curies":[{"name":"wp","href":"https:\/\/api.w.org\/{rel}","templated":true}]}}