{"id":35020,"date":"2018-04-19T15:49:41","date_gmt":"2018-04-19T13:49:41","guid":{"rendered":"https:\/\/watch4time.eu\/shop\/wenger-avenue-9\/"},"modified":"2018-04-19T15:49:41","modified_gmt":"2018-04-19T13:49:41","slug":"wenger-avenue-9","status":"publish","type":"product","link":"https:\/\/watch4time.eu\/fi\/shop\/wenger-avenue-9\/","title":{"rendered":"Wenger Avenue 01.1621.109"},"content":{"rendered":"","protected":false},"excerpt":{"rendered":"<p>01.1621.109<\/p>\n<p>&nbsp;<\/p>\n<p>T\u00e4m\u00e4 Wenger Avenue-kello on 35 mm. ruostumattomasta ter\u00e4ksest\u00e4 valmistettu kotelo, jossa on sveitsil\u00e4inen kvartsiliike. T\u00e4m\u00e4 yksinkertainen ja klassinen muotoilu on erottuva. Siin\u00e4 on suuri puhdas soittaa, jossa on loistavat k\u00e4det, jotka tarjoavat t\u00e4ydellisen luettavuuden, joten Avenue on hyv\u00e4 jokap\u00e4iv\u00e4inen kello. Sen valikoima on v\u00e4rikk\u00e4it\u00e4 hihnoja tai perinteisi\u00e4 rannekkeita, ja se tarjoaa ainutlaatuisen kyvyn n\u00e4ytt\u00e4\u00e4 tyylisi tehokkaasti.<\/p>\n","protected":false},"featured_media":34985,"comment_status":"closed","ping_status":"closed","template":"","meta":{"_mi_skip_tracking":false},"product_cat":[1379,1308,1573,1579],"product_tag":[],"yoast_head":"<!-- This site is optimized with the Yoast SEO plugin v18.5.1 - https:\/\/yoast.com\/wordpress\/plugins\/seo\/ -->\n<title>Wenger Avenue 01.1621.109 - Watch4Time<\/title>\n<meta name=\"robots\" content=\"index, follow, max-snippet:-1, max-image-preview:large, max-video-preview:-1\" \/>\n<link rel=\"canonical\" href=\"https:\/\/watch4time.eu\/fi\/shop\/wenger-avenue-9\/\" \/>\n<meta property=\"og:locale\" content=\"fi_FI\" \/>\n<meta property=\"og:type\" content=\"article\" \/>\n<meta property=\"og:title\" content=\"Wenger Avenue 01.1621.109 - Watch4Time\" \/>\n<meta property=\"og:description\" content=\"01.1621.109  &nbsp;  T\u00e4m\u00e4 Wenger Avenue-kello on 35 mm. ruostumattomasta ter\u00e4ksest\u00e4 valmistettu kotelo, jossa on sveitsil\u00e4inen kvartsiliike. T\u00e4m\u00e4 yksinkertainen ja klassinen muotoilu on erottuva. Siin\u00e4 on suuri puhdas soittaa, jossa on loistavat k\u00e4det, jotka tarjoavat t\u00e4ydellisen luettavuuden, joten Avenue on hyv\u00e4 jokap\u00e4iv\u00e4inen kello. Sen valikoima on v\u00e4rikk\u00e4it\u00e4 hihnoja tai perinteisi\u00e4 rannekkeita, ja se tarjoaa ainutlaatuisen kyvyn n\u00e4ytt\u00e4\u00e4 tyylisi tehokkaasti.\" \/>\n<meta property=\"og:url\" content=\"https:\/\/watch4time.eu\/fi\/shop\/wenger-avenue-9\/\" \/>\n<meta property=\"og:site_name\" content=\"Watch4Time\" \/>\n<meta property=\"og:image\" content=\"https:\/\/watch4time.eu\/wp-content\/uploads\/2018\/04\/01.1621.109.jpg\" \/>\n\t<meta property=\"og:image:width\" content=\"1000\" \/>\n\t<meta property=\"og:image:height\" content=\"1000\" \/>\n\t<meta property=\"og:image:type\" content=\"image\/jpeg\" \/>\n<meta name=\"twitter:card\" content=\"summary_large_image\" \/>\n<script type=\"application\/ld+json\" class=\"yoast-schema-graph\">{\"@context\":\"https:\/\/schema.org\",\"@graph\":[{\"@type\":\"WebSite\",\"@id\":\"https:\/\/watch4time.eu\/#website\",\"url\":\"https:\/\/watch4time.eu\/\",\"name\":\"Watch4Time\",\"description\":\"Exquisite watches for you\",\"potentialAction\":[{\"@type\":\"SearchAction\",\"target\":{\"@type\":\"EntryPoint\",\"urlTemplate\":\"https:\/\/watch4time.eu\/?s={search_term_string}\"},\"query-input\":\"required name=search_term_string\"}],\"inLanguage\":\"fi\"},{\"@type\":\"ImageObject\",\"@id\":\"https:\/\/watch4time.eu\/fi\/shop\/wenger-avenue-9\/#primaryimage\",\"inLanguage\":\"fi\",\"url\":\"https:\/\/watch4time.eu\/wp-content\/uploads\/2018\/04\/01.1621.109.jpg\",\"contentUrl\":\"https:\/\/watch4time.eu\/wp-content\/uploads\/2018\/04\/01.1621.109.jpg\",\"width\":1000,\"height\":1000},{\"@type\":\"WebPage\",\"@id\":\"https:\/\/watch4time.eu\/fi\/shop\/wenger-avenue-9\/#webpage\",\"url\":\"https:\/\/watch4time.eu\/fi\/shop\/wenger-avenue-9\/\",\"name\":\"Wenger Avenue 01.1621.109 - Watch4Time\",\"isPartOf\":{\"@id\":\"https:\/\/watch4time.eu\/#website\"},\"primaryImageOfPage\":{\"@id\":\"https:\/\/watch4time.eu\/fi\/shop\/wenger-avenue-9\/#primaryimage\"},\"datePublished\":\"2018-04-19T13:49:41+00:00\",\"dateModified\":\"2018-04-19T13:49:41+00:00\",\"breadcrumb\":{\"@id\":\"https:\/\/watch4time.eu\/fi\/shop\/wenger-avenue-9\/#breadcrumb\"},\"inLanguage\":\"fi\",\"potentialAction\":[{\"@type\":\"ReadAction\",\"target\":[\"https:\/\/watch4time.eu\/fi\/shop\/wenger-avenue-9\/\"]}]},{\"@type\":\"BreadcrumbList\",\"@id\":\"https:\/\/watch4time.eu\/fi\/shop\/wenger-avenue-9\/#breadcrumb\",\"itemListElement\":[{\"@type\":\"ListItem\",\"position\":1,\"name\":\"Hjem\",\"item\":\"https:\/\/watch4time.eu\/\"},{\"@type\":\"ListItem\",\"position\":2,\"name\":\"Shop\",\"item\":\"https:\/\/watch4time.eu\/shop\/\"},{\"@type\":\"ListItem\",\"position\":3,\"name\":\"Wenger Avenue 01.1621.109\"}]}]}<\/script>\n<!-- \/ Yoast SEO plugin. -->","yoast_head_json":{"title":"Wenger Avenue 01.1621.109 - Watch4Time","robots":{"index":"index","follow":"follow","max-snippet":"max-snippet:-1","max-image-preview":"max-image-preview:large","max-video-preview":"max-video-preview:-1"},"canonical":"https:\/\/watch4time.eu\/fi\/shop\/wenger-avenue-9\/","og_locale":"fi_FI","og_type":"article","og_title":"Wenger Avenue 01.1621.109 - Watch4Time","og_description":"01.1621.109  &nbsp;  T\u00e4m\u00e4 Wenger Avenue-kello on 35 mm. ruostumattomasta ter\u00e4ksest\u00e4 valmistettu kotelo, jossa on sveitsil\u00e4inen kvartsiliike. T\u00e4m\u00e4 yksinkertainen ja klassinen muotoilu on erottuva. Siin\u00e4 on suuri puhdas soittaa, jossa on loistavat k\u00e4det, jotka tarjoavat t\u00e4ydellisen luettavuuden, joten Avenue on hyv\u00e4 jokap\u00e4iv\u00e4inen kello. Sen valikoima on v\u00e4rikk\u00e4it\u00e4 hihnoja tai perinteisi\u00e4 rannekkeita, ja se tarjoaa ainutlaatuisen kyvyn n\u00e4ytt\u00e4\u00e4 tyylisi tehokkaasti.","og_url":"https:\/\/watch4time.eu\/fi\/shop\/wenger-avenue-9\/","og_site_name":"Watch4Time","og_image":[{"width":1000,"height":1000,"url":"https:\/\/watch4time.eu\/wp-content\/uploads\/2018\/04\/01.1621.109.jpg","type":"image\/jpeg"}],"twitter_card":"summary_large_image","schema":{"@context":"https:\/\/schema.org","@graph":[{"@type":"WebSite","@id":"https:\/\/watch4time.eu\/#website","url":"https:\/\/watch4time.eu\/","name":"Watch4Time","description":"Exquisite watches for you","potentialAction":[{"@type":"SearchAction","target":{"@type":"EntryPoint","urlTemplate":"https:\/\/watch4time.eu\/?s={search_term_string}"},"query-input":"required name=search_term_string"}],"inLanguage":"fi"},{"@type":"ImageObject","@id":"https:\/\/watch4time.eu\/fi\/shop\/wenger-avenue-9\/#primaryimage","inLanguage":"fi","url":"https:\/\/watch4time.eu\/wp-content\/uploads\/2018\/04\/01.1621.109.jpg","contentUrl":"https:\/\/watch4time.eu\/wp-content\/uploads\/2018\/04\/01.1621.109.jpg","width":1000,"height":1000},{"@type":"WebPage","@id":"https:\/\/watch4time.eu\/fi\/shop\/wenger-avenue-9\/#webpage","url":"https:\/\/watch4time.eu\/fi\/shop\/wenger-avenue-9\/","name":"Wenger Avenue 01.1621.109 - Watch4Time","isPartOf":{"@id":"https:\/\/watch4time.eu\/#website"},"primaryImageOfPage":{"@id":"https:\/\/watch4time.eu\/fi\/shop\/wenger-avenue-9\/#primaryimage"},"datePublished":"2018-04-19T13:49:41+00:00","dateModified":"2018-04-19T13:49:41+00:00","breadcrumb":{"@id":"https:\/\/watch4time.eu\/fi\/shop\/wenger-avenue-9\/#breadcrumb"},"inLanguage":"fi","potentialAction":[{"@type":"ReadAction","target":["https:\/\/watch4time.eu\/fi\/shop\/wenger-avenue-9\/"]}]},{"@type":"BreadcrumbList","@id":"https:\/\/watch4time.eu\/fi\/shop\/wenger-avenue-9\/#breadcrumb","itemListElement":[{"@type":"ListItem","position":1,"name":"Hjem","item":"https:\/\/watch4time.eu\/"},{"@type":"ListItem","position":2,"name":"Shop","item":"https:\/\/watch4time.eu\/shop\/"},{"@type":"ListItem","position":3,"name":"Wenger Avenue 01.1621.109"}]}]}},"_links":{"self":[{"href":"https:\/\/watch4time.eu\/fi\/wp-json\/wp\/v2\/product\/35020"}],"collection":[{"href":"https:\/\/watch4time.eu\/fi\/wp-json\/wp\/v2\/product"}],"about":[{"href":"https:\/\/watch4time.eu\/fi\/wp-json\/wp\/v2\/types\/product"}],"replies":[{"embeddable":true,"href":"https:\/\/watch4time.eu\/fi\/wp-json\/wp\/v2\/comments?post=35020"}],"wp:featuredmedia":[{"embeddable":true,"href":"https:\/\/watch4time.eu\/fi\/wp-json\/wp\/v2\/media\/34985"}],"wp:attachment":[{"href":"https:\/\/watch4time.eu\/fi\/wp-json\/wp\/v2\/media?parent=35020"}],"wp:term":[{"taxonomy":"product_cat","embeddable":true,"href":"https:\/\/watch4time.eu\/fi\/wp-json\/wp\/v2\/product_cat?post=35020"},{"taxonomy":"product_tag","embeddable":true,"href":"https:\/\/watch4time.eu\/fi\/wp-json\/wp\/v2\/product_tag?post=35020"}],"curies":[{"name":"wp","href":"https:\/\/api.w.org\/{rel}","templated":true}]}}