{"id":28756,"date":"2018-03-05T15:28:53","date_gmt":"2018-03-05T14:28:53","guid":{"rendered":"https:\/\/watch4time.eu\/shop\/danish-design-337\/"},"modified":"2018-03-05T15:28:53","modified_gmt":"2018-03-05T14:28:53","slug":"danish-design-337","status":"publish","type":"product","link":"https:\/\/watch4time.eu\/fi\/shop\/danish-design-337\/","title":{"rendered":"Danish Design Shanghai IQ51Q1217"},"content":{"rendered":"","protected":false},"excerpt":{"rendered":"<p>IQ51Q1217<\/p>\n<p>&nbsp;<\/p>\n<p>T\u00e4m\u00e4 yksinkertainen ja tyylik\u00e4s tanskalainen tanskalainen tanskalainen tanskalainen tanssikello voidaan k\u00e4ytt\u00e4\u00e4 kaikkiin asuihin ja tilaisuuksiin. Kellossa on kullanv\u00e4rinen laatikko ruostumattomasta ter\u00e4ksest\u00e4, jossa valkoinen kello, jota t\u00e4ydent\u00e4v\u00e4t kullanv\u00e4riset yksityiskohdat, mineraalikristalli ja musta nahkahihna.<\/p>\n","protected":false},"featured_media":28757,"comment_status":"closed","ping_status":"closed","template":"","meta":{"_mi_skip_tracking":false},"product_cat":[1310,1308,1419],"product_tag":[],"yoast_head":"<!-- This site is optimized with the Yoast SEO plugin v18.5.1 - https:\/\/yoast.com\/wordpress\/plugins\/seo\/ -->\n<title>Danish Design Shanghai IQ51Q1217 - Watch4Time<\/title>\n<meta name=\"robots\" content=\"index, follow, max-snippet:-1, max-image-preview:large, max-video-preview:-1\" \/>\n<link rel=\"canonical\" href=\"https:\/\/watch4time.eu\/fi\/shop\/danish-design-337\/\" \/>\n<meta property=\"og:locale\" content=\"fi_FI\" \/>\n<meta property=\"og:type\" content=\"article\" \/>\n<meta property=\"og:title\" content=\"Danish Design Shanghai IQ51Q1217 - Watch4Time\" \/>\n<meta property=\"og:description\" content=\"IQ51Q1217  &nbsp;  T\u00e4m\u00e4 yksinkertainen ja tyylik\u00e4s tanskalainen tanskalainen tanskalainen tanskalainen tanssikello voidaan k\u00e4ytt\u00e4\u00e4 kaikkiin asuihin ja tilaisuuksiin. Kellossa on kullanv\u00e4rinen laatikko ruostumattomasta ter\u00e4ksest\u00e4, jossa valkoinen kello, jota t\u00e4ydent\u00e4v\u00e4t kullanv\u00e4riset yksityiskohdat, mineraalikristalli ja musta nahkahihna.\" \/>\n<meta property=\"og:url\" content=\"https:\/\/watch4time.eu\/fi\/shop\/danish-design-337\/\" \/>\n<meta property=\"og:site_name\" content=\"Watch4Time\" \/>\n<meta property=\"og:image\" content=\"https:\/\/watch4time.eu\/wp-content\/uploads\/2018\/03\/IQ51Q1217.jpg\" \/>\n\t<meta property=\"og:image:width\" content=\"1000\" \/>\n\t<meta property=\"og:image:height\" content=\"1000\" \/>\n\t<meta property=\"og:image:type\" content=\"image\/jpeg\" \/>\n<meta name=\"twitter:card\" content=\"summary_large_image\" \/>\n<script type=\"application\/ld+json\" class=\"yoast-schema-graph\">{\"@context\":\"https:\/\/schema.org\",\"@graph\":[{\"@type\":\"WebSite\",\"@id\":\"https:\/\/watch4time.eu\/#website\",\"url\":\"https:\/\/watch4time.eu\/\",\"name\":\"Watch4Time\",\"description\":\"Exquisite watches for you\",\"potentialAction\":[{\"@type\":\"SearchAction\",\"target\":{\"@type\":\"EntryPoint\",\"urlTemplate\":\"https:\/\/watch4time.eu\/?s={search_term_string}\"},\"query-input\":\"required name=search_term_string\"}],\"inLanguage\":\"fi\"},{\"@type\":\"ImageObject\",\"@id\":\"https:\/\/watch4time.eu\/fi\/shop\/danish-design-337\/#primaryimage\",\"inLanguage\":\"fi\",\"url\":\"https:\/\/watch4time.eu\/wp-content\/uploads\/2018\/03\/IQ51Q1217.jpg\",\"contentUrl\":\"https:\/\/watch4time.eu\/wp-content\/uploads\/2018\/03\/IQ51Q1217.jpg\",\"width\":1000,\"height\":1000},{\"@type\":\"WebPage\",\"@id\":\"https:\/\/watch4time.eu\/fi\/shop\/danish-design-337\/#webpage\",\"url\":\"https:\/\/watch4time.eu\/fi\/shop\/danish-design-337\/\",\"name\":\"Danish Design Shanghai IQ51Q1217 - Watch4Time\",\"isPartOf\":{\"@id\":\"https:\/\/watch4time.eu\/#website\"},\"primaryImageOfPage\":{\"@id\":\"https:\/\/watch4time.eu\/fi\/shop\/danish-design-337\/#primaryimage\"},\"datePublished\":\"2018-03-05T14:28:53+00:00\",\"dateModified\":\"2018-03-05T14:28:53+00:00\",\"breadcrumb\":{\"@id\":\"https:\/\/watch4time.eu\/fi\/shop\/danish-design-337\/#breadcrumb\"},\"inLanguage\":\"fi\",\"potentialAction\":[{\"@type\":\"ReadAction\",\"target\":[\"https:\/\/watch4time.eu\/fi\/shop\/danish-design-337\/\"]}]},{\"@type\":\"BreadcrumbList\",\"@id\":\"https:\/\/watch4time.eu\/fi\/shop\/danish-design-337\/#breadcrumb\",\"itemListElement\":[{\"@type\":\"ListItem\",\"position\":1,\"name\":\"Hjem\",\"item\":\"https:\/\/watch4time.eu\/\"},{\"@type\":\"ListItem\",\"position\":2,\"name\":\"Shop\",\"item\":\"https:\/\/watch4time.eu\/shop\/\"},{\"@type\":\"ListItem\",\"position\":3,\"name\":\"Danish Design Shanghai IQ51Q1217\"}]}]}<\/script>\n<!-- \/ Yoast SEO plugin. -->","yoast_head_json":{"title":"Danish Design Shanghai IQ51Q1217 - Watch4Time","robots":{"index":"index","follow":"follow","max-snippet":"max-snippet:-1","max-image-preview":"max-image-preview:large","max-video-preview":"max-video-preview:-1"},"canonical":"https:\/\/watch4time.eu\/fi\/shop\/danish-design-337\/","og_locale":"fi_FI","og_type":"article","og_title":"Danish Design Shanghai IQ51Q1217 - Watch4Time","og_description":"IQ51Q1217  &nbsp;  T\u00e4m\u00e4 yksinkertainen ja tyylik\u00e4s tanskalainen tanskalainen tanskalainen tanskalainen tanssikello voidaan k\u00e4ytt\u00e4\u00e4 kaikkiin asuihin ja tilaisuuksiin. Kellossa on kullanv\u00e4rinen laatikko ruostumattomasta ter\u00e4ksest\u00e4, jossa valkoinen kello, jota t\u00e4ydent\u00e4v\u00e4t kullanv\u00e4riset yksityiskohdat, mineraalikristalli ja musta nahkahihna.","og_url":"https:\/\/watch4time.eu\/fi\/shop\/danish-design-337\/","og_site_name":"Watch4Time","og_image":[{"width":1000,"height":1000,"url":"https:\/\/watch4time.eu\/wp-content\/uploads\/2018\/03\/IQ51Q1217.jpg","type":"image\/jpeg"}],"twitter_card":"summary_large_image","schema":{"@context":"https:\/\/schema.org","@graph":[{"@type":"WebSite","@id":"https:\/\/watch4time.eu\/#website","url":"https:\/\/watch4time.eu\/","name":"Watch4Time","description":"Exquisite watches for you","potentialAction":[{"@type":"SearchAction","target":{"@type":"EntryPoint","urlTemplate":"https:\/\/watch4time.eu\/?s={search_term_string}"},"query-input":"required name=search_term_string"}],"inLanguage":"fi"},{"@type":"ImageObject","@id":"https:\/\/watch4time.eu\/fi\/shop\/danish-design-337\/#primaryimage","inLanguage":"fi","url":"https:\/\/watch4time.eu\/wp-content\/uploads\/2018\/03\/IQ51Q1217.jpg","contentUrl":"https:\/\/watch4time.eu\/wp-content\/uploads\/2018\/03\/IQ51Q1217.jpg","width":1000,"height":1000},{"@type":"WebPage","@id":"https:\/\/watch4time.eu\/fi\/shop\/danish-design-337\/#webpage","url":"https:\/\/watch4time.eu\/fi\/shop\/danish-design-337\/","name":"Danish Design Shanghai IQ51Q1217 - Watch4Time","isPartOf":{"@id":"https:\/\/watch4time.eu\/#website"},"primaryImageOfPage":{"@id":"https:\/\/watch4time.eu\/fi\/shop\/danish-design-337\/#primaryimage"},"datePublished":"2018-03-05T14:28:53+00:00","dateModified":"2018-03-05T14:28:53+00:00","breadcrumb":{"@id":"https:\/\/watch4time.eu\/fi\/shop\/danish-design-337\/#breadcrumb"},"inLanguage":"fi","potentialAction":[{"@type":"ReadAction","target":["https:\/\/watch4time.eu\/fi\/shop\/danish-design-337\/"]}]},{"@type":"BreadcrumbList","@id":"https:\/\/watch4time.eu\/fi\/shop\/danish-design-337\/#breadcrumb","itemListElement":[{"@type":"ListItem","position":1,"name":"Hjem","item":"https:\/\/watch4time.eu\/"},{"@type":"ListItem","position":2,"name":"Shop","item":"https:\/\/watch4time.eu\/shop\/"},{"@type":"ListItem","position":3,"name":"Danish Design Shanghai IQ51Q1217"}]}]}},"_links":{"self":[{"href":"https:\/\/watch4time.eu\/fi\/wp-json\/wp\/v2\/product\/28756"}],"collection":[{"href":"https:\/\/watch4time.eu\/fi\/wp-json\/wp\/v2\/product"}],"about":[{"href":"https:\/\/watch4time.eu\/fi\/wp-json\/wp\/v2\/types\/product"}],"replies":[{"embeddable":true,"href":"https:\/\/watch4time.eu\/fi\/wp-json\/wp\/v2\/comments?post=28756"}],"wp:featuredmedia":[{"embeddable":true,"href":"https:\/\/watch4time.eu\/fi\/wp-json\/wp\/v2\/media\/28757"}],"wp:attachment":[{"href":"https:\/\/watch4time.eu\/fi\/wp-json\/wp\/v2\/media?parent=28756"}],"wp:term":[{"taxonomy":"product_cat","embeddable":true,"href":"https:\/\/watch4time.eu\/fi\/wp-json\/wp\/v2\/product_cat?post=28756"},{"taxonomy":"product_tag","embeddable":true,"href":"https:\/\/watch4time.eu\/fi\/wp-json\/wp\/v2\/product_tag?post=28756"}],"curies":[{"name":"wp","href":"https:\/\/api.w.org\/{rel}","templated":true}]}}