{"id":27831,"date":"2017-09-12T17:11:34","date_gmt":"2017-09-12T15:11:34","guid":{"rendered":"https:\/\/watch4time.eu\/shop\/wenger-urban-classic-chrono-9\/"},"modified":"2017-09-12T17:11:34","modified_gmt":"2017-09-12T15:11:34","slug":"wenger-urban-classic-chrono-9","status":"publish","type":"product","link":"https:\/\/watch4time.eu\/fi\/shop\/wenger-urban-classic-chrono-9\/","title":{"rendered":"Wenger Urban Classic Chrono 01.1743.105"},"content":{"rendered":"","protected":false},"excerpt":{"rendered":"<p>01.1743.105<\/p>\n<p>&nbsp;<\/p>\n<p>T\u00e4m\u00e4 Wenger Urban Classic -kronografi-kello on 44 mm. ruostumattomasta ter\u00e4ksest\u00e4 valmistettu kotelo, jossa on sveitsil\u00e4inen kvartsiliike. Lukemattomat suuntaukset tulevat ja menev\u00e4t, mutta todellinen klassikko ei koskaan mene ulos tyylist\u00e4. Urban Classic -kellot ovat monipuolisia kelloja, jotka sopivat vaivattomasti vaiheeseen, jossa tutkit kaupunkia, ylit\u00e4t maata tai astutte hallitukseen.<\/p>\n","protected":false},"featured_media":27812,"comment_status":"open","ping_status":"closed","template":"","meta":{"_mi_skip_tracking":false},"product_cat":[1310,1308,1623,1579],"product_tag":[],"yoast_head":"<!-- This site is optimized with the Yoast SEO plugin v18.5.1 - https:\/\/yoast.com\/wordpress\/plugins\/seo\/ -->\n<title>Wenger Urban Classic Chrono 01.1743.105 - Watch4Time<\/title>\n<meta name=\"robots\" content=\"index, follow, max-snippet:-1, max-image-preview:large, max-video-preview:-1\" \/>\n<link rel=\"canonical\" href=\"https:\/\/watch4time.eu\/fi\/shop\/wenger-urban-classic-chrono-9\/\" \/>\n<meta property=\"og:locale\" content=\"fi_FI\" \/>\n<meta property=\"og:type\" content=\"article\" \/>\n<meta property=\"og:title\" content=\"Wenger Urban Classic Chrono 01.1743.105 - Watch4Time\" \/>\n<meta property=\"og:description\" content=\"01.1743.105  &nbsp;  T\u00e4m\u00e4 Wenger Urban Classic -kronografi-kello on 44 mm. ruostumattomasta ter\u00e4ksest\u00e4 valmistettu kotelo, jossa on sveitsil\u00e4inen kvartsiliike. Lukemattomat suuntaukset tulevat ja menev\u00e4t, mutta todellinen klassikko ei koskaan mene ulos tyylist\u00e4. Urban Classic -kellot ovat monipuolisia kelloja, jotka sopivat vaivattomasti vaiheeseen, jossa tutkit kaupunkia, ylit\u00e4t maata tai astutte hallitukseen.\" \/>\n<meta property=\"og:url\" content=\"https:\/\/watch4time.eu\/fi\/shop\/wenger-urban-classic-chrono-9\/\" \/>\n<meta property=\"og:site_name\" content=\"Watch4Time\" \/>\n<meta property=\"og:image\" content=\"https:\/\/watch4time.eu\/wp-content\/uploads\/2017\/09\/01.1743.105.jpg\" \/>\n\t<meta property=\"og:image:width\" content=\"1024\" \/>\n\t<meta property=\"og:image:height\" content=\"1024\" \/>\n\t<meta property=\"og:image:type\" content=\"image\/jpeg\" \/>\n<meta name=\"twitter:card\" content=\"summary_large_image\" \/>\n<script type=\"application\/ld+json\" class=\"yoast-schema-graph\">{\"@context\":\"https:\/\/schema.org\",\"@graph\":[{\"@type\":\"WebSite\",\"@id\":\"https:\/\/watch4time.eu\/#website\",\"url\":\"https:\/\/watch4time.eu\/\",\"name\":\"Watch4Time\",\"description\":\"Exquisite watches for you\",\"potentialAction\":[{\"@type\":\"SearchAction\",\"target\":{\"@type\":\"EntryPoint\",\"urlTemplate\":\"https:\/\/watch4time.eu\/?s={search_term_string}\"},\"query-input\":\"required name=search_term_string\"}],\"inLanguage\":\"fi\"},{\"@type\":\"ImageObject\",\"@id\":\"https:\/\/watch4time.eu\/fi\/shop\/wenger-urban-classic-chrono-9\/#primaryimage\",\"inLanguage\":\"fi\",\"url\":\"https:\/\/watch4time.eu\/wp-content\/uploads\/2017\/09\/01.1743.105.jpg\",\"contentUrl\":\"https:\/\/watch4time.eu\/wp-content\/uploads\/2017\/09\/01.1743.105.jpg\",\"width\":1024,\"height\":1024},{\"@type\":\"WebPage\",\"@id\":\"https:\/\/watch4time.eu\/fi\/shop\/wenger-urban-classic-chrono-9\/#webpage\",\"url\":\"https:\/\/watch4time.eu\/fi\/shop\/wenger-urban-classic-chrono-9\/\",\"name\":\"Wenger Urban Classic Chrono 01.1743.105 - Watch4Time\",\"isPartOf\":{\"@id\":\"https:\/\/watch4time.eu\/#website\"},\"primaryImageOfPage\":{\"@id\":\"https:\/\/watch4time.eu\/fi\/shop\/wenger-urban-classic-chrono-9\/#primaryimage\"},\"datePublished\":\"2017-09-12T15:11:34+00:00\",\"dateModified\":\"2017-09-12T15:11:34+00:00\",\"breadcrumb\":{\"@id\":\"https:\/\/watch4time.eu\/fi\/shop\/wenger-urban-classic-chrono-9\/#breadcrumb\"},\"inLanguage\":\"fi\",\"potentialAction\":[{\"@type\":\"ReadAction\",\"target\":[\"https:\/\/watch4time.eu\/fi\/shop\/wenger-urban-classic-chrono-9\/\"]}]},{\"@type\":\"BreadcrumbList\",\"@id\":\"https:\/\/watch4time.eu\/fi\/shop\/wenger-urban-classic-chrono-9\/#breadcrumb\",\"itemListElement\":[{\"@type\":\"ListItem\",\"position\":1,\"name\":\"Hjem\",\"item\":\"https:\/\/watch4time.eu\/\"},{\"@type\":\"ListItem\",\"position\":2,\"name\":\"Shop\",\"item\":\"https:\/\/watch4time.eu\/shop\/\"},{\"@type\":\"ListItem\",\"position\":3,\"name\":\"Wenger Urban Classic Chrono 01.1743.105\"}]}]}<\/script>\n<!-- \/ Yoast SEO plugin. -->","yoast_head_json":{"title":"Wenger Urban Classic Chrono 01.1743.105 - Watch4Time","robots":{"index":"index","follow":"follow","max-snippet":"max-snippet:-1","max-image-preview":"max-image-preview:large","max-video-preview":"max-video-preview:-1"},"canonical":"https:\/\/watch4time.eu\/fi\/shop\/wenger-urban-classic-chrono-9\/","og_locale":"fi_FI","og_type":"article","og_title":"Wenger Urban Classic Chrono 01.1743.105 - Watch4Time","og_description":"01.1743.105  &nbsp;  T\u00e4m\u00e4 Wenger Urban Classic -kronografi-kello on 44 mm. ruostumattomasta ter\u00e4ksest\u00e4 valmistettu kotelo, jossa on sveitsil\u00e4inen kvartsiliike. Lukemattomat suuntaukset tulevat ja menev\u00e4t, mutta todellinen klassikko ei koskaan mene ulos tyylist\u00e4. Urban Classic -kellot ovat monipuolisia kelloja, jotka sopivat vaivattomasti vaiheeseen, jossa tutkit kaupunkia, ylit\u00e4t maata tai astutte hallitukseen.","og_url":"https:\/\/watch4time.eu\/fi\/shop\/wenger-urban-classic-chrono-9\/","og_site_name":"Watch4Time","og_image":[{"width":1024,"height":1024,"url":"https:\/\/watch4time.eu\/wp-content\/uploads\/2017\/09\/01.1743.105.jpg","type":"image\/jpeg"}],"twitter_card":"summary_large_image","schema":{"@context":"https:\/\/schema.org","@graph":[{"@type":"WebSite","@id":"https:\/\/watch4time.eu\/#website","url":"https:\/\/watch4time.eu\/","name":"Watch4Time","description":"Exquisite watches for you","potentialAction":[{"@type":"SearchAction","target":{"@type":"EntryPoint","urlTemplate":"https:\/\/watch4time.eu\/?s={search_term_string}"},"query-input":"required name=search_term_string"}],"inLanguage":"fi"},{"@type":"ImageObject","@id":"https:\/\/watch4time.eu\/fi\/shop\/wenger-urban-classic-chrono-9\/#primaryimage","inLanguage":"fi","url":"https:\/\/watch4time.eu\/wp-content\/uploads\/2017\/09\/01.1743.105.jpg","contentUrl":"https:\/\/watch4time.eu\/wp-content\/uploads\/2017\/09\/01.1743.105.jpg","width":1024,"height":1024},{"@type":"WebPage","@id":"https:\/\/watch4time.eu\/fi\/shop\/wenger-urban-classic-chrono-9\/#webpage","url":"https:\/\/watch4time.eu\/fi\/shop\/wenger-urban-classic-chrono-9\/","name":"Wenger Urban Classic Chrono 01.1743.105 - Watch4Time","isPartOf":{"@id":"https:\/\/watch4time.eu\/#website"},"primaryImageOfPage":{"@id":"https:\/\/watch4time.eu\/fi\/shop\/wenger-urban-classic-chrono-9\/#primaryimage"},"datePublished":"2017-09-12T15:11:34+00:00","dateModified":"2017-09-12T15:11:34+00:00","breadcrumb":{"@id":"https:\/\/watch4time.eu\/fi\/shop\/wenger-urban-classic-chrono-9\/#breadcrumb"},"inLanguage":"fi","potentialAction":[{"@type":"ReadAction","target":["https:\/\/watch4time.eu\/fi\/shop\/wenger-urban-classic-chrono-9\/"]}]},{"@type":"BreadcrumbList","@id":"https:\/\/watch4time.eu\/fi\/shop\/wenger-urban-classic-chrono-9\/#breadcrumb","itemListElement":[{"@type":"ListItem","position":1,"name":"Hjem","item":"https:\/\/watch4time.eu\/"},{"@type":"ListItem","position":2,"name":"Shop","item":"https:\/\/watch4time.eu\/shop\/"},{"@type":"ListItem","position":3,"name":"Wenger Urban Classic Chrono 01.1743.105"}]}]}},"_links":{"self":[{"href":"https:\/\/watch4time.eu\/fi\/wp-json\/wp\/v2\/product\/27831"}],"collection":[{"href":"https:\/\/watch4time.eu\/fi\/wp-json\/wp\/v2\/product"}],"about":[{"href":"https:\/\/watch4time.eu\/fi\/wp-json\/wp\/v2\/types\/product"}],"replies":[{"embeddable":true,"href":"https:\/\/watch4time.eu\/fi\/wp-json\/wp\/v2\/comments?post=27831"}],"wp:featuredmedia":[{"embeddable":true,"href":"https:\/\/watch4time.eu\/fi\/wp-json\/wp\/v2\/media\/27812"}],"wp:attachment":[{"href":"https:\/\/watch4time.eu\/fi\/wp-json\/wp\/v2\/media?parent=27831"}],"wp:term":[{"taxonomy":"product_cat","embeddable":true,"href":"https:\/\/watch4time.eu\/fi\/wp-json\/wp\/v2\/product_cat?post=27831"},{"taxonomy":"product_tag","embeddable":true,"href":"https:\/\/watch4time.eu\/fi\/wp-json\/wp\/v2\/product_tag?post=27831"}],"curies":[{"name":"wp","href":"https:\/\/api.w.org\/{rel}","templated":true}]}}