{"id":27791,"date":"2017-09-12T16:38:37","date_gmt":"2017-09-12T14:38:37","guid":{"rendered":"https:\/\/watch4time.eu\/shop\/wenger-attitude-chrono-4\/"},"modified":"2017-09-12T16:38:37","modified_gmt":"2017-09-12T14:38:37","slug":"wenger-attitude-chrono-4","status":"publish","type":"product","link":"https:\/\/watch4time.eu\/fi\/shop\/wenger-attitude-chrono-4\/","title":{"rendered":"Wenger Attitude Chrono 01.1543.104"},"content":{"rendered":"","protected":false},"excerpt":{"rendered":"<p>01.1543.104<\/p>\n<p>&nbsp;<\/p>\n<p>T\u00e4m\u00e4 Wenger Attitude -kello on 44 mm. ruostumatonta ter\u00e4st\u00e4 ja siin\u00e4 on kvartsiliike. Kokoelma ei s\u00e4ilyt\u00e4 synnynn\u00e4ist\u00e4 dynaamista merkkins\u00e4 salaisuuttaan, sill\u00e4 sen elinvoimaisuus yhdistyy aktiiviseen el\u00e4m\u00e4ntapaan. Alkuper\u00e4inen energia-, dynaamisuus- ja yksityiskohtaisuus, joka on tyypillinen sveitsil\u00e4iselle valmistukselle, Attitude-kokoelmalla on oma persoonallisuus.<\/p>\n","protected":false},"featured_media":27792,"comment_status":"open","ping_status":"closed","template":"","meta":{"_mi_skip_tracking":false},"product_cat":[1310,1308,1576,1579],"product_tag":[],"yoast_head":"<!-- This site is optimized with the Yoast SEO plugin v18.5.1 - https:\/\/yoast.com\/wordpress\/plugins\/seo\/ -->\n<title>Wenger Attitude Chrono 01.1543.104 - Watch4Time<\/title>\n<meta name=\"robots\" content=\"index, follow, max-snippet:-1, max-image-preview:large, max-video-preview:-1\" \/>\n<link rel=\"canonical\" href=\"https:\/\/watch4time.eu\/fi\/shop\/wenger-attitude-chrono-4\/\" \/>\n<meta property=\"og:locale\" content=\"fi_FI\" \/>\n<meta property=\"og:type\" content=\"article\" \/>\n<meta property=\"og:title\" content=\"Wenger Attitude Chrono 01.1543.104 - Watch4Time\" \/>\n<meta property=\"og:description\" content=\"01.1543.104  &nbsp;  T\u00e4m\u00e4 Wenger Attitude -kello on 44 mm. ruostumatonta ter\u00e4st\u00e4 ja siin\u00e4 on kvartsiliike. Kokoelma ei s\u00e4ilyt\u00e4 synnynn\u00e4ist\u00e4 dynaamista merkkins\u00e4 salaisuuttaan, sill\u00e4 sen elinvoimaisuus yhdistyy aktiiviseen el\u00e4m\u00e4ntapaan. Alkuper\u00e4inen energia-, dynaamisuus- ja yksityiskohtaisuus, joka on tyypillinen sveitsil\u00e4iselle valmistukselle, Attitude-kokoelmalla on oma persoonallisuus.\" \/>\n<meta property=\"og:url\" content=\"https:\/\/watch4time.eu\/fi\/shop\/wenger-attitude-chrono-4\/\" \/>\n<meta property=\"og:site_name\" content=\"Watch4Time\" \/>\n<meta property=\"og:image\" content=\"https:\/\/watch4time.eu\/wp-content\/uploads\/2017\/09\/01.1543.104.jpg\" \/>\n\t<meta property=\"og:image:width\" content=\"1024\" \/>\n\t<meta property=\"og:image:height\" content=\"1024\" \/>\n\t<meta property=\"og:image:type\" content=\"image\/jpeg\" \/>\n<meta name=\"twitter:card\" content=\"summary_large_image\" \/>\n<script type=\"application\/ld+json\" class=\"yoast-schema-graph\">{\"@context\":\"https:\/\/schema.org\",\"@graph\":[{\"@type\":\"WebSite\",\"@id\":\"https:\/\/watch4time.eu\/#website\",\"url\":\"https:\/\/watch4time.eu\/\",\"name\":\"Watch4Time\",\"description\":\"Exquisite watches for you\",\"potentialAction\":[{\"@type\":\"SearchAction\",\"target\":{\"@type\":\"EntryPoint\",\"urlTemplate\":\"https:\/\/watch4time.eu\/?s={search_term_string}\"},\"query-input\":\"required name=search_term_string\"}],\"inLanguage\":\"fi\"},{\"@type\":\"ImageObject\",\"@id\":\"https:\/\/watch4time.eu\/fi\/shop\/wenger-attitude-chrono-4\/#primaryimage\",\"inLanguage\":\"fi\",\"url\":\"https:\/\/watch4time.eu\/wp-content\/uploads\/2017\/09\/01.1543.104.jpg\",\"contentUrl\":\"https:\/\/watch4time.eu\/wp-content\/uploads\/2017\/09\/01.1543.104.jpg\",\"width\":1024,\"height\":1024},{\"@type\":\"WebPage\",\"@id\":\"https:\/\/watch4time.eu\/fi\/shop\/wenger-attitude-chrono-4\/#webpage\",\"url\":\"https:\/\/watch4time.eu\/fi\/shop\/wenger-attitude-chrono-4\/\",\"name\":\"Wenger Attitude Chrono 01.1543.104 - Watch4Time\",\"isPartOf\":{\"@id\":\"https:\/\/watch4time.eu\/#website\"},\"primaryImageOfPage\":{\"@id\":\"https:\/\/watch4time.eu\/fi\/shop\/wenger-attitude-chrono-4\/#primaryimage\"},\"datePublished\":\"2017-09-12T14:38:37+00:00\",\"dateModified\":\"2017-09-12T14:38:37+00:00\",\"breadcrumb\":{\"@id\":\"https:\/\/watch4time.eu\/fi\/shop\/wenger-attitude-chrono-4\/#breadcrumb\"},\"inLanguage\":\"fi\",\"potentialAction\":[{\"@type\":\"ReadAction\",\"target\":[\"https:\/\/watch4time.eu\/fi\/shop\/wenger-attitude-chrono-4\/\"]}]},{\"@type\":\"BreadcrumbList\",\"@id\":\"https:\/\/watch4time.eu\/fi\/shop\/wenger-attitude-chrono-4\/#breadcrumb\",\"itemListElement\":[{\"@type\":\"ListItem\",\"position\":1,\"name\":\"Hjem\",\"item\":\"https:\/\/watch4time.eu\/\"},{\"@type\":\"ListItem\",\"position\":2,\"name\":\"Shop\",\"item\":\"https:\/\/watch4time.eu\/shop\/\"},{\"@type\":\"ListItem\",\"position\":3,\"name\":\"Wenger Attitude Chrono 01.1543.104\"}]}]}<\/script>\n<!-- \/ Yoast SEO plugin. -->","yoast_head_json":{"title":"Wenger Attitude Chrono 01.1543.104 - Watch4Time","robots":{"index":"index","follow":"follow","max-snippet":"max-snippet:-1","max-image-preview":"max-image-preview:large","max-video-preview":"max-video-preview:-1"},"canonical":"https:\/\/watch4time.eu\/fi\/shop\/wenger-attitude-chrono-4\/","og_locale":"fi_FI","og_type":"article","og_title":"Wenger Attitude Chrono 01.1543.104 - Watch4Time","og_description":"01.1543.104  &nbsp;  T\u00e4m\u00e4 Wenger Attitude -kello on 44 mm. ruostumatonta ter\u00e4st\u00e4 ja siin\u00e4 on kvartsiliike. Kokoelma ei s\u00e4ilyt\u00e4 synnynn\u00e4ist\u00e4 dynaamista merkkins\u00e4 salaisuuttaan, sill\u00e4 sen elinvoimaisuus yhdistyy aktiiviseen el\u00e4m\u00e4ntapaan. Alkuper\u00e4inen energia-, dynaamisuus- ja yksityiskohtaisuus, joka on tyypillinen sveitsil\u00e4iselle valmistukselle, Attitude-kokoelmalla on oma persoonallisuus.","og_url":"https:\/\/watch4time.eu\/fi\/shop\/wenger-attitude-chrono-4\/","og_site_name":"Watch4Time","og_image":[{"width":1024,"height":1024,"url":"https:\/\/watch4time.eu\/wp-content\/uploads\/2017\/09\/01.1543.104.jpg","type":"image\/jpeg"}],"twitter_card":"summary_large_image","schema":{"@context":"https:\/\/schema.org","@graph":[{"@type":"WebSite","@id":"https:\/\/watch4time.eu\/#website","url":"https:\/\/watch4time.eu\/","name":"Watch4Time","description":"Exquisite watches for you","potentialAction":[{"@type":"SearchAction","target":{"@type":"EntryPoint","urlTemplate":"https:\/\/watch4time.eu\/?s={search_term_string}"},"query-input":"required name=search_term_string"}],"inLanguage":"fi"},{"@type":"ImageObject","@id":"https:\/\/watch4time.eu\/fi\/shop\/wenger-attitude-chrono-4\/#primaryimage","inLanguage":"fi","url":"https:\/\/watch4time.eu\/wp-content\/uploads\/2017\/09\/01.1543.104.jpg","contentUrl":"https:\/\/watch4time.eu\/wp-content\/uploads\/2017\/09\/01.1543.104.jpg","width":1024,"height":1024},{"@type":"WebPage","@id":"https:\/\/watch4time.eu\/fi\/shop\/wenger-attitude-chrono-4\/#webpage","url":"https:\/\/watch4time.eu\/fi\/shop\/wenger-attitude-chrono-4\/","name":"Wenger Attitude Chrono 01.1543.104 - Watch4Time","isPartOf":{"@id":"https:\/\/watch4time.eu\/#website"},"primaryImageOfPage":{"@id":"https:\/\/watch4time.eu\/fi\/shop\/wenger-attitude-chrono-4\/#primaryimage"},"datePublished":"2017-09-12T14:38:37+00:00","dateModified":"2017-09-12T14:38:37+00:00","breadcrumb":{"@id":"https:\/\/watch4time.eu\/fi\/shop\/wenger-attitude-chrono-4\/#breadcrumb"},"inLanguage":"fi","potentialAction":[{"@type":"ReadAction","target":["https:\/\/watch4time.eu\/fi\/shop\/wenger-attitude-chrono-4\/"]}]},{"@type":"BreadcrumbList","@id":"https:\/\/watch4time.eu\/fi\/shop\/wenger-attitude-chrono-4\/#breadcrumb","itemListElement":[{"@type":"ListItem","position":1,"name":"Hjem","item":"https:\/\/watch4time.eu\/"},{"@type":"ListItem","position":2,"name":"Shop","item":"https:\/\/watch4time.eu\/shop\/"},{"@type":"ListItem","position":3,"name":"Wenger Attitude Chrono 01.1543.104"}]}]}},"_links":{"self":[{"href":"https:\/\/watch4time.eu\/fi\/wp-json\/wp\/v2\/product\/27791"}],"collection":[{"href":"https:\/\/watch4time.eu\/fi\/wp-json\/wp\/v2\/product"}],"about":[{"href":"https:\/\/watch4time.eu\/fi\/wp-json\/wp\/v2\/types\/product"}],"replies":[{"embeddable":true,"href":"https:\/\/watch4time.eu\/fi\/wp-json\/wp\/v2\/comments?post=27791"}],"wp:featuredmedia":[{"embeddable":true,"href":"https:\/\/watch4time.eu\/fi\/wp-json\/wp\/v2\/media\/27792"}],"wp:attachment":[{"href":"https:\/\/watch4time.eu\/fi\/wp-json\/wp\/v2\/media?parent=27791"}],"wp:term":[{"taxonomy":"product_cat","embeddable":true,"href":"https:\/\/watch4time.eu\/fi\/wp-json\/wp\/v2\/product_cat?post=27791"},{"taxonomy":"product_tag","embeddable":true,"href":"https:\/\/watch4time.eu\/fi\/wp-json\/wp\/v2\/product_tag?post=27791"}],"curies":[{"name":"wp","href":"https:\/\/api.w.org\/{rel}","templated":true}]}}