{"id":25733,"date":"2017-09-13T13:12:23","date_gmt":"2017-09-13T11:12:23","guid":{"rendered":"https:\/\/watch4time.eu\/shop\/ebel-beluga-4\/"},"modified":"2017-09-13T13:12:23","modified_gmt":"2017-09-13T11:12:23","slug":"ebel-beluga-4","status":"publish","type":"product","link":"https:\/\/watch4time.eu\/fi\/shop\/ebel-beluga-4\/","title":{"rendered":"Ebel Beluga 1216071"},"content":{"rendered":"","protected":false},"excerpt":{"rendered":"<p>1216071<\/p>\n<p>&nbsp;<\/p>\n<p>T\u00e4m\u00e4 Ebel Belugan kello on 36,5 mm. harjattu ja kiillotettu ruostumaton ter\u00e4s, jossa on 36 timanttia ja integroitu kruunu. Kellossa on hopean galvaninen soittaa, jossa on maalattuja roomalaisia numeroita ja p\u00e4iv\u00e4m\u00e4\u00e4r\u00e4n\u00e4ytt\u00f6.<\/p>\n<p>Timanttien lukum\u00e4\u00e4r\u00e4 &#8211; 36 \u00a0 \u00a0 \u00a0Karat-timanttia &#8211; 1,692 \u00a0 \u00a0 \u00a0Selkeytt\u00e4 timantteja &#8211; VS<\/p>\n<p>&nbsp;<\/p>\n<p>Kun ostat t\u00e4m\u00e4n tuotteen, odotettavissa on pidempi\u00e4 toimitusaikoja.<\/p>\n","protected":false},"featured_media":24778,"comment_status":"open","ping_status":"closed","template":"","meta":{"_mi_skip_tracking":false},"product_cat":[1379,1308,1455,1362],"product_tag":[],"yoast_head":"<!-- This site is optimized with the Yoast SEO plugin v18.5.1 - https:\/\/yoast.com\/wordpress\/plugins\/seo\/ -->\n<title>Ebel Beluga 1216071 - Watch4Time<\/title>\n<meta name=\"robots\" content=\"index, follow, max-snippet:-1, max-image-preview:large, max-video-preview:-1\" \/>\n<link rel=\"canonical\" href=\"https:\/\/watch4time.eu\/fi\/shop\/ebel-beluga-4\/\" \/>\n<meta property=\"og:locale\" content=\"fi_FI\" \/>\n<meta property=\"og:type\" content=\"article\" \/>\n<meta property=\"og:title\" content=\"Ebel Beluga 1216071 - Watch4Time\" \/>\n<meta property=\"og:description\" content=\"1216071  &nbsp;  T\u00e4m\u00e4 Ebel Belugan kello on 36,5 mm. harjattu ja kiillotettu ruostumaton ter\u00e4s, jossa on 36 timanttia ja integroitu kruunu. Kellossa on hopean galvaninen soittaa, jossa on maalattuja roomalaisia numeroita ja p\u00e4iv\u00e4m\u00e4\u00e4r\u00e4n\u00e4ytt\u00f6.  Timanttien lukum\u00e4\u00e4r\u00e4 - 36 \u00a0 \u00a0 \u00a0Karat-timanttia - 1,692 \u00a0 \u00a0 \u00a0Selkeytt\u00e4 timantteja - VS  &nbsp;  Kun ostat t\u00e4m\u00e4n tuotteen, odotettavissa on pidempi\u00e4 toimitusaikoja.\" \/>\n<meta property=\"og:url\" content=\"https:\/\/watch4time.eu\/fi\/shop\/ebel-beluga-4\/\" \/>\n<meta property=\"og:site_name\" content=\"Watch4Time\" \/>\n<meta property=\"og:image\" content=\"https:\/\/watch4time.eu\/wp-content\/uploads\/2017\/09\/1216071_beluga_s-1.jpg\" \/>\n\t<meta property=\"og:image:width\" content=\"1000\" \/>\n\t<meta property=\"og:image:height\" content=\"1000\" \/>\n\t<meta property=\"og:image:type\" content=\"image\/jpeg\" \/>\n<meta name=\"twitter:card\" content=\"summary_large_image\" \/>\n<script type=\"application\/ld+json\" class=\"yoast-schema-graph\">{\"@context\":\"https:\/\/schema.org\",\"@graph\":[{\"@type\":\"WebSite\",\"@id\":\"https:\/\/watch4time.eu\/#website\",\"url\":\"https:\/\/watch4time.eu\/\",\"name\":\"Watch4Time\",\"description\":\"Exquisite watches for you\",\"potentialAction\":[{\"@type\":\"SearchAction\",\"target\":{\"@type\":\"EntryPoint\",\"urlTemplate\":\"https:\/\/watch4time.eu\/?s={search_term_string}\"},\"query-input\":\"required name=search_term_string\"}],\"inLanguage\":\"fi\"},{\"@type\":\"ImageObject\",\"@id\":\"https:\/\/watch4time.eu\/fi\/shop\/ebel-beluga-4\/#primaryimage\",\"inLanguage\":\"fi\",\"url\":\"https:\/\/watch4time.eu\/wp-content\/uploads\/2017\/09\/1216071_beluga_s-1.jpg\",\"contentUrl\":\"https:\/\/watch4time.eu\/wp-content\/uploads\/2017\/09\/1216071_beluga_s-1.jpg\",\"width\":1000,\"height\":1000},{\"@type\":\"WebPage\",\"@id\":\"https:\/\/watch4time.eu\/fi\/shop\/ebel-beluga-4\/#webpage\",\"url\":\"https:\/\/watch4time.eu\/fi\/shop\/ebel-beluga-4\/\",\"name\":\"Ebel Beluga 1216071 - Watch4Time\",\"isPartOf\":{\"@id\":\"https:\/\/watch4time.eu\/#website\"},\"primaryImageOfPage\":{\"@id\":\"https:\/\/watch4time.eu\/fi\/shop\/ebel-beluga-4\/#primaryimage\"},\"datePublished\":\"2017-09-13T11:12:23+00:00\",\"dateModified\":\"2017-09-13T11:12:23+00:00\",\"breadcrumb\":{\"@id\":\"https:\/\/watch4time.eu\/fi\/shop\/ebel-beluga-4\/#breadcrumb\"},\"inLanguage\":\"fi\",\"potentialAction\":[{\"@type\":\"ReadAction\",\"target\":[\"https:\/\/watch4time.eu\/fi\/shop\/ebel-beluga-4\/\"]}]},{\"@type\":\"BreadcrumbList\",\"@id\":\"https:\/\/watch4time.eu\/fi\/shop\/ebel-beluga-4\/#breadcrumb\",\"itemListElement\":[{\"@type\":\"ListItem\",\"position\":1,\"name\":\"Hjem\",\"item\":\"https:\/\/watch4time.eu\/\"},{\"@type\":\"ListItem\",\"position\":2,\"name\":\"Shop\",\"item\":\"https:\/\/watch4time.eu\/shop\/\"},{\"@type\":\"ListItem\",\"position\":3,\"name\":\"Ebel Beluga 1216071\"}]}]}<\/script>\n<!-- \/ Yoast SEO plugin. -->","yoast_head_json":{"title":"Ebel Beluga 1216071 - Watch4Time","robots":{"index":"index","follow":"follow","max-snippet":"max-snippet:-1","max-image-preview":"max-image-preview:large","max-video-preview":"max-video-preview:-1"},"canonical":"https:\/\/watch4time.eu\/fi\/shop\/ebel-beluga-4\/","og_locale":"fi_FI","og_type":"article","og_title":"Ebel Beluga 1216071 - Watch4Time","og_description":"1216071  &nbsp;  T\u00e4m\u00e4 Ebel Belugan kello on 36,5 mm. harjattu ja kiillotettu ruostumaton ter\u00e4s, jossa on 36 timanttia ja integroitu kruunu. Kellossa on hopean galvaninen soittaa, jossa on maalattuja roomalaisia numeroita ja p\u00e4iv\u00e4m\u00e4\u00e4r\u00e4n\u00e4ytt\u00f6.  Timanttien lukum\u00e4\u00e4r\u00e4 - 36 \u00a0 \u00a0 \u00a0Karat-timanttia - 1,692 \u00a0 \u00a0 \u00a0Selkeytt\u00e4 timantteja - VS  &nbsp;  Kun ostat t\u00e4m\u00e4n tuotteen, odotettavissa on pidempi\u00e4 toimitusaikoja.","og_url":"https:\/\/watch4time.eu\/fi\/shop\/ebel-beluga-4\/","og_site_name":"Watch4Time","og_image":[{"width":1000,"height":1000,"url":"https:\/\/watch4time.eu\/wp-content\/uploads\/2017\/09\/1216071_beluga_s-1.jpg","type":"image\/jpeg"}],"twitter_card":"summary_large_image","schema":{"@context":"https:\/\/schema.org","@graph":[{"@type":"WebSite","@id":"https:\/\/watch4time.eu\/#website","url":"https:\/\/watch4time.eu\/","name":"Watch4Time","description":"Exquisite watches for you","potentialAction":[{"@type":"SearchAction","target":{"@type":"EntryPoint","urlTemplate":"https:\/\/watch4time.eu\/?s={search_term_string}"},"query-input":"required name=search_term_string"}],"inLanguage":"fi"},{"@type":"ImageObject","@id":"https:\/\/watch4time.eu\/fi\/shop\/ebel-beluga-4\/#primaryimage","inLanguage":"fi","url":"https:\/\/watch4time.eu\/wp-content\/uploads\/2017\/09\/1216071_beluga_s-1.jpg","contentUrl":"https:\/\/watch4time.eu\/wp-content\/uploads\/2017\/09\/1216071_beluga_s-1.jpg","width":1000,"height":1000},{"@type":"WebPage","@id":"https:\/\/watch4time.eu\/fi\/shop\/ebel-beluga-4\/#webpage","url":"https:\/\/watch4time.eu\/fi\/shop\/ebel-beluga-4\/","name":"Ebel Beluga 1216071 - Watch4Time","isPartOf":{"@id":"https:\/\/watch4time.eu\/#website"},"primaryImageOfPage":{"@id":"https:\/\/watch4time.eu\/fi\/shop\/ebel-beluga-4\/#primaryimage"},"datePublished":"2017-09-13T11:12:23+00:00","dateModified":"2017-09-13T11:12:23+00:00","breadcrumb":{"@id":"https:\/\/watch4time.eu\/fi\/shop\/ebel-beluga-4\/#breadcrumb"},"inLanguage":"fi","potentialAction":[{"@type":"ReadAction","target":["https:\/\/watch4time.eu\/fi\/shop\/ebel-beluga-4\/"]}]},{"@type":"BreadcrumbList","@id":"https:\/\/watch4time.eu\/fi\/shop\/ebel-beluga-4\/#breadcrumb","itemListElement":[{"@type":"ListItem","position":1,"name":"Hjem","item":"https:\/\/watch4time.eu\/"},{"@type":"ListItem","position":2,"name":"Shop","item":"https:\/\/watch4time.eu\/shop\/"},{"@type":"ListItem","position":3,"name":"Ebel Beluga 1216071"}]}]}},"_links":{"self":[{"href":"https:\/\/watch4time.eu\/fi\/wp-json\/wp\/v2\/product\/25733"}],"collection":[{"href":"https:\/\/watch4time.eu\/fi\/wp-json\/wp\/v2\/product"}],"about":[{"href":"https:\/\/watch4time.eu\/fi\/wp-json\/wp\/v2\/types\/product"}],"replies":[{"embeddable":true,"href":"https:\/\/watch4time.eu\/fi\/wp-json\/wp\/v2\/comments?post=25733"}],"wp:featuredmedia":[{"embeddable":true,"href":"https:\/\/watch4time.eu\/fi\/wp-json\/wp\/v2\/media\/24778"}],"wp:attachment":[{"href":"https:\/\/watch4time.eu\/fi\/wp-json\/wp\/v2\/media?parent=25733"}],"wp:term":[{"taxonomy":"product_cat","embeddable":true,"href":"https:\/\/watch4time.eu\/fi\/wp-json\/wp\/v2\/product_cat?post=25733"},{"taxonomy":"product_tag","embeddable":true,"href":"https:\/\/watch4time.eu\/fi\/wp-json\/wp\/v2\/product_tag?post=25733"}],"curies":[{"name":"wp","href":"https:\/\/api.w.org\/{rel}","templated":true}]}}