{"id":25333,"date":"2019-04-16T21:58:11","date_gmt":"2019-04-16T19:58:11","guid":{"rendered":"https:\/\/watch4time.eu\/shop\/edox-les-vauberts-34500-37r-gir\/"},"modified":"2019-04-16T21:58:11","modified_gmt":"2019-04-16T19:58:11","slug":"edox-les-vauberts-34500-37r-gir","status":"publish","type":"product","link":"https:\/\/watch4time.eu\/fi\/shop\/edox-les-vauberts-34500-37r-gir\/","title":{"rendered":"Edox Les Vauberts 34500-37R-GIR"},"content":{"rendered":"","protected":false},"excerpt":{"rendered":"<p>34500-37R-GIR<\/p>\n<p>&nbsp;<\/p>\n<p>T\u00e4m\u00e4 Edox Les Vaubertin kronografikello on 42 mm. ruostumatonta ter\u00e4st\u00e4. Kellossa on p\u00e4iv\u00e4m\u00e4\u00e4r\u00e4n\u00e4ytt\u00f6, safiirikristalli, sveitsil\u00e4inen kvartsiliike ja vedenpit\u00e4v\u00e4 jopa 50 metri\u00e4.<\/p>\n<p>Ostettaessa t\u00e4t\u00e4 tuotetta odotetaan pidempi\u00e4 toimitusaikoja.<\/p>\n","protected":false},"featured_media":25328,"comment_status":"closed","ping_status":"closed","template":"","meta":{"_mi_skip_tracking":false},"product_cat":[1310,1308,1471,1497],"product_tag":[],"yoast_head":"<!-- This site is optimized with the Yoast SEO plugin v18.5.1 - https:\/\/yoast.com\/wordpress\/plugins\/seo\/ -->\n<title>Edox Les Vauberts 34500-37R-GIR - Watch4Time<\/title>\n<meta name=\"robots\" content=\"index, follow, max-snippet:-1, max-image-preview:large, max-video-preview:-1\" \/>\n<link rel=\"canonical\" href=\"https:\/\/watch4time.eu\/fi\/shop\/edox-les-vauberts-34500-37r-gir\/\" \/>\n<meta property=\"og:locale\" content=\"fi_FI\" \/>\n<meta property=\"og:type\" content=\"article\" \/>\n<meta property=\"og:title\" content=\"Edox Les Vauberts 34500-37R-GIR - Watch4Time\" \/>\n<meta property=\"og:description\" content=\"34500-37R-GIR  &nbsp;  T\u00e4m\u00e4 Edox Les Vaubertin kronografikello on 42 mm. ruostumatonta ter\u00e4st\u00e4. Kellossa on p\u00e4iv\u00e4m\u00e4\u00e4r\u00e4n\u00e4ytt\u00f6, safiirikristalli, sveitsil\u00e4inen kvartsiliike ja vedenpit\u00e4v\u00e4 jopa 50 metri\u00e4.  Ostettaessa t\u00e4t\u00e4 tuotetta odotetaan pidempi\u00e4 toimitusaikoja.\" \/>\n<meta property=\"og:url\" content=\"https:\/\/watch4time.eu\/fi\/shop\/edox-les-vauberts-34500-37r-gir\/\" \/>\n<meta property=\"og:site_name\" content=\"Watch4Time\" \/>\n<meta property=\"og:image\" content=\"https:\/\/watch4time.eu\/wp-content\/uploads\/2019\/04\/34500-37r-gir.jpg\" \/>\n\t<meta property=\"og:image:width\" content=\"1000\" \/>\n\t<meta property=\"og:image:height\" content=\"1000\" \/>\n\t<meta property=\"og:image:type\" content=\"image\/jpeg\" \/>\n<meta name=\"twitter:card\" content=\"summary_large_image\" \/>\n<script type=\"application\/ld+json\" class=\"yoast-schema-graph\">{\"@context\":\"https:\/\/schema.org\",\"@graph\":[{\"@type\":\"WebSite\",\"@id\":\"https:\/\/watch4time.eu\/#website\",\"url\":\"https:\/\/watch4time.eu\/\",\"name\":\"Watch4Time\",\"description\":\"Exquisite watches for you\",\"potentialAction\":[{\"@type\":\"SearchAction\",\"target\":{\"@type\":\"EntryPoint\",\"urlTemplate\":\"https:\/\/watch4time.eu\/?s={search_term_string}\"},\"query-input\":\"required name=search_term_string\"}],\"inLanguage\":\"fi\"},{\"@type\":\"ImageObject\",\"@id\":\"https:\/\/watch4time.eu\/fi\/shop\/edox-les-vauberts-34500-37r-gir\/#primaryimage\",\"inLanguage\":\"fi\",\"url\":\"https:\/\/watch4time.eu\/wp-content\/uploads\/2019\/04\/34500-37r-gir.jpg\",\"contentUrl\":\"https:\/\/watch4time.eu\/wp-content\/uploads\/2019\/04\/34500-37r-gir.jpg\",\"width\":1000,\"height\":1000},{\"@type\":\"WebPage\",\"@id\":\"https:\/\/watch4time.eu\/fi\/shop\/edox-les-vauberts-34500-37r-gir\/#webpage\",\"url\":\"https:\/\/watch4time.eu\/fi\/shop\/edox-les-vauberts-34500-37r-gir\/\",\"name\":\"Edox Les Vauberts 34500-37R-GIR - Watch4Time\",\"isPartOf\":{\"@id\":\"https:\/\/watch4time.eu\/#website\"},\"primaryImageOfPage\":{\"@id\":\"https:\/\/watch4time.eu\/fi\/shop\/edox-les-vauberts-34500-37r-gir\/#primaryimage\"},\"datePublished\":\"2019-04-16T19:58:11+00:00\",\"dateModified\":\"2019-04-16T19:58:11+00:00\",\"breadcrumb\":{\"@id\":\"https:\/\/watch4time.eu\/fi\/shop\/edox-les-vauberts-34500-37r-gir\/#breadcrumb\"},\"inLanguage\":\"fi\",\"potentialAction\":[{\"@type\":\"ReadAction\",\"target\":[\"https:\/\/watch4time.eu\/fi\/shop\/edox-les-vauberts-34500-37r-gir\/\"]}]},{\"@type\":\"BreadcrumbList\",\"@id\":\"https:\/\/watch4time.eu\/fi\/shop\/edox-les-vauberts-34500-37r-gir\/#breadcrumb\",\"itemListElement\":[{\"@type\":\"ListItem\",\"position\":1,\"name\":\"Hjem\",\"item\":\"https:\/\/watch4time.eu\/\"},{\"@type\":\"ListItem\",\"position\":2,\"name\":\"Shop\",\"item\":\"https:\/\/watch4time.eu\/shop\/\"},{\"@type\":\"ListItem\",\"position\":3,\"name\":\"Edox Les Vauberts 34500-37R-GIR\"}]}]}<\/script>\n<!-- \/ Yoast SEO plugin. -->","yoast_head_json":{"title":"Edox Les Vauberts 34500-37R-GIR - Watch4Time","robots":{"index":"index","follow":"follow","max-snippet":"max-snippet:-1","max-image-preview":"max-image-preview:large","max-video-preview":"max-video-preview:-1"},"canonical":"https:\/\/watch4time.eu\/fi\/shop\/edox-les-vauberts-34500-37r-gir\/","og_locale":"fi_FI","og_type":"article","og_title":"Edox Les Vauberts 34500-37R-GIR - Watch4Time","og_description":"34500-37R-GIR  &nbsp;  T\u00e4m\u00e4 Edox Les Vaubertin kronografikello on 42 mm. ruostumatonta ter\u00e4st\u00e4. Kellossa on p\u00e4iv\u00e4m\u00e4\u00e4r\u00e4n\u00e4ytt\u00f6, safiirikristalli, sveitsil\u00e4inen kvartsiliike ja vedenpit\u00e4v\u00e4 jopa 50 metri\u00e4.  Ostettaessa t\u00e4t\u00e4 tuotetta odotetaan pidempi\u00e4 toimitusaikoja.","og_url":"https:\/\/watch4time.eu\/fi\/shop\/edox-les-vauberts-34500-37r-gir\/","og_site_name":"Watch4Time","og_image":[{"width":1000,"height":1000,"url":"https:\/\/watch4time.eu\/wp-content\/uploads\/2019\/04\/34500-37r-gir.jpg","type":"image\/jpeg"}],"twitter_card":"summary_large_image","schema":{"@context":"https:\/\/schema.org","@graph":[{"@type":"WebSite","@id":"https:\/\/watch4time.eu\/#website","url":"https:\/\/watch4time.eu\/","name":"Watch4Time","description":"Exquisite watches for you","potentialAction":[{"@type":"SearchAction","target":{"@type":"EntryPoint","urlTemplate":"https:\/\/watch4time.eu\/?s={search_term_string}"},"query-input":"required name=search_term_string"}],"inLanguage":"fi"},{"@type":"ImageObject","@id":"https:\/\/watch4time.eu\/fi\/shop\/edox-les-vauberts-34500-37r-gir\/#primaryimage","inLanguage":"fi","url":"https:\/\/watch4time.eu\/wp-content\/uploads\/2019\/04\/34500-37r-gir.jpg","contentUrl":"https:\/\/watch4time.eu\/wp-content\/uploads\/2019\/04\/34500-37r-gir.jpg","width":1000,"height":1000},{"@type":"WebPage","@id":"https:\/\/watch4time.eu\/fi\/shop\/edox-les-vauberts-34500-37r-gir\/#webpage","url":"https:\/\/watch4time.eu\/fi\/shop\/edox-les-vauberts-34500-37r-gir\/","name":"Edox Les Vauberts 34500-37R-GIR - Watch4Time","isPartOf":{"@id":"https:\/\/watch4time.eu\/#website"},"primaryImageOfPage":{"@id":"https:\/\/watch4time.eu\/fi\/shop\/edox-les-vauberts-34500-37r-gir\/#primaryimage"},"datePublished":"2019-04-16T19:58:11+00:00","dateModified":"2019-04-16T19:58:11+00:00","breadcrumb":{"@id":"https:\/\/watch4time.eu\/fi\/shop\/edox-les-vauberts-34500-37r-gir\/#breadcrumb"},"inLanguage":"fi","potentialAction":[{"@type":"ReadAction","target":["https:\/\/watch4time.eu\/fi\/shop\/edox-les-vauberts-34500-37r-gir\/"]}]},{"@type":"BreadcrumbList","@id":"https:\/\/watch4time.eu\/fi\/shop\/edox-les-vauberts-34500-37r-gir\/#breadcrumb","itemListElement":[{"@type":"ListItem","position":1,"name":"Hjem","item":"https:\/\/watch4time.eu\/"},{"@type":"ListItem","position":2,"name":"Shop","item":"https:\/\/watch4time.eu\/shop\/"},{"@type":"ListItem","position":3,"name":"Edox Les Vauberts 34500-37R-GIR"}]}]}},"_links":{"self":[{"href":"https:\/\/watch4time.eu\/fi\/wp-json\/wp\/v2\/product\/25333"}],"collection":[{"href":"https:\/\/watch4time.eu\/fi\/wp-json\/wp\/v2\/product"}],"about":[{"href":"https:\/\/watch4time.eu\/fi\/wp-json\/wp\/v2\/types\/product"}],"replies":[{"embeddable":true,"href":"https:\/\/watch4time.eu\/fi\/wp-json\/wp\/v2\/comments?post=25333"}],"wp:featuredmedia":[{"embeddable":true,"href":"https:\/\/watch4time.eu\/fi\/wp-json\/wp\/v2\/media\/25328"}],"wp:attachment":[{"href":"https:\/\/watch4time.eu\/fi\/wp-json\/wp\/v2\/media?parent=25333"}],"wp:term":[{"taxonomy":"product_cat","embeddable":true,"href":"https:\/\/watch4time.eu\/fi\/wp-json\/wp\/v2\/product_cat?post=25333"},{"taxonomy":"product_tag","embeddable":true,"href":"https:\/\/watch4time.eu\/fi\/wp-json\/wp\/v2\/product_tag?post=25333"}],"curies":[{"name":"wp","href":"https:\/\/api.w.org\/{rel}","templated":true}]}}