{"id":39756,"date":"2018-06-27T12:10:55","date_gmt":"2018-06-27T10:10:55","guid":{"rendered":"https:\/\/watch4time.eu\/shop\/oregon-scientific-26\/"},"modified":"2018-06-27T12:10:55","modified_gmt":"2018-06-27T10:10:55","slug":"oregon-scientific-26","status":"publish","type":"product","link":"https:\/\/watch4time.eu\/de\/shop\/oregon-scientific-26\/","title":{"rendered":"Oregon Scientific BAR292"},"content":{"rendered":"","protected":false},"excerpt":{"rendered":"<p>BAR292<\/p>\n<p>&nbsp;<\/p>\n<p>PRYSMA wurde 2014 mit \u00fcberw\u00e4ltigendem Markterfolg eingef\u00fchrt. Diese Uhr hat die elegante und stilvolle DNA dieses Produktkonzepts mit neuen Funktionen wie Temperatur, Luftfeuchtigkeit und Wettervorhersage \u00fcbernommen. Das auff\u00e4lligste und einzigartigste Merkmal ist die \u00c4nderung der Farbanzeige in Abh\u00e4ngigkeit von der Umgebungstemperatur.<\/p>\n","protected":false},"featured_media":21506,"comment_status":"closed","ping_status":"closed","template":"","meta":{"_mi_skip_tracking":false},"product_cat":[639,1261,1267],"product_tag":[],"yoast_head":"<!-- This site is optimized with the Yoast SEO plugin v18.5.1 - https:\/\/yoast.com\/wordpress\/plugins\/seo\/ -->\n<title>Oregon Scientific BAR292 - Watch4Time<\/title>\n<meta name=\"robots\" content=\"index, follow, max-snippet:-1, max-image-preview:large, max-video-preview:-1\" \/>\n<link rel=\"canonical\" href=\"https:\/\/watch4time.eu\/de\/shop\/oregon-scientific-26\/\" \/>\n<meta property=\"og:locale\" content=\"de_DE\" \/>\n<meta property=\"og:type\" content=\"article\" \/>\n<meta property=\"og:title\" content=\"Oregon Scientific BAR292 - Watch4Time\" \/>\n<meta property=\"og:description\" content=\"BAR292  &nbsp;  PRYSMA wurde 2014 mit \u00fcberw\u00e4ltigendem Markterfolg eingef\u00fchrt. Diese Uhr hat die elegante und stilvolle DNA dieses Produktkonzepts mit neuen Funktionen wie Temperatur, Luftfeuchtigkeit und Wettervorhersage \u00fcbernommen. Das auff\u00e4lligste und einzigartigste Merkmal ist die \u00c4nderung der Farbanzeige in Abh\u00e4ngigkeit von der Umgebungstemperatur.\" \/>\n<meta property=\"og:url\" content=\"https:\/\/watch4time.eu\/de\/shop\/oregon-scientific-26\/\" \/>\n<meta property=\"og:site_name\" content=\"Watch4Time\" \/>\n<meta property=\"og:image\" content=\"https:\/\/watch4time.eu\/wp-content\/uploads\/2018\/06\/BAR292_white_blue_light.jpg\" \/>\n\t<meta property=\"og:image:width\" content=\"1000\" \/>\n\t<meta property=\"og:image:height\" content=\"1000\" \/>\n\t<meta property=\"og:image:type\" content=\"image\/jpeg\" \/>\n<meta name=\"twitter:card\" content=\"summary_large_image\" \/>\n<script type=\"application\/ld+json\" class=\"yoast-schema-graph\">{\"@context\":\"https:\/\/schema.org\",\"@graph\":[{\"@type\":\"WebSite\",\"@id\":\"https:\/\/watch4time.eu\/#website\",\"url\":\"https:\/\/watch4time.eu\/\",\"name\":\"Watch4Time\",\"description\":\"Exquisite watches for you\",\"potentialAction\":[{\"@type\":\"SearchAction\",\"target\":{\"@type\":\"EntryPoint\",\"urlTemplate\":\"https:\/\/watch4time.eu\/?s={search_term_string}\"},\"query-input\":\"required name=search_term_string\"}],\"inLanguage\":\"de\"},{\"@type\":\"ImageObject\",\"@id\":\"https:\/\/watch4time.eu\/de\/shop\/oregon-scientific-26\/#primaryimage\",\"inLanguage\":\"de\",\"url\":\"https:\/\/watch4time.eu\/wp-content\/uploads\/2018\/06\/BAR292_white_blue_light.jpg\",\"contentUrl\":\"https:\/\/watch4time.eu\/wp-content\/uploads\/2018\/06\/BAR292_white_blue_light.jpg\",\"width\":1000,\"height\":1000},{\"@type\":\"WebPage\",\"@id\":\"https:\/\/watch4time.eu\/de\/shop\/oregon-scientific-26\/#webpage\",\"url\":\"https:\/\/watch4time.eu\/de\/shop\/oregon-scientific-26\/\",\"name\":\"Oregon Scientific BAR292 - Watch4Time\",\"isPartOf\":{\"@id\":\"https:\/\/watch4time.eu\/#website\"},\"primaryImageOfPage\":{\"@id\":\"https:\/\/watch4time.eu\/de\/shop\/oregon-scientific-26\/#primaryimage\"},\"datePublished\":\"2018-06-27T10:10:55+00:00\",\"dateModified\":\"2018-06-27T10:10:55+00:00\",\"breadcrumb\":{\"@id\":\"https:\/\/watch4time.eu\/de\/shop\/oregon-scientific-26\/#breadcrumb\"},\"inLanguage\":\"de\",\"potentialAction\":[{\"@type\":\"ReadAction\",\"target\":[\"https:\/\/watch4time.eu\/de\/shop\/oregon-scientific-26\/\"]}]},{\"@type\":\"BreadcrumbList\",\"@id\":\"https:\/\/watch4time.eu\/de\/shop\/oregon-scientific-26\/#breadcrumb\",\"itemListElement\":[{\"@type\":\"ListItem\",\"position\":1,\"name\":\"Hjem\",\"item\":\"https:\/\/watch4time.eu\/de\/\"},{\"@type\":\"ListItem\",\"position\":2,\"name\":\"Shop\",\"item\":\"https:\/\/watch4time.eu\/de\/shop-de\/\"},{\"@type\":\"ListItem\",\"position\":3,\"name\":\"Oregon Scientific BAR292\"}]}]}<\/script>\n<!-- \/ Yoast SEO plugin. -->","yoast_head_json":{"title":"Oregon Scientific BAR292 - Watch4Time","robots":{"index":"index","follow":"follow","max-snippet":"max-snippet:-1","max-image-preview":"max-image-preview:large","max-video-preview":"max-video-preview:-1"},"canonical":"https:\/\/watch4time.eu\/de\/shop\/oregon-scientific-26\/","og_locale":"de_DE","og_type":"article","og_title":"Oregon Scientific BAR292 - Watch4Time","og_description":"BAR292  &nbsp;  PRYSMA wurde 2014 mit \u00fcberw\u00e4ltigendem Markterfolg eingef\u00fchrt. Diese Uhr hat die elegante und stilvolle DNA dieses Produktkonzepts mit neuen Funktionen wie Temperatur, Luftfeuchtigkeit und Wettervorhersage \u00fcbernommen. Das auff\u00e4lligste und einzigartigste Merkmal ist die \u00c4nderung der Farbanzeige in Abh\u00e4ngigkeit von der Umgebungstemperatur.","og_url":"https:\/\/watch4time.eu\/de\/shop\/oregon-scientific-26\/","og_site_name":"Watch4Time","og_image":[{"width":1000,"height":1000,"url":"https:\/\/watch4time.eu\/wp-content\/uploads\/2018\/06\/BAR292_white_blue_light.jpg","type":"image\/jpeg"}],"twitter_card":"summary_large_image","schema":{"@context":"https:\/\/schema.org","@graph":[{"@type":"WebSite","@id":"https:\/\/watch4time.eu\/#website","url":"https:\/\/watch4time.eu\/","name":"Watch4Time","description":"Exquisite watches for you","potentialAction":[{"@type":"SearchAction","target":{"@type":"EntryPoint","urlTemplate":"https:\/\/watch4time.eu\/?s={search_term_string}"},"query-input":"required name=search_term_string"}],"inLanguage":"de"},{"@type":"ImageObject","@id":"https:\/\/watch4time.eu\/de\/shop\/oregon-scientific-26\/#primaryimage","inLanguage":"de","url":"https:\/\/watch4time.eu\/wp-content\/uploads\/2018\/06\/BAR292_white_blue_light.jpg","contentUrl":"https:\/\/watch4time.eu\/wp-content\/uploads\/2018\/06\/BAR292_white_blue_light.jpg","width":1000,"height":1000},{"@type":"WebPage","@id":"https:\/\/watch4time.eu\/de\/shop\/oregon-scientific-26\/#webpage","url":"https:\/\/watch4time.eu\/de\/shop\/oregon-scientific-26\/","name":"Oregon Scientific BAR292 - Watch4Time","isPartOf":{"@id":"https:\/\/watch4time.eu\/#website"},"primaryImageOfPage":{"@id":"https:\/\/watch4time.eu\/de\/shop\/oregon-scientific-26\/#primaryimage"},"datePublished":"2018-06-27T10:10:55+00:00","dateModified":"2018-06-27T10:10:55+00:00","breadcrumb":{"@id":"https:\/\/watch4time.eu\/de\/shop\/oregon-scientific-26\/#breadcrumb"},"inLanguage":"de","potentialAction":[{"@type":"ReadAction","target":["https:\/\/watch4time.eu\/de\/shop\/oregon-scientific-26\/"]}]},{"@type":"BreadcrumbList","@id":"https:\/\/watch4time.eu\/de\/shop\/oregon-scientific-26\/#breadcrumb","itemListElement":[{"@type":"ListItem","position":1,"name":"Hjem","item":"https:\/\/watch4time.eu\/de\/"},{"@type":"ListItem","position":2,"name":"Shop","item":"https:\/\/watch4time.eu\/de\/shop-de\/"},{"@type":"ListItem","position":3,"name":"Oregon Scientific BAR292"}]}]}},"_links":{"self":[{"href":"https:\/\/watch4time.eu\/de\/wp-json\/wp\/v2\/product\/39756"}],"collection":[{"href":"https:\/\/watch4time.eu\/de\/wp-json\/wp\/v2\/product"}],"about":[{"href":"https:\/\/watch4time.eu\/de\/wp-json\/wp\/v2\/types\/product"}],"replies":[{"embeddable":true,"href":"https:\/\/watch4time.eu\/de\/wp-json\/wp\/v2\/comments?post=39756"}],"wp:featuredmedia":[{"embeddable":true,"href":"https:\/\/watch4time.eu\/de\/wp-json\/wp\/v2\/media\/21506"}],"wp:attachment":[{"href":"https:\/\/watch4time.eu\/de\/wp-json\/wp\/v2\/media?parent=39756"}],"wp:term":[{"taxonomy":"product_cat","embeddable":true,"href":"https:\/\/watch4time.eu\/de\/wp-json\/wp\/v2\/product_cat?post=39756"},{"taxonomy":"product_tag","embeddable":true,"href":"https:\/\/watch4time.eu\/de\/wp-json\/wp\/v2\/product_tag?post=39756"}],"curies":[{"name":"wp","href":"https:\/\/api.w.org\/{rel}","templated":true}]}}