{"id":35875,"date":"2019-05-23T13:48:33","date_gmt":"2019-05-23T11:48:33","guid":{"rendered":"https:\/\/watch4time.eu\/shop\/danish-design-iv65q1256\/"},"modified":"2019-05-23T13:48:33","modified_gmt":"2019-05-23T11:48:33","slug":"danish-design-iv65q1256","status":"publish","type":"product","link":"https:\/\/watch4time.eu\/de\/shop\/danish-design-iv65q1256\/","title":{"rendered":"Danish Design IV65Q1256"},"content":{"rendered":"","protected":false},"excerpt":{"rendered":"<p>IV65Q1256<\/p>\n<p>&nbsp;<\/p>\n<p>Diese kleine und sch\u00f6ne Uhr von Danish Design ist perfekt f\u00fcr jedes Outfit und jeden Anlass. Die Uhr hat ein Titangeh\u00e4use mit wei\u00dfem Zifferblatt, Mineralglas und ein Titanarmband mit goldfarbenen Details.<\/p>\n","protected":false},"featured_media":35870,"comment_status":"closed","ping_status":"closed","template":"","meta":{"_mi_skip_tracking":false},"product_cat":[642,494,495,522],"product_tag":[],"yoast_head":"<!-- This site is optimized with the Yoast SEO plugin v18.5.1 - https:\/\/yoast.com\/wordpress\/plugins\/seo\/ -->\n<title>Danish Design IV65Q1256 - Watch4Time<\/title>\n<meta name=\"robots\" content=\"index, follow, max-snippet:-1, max-image-preview:large, max-video-preview:-1\" \/>\n<link rel=\"canonical\" href=\"https:\/\/watch4time.eu\/de\/shop\/danish-design-iv65q1256\/\" \/>\n<meta property=\"og:locale\" content=\"de_DE\" \/>\n<meta property=\"og:type\" content=\"article\" \/>\n<meta property=\"og:title\" content=\"Danish Design IV65Q1256 - Watch4Time\" \/>\n<meta property=\"og:description\" content=\"IV65Q1256  &nbsp;  Diese kleine und sch\u00f6ne Uhr von Danish Design ist perfekt f\u00fcr jedes Outfit und jeden Anlass. Die Uhr hat ein Titangeh\u00e4use mit wei\u00dfem Zifferblatt, Mineralglas und ein Titanarmband mit goldfarbenen Details.\" \/>\n<meta property=\"og:url\" content=\"https:\/\/watch4time.eu\/de\/shop\/danish-design-iv65q1256\/\" \/>\n<meta property=\"og:site_name\" content=\"Watch4Time\" \/>\n<meta property=\"og:image\" content=\"https:\/\/watch4time.eu\/wp-content\/uploads\/2019\/05\/IV65Q1256.jpg\" \/>\n\t<meta property=\"og:image:width\" content=\"1000\" \/>\n\t<meta property=\"og:image:height\" content=\"1000\" \/>\n\t<meta property=\"og:image:type\" content=\"image\/jpeg\" \/>\n<meta name=\"twitter:card\" content=\"summary_large_image\" \/>\n<script type=\"application\/ld+json\" class=\"yoast-schema-graph\">{\"@context\":\"https:\/\/schema.org\",\"@graph\":[{\"@type\":\"WebSite\",\"@id\":\"https:\/\/watch4time.eu\/#website\",\"url\":\"https:\/\/watch4time.eu\/\",\"name\":\"Watch4Time\",\"description\":\"Exquisite watches for you\",\"potentialAction\":[{\"@type\":\"SearchAction\",\"target\":{\"@type\":\"EntryPoint\",\"urlTemplate\":\"https:\/\/watch4time.eu\/?s={search_term_string}\"},\"query-input\":\"required name=search_term_string\"}],\"inLanguage\":\"de\"},{\"@type\":\"ImageObject\",\"@id\":\"https:\/\/watch4time.eu\/de\/shop\/danish-design-iv65q1256\/#primaryimage\",\"inLanguage\":\"de\",\"url\":\"https:\/\/watch4time.eu\/wp-content\/uploads\/2019\/05\/IV65Q1256.jpg\",\"contentUrl\":\"https:\/\/watch4time.eu\/wp-content\/uploads\/2019\/05\/IV65Q1256.jpg\",\"width\":1000,\"height\":1000},{\"@type\":\"WebPage\",\"@id\":\"https:\/\/watch4time.eu\/de\/shop\/danish-design-iv65q1256\/#webpage\",\"url\":\"https:\/\/watch4time.eu\/de\/shop\/danish-design-iv65q1256\/\",\"name\":\"Danish Design IV65Q1256 - Watch4Time\",\"isPartOf\":{\"@id\":\"https:\/\/watch4time.eu\/#website\"},\"primaryImageOfPage\":{\"@id\":\"https:\/\/watch4time.eu\/de\/shop\/danish-design-iv65q1256\/#primaryimage\"},\"datePublished\":\"2019-05-23T11:48:33+00:00\",\"dateModified\":\"2019-05-23T11:48:33+00:00\",\"breadcrumb\":{\"@id\":\"https:\/\/watch4time.eu\/de\/shop\/danish-design-iv65q1256\/#breadcrumb\"},\"inLanguage\":\"de\",\"potentialAction\":[{\"@type\":\"ReadAction\",\"target\":[\"https:\/\/watch4time.eu\/de\/shop\/danish-design-iv65q1256\/\"]}]},{\"@type\":\"BreadcrumbList\",\"@id\":\"https:\/\/watch4time.eu\/de\/shop\/danish-design-iv65q1256\/#breadcrumb\",\"itemListElement\":[{\"@type\":\"ListItem\",\"position\":1,\"name\":\"Hjem\",\"item\":\"https:\/\/watch4time.eu\/de\/\"},{\"@type\":\"ListItem\",\"position\":2,\"name\":\"Shop\",\"item\":\"https:\/\/watch4time.eu\/de\/shop-de\/\"},{\"@type\":\"ListItem\",\"position\":3,\"name\":\"Danish Design IV65Q1256\"}]}]}<\/script>\n<!-- \/ Yoast SEO plugin. -->","yoast_head_json":{"title":"Danish Design IV65Q1256 - Watch4Time","robots":{"index":"index","follow":"follow","max-snippet":"max-snippet:-1","max-image-preview":"max-image-preview:large","max-video-preview":"max-video-preview:-1"},"canonical":"https:\/\/watch4time.eu\/de\/shop\/danish-design-iv65q1256\/","og_locale":"de_DE","og_type":"article","og_title":"Danish Design IV65Q1256 - Watch4Time","og_description":"IV65Q1256  &nbsp;  Diese kleine und sch\u00f6ne Uhr von Danish Design ist perfekt f\u00fcr jedes Outfit und jeden Anlass. Die Uhr hat ein Titangeh\u00e4use mit wei\u00dfem Zifferblatt, Mineralglas und ein Titanarmband mit goldfarbenen Details.","og_url":"https:\/\/watch4time.eu\/de\/shop\/danish-design-iv65q1256\/","og_site_name":"Watch4Time","og_image":[{"width":1000,"height":1000,"url":"https:\/\/watch4time.eu\/wp-content\/uploads\/2019\/05\/IV65Q1256.jpg","type":"image\/jpeg"}],"twitter_card":"summary_large_image","schema":{"@context":"https:\/\/schema.org","@graph":[{"@type":"WebSite","@id":"https:\/\/watch4time.eu\/#website","url":"https:\/\/watch4time.eu\/","name":"Watch4Time","description":"Exquisite watches for you","potentialAction":[{"@type":"SearchAction","target":{"@type":"EntryPoint","urlTemplate":"https:\/\/watch4time.eu\/?s={search_term_string}"},"query-input":"required name=search_term_string"}],"inLanguage":"de"},{"@type":"ImageObject","@id":"https:\/\/watch4time.eu\/de\/shop\/danish-design-iv65q1256\/#primaryimage","inLanguage":"de","url":"https:\/\/watch4time.eu\/wp-content\/uploads\/2019\/05\/IV65Q1256.jpg","contentUrl":"https:\/\/watch4time.eu\/wp-content\/uploads\/2019\/05\/IV65Q1256.jpg","width":1000,"height":1000},{"@type":"WebPage","@id":"https:\/\/watch4time.eu\/de\/shop\/danish-design-iv65q1256\/#webpage","url":"https:\/\/watch4time.eu\/de\/shop\/danish-design-iv65q1256\/","name":"Danish Design IV65Q1256 - Watch4Time","isPartOf":{"@id":"https:\/\/watch4time.eu\/#website"},"primaryImageOfPage":{"@id":"https:\/\/watch4time.eu\/de\/shop\/danish-design-iv65q1256\/#primaryimage"},"datePublished":"2019-05-23T11:48:33+00:00","dateModified":"2019-05-23T11:48:33+00:00","breadcrumb":{"@id":"https:\/\/watch4time.eu\/de\/shop\/danish-design-iv65q1256\/#breadcrumb"},"inLanguage":"de","potentialAction":[{"@type":"ReadAction","target":["https:\/\/watch4time.eu\/de\/shop\/danish-design-iv65q1256\/"]}]},{"@type":"BreadcrumbList","@id":"https:\/\/watch4time.eu\/de\/shop\/danish-design-iv65q1256\/#breadcrumb","itemListElement":[{"@type":"ListItem","position":1,"name":"Hjem","item":"https:\/\/watch4time.eu\/de\/"},{"@type":"ListItem","position":2,"name":"Shop","item":"https:\/\/watch4time.eu\/de\/shop-de\/"},{"@type":"ListItem","position":3,"name":"Danish Design IV65Q1256"}]}]}},"_links":{"self":[{"href":"https:\/\/watch4time.eu\/de\/wp-json\/wp\/v2\/product\/35875"}],"collection":[{"href":"https:\/\/watch4time.eu\/de\/wp-json\/wp\/v2\/product"}],"about":[{"href":"https:\/\/watch4time.eu\/de\/wp-json\/wp\/v2\/types\/product"}],"replies":[{"embeddable":true,"href":"https:\/\/watch4time.eu\/de\/wp-json\/wp\/v2\/comments?post=35875"}],"wp:featuredmedia":[{"embeddable":true,"href":"https:\/\/watch4time.eu\/de\/wp-json\/wp\/v2\/media\/35870"}],"wp:attachment":[{"href":"https:\/\/watch4time.eu\/de\/wp-json\/wp\/v2\/media?parent=35875"}],"wp:term":[{"taxonomy":"product_cat","embeddable":true,"href":"https:\/\/watch4time.eu\/de\/wp-json\/wp\/v2\/product_cat?post=35875"},{"taxonomy":"product_tag","embeddable":true,"href":"https:\/\/watch4time.eu\/de\/wp-json\/wp\/v2\/product_tag?post=35875"}],"curies":[{"name":"wp","href":"https:\/\/api.w.org\/{rel}","templated":true}]}}