{"id":35215,"date":"2019-05-17T21:35:31","date_gmt":"2019-05-17T19:35:31","guid":{"rendered":"https:\/\/watch4time.eu\/shop\/ebel-sport-classic-1216385\/"},"modified":"2019-05-17T21:35:31","modified_gmt":"2019-05-17T19:35:31","slug":"ebel-sport-classic-1216385","status":"publish","type":"product","link":"https:\/\/watch4time.eu\/de\/shop\/ebel-sport-classic-1216385\/","title":{"rendered":"Ebel Sport Classic 1216385"},"content":{"rendered":"","protected":false},"excerpt":{"rendered":"<p>1216385<\/p>\n<p>&nbsp;<\/p>\n<p>Diese Ebel Sport Classic Uhr hat eine 24 mm. Edelstahlgeh\u00e4use und L\u00fcnette aus 18 Karat Gold mit 53 Diamanten. Die Uhr hat ein wei\u00dfes Zifferblatt mit r\u00f6mischen Ziffern aus schwarzem Saphirglas mit darunter liegender Antireflexbehandlung und ein Gliederarmband aus Edelstahl.<\/p>\n","protected":false},"featured_media":35209,"comment_status":"closed","ping_status":"closed","template":"","meta":{"_mi_skip_tracking":false},"product_cat":[637,533,544,522],"product_tag":[],"yoast_head":"<!-- This site is optimized with the Yoast SEO plugin v18.5.1 - https:\/\/yoast.com\/wordpress\/plugins\/seo\/ -->\n<title>Ebel Sport Classic 1216385 - Watch4Time<\/title>\n<meta name=\"robots\" content=\"index, follow, max-snippet:-1, max-image-preview:large, max-video-preview:-1\" \/>\n<link rel=\"canonical\" href=\"https:\/\/watch4time.eu\/de\/shop\/ebel-sport-classic-1216385\/\" \/>\n<meta property=\"og:locale\" content=\"de_DE\" \/>\n<meta property=\"og:type\" content=\"article\" \/>\n<meta property=\"og:title\" content=\"Ebel Sport Classic 1216385 - Watch4Time\" \/>\n<meta property=\"og:description\" content=\"1216385  &nbsp;  Diese Ebel Sport Classic Uhr hat eine 24 mm. Edelstahlgeh\u00e4use und L\u00fcnette aus 18 Karat Gold mit 53 Diamanten. Die Uhr hat ein wei\u00dfes Zifferblatt mit r\u00f6mischen Ziffern aus schwarzem Saphirglas mit darunter liegender Antireflexbehandlung und ein Gliederarmband aus Edelstahl.\" \/>\n<meta property=\"og:url\" content=\"https:\/\/watch4time.eu\/de\/shop\/ebel-sport-classic-1216385\/\" \/>\n<meta property=\"og:site_name\" content=\"Watch4Time\" \/>\n<meta property=\"og:image\" content=\"https:\/\/watch4time.eu\/wp-content\/uploads\/2019\/05\/1216385.jpg\" \/>\n\t<meta property=\"og:image:width\" content=\"1000\" \/>\n\t<meta property=\"og:image:height\" content=\"1000\" \/>\n\t<meta property=\"og:image:type\" content=\"image\/jpeg\" \/>\n<meta name=\"twitter:card\" content=\"summary_large_image\" \/>\n<script type=\"application\/ld+json\" class=\"yoast-schema-graph\">{\"@context\":\"https:\/\/schema.org\",\"@graph\":[{\"@type\":\"WebSite\",\"@id\":\"https:\/\/watch4time.eu\/#website\",\"url\":\"https:\/\/watch4time.eu\/\",\"name\":\"Watch4Time\",\"description\":\"Exquisite watches for you\",\"potentialAction\":[{\"@type\":\"SearchAction\",\"target\":{\"@type\":\"EntryPoint\",\"urlTemplate\":\"https:\/\/watch4time.eu\/?s={search_term_string}\"},\"query-input\":\"required name=search_term_string\"}],\"inLanguage\":\"de\"},{\"@type\":\"ImageObject\",\"@id\":\"https:\/\/watch4time.eu\/de\/shop\/ebel-sport-classic-1216385\/#primaryimage\",\"inLanguage\":\"de\",\"url\":\"https:\/\/watch4time.eu\/wp-content\/uploads\/2019\/05\/1216385.jpg\",\"contentUrl\":\"https:\/\/watch4time.eu\/wp-content\/uploads\/2019\/05\/1216385.jpg\",\"width\":1000,\"height\":1000},{\"@type\":\"WebPage\",\"@id\":\"https:\/\/watch4time.eu\/de\/shop\/ebel-sport-classic-1216385\/#webpage\",\"url\":\"https:\/\/watch4time.eu\/de\/shop\/ebel-sport-classic-1216385\/\",\"name\":\"Ebel Sport Classic 1216385 - Watch4Time\",\"isPartOf\":{\"@id\":\"https:\/\/watch4time.eu\/#website\"},\"primaryImageOfPage\":{\"@id\":\"https:\/\/watch4time.eu\/de\/shop\/ebel-sport-classic-1216385\/#primaryimage\"},\"datePublished\":\"2019-05-17T19:35:31+00:00\",\"dateModified\":\"2019-05-17T19:35:31+00:00\",\"breadcrumb\":{\"@id\":\"https:\/\/watch4time.eu\/de\/shop\/ebel-sport-classic-1216385\/#breadcrumb\"},\"inLanguage\":\"de\",\"potentialAction\":[{\"@type\":\"ReadAction\",\"target\":[\"https:\/\/watch4time.eu\/de\/shop\/ebel-sport-classic-1216385\/\"]}]},{\"@type\":\"BreadcrumbList\",\"@id\":\"https:\/\/watch4time.eu\/de\/shop\/ebel-sport-classic-1216385\/#breadcrumb\",\"itemListElement\":[{\"@type\":\"ListItem\",\"position\":1,\"name\":\"Hjem\",\"item\":\"https:\/\/watch4time.eu\/de\/\"},{\"@type\":\"ListItem\",\"position\":2,\"name\":\"Shop\",\"item\":\"https:\/\/watch4time.eu\/de\/shop-de\/\"},{\"@type\":\"ListItem\",\"position\":3,\"name\":\"Ebel Sport Classic 1216385\"}]}]}<\/script>\n<!-- \/ Yoast SEO plugin. -->","yoast_head_json":{"title":"Ebel Sport Classic 1216385 - Watch4Time","robots":{"index":"index","follow":"follow","max-snippet":"max-snippet:-1","max-image-preview":"max-image-preview:large","max-video-preview":"max-video-preview:-1"},"canonical":"https:\/\/watch4time.eu\/de\/shop\/ebel-sport-classic-1216385\/","og_locale":"de_DE","og_type":"article","og_title":"Ebel Sport Classic 1216385 - Watch4Time","og_description":"1216385  &nbsp;  Diese Ebel Sport Classic Uhr hat eine 24 mm. Edelstahlgeh\u00e4use und L\u00fcnette aus 18 Karat Gold mit 53 Diamanten. Die Uhr hat ein wei\u00dfes Zifferblatt mit r\u00f6mischen Ziffern aus schwarzem Saphirglas mit darunter liegender Antireflexbehandlung und ein Gliederarmband aus Edelstahl.","og_url":"https:\/\/watch4time.eu\/de\/shop\/ebel-sport-classic-1216385\/","og_site_name":"Watch4Time","og_image":[{"width":1000,"height":1000,"url":"https:\/\/watch4time.eu\/wp-content\/uploads\/2019\/05\/1216385.jpg","type":"image\/jpeg"}],"twitter_card":"summary_large_image","schema":{"@context":"https:\/\/schema.org","@graph":[{"@type":"WebSite","@id":"https:\/\/watch4time.eu\/#website","url":"https:\/\/watch4time.eu\/","name":"Watch4Time","description":"Exquisite watches for you","potentialAction":[{"@type":"SearchAction","target":{"@type":"EntryPoint","urlTemplate":"https:\/\/watch4time.eu\/?s={search_term_string}"},"query-input":"required name=search_term_string"}],"inLanguage":"de"},{"@type":"ImageObject","@id":"https:\/\/watch4time.eu\/de\/shop\/ebel-sport-classic-1216385\/#primaryimage","inLanguage":"de","url":"https:\/\/watch4time.eu\/wp-content\/uploads\/2019\/05\/1216385.jpg","contentUrl":"https:\/\/watch4time.eu\/wp-content\/uploads\/2019\/05\/1216385.jpg","width":1000,"height":1000},{"@type":"WebPage","@id":"https:\/\/watch4time.eu\/de\/shop\/ebel-sport-classic-1216385\/#webpage","url":"https:\/\/watch4time.eu\/de\/shop\/ebel-sport-classic-1216385\/","name":"Ebel Sport Classic 1216385 - Watch4Time","isPartOf":{"@id":"https:\/\/watch4time.eu\/#website"},"primaryImageOfPage":{"@id":"https:\/\/watch4time.eu\/de\/shop\/ebel-sport-classic-1216385\/#primaryimage"},"datePublished":"2019-05-17T19:35:31+00:00","dateModified":"2019-05-17T19:35:31+00:00","breadcrumb":{"@id":"https:\/\/watch4time.eu\/de\/shop\/ebel-sport-classic-1216385\/#breadcrumb"},"inLanguage":"de","potentialAction":[{"@type":"ReadAction","target":["https:\/\/watch4time.eu\/de\/shop\/ebel-sport-classic-1216385\/"]}]},{"@type":"BreadcrumbList","@id":"https:\/\/watch4time.eu\/de\/shop\/ebel-sport-classic-1216385\/#breadcrumb","itemListElement":[{"@type":"ListItem","position":1,"name":"Hjem","item":"https:\/\/watch4time.eu\/de\/"},{"@type":"ListItem","position":2,"name":"Shop","item":"https:\/\/watch4time.eu\/de\/shop-de\/"},{"@type":"ListItem","position":3,"name":"Ebel Sport Classic 1216385"}]}]}},"_links":{"self":[{"href":"https:\/\/watch4time.eu\/de\/wp-json\/wp\/v2\/product\/35215"}],"collection":[{"href":"https:\/\/watch4time.eu\/de\/wp-json\/wp\/v2\/product"}],"about":[{"href":"https:\/\/watch4time.eu\/de\/wp-json\/wp\/v2\/types\/product"}],"replies":[{"embeddable":true,"href":"https:\/\/watch4time.eu\/de\/wp-json\/wp\/v2\/comments?post=35215"}],"wp:featuredmedia":[{"embeddable":true,"href":"https:\/\/watch4time.eu\/de\/wp-json\/wp\/v2\/media\/35209"}],"wp:attachment":[{"href":"https:\/\/watch4time.eu\/de\/wp-json\/wp\/v2\/media?parent=35215"}],"wp:term":[{"taxonomy":"product_cat","embeddable":true,"href":"https:\/\/watch4time.eu\/de\/wp-json\/wp\/v2\/product_cat?post=35215"},{"taxonomy":"product_tag","embeddable":true,"href":"https:\/\/watch4time.eu\/de\/wp-json\/wp\/v2\/product_tag?post=35215"}],"curies":[{"name":"wp","href":"https:\/\/api.w.org\/{rel}","templated":true}]}}