{"id":35074,"date":"2018-04-19T16:28:21","date_gmt":"2018-04-19T14:28:21","guid":{"rendered":"https:\/\/watch4time.eu\/shop\/wenger-avenue-15\/"},"modified":"2018-04-19T16:28:21","modified_gmt":"2018-04-19T14:28:21","slug":"wenger-avenue-15","status":"publish","type":"product","link":"https:\/\/watch4time.eu\/de\/shop\/wenger-avenue-15\/","title":{"rendered":"Wenger Avenue 01.1641.106"},"content":{"rendered":"","protected":false},"excerpt":{"rendered":"<p>01.1641.106<\/p>\n<p>&nbsp;<\/p>\n<p>Diese Wenger Avenue Uhr hat eine 42 mm. Edelstahlgeh\u00e4use mit Schweizer Quarzwerk. Dieses einfache, klassische Design ist unverwechselbar. Es hat ein gro\u00dfes, sauberes Zifferblatt mit leuchtenden Zeigern, die eine perfekte Ablesbarkeit bieten und Avenue zu einer guten Alltagsuhr machen. Und mit seiner Auswahl an farbenfrohen Tr\u00e4gern oder traditionellen Armb\u00e4ndern bietet es eine einzigartige M\u00f6glichkeit, Ihren Stil effektiv zur Geltung zu bringen.<\/p>\n","protected":false},"featured_media":20381,"comment_status":"closed","ping_status":"closed","template":"","meta":{"_mi_skip_tracking":false},"product_cat":[646,614,609,522],"product_tag":[],"yoast_head":"<!-- This site is optimized with the Yoast SEO plugin v18.5.1 - https:\/\/yoast.com\/wordpress\/plugins\/seo\/ -->\n<title>Wenger Avenue 01.1641.106 - Watch4Time<\/title>\n<meta name=\"robots\" content=\"index, follow, max-snippet:-1, max-image-preview:large, max-video-preview:-1\" \/>\n<link rel=\"canonical\" href=\"https:\/\/watch4time.eu\/de\/shop\/wenger-avenue-15\/\" \/>\n<meta property=\"og:locale\" content=\"de_DE\" \/>\n<meta property=\"og:type\" content=\"article\" \/>\n<meta property=\"og:title\" content=\"Wenger Avenue 01.1641.106 - Watch4Time\" \/>\n<meta property=\"og:description\" content=\"01.1641.106  &nbsp;  Diese Wenger Avenue Uhr hat eine 42 mm. Edelstahlgeh\u00e4use mit Schweizer Quarzwerk. Dieses einfache, klassische Design ist unverwechselbar. Es hat ein gro\u00dfes, sauberes Zifferblatt mit leuchtenden Zeigern, die eine perfekte Ablesbarkeit bieten und Avenue zu einer guten Alltagsuhr machen. Und mit seiner Auswahl an farbenfrohen Tr\u00e4gern oder traditionellen Armb\u00e4ndern bietet es eine einzigartige M\u00f6glichkeit, Ihren Stil effektiv zur Geltung zu bringen.\" \/>\n<meta property=\"og:url\" content=\"https:\/\/watch4time.eu\/de\/shop\/wenger-avenue-15\/\" \/>\n<meta property=\"og:site_name\" content=\"Watch4Time\" \/>\n<meta property=\"og:image\" content=\"https:\/\/watch4time.eu\/wp-content\/uploads\/2018\/04\/01.1641.106.jpg\" \/>\n\t<meta property=\"og:image:width\" content=\"1000\" \/>\n\t<meta property=\"og:image:height\" content=\"1000\" \/>\n\t<meta property=\"og:image:type\" content=\"image\/jpeg\" \/>\n<meta name=\"twitter:card\" content=\"summary_large_image\" \/>\n<script type=\"application\/ld+json\" class=\"yoast-schema-graph\">{\"@context\":\"https:\/\/schema.org\",\"@graph\":[{\"@type\":\"WebSite\",\"@id\":\"https:\/\/watch4time.eu\/#website\",\"url\":\"https:\/\/watch4time.eu\/\",\"name\":\"Watch4Time\",\"description\":\"Exquisite watches for you\",\"potentialAction\":[{\"@type\":\"SearchAction\",\"target\":{\"@type\":\"EntryPoint\",\"urlTemplate\":\"https:\/\/watch4time.eu\/?s={search_term_string}\"},\"query-input\":\"required name=search_term_string\"}],\"inLanguage\":\"de\"},{\"@type\":\"ImageObject\",\"@id\":\"https:\/\/watch4time.eu\/de\/shop\/wenger-avenue-15\/#primaryimage\",\"inLanguage\":\"de\",\"url\":\"https:\/\/watch4time.eu\/wp-content\/uploads\/2018\/04\/01.1641.106.jpg\",\"contentUrl\":\"https:\/\/watch4time.eu\/wp-content\/uploads\/2018\/04\/01.1641.106.jpg\",\"width\":1000,\"height\":1000},{\"@type\":\"WebPage\",\"@id\":\"https:\/\/watch4time.eu\/de\/shop\/wenger-avenue-15\/#webpage\",\"url\":\"https:\/\/watch4time.eu\/de\/shop\/wenger-avenue-15\/\",\"name\":\"Wenger Avenue 01.1641.106 - Watch4Time\",\"isPartOf\":{\"@id\":\"https:\/\/watch4time.eu\/#website\"},\"primaryImageOfPage\":{\"@id\":\"https:\/\/watch4time.eu\/de\/shop\/wenger-avenue-15\/#primaryimage\"},\"datePublished\":\"2018-04-19T14:28:21+00:00\",\"dateModified\":\"2018-04-19T14:28:21+00:00\",\"breadcrumb\":{\"@id\":\"https:\/\/watch4time.eu\/de\/shop\/wenger-avenue-15\/#breadcrumb\"},\"inLanguage\":\"de\",\"potentialAction\":[{\"@type\":\"ReadAction\",\"target\":[\"https:\/\/watch4time.eu\/de\/shop\/wenger-avenue-15\/\"]}]},{\"@type\":\"BreadcrumbList\",\"@id\":\"https:\/\/watch4time.eu\/de\/shop\/wenger-avenue-15\/#breadcrumb\",\"itemListElement\":[{\"@type\":\"ListItem\",\"position\":1,\"name\":\"Hjem\",\"item\":\"https:\/\/watch4time.eu\/de\/\"},{\"@type\":\"ListItem\",\"position\":2,\"name\":\"Shop\",\"item\":\"https:\/\/watch4time.eu\/de\/shop-de\/\"},{\"@type\":\"ListItem\",\"position\":3,\"name\":\"Wenger Avenue 01.1641.106\"}]}]}<\/script>\n<!-- \/ Yoast SEO plugin. -->","yoast_head_json":{"title":"Wenger Avenue 01.1641.106 - Watch4Time","robots":{"index":"index","follow":"follow","max-snippet":"max-snippet:-1","max-image-preview":"max-image-preview:large","max-video-preview":"max-video-preview:-1"},"canonical":"https:\/\/watch4time.eu\/de\/shop\/wenger-avenue-15\/","og_locale":"de_DE","og_type":"article","og_title":"Wenger Avenue 01.1641.106 - Watch4Time","og_description":"01.1641.106  &nbsp;  Diese Wenger Avenue Uhr hat eine 42 mm. Edelstahlgeh\u00e4use mit Schweizer Quarzwerk. Dieses einfache, klassische Design ist unverwechselbar. Es hat ein gro\u00dfes, sauberes Zifferblatt mit leuchtenden Zeigern, die eine perfekte Ablesbarkeit bieten und Avenue zu einer guten Alltagsuhr machen. Und mit seiner Auswahl an farbenfrohen Tr\u00e4gern oder traditionellen Armb\u00e4ndern bietet es eine einzigartige M\u00f6glichkeit, Ihren Stil effektiv zur Geltung zu bringen.","og_url":"https:\/\/watch4time.eu\/de\/shop\/wenger-avenue-15\/","og_site_name":"Watch4Time","og_image":[{"width":1000,"height":1000,"url":"https:\/\/watch4time.eu\/wp-content\/uploads\/2018\/04\/01.1641.106.jpg","type":"image\/jpeg"}],"twitter_card":"summary_large_image","schema":{"@context":"https:\/\/schema.org","@graph":[{"@type":"WebSite","@id":"https:\/\/watch4time.eu\/#website","url":"https:\/\/watch4time.eu\/","name":"Watch4Time","description":"Exquisite watches for you","potentialAction":[{"@type":"SearchAction","target":{"@type":"EntryPoint","urlTemplate":"https:\/\/watch4time.eu\/?s={search_term_string}"},"query-input":"required name=search_term_string"}],"inLanguage":"de"},{"@type":"ImageObject","@id":"https:\/\/watch4time.eu\/de\/shop\/wenger-avenue-15\/#primaryimage","inLanguage":"de","url":"https:\/\/watch4time.eu\/wp-content\/uploads\/2018\/04\/01.1641.106.jpg","contentUrl":"https:\/\/watch4time.eu\/wp-content\/uploads\/2018\/04\/01.1641.106.jpg","width":1000,"height":1000},{"@type":"WebPage","@id":"https:\/\/watch4time.eu\/de\/shop\/wenger-avenue-15\/#webpage","url":"https:\/\/watch4time.eu\/de\/shop\/wenger-avenue-15\/","name":"Wenger Avenue 01.1641.106 - Watch4Time","isPartOf":{"@id":"https:\/\/watch4time.eu\/#website"},"primaryImageOfPage":{"@id":"https:\/\/watch4time.eu\/de\/shop\/wenger-avenue-15\/#primaryimage"},"datePublished":"2018-04-19T14:28:21+00:00","dateModified":"2018-04-19T14:28:21+00:00","breadcrumb":{"@id":"https:\/\/watch4time.eu\/de\/shop\/wenger-avenue-15\/#breadcrumb"},"inLanguage":"de","potentialAction":[{"@type":"ReadAction","target":["https:\/\/watch4time.eu\/de\/shop\/wenger-avenue-15\/"]}]},{"@type":"BreadcrumbList","@id":"https:\/\/watch4time.eu\/de\/shop\/wenger-avenue-15\/#breadcrumb","itemListElement":[{"@type":"ListItem","position":1,"name":"Hjem","item":"https:\/\/watch4time.eu\/de\/"},{"@type":"ListItem","position":2,"name":"Shop","item":"https:\/\/watch4time.eu\/de\/shop-de\/"},{"@type":"ListItem","position":3,"name":"Wenger Avenue 01.1641.106"}]}]}},"_links":{"self":[{"href":"https:\/\/watch4time.eu\/de\/wp-json\/wp\/v2\/product\/35074"}],"collection":[{"href":"https:\/\/watch4time.eu\/de\/wp-json\/wp\/v2\/product"}],"about":[{"href":"https:\/\/watch4time.eu\/de\/wp-json\/wp\/v2\/types\/product"}],"replies":[{"embeddable":true,"href":"https:\/\/watch4time.eu\/de\/wp-json\/wp\/v2\/comments?post=35074"}],"wp:featuredmedia":[{"embeddable":true,"href":"https:\/\/watch4time.eu\/de\/wp-json\/wp\/v2\/media\/20381"}],"wp:attachment":[{"href":"https:\/\/watch4time.eu\/de\/wp-json\/wp\/v2\/media?parent=35074"}],"wp:term":[{"taxonomy":"product_cat","embeddable":true,"href":"https:\/\/watch4time.eu\/de\/wp-json\/wp\/v2\/product_cat?post=35074"},{"taxonomy":"product_tag","embeddable":true,"href":"https:\/\/watch4time.eu\/de\/wp-json\/wp\/v2\/product_tag?post=35074"}],"curies":[{"name":"wp","href":"https:\/\/api.w.org\/{rel}","templated":true}]}}