{"id":24907,"date":"2019-04-16T14:25:31","date_gmt":"2019-04-16T12:25:31","guid":{"rendered":"https:\/\/watch4time.eu\/shop\/edox-delfin-10105-3-ain\/"},"modified":"2019-07-24T16:20:31","modified_gmt":"2019-07-24T14:20:31","slug":"edox-delfin-10105-3-ain","status":"publish","type":"product","link":"https:\/\/watch4time.eu\/de\/shop\/edox-delfin-10105-3-ain\/","title":{"rendered":"Edox Delfin 10105-3-AIN"},"content":{"rendered":"","protected":false},"excerpt":{"rendered":"<p>10105-3-AIN<\/p>\n<p>&nbsp;<\/p>\n<p>Diese Edox Dolphin Uhr hat einen Durchmesser von 43 mm. Edelstahlgeh\u00e4use mit verschraubter R\u00fcckseite. Die Uhr verf\u00fcgt \u00fcber Datumsanzeige, Saphirglas, Schweizer Quarzwerk und ist bis zu 200 Meter wasserdicht.<\/p>\n<p>Beim Kauf dieses Produktes sind l\u00e4ngere Lieferzeiten zu erwarten.<\/p>\n","protected":false},"featured_media":24902,"comment_status":"closed","ping_status":"closed","template":"","meta":{"_mi_skip_tracking":false},"product_cat":[646,558,548,522],"product_tag":[],"yoast_head":"<!-- This site is optimized with the Yoast SEO plugin v18.5.1 - https:\/\/yoast.com\/wordpress\/plugins\/seo\/ -->\n<title>Edox Delfin 10105-3-AIN - Watch4Time<\/title>\n<meta name=\"robots\" content=\"index, follow, max-snippet:-1, max-image-preview:large, max-video-preview:-1\" \/>\n<link rel=\"canonical\" href=\"https:\/\/watch4time.eu\/de\/shop\/edox-delfin-10105-3-ain\/\" \/>\n<meta property=\"og:locale\" content=\"de_DE\" \/>\n<meta property=\"og:type\" content=\"article\" \/>\n<meta property=\"og:title\" content=\"Edox Delfin 10105-3-AIN - Watch4Time\" \/>\n<meta property=\"og:description\" content=\"10105-3-AIN  &nbsp;  Diese Edox Dolphin Uhr hat einen Durchmesser von 43 mm. Edelstahlgeh\u00e4use mit verschraubter R\u00fcckseite. Die Uhr verf\u00fcgt \u00fcber Datumsanzeige, Saphirglas, Schweizer Quarzwerk und ist bis zu 200 Meter wasserdicht.  Beim Kauf dieses Produktes sind l\u00e4ngere Lieferzeiten zu erwarten.\" \/>\n<meta property=\"og:url\" content=\"https:\/\/watch4time.eu\/de\/shop\/edox-delfin-10105-3-ain\/\" \/>\n<meta property=\"og:site_name\" content=\"Watch4Time\" \/>\n<meta property=\"article:modified_time\" content=\"2019-07-24T14:20:31+00:00\" \/>\n<meta property=\"og:image\" content=\"https:\/\/watch4time.eu\/wp-content\/uploads\/2019\/04\/10105-3-ain.jpg\" \/>\n\t<meta property=\"og:image:width\" content=\"1000\" \/>\n\t<meta property=\"og:image:height\" content=\"1000\" \/>\n\t<meta property=\"og:image:type\" content=\"image\/jpeg\" \/>\n<meta name=\"twitter:card\" content=\"summary_large_image\" \/>\n<script type=\"application\/ld+json\" class=\"yoast-schema-graph\">{\"@context\":\"https:\/\/schema.org\",\"@graph\":[{\"@type\":\"WebSite\",\"@id\":\"https:\/\/watch4time.eu\/#website\",\"url\":\"https:\/\/watch4time.eu\/\",\"name\":\"Watch4Time\",\"description\":\"Exquisite watches for you\",\"potentialAction\":[{\"@type\":\"SearchAction\",\"target\":{\"@type\":\"EntryPoint\",\"urlTemplate\":\"https:\/\/watch4time.eu\/?s={search_term_string}\"},\"query-input\":\"required name=search_term_string\"}],\"inLanguage\":\"de\"},{\"@type\":\"ImageObject\",\"@id\":\"https:\/\/watch4time.eu\/de\/shop\/edox-delfin-10105-3-ain\/#primaryimage\",\"inLanguage\":\"de\",\"url\":\"https:\/\/watch4time.eu\/wp-content\/uploads\/2019\/04\/10105-3-ain.jpg\",\"contentUrl\":\"https:\/\/watch4time.eu\/wp-content\/uploads\/2019\/04\/10105-3-ain.jpg\",\"width\":1000,\"height\":1000},{\"@type\":\"WebPage\",\"@id\":\"https:\/\/watch4time.eu\/de\/shop\/edox-delfin-10105-3-ain\/#webpage\",\"url\":\"https:\/\/watch4time.eu\/de\/shop\/edox-delfin-10105-3-ain\/\",\"name\":\"Edox Delfin 10105-3-AIN - Watch4Time\",\"isPartOf\":{\"@id\":\"https:\/\/watch4time.eu\/#website\"},\"primaryImageOfPage\":{\"@id\":\"https:\/\/watch4time.eu\/de\/shop\/edox-delfin-10105-3-ain\/#primaryimage\"},\"datePublished\":\"2019-04-16T12:25:31+00:00\",\"dateModified\":\"2019-07-24T14:20:31+00:00\",\"breadcrumb\":{\"@id\":\"https:\/\/watch4time.eu\/de\/shop\/edox-delfin-10105-3-ain\/#breadcrumb\"},\"inLanguage\":\"de\",\"potentialAction\":[{\"@type\":\"ReadAction\",\"target\":[\"https:\/\/watch4time.eu\/de\/shop\/edox-delfin-10105-3-ain\/\"]}]},{\"@type\":\"BreadcrumbList\",\"@id\":\"https:\/\/watch4time.eu\/de\/shop\/edox-delfin-10105-3-ain\/#breadcrumb\",\"itemListElement\":[{\"@type\":\"ListItem\",\"position\":1,\"name\":\"Hjem\",\"item\":\"https:\/\/watch4time.eu\/de\/\"},{\"@type\":\"ListItem\",\"position\":2,\"name\":\"Shop\",\"item\":\"https:\/\/watch4time.eu\/de\/shop-de\/\"},{\"@type\":\"ListItem\",\"position\":3,\"name\":\"Edox Delfin 10105-3-AIN\"}]}]}<\/script>\n<!-- \/ Yoast SEO plugin. -->","yoast_head_json":{"title":"Edox Delfin 10105-3-AIN - Watch4Time","robots":{"index":"index","follow":"follow","max-snippet":"max-snippet:-1","max-image-preview":"max-image-preview:large","max-video-preview":"max-video-preview:-1"},"canonical":"https:\/\/watch4time.eu\/de\/shop\/edox-delfin-10105-3-ain\/","og_locale":"de_DE","og_type":"article","og_title":"Edox Delfin 10105-3-AIN - Watch4Time","og_description":"10105-3-AIN  &nbsp;  Diese Edox Dolphin Uhr hat einen Durchmesser von 43 mm. Edelstahlgeh\u00e4use mit verschraubter R\u00fcckseite. Die Uhr verf\u00fcgt \u00fcber Datumsanzeige, Saphirglas, Schweizer Quarzwerk und ist bis zu 200 Meter wasserdicht.  Beim Kauf dieses Produktes sind l\u00e4ngere Lieferzeiten zu erwarten.","og_url":"https:\/\/watch4time.eu\/de\/shop\/edox-delfin-10105-3-ain\/","og_site_name":"Watch4Time","article_modified_time":"2019-07-24T14:20:31+00:00","og_image":[{"width":1000,"height":1000,"url":"https:\/\/watch4time.eu\/wp-content\/uploads\/2019\/04\/10105-3-ain.jpg","type":"image\/jpeg"}],"twitter_card":"summary_large_image","schema":{"@context":"https:\/\/schema.org","@graph":[{"@type":"WebSite","@id":"https:\/\/watch4time.eu\/#website","url":"https:\/\/watch4time.eu\/","name":"Watch4Time","description":"Exquisite watches for you","potentialAction":[{"@type":"SearchAction","target":{"@type":"EntryPoint","urlTemplate":"https:\/\/watch4time.eu\/?s={search_term_string}"},"query-input":"required name=search_term_string"}],"inLanguage":"de"},{"@type":"ImageObject","@id":"https:\/\/watch4time.eu\/de\/shop\/edox-delfin-10105-3-ain\/#primaryimage","inLanguage":"de","url":"https:\/\/watch4time.eu\/wp-content\/uploads\/2019\/04\/10105-3-ain.jpg","contentUrl":"https:\/\/watch4time.eu\/wp-content\/uploads\/2019\/04\/10105-3-ain.jpg","width":1000,"height":1000},{"@type":"WebPage","@id":"https:\/\/watch4time.eu\/de\/shop\/edox-delfin-10105-3-ain\/#webpage","url":"https:\/\/watch4time.eu\/de\/shop\/edox-delfin-10105-3-ain\/","name":"Edox Delfin 10105-3-AIN - Watch4Time","isPartOf":{"@id":"https:\/\/watch4time.eu\/#website"},"primaryImageOfPage":{"@id":"https:\/\/watch4time.eu\/de\/shop\/edox-delfin-10105-3-ain\/#primaryimage"},"datePublished":"2019-04-16T12:25:31+00:00","dateModified":"2019-07-24T14:20:31+00:00","breadcrumb":{"@id":"https:\/\/watch4time.eu\/de\/shop\/edox-delfin-10105-3-ain\/#breadcrumb"},"inLanguage":"de","potentialAction":[{"@type":"ReadAction","target":["https:\/\/watch4time.eu\/de\/shop\/edox-delfin-10105-3-ain\/"]}]},{"@type":"BreadcrumbList","@id":"https:\/\/watch4time.eu\/de\/shop\/edox-delfin-10105-3-ain\/#breadcrumb","itemListElement":[{"@type":"ListItem","position":1,"name":"Hjem","item":"https:\/\/watch4time.eu\/de\/"},{"@type":"ListItem","position":2,"name":"Shop","item":"https:\/\/watch4time.eu\/de\/shop-de\/"},{"@type":"ListItem","position":3,"name":"Edox Delfin 10105-3-AIN"}]}]}},"_links":{"self":[{"href":"https:\/\/watch4time.eu\/de\/wp-json\/wp\/v2\/product\/24907"}],"collection":[{"href":"https:\/\/watch4time.eu\/de\/wp-json\/wp\/v2\/product"}],"about":[{"href":"https:\/\/watch4time.eu\/de\/wp-json\/wp\/v2\/types\/product"}],"replies":[{"embeddable":true,"href":"https:\/\/watch4time.eu\/de\/wp-json\/wp\/v2\/comments?post=24907"}],"wp:featuredmedia":[{"embeddable":true,"href":"https:\/\/watch4time.eu\/de\/wp-json\/wp\/v2\/media\/24902"}],"wp:attachment":[{"href":"https:\/\/watch4time.eu\/de\/wp-json\/wp\/v2\/media?parent=24907"}],"wp:term":[{"taxonomy":"product_cat","embeddable":true,"href":"https:\/\/watch4time.eu\/de\/wp-json\/wp\/v2\/product_cat?post=24907"},{"taxonomy":"product_tag","embeddable":true,"href":"https:\/\/watch4time.eu\/de\/wp-json\/wp\/v2\/product_tag?post=24907"}],"curies":[{"name":"wp","href":"https:\/\/api.w.org\/{rel}","templated":true}]}}