{"id":23665,"date":"2018-02-27T15:24:29","date_gmt":"2018-02-27T14:24:29","guid":{"rendered":"https:\/\/watch4time.eu\/shop\/danish-design-309\/"},"modified":"2018-02-27T15:24:29","modified_gmt":"2018-02-27T14:24:29","slug":"danish-design-309","status":"publish","type":"product","link":"https:\/\/watch4time.eu\/de\/shop\/danish-design-309\/","title":{"rendered":"Danish Design Hudson IQ14Q1237"},"content":{"rendered":"","protected":false},"excerpt":{"rendered":"<p>IQ14Q1237<\/p>\n<p>&nbsp;<\/p>\n<p>Klares Design, das einem grafischen Reiz nahe kommt. Diese Uhr zeigt die Zeit in ihrer einfachsten Form neben dem zus\u00e4tzlichen Datumsfenster oberhalb von &#8222;6 Uhr&#8220;. Ein maskulines, mit PVD beschichtetes Geh\u00e4use aus geb\u00fcrstetem Edelstahl passt gut zum glatten Lederarmband.<\/p>\n","protected":false},"featured_media":19346,"comment_status":"closed","ping_status":"closed","template":"","meta":{"_mi_skip_tracking":false},"product_cat":[644,495,522],"product_tag":[],"yoast_head":"<!-- This site is optimized with the Yoast SEO plugin v18.5.1 - https:\/\/yoast.com\/wordpress\/plugins\/seo\/ -->\n<title>Danish Design Hudson IQ14Q1237 - Watch4Time<\/title>\n<meta name=\"robots\" content=\"index, follow, max-snippet:-1, max-image-preview:large, max-video-preview:-1\" \/>\n<link rel=\"canonical\" href=\"https:\/\/watch4time.eu\/de\/shop\/danish-design-309\/\" \/>\n<meta property=\"og:locale\" content=\"de_DE\" \/>\n<meta property=\"og:type\" content=\"article\" \/>\n<meta property=\"og:title\" content=\"Danish Design Hudson IQ14Q1237 - Watch4Time\" \/>\n<meta property=\"og:description\" content=\"IQ14Q1237  &nbsp;  Klares Design, das einem grafischen Reiz nahe kommt. Diese Uhr zeigt die Zeit in ihrer einfachsten Form neben dem zus\u00e4tzlichen Datumsfenster oberhalb von &quot;6 Uhr&quot;. Ein maskulines, mit PVD beschichtetes Geh\u00e4use aus geb\u00fcrstetem Edelstahl passt gut zum glatten Lederarmband.\" \/>\n<meta property=\"og:url\" content=\"https:\/\/watch4time.eu\/de\/shop\/danish-design-309\/\" \/>\n<meta property=\"og:site_name\" content=\"Watch4Time\" \/>\n<meta property=\"og:image\" content=\"https:\/\/watch4time.eu\/wp-content\/uploads\/2018\/02\/IQ14Q1237.jpg\" \/>\n\t<meta property=\"og:image:width\" content=\"1000\" \/>\n\t<meta property=\"og:image:height\" content=\"1000\" \/>\n\t<meta property=\"og:image:type\" content=\"image\/jpeg\" \/>\n<meta name=\"twitter:card\" content=\"summary_large_image\" \/>\n<script type=\"application\/ld+json\" class=\"yoast-schema-graph\">{\"@context\":\"https:\/\/schema.org\",\"@graph\":[{\"@type\":\"WebSite\",\"@id\":\"https:\/\/watch4time.eu\/#website\",\"url\":\"https:\/\/watch4time.eu\/\",\"name\":\"Watch4Time\",\"description\":\"Exquisite watches for you\",\"potentialAction\":[{\"@type\":\"SearchAction\",\"target\":{\"@type\":\"EntryPoint\",\"urlTemplate\":\"https:\/\/watch4time.eu\/?s={search_term_string}\"},\"query-input\":\"required name=search_term_string\"}],\"inLanguage\":\"de\"},{\"@type\":\"ImageObject\",\"@id\":\"https:\/\/watch4time.eu\/de\/shop\/danish-design-309\/#primaryimage\",\"inLanguage\":\"de\",\"url\":\"https:\/\/watch4time.eu\/wp-content\/uploads\/2018\/02\/IQ14Q1237.jpg\",\"contentUrl\":\"https:\/\/watch4time.eu\/wp-content\/uploads\/2018\/02\/IQ14Q1237.jpg\",\"width\":1000,\"height\":1000},{\"@type\":\"WebPage\",\"@id\":\"https:\/\/watch4time.eu\/de\/shop\/danish-design-309\/#webpage\",\"url\":\"https:\/\/watch4time.eu\/de\/shop\/danish-design-309\/\",\"name\":\"Danish Design Hudson IQ14Q1237 - Watch4Time\",\"isPartOf\":{\"@id\":\"https:\/\/watch4time.eu\/#website\"},\"primaryImageOfPage\":{\"@id\":\"https:\/\/watch4time.eu\/de\/shop\/danish-design-309\/#primaryimage\"},\"datePublished\":\"2018-02-27T14:24:29+00:00\",\"dateModified\":\"2018-02-27T14:24:29+00:00\",\"breadcrumb\":{\"@id\":\"https:\/\/watch4time.eu\/de\/shop\/danish-design-309\/#breadcrumb\"},\"inLanguage\":\"de\",\"potentialAction\":[{\"@type\":\"ReadAction\",\"target\":[\"https:\/\/watch4time.eu\/de\/shop\/danish-design-309\/\"]}]},{\"@type\":\"BreadcrumbList\",\"@id\":\"https:\/\/watch4time.eu\/de\/shop\/danish-design-309\/#breadcrumb\",\"itemListElement\":[{\"@type\":\"ListItem\",\"position\":1,\"name\":\"Hjem\",\"item\":\"https:\/\/watch4time.eu\/de\/\"},{\"@type\":\"ListItem\",\"position\":2,\"name\":\"Shop\",\"item\":\"https:\/\/watch4time.eu\/de\/shop-de\/\"},{\"@type\":\"ListItem\",\"position\":3,\"name\":\"Danish Design Hudson IQ14Q1237\"}]}]}<\/script>\n<!-- \/ Yoast SEO plugin. -->","yoast_head_json":{"title":"Danish Design Hudson IQ14Q1237 - Watch4Time","robots":{"index":"index","follow":"follow","max-snippet":"max-snippet:-1","max-image-preview":"max-image-preview:large","max-video-preview":"max-video-preview:-1"},"canonical":"https:\/\/watch4time.eu\/de\/shop\/danish-design-309\/","og_locale":"de_DE","og_type":"article","og_title":"Danish Design Hudson IQ14Q1237 - Watch4Time","og_description":"IQ14Q1237  &nbsp;  Klares Design, das einem grafischen Reiz nahe kommt. Diese Uhr zeigt die Zeit in ihrer einfachsten Form neben dem zus\u00e4tzlichen Datumsfenster oberhalb von \"6 Uhr\". Ein maskulines, mit PVD beschichtetes Geh\u00e4use aus geb\u00fcrstetem Edelstahl passt gut zum glatten Lederarmband.","og_url":"https:\/\/watch4time.eu\/de\/shop\/danish-design-309\/","og_site_name":"Watch4Time","og_image":[{"width":1000,"height":1000,"url":"https:\/\/watch4time.eu\/wp-content\/uploads\/2018\/02\/IQ14Q1237.jpg","type":"image\/jpeg"}],"twitter_card":"summary_large_image","schema":{"@context":"https:\/\/schema.org","@graph":[{"@type":"WebSite","@id":"https:\/\/watch4time.eu\/#website","url":"https:\/\/watch4time.eu\/","name":"Watch4Time","description":"Exquisite watches for you","potentialAction":[{"@type":"SearchAction","target":{"@type":"EntryPoint","urlTemplate":"https:\/\/watch4time.eu\/?s={search_term_string}"},"query-input":"required name=search_term_string"}],"inLanguage":"de"},{"@type":"ImageObject","@id":"https:\/\/watch4time.eu\/de\/shop\/danish-design-309\/#primaryimage","inLanguage":"de","url":"https:\/\/watch4time.eu\/wp-content\/uploads\/2018\/02\/IQ14Q1237.jpg","contentUrl":"https:\/\/watch4time.eu\/wp-content\/uploads\/2018\/02\/IQ14Q1237.jpg","width":1000,"height":1000},{"@type":"WebPage","@id":"https:\/\/watch4time.eu\/de\/shop\/danish-design-309\/#webpage","url":"https:\/\/watch4time.eu\/de\/shop\/danish-design-309\/","name":"Danish Design Hudson IQ14Q1237 - Watch4Time","isPartOf":{"@id":"https:\/\/watch4time.eu\/#website"},"primaryImageOfPage":{"@id":"https:\/\/watch4time.eu\/de\/shop\/danish-design-309\/#primaryimage"},"datePublished":"2018-02-27T14:24:29+00:00","dateModified":"2018-02-27T14:24:29+00:00","breadcrumb":{"@id":"https:\/\/watch4time.eu\/de\/shop\/danish-design-309\/#breadcrumb"},"inLanguage":"de","potentialAction":[{"@type":"ReadAction","target":["https:\/\/watch4time.eu\/de\/shop\/danish-design-309\/"]}]},{"@type":"BreadcrumbList","@id":"https:\/\/watch4time.eu\/de\/shop\/danish-design-309\/#breadcrumb","itemListElement":[{"@type":"ListItem","position":1,"name":"Hjem","item":"https:\/\/watch4time.eu\/de\/"},{"@type":"ListItem","position":2,"name":"Shop","item":"https:\/\/watch4time.eu\/de\/shop-de\/"},{"@type":"ListItem","position":3,"name":"Danish Design Hudson IQ14Q1237"}]}]}},"_links":{"self":[{"href":"https:\/\/watch4time.eu\/de\/wp-json\/wp\/v2\/product\/23665"}],"collection":[{"href":"https:\/\/watch4time.eu\/de\/wp-json\/wp\/v2\/product"}],"about":[{"href":"https:\/\/watch4time.eu\/de\/wp-json\/wp\/v2\/types\/product"}],"replies":[{"embeddable":true,"href":"https:\/\/watch4time.eu\/de\/wp-json\/wp\/v2\/comments?post=23665"}],"wp:featuredmedia":[{"embeddable":true,"href":"https:\/\/watch4time.eu\/de\/wp-json\/wp\/v2\/media\/19346"}],"wp:attachment":[{"href":"https:\/\/watch4time.eu\/de\/wp-json\/wp\/v2\/media?parent=23665"}],"wp:term":[{"taxonomy":"product_cat","embeddable":true,"href":"https:\/\/watch4time.eu\/de\/wp-json\/wp\/v2\/product_cat?post=23665"},{"taxonomy":"product_tag","embeddable":true,"href":"https:\/\/watch4time.eu\/de\/wp-json\/wp\/v2\/product_tag?post=23665"}],"curies":[{"name":"wp","href":"https:\/\/api.w.org\/{rel}","templated":true}]}}