{"id":17828,"date":"2017-08-30T13:11:13","date_gmt":"2017-08-30T11:11:13","guid":{"rendered":"https:\/\/watch4time.eu\/shop\/wenger-urban-metropolitan-8\/"},"modified":"2019-04-30T15:09:09","modified_gmt":"2019-04-30T13:09:09","slug":"wenger-urban-metropolitan-8","status":"publish","type":"product","link":"https:\/\/watch4time.eu\/de\/shop\/wenger-urban-metropolitan-8\/","title":{"rendered":"Wenger Urban Metropolitan 01.1041.136"},"content":{"rendered":"","protected":false},"excerpt":{"rendered":"<p>01.1041.136<\/p>\n<p>&nbsp;<\/p>\n<p>Die Wenger Urban Metropolitan-Uhr hat einen Durchmesser von 41 mm. Edelstahlgeh\u00e4use mit einem Schweizer Quarzwerk. Die Urban Metropolitan Kollektion entwirft eine internationale Atmosph\u00e4re. Seine kosmopolitische Stimmung hat einen starken Charakter, der seinen k\u00fchnen und modernen Stil nicht geheim h\u00e4lt.<\/p>\n","protected":false},"featured_media":15048,"comment_status":"open","ping_status":"closed","template":"","meta":{"_mi_skip_tracking":false},"product_cat":[646,630,609,522],"product_tag":[],"yoast_head":"<!-- This site is optimized with the Yoast SEO plugin v18.5.1 - https:\/\/yoast.com\/wordpress\/plugins\/seo\/ -->\n<title>Wenger Urban Metropolitan 01.1041.136 - Watch4Time<\/title>\n<meta name=\"robots\" content=\"index, follow, max-snippet:-1, max-image-preview:large, max-video-preview:-1\" \/>\n<link rel=\"canonical\" href=\"https:\/\/watch4time.eu\/de\/shop\/wenger-urban-metropolitan-8\/\" \/>\n<meta property=\"og:locale\" content=\"de_DE\" \/>\n<meta property=\"og:type\" content=\"article\" \/>\n<meta property=\"og:title\" content=\"Wenger Urban Metropolitan 01.1041.136 - Watch4Time\" \/>\n<meta property=\"og:description\" content=\"01.1041.136  &nbsp;  Die Wenger Urban Metropolitan-Uhr hat einen Durchmesser von 41 mm. Edelstahlgeh\u00e4use mit einem Schweizer Quarzwerk. Die Urban Metropolitan Kollektion entwirft eine internationale Atmosph\u00e4re. Seine kosmopolitische Stimmung hat einen starken Charakter, der seinen k\u00fchnen und modernen Stil nicht geheim h\u00e4lt.\" \/>\n<meta property=\"og:url\" content=\"https:\/\/watch4time.eu\/de\/shop\/wenger-urban-metropolitan-8\/\" \/>\n<meta property=\"og:site_name\" content=\"Watch4Time\" \/>\n<meta property=\"article:modified_time\" content=\"2019-04-30T13:09:09+00:00\" \/>\n<meta property=\"og:image\" content=\"https:\/\/watch4time.eu\/wp-content\/uploads\/2017\/08\/01.1041.136-1.jpg\" \/>\n\t<meta property=\"og:image:width\" content=\"1000\" \/>\n\t<meta property=\"og:image:height\" content=\"1000\" \/>\n\t<meta property=\"og:image:type\" content=\"image\/jpeg\" \/>\n<meta name=\"twitter:card\" content=\"summary_large_image\" \/>\n<script type=\"application\/ld+json\" class=\"yoast-schema-graph\">{\"@context\":\"https:\/\/schema.org\",\"@graph\":[{\"@type\":\"WebSite\",\"@id\":\"https:\/\/watch4time.eu\/#website\",\"url\":\"https:\/\/watch4time.eu\/\",\"name\":\"Watch4Time\",\"description\":\"Exquisite watches for you\",\"potentialAction\":[{\"@type\":\"SearchAction\",\"target\":{\"@type\":\"EntryPoint\",\"urlTemplate\":\"https:\/\/watch4time.eu\/?s={search_term_string}\"},\"query-input\":\"required name=search_term_string\"}],\"inLanguage\":\"de\"},{\"@type\":\"ImageObject\",\"@id\":\"https:\/\/watch4time.eu\/de\/shop\/wenger-urban-metropolitan-8\/#primaryimage\",\"inLanguage\":\"de\",\"url\":\"https:\/\/watch4time.eu\/wp-content\/uploads\/2017\/08\/01.1041.136-1.jpg\",\"contentUrl\":\"https:\/\/watch4time.eu\/wp-content\/uploads\/2017\/08\/01.1041.136-1.jpg\",\"width\":1000,\"height\":1000},{\"@type\":\"WebPage\",\"@id\":\"https:\/\/watch4time.eu\/de\/shop\/wenger-urban-metropolitan-8\/#webpage\",\"url\":\"https:\/\/watch4time.eu\/de\/shop\/wenger-urban-metropolitan-8\/\",\"name\":\"Wenger Urban Metropolitan 01.1041.136 - Watch4Time\",\"isPartOf\":{\"@id\":\"https:\/\/watch4time.eu\/#website\"},\"primaryImageOfPage\":{\"@id\":\"https:\/\/watch4time.eu\/de\/shop\/wenger-urban-metropolitan-8\/#primaryimage\"},\"datePublished\":\"2017-08-30T11:11:13+00:00\",\"dateModified\":\"2019-04-30T13:09:09+00:00\",\"breadcrumb\":{\"@id\":\"https:\/\/watch4time.eu\/de\/shop\/wenger-urban-metropolitan-8\/#breadcrumb\"},\"inLanguage\":\"de\",\"potentialAction\":[{\"@type\":\"ReadAction\",\"target\":[\"https:\/\/watch4time.eu\/de\/shop\/wenger-urban-metropolitan-8\/\"]}]},{\"@type\":\"BreadcrumbList\",\"@id\":\"https:\/\/watch4time.eu\/de\/shop\/wenger-urban-metropolitan-8\/#breadcrumb\",\"itemListElement\":[{\"@type\":\"ListItem\",\"position\":1,\"name\":\"Hjem\",\"item\":\"https:\/\/watch4time.eu\/de\/\"},{\"@type\":\"ListItem\",\"position\":2,\"name\":\"Shop\",\"item\":\"https:\/\/watch4time.eu\/de\/shop-de\/\"},{\"@type\":\"ListItem\",\"position\":3,\"name\":\"Wenger Urban Metropolitan 01.1041.136\"}]}]}<\/script>\n<!-- \/ Yoast SEO plugin. -->","yoast_head_json":{"title":"Wenger Urban Metropolitan 01.1041.136 - Watch4Time","robots":{"index":"index","follow":"follow","max-snippet":"max-snippet:-1","max-image-preview":"max-image-preview:large","max-video-preview":"max-video-preview:-1"},"canonical":"https:\/\/watch4time.eu\/de\/shop\/wenger-urban-metropolitan-8\/","og_locale":"de_DE","og_type":"article","og_title":"Wenger Urban Metropolitan 01.1041.136 - Watch4Time","og_description":"01.1041.136  &nbsp;  Die Wenger Urban Metropolitan-Uhr hat einen Durchmesser von 41 mm. Edelstahlgeh\u00e4use mit einem Schweizer Quarzwerk. Die Urban Metropolitan Kollektion entwirft eine internationale Atmosph\u00e4re. Seine kosmopolitische Stimmung hat einen starken Charakter, der seinen k\u00fchnen und modernen Stil nicht geheim h\u00e4lt.","og_url":"https:\/\/watch4time.eu\/de\/shop\/wenger-urban-metropolitan-8\/","og_site_name":"Watch4Time","article_modified_time":"2019-04-30T13:09:09+00:00","og_image":[{"width":1000,"height":1000,"url":"https:\/\/watch4time.eu\/wp-content\/uploads\/2017\/08\/01.1041.136-1.jpg","type":"image\/jpeg"}],"twitter_card":"summary_large_image","schema":{"@context":"https:\/\/schema.org","@graph":[{"@type":"WebSite","@id":"https:\/\/watch4time.eu\/#website","url":"https:\/\/watch4time.eu\/","name":"Watch4Time","description":"Exquisite watches for you","potentialAction":[{"@type":"SearchAction","target":{"@type":"EntryPoint","urlTemplate":"https:\/\/watch4time.eu\/?s={search_term_string}"},"query-input":"required name=search_term_string"}],"inLanguage":"de"},{"@type":"ImageObject","@id":"https:\/\/watch4time.eu\/de\/shop\/wenger-urban-metropolitan-8\/#primaryimage","inLanguage":"de","url":"https:\/\/watch4time.eu\/wp-content\/uploads\/2017\/08\/01.1041.136-1.jpg","contentUrl":"https:\/\/watch4time.eu\/wp-content\/uploads\/2017\/08\/01.1041.136-1.jpg","width":1000,"height":1000},{"@type":"WebPage","@id":"https:\/\/watch4time.eu\/de\/shop\/wenger-urban-metropolitan-8\/#webpage","url":"https:\/\/watch4time.eu\/de\/shop\/wenger-urban-metropolitan-8\/","name":"Wenger Urban Metropolitan 01.1041.136 - Watch4Time","isPartOf":{"@id":"https:\/\/watch4time.eu\/#website"},"primaryImageOfPage":{"@id":"https:\/\/watch4time.eu\/de\/shop\/wenger-urban-metropolitan-8\/#primaryimage"},"datePublished":"2017-08-30T11:11:13+00:00","dateModified":"2019-04-30T13:09:09+00:00","breadcrumb":{"@id":"https:\/\/watch4time.eu\/de\/shop\/wenger-urban-metropolitan-8\/#breadcrumb"},"inLanguage":"de","potentialAction":[{"@type":"ReadAction","target":["https:\/\/watch4time.eu\/de\/shop\/wenger-urban-metropolitan-8\/"]}]},{"@type":"BreadcrumbList","@id":"https:\/\/watch4time.eu\/de\/shop\/wenger-urban-metropolitan-8\/#breadcrumb","itemListElement":[{"@type":"ListItem","position":1,"name":"Hjem","item":"https:\/\/watch4time.eu\/de\/"},{"@type":"ListItem","position":2,"name":"Shop","item":"https:\/\/watch4time.eu\/de\/shop-de\/"},{"@type":"ListItem","position":3,"name":"Wenger Urban Metropolitan 01.1041.136"}]}]}},"_links":{"self":[{"href":"https:\/\/watch4time.eu\/de\/wp-json\/wp\/v2\/product\/17828"}],"collection":[{"href":"https:\/\/watch4time.eu\/de\/wp-json\/wp\/v2\/product"}],"about":[{"href":"https:\/\/watch4time.eu\/de\/wp-json\/wp\/v2\/types\/product"}],"replies":[{"embeddable":true,"href":"https:\/\/watch4time.eu\/de\/wp-json\/wp\/v2\/comments?post=17828"}],"wp:featuredmedia":[{"embeddable":true,"href":"https:\/\/watch4time.eu\/de\/wp-json\/wp\/v2\/media\/15048"}],"wp:attachment":[{"href":"https:\/\/watch4time.eu\/de\/wp-json\/wp\/v2\/media?parent=17828"}],"wp:term":[{"taxonomy":"product_cat","embeddable":true,"href":"https:\/\/watch4time.eu\/de\/wp-json\/wp\/v2\/product_cat?post=17828"},{"taxonomy":"product_tag","embeddable":true,"href":"https:\/\/watch4time.eu\/de\/wp-json\/wp\/v2\/product_tag?post=17828"}],"curies":[{"name":"wp","href":"https:\/\/api.w.org\/{rel}","templated":true}]}}