{"id":17821,"date":"2017-08-30T13:27:47","date_gmt":"2017-08-30T11:27:47","guid":{"rendered":"https:\/\/watch4time.eu\/shop\/wenger-city-classic\/"},"modified":"2019-04-30T14:21:39","modified_gmt":"2019-04-30T12:21:39","slug":"wenger-city-classic","status":"publish","type":"product","link":"https:\/\/watch4time.eu\/de\/shop\/wenger-city-classic\/","title":{"rendered":"Wenger City Classic 01.1421.101"},"content":{"rendered":"","protected":false},"excerpt":{"rendered":"<p>01.1421.101<\/p>\n<p>&nbsp;<\/p>\n<p>Die Wenger City Classic-Uhr hat einen Durchmesser von 34 mm. Edelstahlgeh\u00e4use mit einem Schweizer Quarzwerk. K\u00fchnheit und Eleganz treffen sich in einer aufregenden Auswahl an Gestaltungsm\u00f6glichkeiten, Farben und Materialien, die den Stilcode der City Classic-Kollektion deutlich machen. Dies ist eine Trenduhr mit verbesserten und abgestimmten Funktionen f\u00fcr ein klassisches Design mit modernen Signalen.<\/p>\n","protected":false},"featured_media":15087,"comment_status":"open","ping_status":"closed","template":"","meta":{"_mi_skip_tracking":false},"product_cat":[644,618,609,522],"product_tag":[],"yoast_head":"<!-- This site is optimized with the Yoast SEO plugin v18.5.1 - https:\/\/yoast.com\/wordpress\/plugins\/seo\/ -->\n<title>Wenger City Classic 01.1421.101 - Watch4Time<\/title>\n<meta name=\"robots\" content=\"index, follow, max-snippet:-1, max-image-preview:large, max-video-preview:-1\" \/>\n<link rel=\"canonical\" href=\"https:\/\/watch4time.eu\/de\/shop\/wenger-city-classic\/\" \/>\n<meta property=\"og:locale\" content=\"de_DE\" \/>\n<meta property=\"og:type\" content=\"article\" \/>\n<meta property=\"og:title\" content=\"Wenger City Classic 01.1421.101 - Watch4Time\" \/>\n<meta property=\"og:description\" content=\"01.1421.101  &nbsp;  Die Wenger City Classic-Uhr hat einen Durchmesser von 34 mm. Edelstahlgeh\u00e4use mit einem Schweizer Quarzwerk. K\u00fchnheit und Eleganz treffen sich in einer aufregenden Auswahl an Gestaltungsm\u00f6glichkeiten, Farben und Materialien, die den Stilcode der City Classic-Kollektion deutlich machen. Dies ist eine Trenduhr mit verbesserten und abgestimmten Funktionen f\u00fcr ein klassisches Design mit modernen Signalen.\" \/>\n<meta property=\"og:url\" content=\"https:\/\/watch4time.eu\/de\/shop\/wenger-city-classic\/\" \/>\n<meta property=\"og:site_name\" content=\"Watch4Time\" \/>\n<meta property=\"article:modified_time\" content=\"2019-04-30T12:21:39+00:00\" \/>\n<meta property=\"og:image\" content=\"https:\/\/watch4time.eu\/wp-content\/uploads\/2017\/08\/01.1421.101-1.jpg\" \/>\n\t<meta property=\"og:image:width\" content=\"1000\" \/>\n\t<meta property=\"og:image:height\" content=\"1000\" \/>\n\t<meta property=\"og:image:type\" content=\"image\/jpeg\" \/>\n<meta name=\"twitter:card\" content=\"summary_large_image\" \/>\n<script type=\"application\/ld+json\" class=\"yoast-schema-graph\">{\"@context\":\"https:\/\/schema.org\",\"@graph\":[{\"@type\":\"WebSite\",\"@id\":\"https:\/\/watch4time.eu\/#website\",\"url\":\"https:\/\/watch4time.eu\/\",\"name\":\"Watch4Time\",\"description\":\"Exquisite watches for you\",\"potentialAction\":[{\"@type\":\"SearchAction\",\"target\":{\"@type\":\"EntryPoint\",\"urlTemplate\":\"https:\/\/watch4time.eu\/?s={search_term_string}\"},\"query-input\":\"required name=search_term_string\"}],\"inLanguage\":\"de\"},{\"@type\":\"ImageObject\",\"@id\":\"https:\/\/watch4time.eu\/de\/shop\/wenger-city-classic\/#primaryimage\",\"inLanguage\":\"de\",\"url\":\"https:\/\/watch4time.eu\/wp-content\/uploads\/2017\/08\/01.1421.101-1.jpg\",\"contentUrl\":\"https:\/\/watch4time.eu\/wp-content\/uploads\/2017\/08\/01.1421.101-1.jpg\",\"width\":1000,\"height\":1000},{\"@type\":\"WebPage\",\"@id\":\"https:\/\/watch4time.eu\/de\/shop\/wenger-city-classic\/#webpage\",\"url\":\"https:\/\/watch4time.eu\/de\/shop\/wenger-city-classic\/\",\"name\":\"Wenger City Classic 01.1421.101 - Watch4Time\",\"isPartOf\":{\"@id\":\"https:\/\/watch4time.eu\/#website\"},\"primaryImageOfPage\":{\"@id\":\"https:\/\/watch4time.eu\/de\/shop\/wenger-city-classic\/#primaryimage\"},\"datePublished\":\"2017-08-30T11:27:47+00:00\",\"dateModified\":\"2019-04-30T12:21:39+00:00\",\"breadcrumb\":{\"@id\":\"https:\/\/watch4time.eu\/de\/shop\/wenger-city-classic\/#breadcrumb\"},\"inLanguage\":\"de\",\"potentialAction\":[{\"@type\":\"ReadAction\",\"target\":[\"https:\/\/watch4time.eu\/de\/shop\/wenger-city-classic\/\"]}]},{\"@type\":\"BreadcrumbList\",\"@id\":\"https:\/\/watch4time.eu\/de\/shop\/wenger-city-classic\/#breadcrumb\",\"itemListElement\":[{\"@type\":\"ListItem\",\"position\":1,\"name\":\"Hjem\",\"item\":\"https:\/\/watch4time.eu\/de\/\"},{\"@type\":\"ListItem\",\"position\":2,\"name\":\"Shop\",\"item\":\"https:\/\/watch4time.eu\/de\/shop-de\/\"},{\"@type\":\"ListItem\",\"position\":3,\"name\":\"Wenger City Classic 01.1421.101\"}]}]}<\/script>\n<!-- \/ Yoast SEO plugin. -->","yoast_head_json":{"title":"Wenger City Classic 01.1421.101 - Watch4Time","robots":{"index":"index","follow":"follow","max-snippet":"max-snippet:-1","max-image-preview":"max-image-preview:large","max-video-preview":"max-video-preview:-1"},"canonical":"https:\/\/watch4time.eu\/de\/shop\/wenger-city-classic\/","og_locale":"de_DE","og_type":"article","og_title":"Wenger City Classic 01.1421.101 - Watch4Time","og_description":"01.1421.101  &nbsp;  Die Wenger City Classic-Uhr hat einen Durchmesser von 34 mm. Edelstahlgeh\u00e4use mit einem Schweizer Quarzwerk. K\u00fchnheit und Eleganz treffen sich in einer aufregenden Auswahl an Gestaltungsm\u00f6glichkeiten, Farben und Materialien, die den Stilcode der City Classic-Kollektion deutlich machen. Dies ist eine Trenduhr mit verbesserten und abgestimmten Funktionen f\u00fcr ein klassisches Design mit modernen Signalen.","og_url":"https:\/\/watch4time.eu\/de\/shop\/wenger-city-classic\/","og_site_name":"Watch4Time","article_modified_time":"2019-04-30T12:21:39+00:00","og_image":[{"width":1000,"height":1000,"url":"https:\/\/watch4time.eu\/wp-content\/uploads\/2017\/08\/01.1421.101-1.jpg","type":"image\/jpeg"}],"twitter_card":"summary_large_image","schema":{"@context":"https:\/\/schema.org","@graph":[{"@type":"WebSite","@id":"https:\/\/watch4time.eu\/#website","url":"https:\/\/watch4time.eu\/","name":"Watch4Time","description":"Exquisite watches for you","potentialAction":[{"@type":"SearchAction","target":{"@type":"EntryPoint","urlTemplate":"https:\/\/watch4time.eu\/?s={search_term_string}"},"query-input":"required name=search_term_string"}],"inLanguage":"de"},{"@type":"ImageObject","@id":"https:\/\/watch4time.eu\/de\/shop\/wenger-city-classic\/#primaryimage","inLanguage":"de","url":"https:\/\/watch4time.eu\/wp-content\/uploads\/2017\/08\/01.1421.101-1.jpg","contentUrl":"https:\/\/watch4time.eu\/wp-content\/uploads\/2017\/08\/01.1421.101-1.jpg","width":1000,"height":1000},{"@type":"WebPage","@id":"https:\/\/watch4time.eu\/de\/shop\/wenger-city-classic\/#webpage","url":"https:\/\/watch4time.eu\/de\/shop\/wenger-city-classic\/","name":"Wenger City Classic 01.1421.101 - Watch4Time","isPartOf":{"@id":"https:\/\/watch4time.eu\/#website"},"primaryImageOfPage":{"@id":"https:\/\/watch4time.eu\/de\/shop\/wenger-city-classic\/#primaryimage"},"datePublished":"2017-08-30T11:27:47+00:00","dateModified":"2019-04-30T12:21:39+00:00","breadcrumb":{"@id":"https:\/\/watch4time.eu\/de\/shop\/wenger-city-classic\/#breadcrumb"},"inLanguage":"de","potentialAction":[{"@type":"ReadAction","target":["https:\/\/watch4time.eu\/de\/shop\/wenger-city-classic\/"]}]},{"@type":"BreadcrumbList","@id":"https:\/\/watch4time.eu\/de\/shop\/wenger-city-classic\/#breadcrumb","itemListElement":[{"@type":"ListItem","position":1,"name":"Hjem","item":"https:\/\/watch4time.eu\/de\/"},{"@type":"ListItem","position":2,"name":"Shop","item":"https:\/\/watch4time.eu\/de\/shop-de\/"},{"@type":"ListItem","position":3,"name":"Wenger City Classic 01.1421.101"}]}]}},"_links":{"self":[{"href":"https:\/\/watch4time.eu\/de\/wp-json\/wp\/v2\/product\/17821"}],"collection":[{"href":"https:\/\/watch4time.eu\/de\/wp-json\/wp\/v2\/product"}],"about":[{"href":"https:\/\/watch4time.eu\/de\/wp-json\/wp\/v2\/types\/product"}],"replies":[{"embeddable":true,"href":"https:\/\/watch4time.eu\/de\/wp-json\/wp\/v2\/comments?post=17821"}],"wp:featuredmedia":[{"embeddable":true,"href":"https:\/\/watch4time.eu\/de\/wp-json\/wp\/v2\/media\/15087"}],"wp:attachment":[{"href":"https:\/\/watch4time.eu\/de\/wp-json\/wp\/v2\/media?parent=17821"}],"wp:term":[{"taxonomy":"product_cat","embeddable":true,"href":"https:\/\/watch4time.eu\/de\/wp-json\/wp\/v2\/product_cat?post=17821"},{"taxonomy":"product_tag","embeddable":true,"href":"https:\/\/watch4time.eu\/de\/wp-json\/wp\/v2\/product_tag?post=17821"}],"curies":[{"name":"wp","href":"https:\/\/api.w.org\/{rel}","templated":true}]}}