{"id":10829,"date":"2017-09-04T15:49:34","date_gmt":"2017-09-04T13:49:34","guid":{"rendered":"https:\/\/watch4time.eu\/shop\/jacob-jensen-new-10\/"},"modified":"2019-05-08T16:53:54","modified_gmt":"2019-05-08T14:53:54","slug":"jacob-jensen-new-10","status":"publish","type":"product","link":"https:\/\/watch4time.eu\/de\/shop\/jacob-jensen-new-10\/","title":{"rendered":"Jacob Jensen New 739"},"content":{"rendered":"","protected":false},"excerpt":{"rendered":"<p>JJ739<\/p>\n<p>&nbsp;<\/p>\n<p>Die neue Serie von Jacob Jensen wurde seit ihrer Ver\u00f6ffentlichung im Jahr 1995 dreimal aktualisiert, was zu subtilen, aber signifikanten \u00c4nderungen im Design f\u00fchrte. Mit dem G\u00fcrtel, der durch das Geh\u00e4use aus Edelstahl geht, erhalten Sie ein dreidimensionales Erlebnis.<\/p>\n","protected":false},"featured_media":11720,"comment_status":"open","ping_status":"closed","template":"","meta":{"_mi_skip_tracking":false},"product_cat":[644,568,586,522],"product_tag":[],"yoast_head":"<!-- This site is optimized with the Yoast SEO plugin v18.5.1 - https:\/\/yoast.com\/wordpress\/plugins\/seo\/ -->\n<title>Jacob Jensen New 739 - Watch4Time<\/title>\n<meta name=\"robots\" content=\"index, follow, max-snippet:-1, max-image-preview:large, max-video-preview:-1\" \/>\n<link rel=\"canonical\" href=\"https:\/\/watch4time.eu\/de\/shop\/jacob-jensen-new-10\/\" \/>\n<meta property=\"og:locale\" content=\"de_DE\" \/>\n<meta property=\"og:type\" content=\"article\" \/>\n<meta property=\"og:title\" content=\"Jacob Jensen New 739 - Watch4Time\" \/>\n<meta property=\"og:description\" content=\"JJ739  &nbsp;  Die neue Serie von Jacob Jensen wurde seit ihrer Ver\u00f6ffentlichung im Jahr 1995 dreimal aktualisiert, was zu subtilen, aber signifikanten \u00c4nderungen im Design f\u00fchrte. Mit dem G\u00fcrtel, der durch das Geh\u00e4use aus Edelstahl geht, erhalten Sie ein dreidimensionales Erlebnis.\" \/>\n<meta property=\"og:url\" content=\"https:\/\/watch4time.eu\/de\/shop\/jacob-jensen-new-10\/\" \/>\n<meta property=\"og:site_name\" content=\"Watch4Time\" \/>\n<meta property=\"article:modified_time\" content=\"2019-05-08T14:53:54+00:00\" \/>\n<meta property=\"og:image\" content=\"https:\/\/watch4time.eu\/wp-content\/uploads\/2017\/09\/739_front.jpg\" \/>\n\t<meta property=\"og:image:width\" content=\"1000\" \/>\n\t<meta property=\"og:image:height\" content=\"1000\" \/>\n\t<meta property=\"og:image:type\" content=\"image\/jpeg\" \/>\n<meta name=\"twitter:card\" content=\"summary_large_image\" \/>\n<script type=\"application\/ld+json\" class=\"yoast-schema-graph\">{\"@context\":\"https:\/\/schema.org\",\"@graph\":[{\"@type\":\"WebSite\",\"@id\":\"https:\/\/watch4time.eu\/#website\",\"url\":\"https:\/\/watch4time.eu\/\",\"name\":\"Watch4Time\",\"description\":\"Exquisite watches for you\",\"potentialAction\":[{\"@type\":\"SearchAction\",\"target\":{\"@type\":\"EntryPoint\",\"urlTemplate\":\"https:\/\/watch4time.eu\/?s={search_term_string}\"},\"query-input\":\"required name=search_term_string\"}],\"inLanguage\":\"de\"},{\"@type\":\"ImageObject\",\"@id\":\"https:\/\/watch4time.eu\/de\/shop\/jacob-jensen-new-10\/#primaryimage\",\"inLanguage\":\"de\",\"url\":\"https:\/\/watch4time.eu\/wp-content\/uploads\/2017\/09\/739_front.jpg\",\"contentUrl\":\"https:\/\/watch4time.eu\/wp-content\/uploads\/2017\/09\/739_front.jpg\",\"width\":1000,\"height\":1000},{\"@type\":\"WebPage\",\"@id\":\"https:\/\/watch4time.eu\/de\/shop\/jacob-jensen-new-10\/#webpage\",\"url\":\"https:\/\/watch4time.eu\/de\/shop\/jacob-jensen-new-10\/\",\"name\":\"Jacob Jensen New 739 - Watch4Time\",\"isPartOf\":{\"@id\":\"https:\/\/watch4time.eu\/#website\"},\"primaryImageOfPage\":{\"@id\":\"https:\/\/watch4time.eu\/de\/shop\/jacob-jensen-new-10\/#primaryimage\"},\"datePublished\":\"2017-09-04T13:49:34+00:00\",\"dateModified\":\"2019-05-08T14:53:54+00:00\",\"breadcrumb\":{\"@id\":\"https:\/\/watch4time.eu\/de\/shop\/jacob-jensen-new-10\/#breadcrumb\"},\"inLanguage\":\"de\",\"potentialAction\":[{\"@type\":\"ReadAction\",\"target\":[\"https:\/\/watch4time.eu\/de\/shop\/jacob-jensen-new-10\/\"]}]},{\"@type\":\"BreadcrumbList\",\"@id\":\"https:\/\/watch4time.eu\/de\/shop\/jacob-jensen-new-10\/#breadcrumb\",\"itemListElement\":[{\"@type\":\"ListItem\",\"position\":1,\"name\":\"Hjem\",\"item\":\"https:\/\/watch4time.eu\/de\/\"},{\"@type\":\"ListItem\",\"position\":2,\"name\":\"Shop\",\"item\":\"https:\/\/watch4time.eu\/de\/shop-de\/\"},{\"@type\":\"ListItem\",\"position\":3,\"name\":\"Jacob Jensen New 739\"}]}]}<\/script>\n<!-- \/ Yoast SEO plugin. -->","yoast_head_json":{"title":"Jacob Jensen New 739 - Watch4Time","robots":{"index":"index","follow":"follow","max-snippet":"max-snippet:-1","max-image-preview":"max-image-preview:large","max-video-preview":"max-video-preview:-1"},"canonical":"https:\/\/watch4time.eu\/de\/shop\/jacob-jensen-new-10\/","og_locale":"de_DE","og_type":"article","og_title":"Jacob Jensen New 739 - Watch4Time","og_description":"JJ739  &nbsp;  Die neue Serie von Jacob Jensen wurde seit ihrer Ver\u00f6ffentlichung im Jahr 1995 dreimal aktualisiert, was zu subtilen, aber signifikanten \u00c4nderungen im Design f\u00fchrte. Mit dem G\u00fcrtel, der durch das Geh\u00e4use aus Edelstahl geht, erhalten Sie ein dreidimensionales Erlebnis.","og_url":"https:\/\/watch4time.eu\/de\/shop\/jacob-jensen-new-10\/","og_site_name":"Watch4Time","article_modified_time":"2019-05-08T14:53:54+00:00","og_image":[{"width":1000,"height":1000,"url":"https:\/\/watch4time.eu\/wp-content\/uploads\/2017\/09\/739_front.jpg","type":"image\/jpeg"}],"twitter_card":"summary_large_image","schema":{"@context":"https:\/\/schema.org","@graph":[{"@type":"WebSite","@id":"https:\/\/watch4time.eu\/#website","url":"https:\/\/watch4time.eu\/","name":"Watch4Time","description":"Exquisite watches for you","potentialAction":[{"@type":"SearchAction","target":{"@type":"EntryPoint","urlTemplate":"https:\/\/watch4time.eu\/?s={search_term_string}"},"query-input":"required name=search_term_string"}],"inLanguage":"de"},{"@type":"ImageObject","@id":"https:\/\/watch4time.eu\/de\/shop\/jacob-jensen-new-10\/#primaryimage","inLanguage":"de","url":"https:\/\/watch4time.eu\/wp-content\/uploads\/2017\/09\/739_front.jpg","contentUrl":"https:\/\/watch4time.eu\/wp-content\/uploads\/2017\/09\/739_front.jpg","width":1000,"height":1000},{"@type":"WebPage","@id":"https:\/\/watch4time.eu\/de\/shop\/jacob-jensen-new-10\/#webpage","url":"https:\/\/watch4time.eu\/de\/shop\/jacob-jensen-new-10\/","name":"Jacob Jensen New 739 - Watch4Time","isPartOf":{"@id":"https:\/\/watch4time.eu\/#website"},"primaryImageOfPage":{"@id":"https:\/\/watch4time.eu\/de\/shop\/jacob-jensen-new-10\/#primaryimage"},"datePublished":"2017-09-04T13:49:34+00:00","dateModified":"2019-05-08T14:53:54+00:00","breadcrumb":{"@id":"https:\/\/watch4time.eu\/de\/shop\/jacob-jensen-new-10\/#breadcrumb"},"inLanguage":"de","potentialAction":[{"@type":"ReadAction","target":["https:\/\/watch4time.eu\/de\/shop\/jacob-jensen-new-10\/"]}]},{"@type":"BreadcrumbList","@id":"https:\/\/watch4time.eu\/de\/shop\/jacob-jensen-new-10\/#breadcrumb","itemListElement":[{"@type":"ListItem","position":1,"name":"Hjem","item":"https:\/\/watch4time.eu\/de\/"},{"@type":"ListItem","position":2,"name":"Shop","item":"https:\/\/watch4time.eu\/de\/shop-de\/"},{"@type":"ListItem","position":3,"name":"Jacob Jensen New 739"}]}]}},"_links":{"self":[{"href":"https:\/\/watch4time.eu\/de\/wp-json\/wp\/v2\/product\/10829"}],"collection":[{"href":"https:\/\/watch4time.eu\/de\/wp-json\/wp\/v2\/product"}],"about":[{"href":"https:\/\/watch4time.eu\/de\/wp-json\/wp\/v2\/types\/product"}],"replies":[{"embeddable":true,"href":"https:\/\/watch4time.eu\/de\/wp-json\/wp\/v2\/comments?post=10829"}],"wp:featuredmedia":[{"embeddable":true,"href":"https:\/\/watch4time.eu\/de\/wp-json\/wp\/v2\/media\/11720"}],"wp:attachment":[{"href":"https:\/\/watch4time.eu\/de\/wp-json\/wp\/v2\/media?parent=10829"}],"wp:term":[{"taxonomy":"product_cat","embeddable":true,"href":"https:\/\/watch4time.eu\/de\/wp-json\/wp\/v2\/product_cat?post=10829"},{"taxonomy":"product_tag","embeddable":true,"href":"https:\/\/watch4time.eu\/de\/wp-json\/wp\/v2\/product_tag?post=10829"}],"curies":[{"name":"wp","href":"https:\/\/api.w.org\/{rel}","templated":true}]}}