{"id":10733,"date":"2017-09-12T16:38:37","date_gmt":"2017-09-12T14:38:37","guid":{"rendered":"https:\/\/watch4time.eu\/shop\/wenger-attitude-chrono-4\/"},"modified":"2019-04-30T11:29:32","modified_gmt":"2019-04-30T09:29:32","slug":"wenger-attitude-chrono-4","status":"publish","type":"product","link":"https:\/\/watch4time.eu\/de\/shop\/wenger-attitude-chrono-4\/","title":{"rendered":"Wenger Attitude Chrono 01.1543.104"},"content":{"rendered":"","protected":false},"excerpt":{"rendered":"<p>01.1543.104<\/p>\n<p>&nbsp;<\/p>\n<p>Diese Wenger Attitude-Uhr hat einen Durchmesser von 44 mm. Edelstahlgeh\u00e4use und enth\u00e4lt ein Quarzwerk. Die Kollektion h\u00e4lt ihren angeborenen dynamischen Charakter nicht geheim, mit ihrer \u00fcberbordenden Vitalit\u00e4t, kombiniert mit einem aktiven Lebensstil. Die Kollektion Attitude zeichnet sich durch eine originelle Mischung aus Energie, Dynamik und Liebe zum Detail aus, die typisch f\u00fcr die Schweizer Manufaktur ist.<\/p>\n","protected":false},"featured_media":8790,"comment_status":"open","ping_status":"closed","template":"","meta":{"_mi_skip_tracking":false},"product_cat":[646,612,609,522],"product_tag":[],"yoast_head":"<!-- This site is optimized with the Yoast SEO plugin v18.5.1 - https:\/\/yoast.com\/wordpress\/plugins\/seo\/ -->\n<title>Wenger Attitude Chrono 01.1543.104 - Watch4Time<\/title>\n<meta name=\"robots\" content=\"index, follow, max-snippet:-1, max-image-preview:large, max-video-preview:-1\" \/>\n<link rel=\"canonical\" href=\"https:\/\/watch4time.eu\/de\/shop\/wenger-attitude-chrono-4\/\" \/>\n<meta property=\"og:locale\" content=\"de_DE\" \/>\n<meta property=\"og:type\" content=\"article\" \/>\n<meta property=\"og:title\" content=\"Wenger Attitude Chrono 01.1543.104 - Watch4Time\" \/>\n<meta property=\"og:description\" content=\"01.1543.104  &nbsp;  Diese Wenger Attitude-Uhr hat einen Durchmesser von 44 mm. Edelstahlgeh\u00e4use und enth\u00e4lt ein Quarzwerk. Die Kollektion h\u00e4lt ihren angeborenen dynamischen Charakter nicht geheim, mit ihrer \u00fcberbordenden Vitalit\u00e4t, kombiniert mit einem aktiven Lebensstil. Die Kollektion Attitude zeichnet sich durch eine originelle Mischung aus Energie, Dynamik und Liebe zum Detail aus, die typisch f\u00fcr die Schweizer Manufaktur ist.\" \/>\n<meta property=\"og:url\" content=\"https:\/\/watch4time.eu\/de\/shop\/wenger-attitude-chrono-4\/\" \/>\n<meta property=\"og:site_name\" content=\"Watch4Time\" \/>\n<meta property=\"article:modified_time\" content=\"2019-04-30T09:29:32+00:00\" \/>\n<meta property=\"og:image\" content=\"https:\/\/watch4time.eu\/wp-content\/uploads\/2017\/09\/01.1543.104.jpg\" \/>\n\t<meta property=\"og:image:width\" content=\"1024\" \/>\n\t<meta property=\"og:image:height\" content=\"1024\" \/>\n\t<meta property=\"og:image:type\" content=\"image\/jpeg\" \/>\n<meta name=\"twitter:card\" content=\"summary_large_image\" \/>\n<script type=\"application\/ld+json\" class=\"yoast-schema-graph\">{\"@context\":\"https:\/\/schema.org\",\"@graph\":[{\"@type\":\"WebSite\",\"@id\":\"https:\/\/watch4time.eu\/#website\",\"url\":\"https:\/\/watch4time.eu\/\",\"name\":\"Watch4Time\",\"description\":\"Exquisite watches for you\",\"potentialAction\":[{\"@type\":\"SearchAction\",\"target\":{\"@type\":\"EntryPoint\",\"urlTemplate\":\"https:\/\/watch4time.eu\/?s={search_term_string}\"},\"query-input\":\"required name=search_term_string\"}],\"inLanguage\":\"de\"},{\"@type\":\"ImageObject\",\"@id\":\"https:\/\/watch4time.eu\/de\/shop\/wenger-attitude-chrono-4\/#primaryimage\",\"inLanguage\":\"de\",\"url\":\"https:\/\/watch4time.eu\/wp-content\/uploads\/2017\/09\/01.1543.104.jpg\",\"contentUrl\":\"https:\/\/watch4time.eu\/wp-content\/uploads\/2017\/09\/01.1543.104.jpg\",\"width\":1024,\"height\":1024},{\"@type\":\"WebPage\",\"@id\":\"https:\/\/watch4time.eu\/de\/shop\/wenger-attitude-chrono-4\/#webpage\",\"url\":\"https:\/\/watch4time.eu\/de\/shop\/wenger-attitude-chrono-4\/\",\"name\":\"Wenger Attitude Chrono 01.1543.104 - Watch4Time\",\"isPartOf\":{\"@id\":\"https:\/\/watch4time.eu\/#website\"},\"primaryImageOfPage\":{\"@id\":\"https:\/\/watch4time.eu\/de\/shop\/wenger-attitude-chrono-4\/#primaryimage\"},\"datePublished\":\"2017-09-12T14:38:37+00:00\",\"dateModified\":\"2019-04-30T09:29:32+00:00\",\"breadcrumb\":{\"@id\":\"https:\/\/watch4time.eu\/de\/shop\/wenger-attitude-chrono-4\/#breadcrumb\"},\"inLanguage\":\"de\",\"potentialAction\":[{\"@type\":\"ReadAction\",\"target\":[\"https:\/\/watch4time.eu\/de\/shop\/wenger-attitude-chrono-4\/\"]}]},{\"@type\":\"BreadcrumbList\",\"@id\":\"https:\/\/watch4time.eu\/de\/shop\/wenger-attitude-chrono-4\/#breadcrumb\",\"itemListElement\":[{\"@type\":\"ListItem\",\"position\":1,\"name\":\"Hjem\",\"item\":\"https:\/\/watch4time.eu\/de\/\"},{\"@type\":\"ListItem\",\"position\":2,\"name\":\"Shop\",\"item\":\"https:\/\/watch4time.eu\/de\/shop-de\/\"},{\"@type\":\"ListItem\",\"position\":3,\"name\":\"Wenger Attitude Chrono 01.1543.104\"}]}]}<\/script>\n<!-- \/ Yoast SEO plugin. -->","yoast_head_json":{"title":"Wenger Attitude Chrono 01.1543.104 - Watch4Time","robots":{"index":"index","follow":"follow","max-snippet":"max-snippet:-1","max-image-preview":"max-image-preview:large","max-video-preview":"max-video-preview:-1"},"canonical":"https:\/\/watch4time.eu\/de\/shop\/wenger-attitude-chrono-4\/","og_locale":"de_DE","og_type":"article","og_title":"Wenger Attitude Chrono 01.1543.104 - Watch4Time","og_description":"01.1543.104  &nbsp;  Diese Wenger Attitude-Uhr hat einen Durchmesser von 44 mm. Edelstahlgeh\u00e4use und enth\u00e4lt ein Quarzwerk. Die Kollektion h\u00e4lt ihren angeborenen dynamischen Charakter nicht geheim, mit ihrer \u00fcberbordenden Vitalit\u00e4t, kombiniert mit einem aktiven Lebensstil. Die Kollektion Attitude zeichnet sich durch eine originelle Mischung aus Energie, Dynamik und Liebe zum Detail aus, die typisch f\u00fcr die Schweizer Manufaktur ist.","og_url":"https:\/\/watch4time.eu\/de\/shop\/wenger-attitude-chrono-4\/","og_site_name":"Watch4Time","article_modified_time":"2019-04-30T09:29:32+00:00","og_image":[{"width":1024,"height":1024,"url":"https:\/\/watch4time.eu\/wp-content\/uploads\/2017\/09\/01.1543.104.jpg","type":"image\/jpeg"}],"twitter_card":"summary_large_image","schema":{"@context":"https:\/\/schema.org","@graph":[{"@type":"WebSite","@id":"https:\/\/watch4time.eu\/#website","url":"https:\/\/watch4time.eu\/","name":"Watch4Time","description":"Exquisite watches for you","potentialAction":[{"@type":"SearchAction","target":{"@type":"EntryPoint","urlTemplate":"https:\/\/watch4time.eu\/?s={search_term_string}"},"query-input":"required name=search_term_string"}],"inLanguage":"de"},{"@type":"ImageObject","@id":"https:\/\/watch4time.eu\/de\/shop\/wenger-attitude-chrono-4\/#primaryimage","inLanguage":"de","url":"https:\/\/watch4time.eu\/wp-content\/uploads\/2017\/09\/01.1543.104.jpg","contentUrl":"https:\/\/watch4time.eu\/wp-content\/uploads\/2017\/09\/01.1543.104.jpg","width":1024,"height":1024},{"@type":"WebPage","@id":"https:\/\/watch4time.eu\/de\/shop\/wenger-attitude-chrono-4\/#webpage","url":"https:\/\/watch4time.eu\/de\/shop\/wenger-attitude-chrono-4\/","name":"Wenger Attitude Chrono 01.1543.104 - Watch4Time","isPartOf":{"@id":"https:\/\/watch4time.eu\/#website"},"primaryImageOfPage":{"@id":"https:\/\/watch4time.eu\/de\/shop\/wenger-attitude-chrono-4\/#primaryimage"},"datePublished":"2017-09-12T14:38:37+00:00","dateModified":"2019-04-30T09:29:32+00:00","breadcrumb":{"@id":"https:\/\/watch4time.eu\/de\/shop\/wenger-attitude-chrono-4\/#breadcrumb"},"inLanguage":"de","potentialAction":[{"@type":"ReadAction","target":["https:\/\/watch4time.eu\/de\/shop\/wenger-attitude-chrono-4\/"]}]},{"@type":"BreadcrumbList","@id":"https:\/\/watch4time.eu\/de\/shop\/wenger-attitude-chrono-4\/#breadcrumb","itemListElement":[{"@type":"ListItem","position":1,"name":"Hjem","item":"https:\/\/watch4time.eu\/de\/"},{"@type":"ListItem","position":2,"name":"Shop","item":"https:\/\/watch4time.eu\/de\/shop-de\/"},{"@type":"ListItem","position":3,"name":"Wenger Attitude Chrono 01.1543.104"}]}]}},"_links":{"self":[{"href":"https:\/\/watch4time.eu\/de\/wp-json\/wp\/v2\/product\/10733"}],"collection":[{"href":"https:\/\/watch4time.eu\/de\/wp-json\/wp\/v2\/product"}],"about":[{"href":"https:\/\/watch4time.eu\/de\/wp-json\/wp\/v2\/types\/product"}],"replies":[{"embeddable":true,"href":"https:\/\/watch4time.eu\/de\/wp-json\/wp\/v2\/comments?post=10733"}],"wp:featuredmedia":[{"embeddable":true,"href":"https:\/\/watch4time.eu\/de\/wp-json\/wp\/v2\/media\/8790"}],"wp:attachment":[{"href":"https:\/\/watch4time.eu\/de\/wp-json\/wp\/v2\/media?parent=10733"}],"wp:term":[{"taxonomy":"product_cat","embeddable":true,"href":"https:\/\/watch4time.eu\/de\/wp-json\/wp\/v2\/product_cat?post=10733"},{"taxonomy":"product_tag","embeddable":true,"href":"https:\/\/watch4time.eu\/de\/wp-json\/wp\/v2\/product_tag?post=10733"}],"curies":[{"name":"wp","href":"https:\/\/api.w.org\/{rel}","templated":true}]}}