{"id":10486,"date":"2017-09-13T20:12:50","date_gmt":"2017-09-13T18:12:50","guid":{"rendered":"https:\/\/watch4time.eu\/shop\/ebel-la-maison-4\/"},"modified":"2019-06-10T16:02:59","modified_gmt":"2019-06-10T14:02:59","slug":"ebel-la-maison-4","status":"publish","type":"product","link":"https:\/\/watch4time.eu\/de\/shop\/ebel-la-maison-4\/","title":{"rendered":"Ebel La Maison 1216348"},"content":{"rendered":"","protected":false},"excerpt":{"rendered":"<p>1216348<\/p>\n<p>&nbsp;<\/p>\n<p>Limitierte Uhr mit Zeigern und Zeitmarkierungen in Gold, Datumsanzeige und Mondphase auf wei\u00dfem Perlmuttzifferblatt mit silbernen Details. Die Uhr hat eine mit Diamanten besetzte L\u00fcnette, ein Geh\u00e4use aus 18 Karat Gold und ein braunes Armband aus Alligator.<\/p>\n<p>Anzahl der Diamanten &#8211; 72 \u00a0 \u00a0 \u00a0 Karat Diamanten &#8211; 0,468<\/p>\n<p>&nbsp;<\/p>\n<p>Beim Kauf dieses Produktes sind l\u00e4ngere Lieferzeiten zu erwarten.<\/p>\n","protected":false},"featured_media":13285,"comment_status":"open","ping_status":"closed","template":"","meta":{"_mi_skip_tracking":false},"product_cat":[644,533,542,522],"product_tag":[],"yoast_head":"<!-- This site is optimized with the Yoast SEO plugin v18.5.1 - https:\/\/yoast.com\/wordpress\/plugins\/seo\/ -->\n<title>Ebel La Maison 1216348 - Watch4Time<\/title>\n<meta name=\"robots\" content=\"index, follow, max-snippet:-1, max-image-preview:large, max-video-preview:-1\" \/>\n<link rel=\"canonical\" href=\"https:\/\/watch4time.eu\/de\/shop\/ebel-la-maison-4\/\" \/>\n<meta property=\"og:locale\" content=\"de_DE\" \/>\n<meta property=\"og:type\" content=\"article\" \/>\n<meta property=\"og:title\" content=\"Ebel La Maison 1216348 - Watch4Time\" \/>\n<meta property=\"og:description\" content=\"1216348  &nbsp;  Limitierte Uhr mit Zeigern und Zeitmarkierungen in Gold, Datumsanzeige und Mondphase auf wei\u00dfem Perlmuttzifferblatt mit silbernen Details. Die Uhr hat eine mit Diamanten besetzte L\u00fcnette, ein Geh\u00e4use aus 18 Karat Gold und ein braunes Armband aus Alligator.  Anzahl der Diamanten - 72 \u00a0 \u00a0 \u00a0 Karat Diamanten - 0,468  &nbsp;  Beim Kauf dieses Produktes sind l\u00e4ngere Lieferzeiten zu erwarten.\" \/>\n<meta property=\"og:url\" content=\"https:\/\/watch4time.eu\/de\/shop\/ebel-la-maison-4\/\" \/>\n<meta property=\"og:site_name\" content=\"Watch4Time\" \/>\n<meta property=\"article:modified_time\" content=\"2019-06-10T14:02:59+00:00\" \/>\n<meta property=\"og:image\" content=\"https:\/\/watch4time.eu\/wp-content\/uploads\/2017\/09\/1216348_maisonebel_s-1.jpg\" \/>\n\t<meta property=\"og:image:width\" content=\"1000\" \/>\n\t<meta property=\"og:image:height\" content=\"1000\" \/>\n\t<meta property=\"og:image:type\" content=\"image\/jpeg\" \/>\n<meta name=\"twitter:card\" content=\"summary_large_image\" \/>\n<script type=\"application\/ld+json\" class=\"yoast-schema-graph\">{\"@context\":\"https:\/\/schema.org\",\"@graph\":[{\"@type\":\"WebSite\",\"@id\":\"https:\/\/watch4time.eu\/#website\",\"url\":\"https:\/\/watch4time.eu\/\",\"name\":\"Watch4Time\",\"description\":\"Exquisite watches for you\",\"potentialAction\":[{\"@type\":\"SearchAction\",\"target\":{\"@type\":\"EntryPoint\",\"urlTemplate\":\"https:\/\/watch4time.eu\/?s={search_term_string}\"},\"query-input\":\"required name=search_term_string\"}],\"inLanguage\":\"de\"},{\"@type\":\"ImageObject\",\"@id\":\"https:\/\/watch4time.eu\/de\/shop\/ebel-la-maison-4\/#primaryimage\",\"inLanguage\":\"de\",\"url\":\"https:\/\/watch4time.eu\/wp-content\/uploads\/2017\/09\/1216348_maisonebel_s-1.jpg\",\"contentUrl\":\"https:\/\/watch4time.eu\/wp-content\/uploads\/2017\/09\/1216348_maisonebel_s-1.jpg\",\"width\":1000,\"height\":1000},{\"@type\":\"WebPage\",\"@id\":\"https:\/\/watch4time.eu\/de\/shop\/ebel-la-maison-4\/#webpage\",\"url\":\"https:\/\/watch4time.eu\/de\/shop\/ebel-la-maison-4\/\",\"name\":\"Ebel La Maison 1216348 - Watch4Time\",\"isPartOf\":{\"@id\":\"https:\/\/watch4time.eu\/#website\"},\"primaryImageOfPage\":{\"@id\":\"https:\/\/watch4time.eu\/de\/shop\/ebel-la-maison-4\/#primaryimage\"},\"datePublished\":\"2017-09-13T18:12:50+00:00\",\"dateModified\":\"2019-06-10T14:02:59+00:00\",\"breadcrumb\":{\"@id\":\"https:\/\/watch4time.eu\/de\/shop\/ebel-la-maison-4\/#breadcrumb\"},\"inLanguage\":\"de\",\"potentialAction\":[{\"@type\":\"ReadAction\",\"target\":[\"https:\/\/watch4time.eu\/de\/shop\/ebel-la-maison-4\/\"]}]},{\"@type\":\"BreadcrumbList\",\"@id\":\"https:\/\/watch4time.eu\/de\/shop\/ebel-la-maison-4\/#breadcrumb\",\"itemListElement\":[{\"@type\":\"ListItem\",\"position\":1,\"name\":\"Hjem\",\"item\":\"https:\/\/watch4time.eu\/de\/\"},{\"@type\":\"ListItem\",\"position\":2,\"name\":\"Shop\",\"item\":\"https:\/\/watch4time.eu\/de\/shop-de\/\"},{\"@type\":\"ListItem\",\"position\":3,\"name\":\"Ebel La Maison 1216348\"}]}]}<\/script>\n<!-- \/ Yoast SEO plugin. -->","yoast_head_json":{"title":"Ebel La Maison 1216348 - Watch4Time","robots":{"index":"index","follow":"follow","max-snippet":"max-snippet:-1","max-image-preview":"max-image-preview:large","max-video-preview":"max-video-preview:-1"},"canonical":"https:\/\/watch4time.eu\/de\/shop\/ebel-la-maison-4\/","og_locale":"de_DE","og_type":"article","og_title":"Ebel La Maison 1216348 - Watch4Time","og_description":"1216348  &nbsp;  Limitierte Uhr mit Zeigern und Zeitmarkierungen in Gold, Datumsanzeige und Mondphase auf wei\u00dfem Perlmuttzifferblatt mit silbernen Details. Die Uhr hat eine mit Diamanten besetzte L\u00fcnette, ein Geh\u00e4use aus 18 Karat Gold und ein braunes Armband aus Alligator.  Anzahl der Diamanten - 72 \u00a0 \u00a0 \u00a0 Karat Diamanten - 0,468  &nbsp;  Beim Kauf dieses Produktes sind l\u00e4ngere Lieferzeiten zu erwarten.","og_url":"https:\/\/watch4time.eu\/de\/shop\/ebel-la-maison-4\/","og_site_name":"Watch4Time","article_modified_time":"2019-06-10T14:02:59+00:00","og_image":[{"width":1000,"height":1000,"url":"https:\/\/watch4time.eu\/wp-content\/uploads\/2017\/09\/1216348_maisonebel_s-1.jpg","type":"image\/jpeg"}],"twitter_card":"summary_large_image","schema":{"@context":"https:\/\/schema.org","@graph":[{"@type":"WebSite","@id":"https:\/\/watch4time.eu\/#website","url":"https:\/\/watch4time.eu\/","name":"Watch4Time","description":"Exquisite watches for you","potentialAction":[{"@type":"SearchAction","target":{"@type":"EntryPoint","urlTemplate":"https:\/\/watch4time.eu\/?s={search_term_string}"},"query-input":"required name=search_term_string"}],"inLanguage":"de"},{"@type":"ImageObject","@id":"https:\/\/watch4time.eu\/de\/shop\/ebel-la-maison-4\/#primaryimage","inLanguage":"de","url":"https:\/\/watch4time.eu\/wp-content\/uploads\/2017\/09\/1216348_maisonebel_s-1.jpg","contentUrl":"https:\/\/watch4time.eu\/wp-content\/uploads\/2017\/09\/1216348_maisonebel_s-1.jpg","width":1000,"height":1000},{"@type":"WebPage","@id":"https:\/\/watch4time.eu\/de\/shop\/ebel-la-maison-4\/#webpage","url":"https:\/\/watch4time.eu\/de\/shop\/ebel-la-maison-4\/","name":"Ebel La Maison 1216348 - Watch4Time","isPartOf":{"@id":"https:\/\/watch4time.eu\/#website"},"primaryImageOfPage":{"@id":"https:\/\/watch4time.eu\/de\/shop\/ebel-la-maison-4\/#primaryimage"},"datePublished":"2017-09-13T18:12:50+00:00","dateModified":"2019-06-10T14:02:59+00:00","breadcrumb":{"@id":"https:\/\/watch4time.eu\/de\/shop\/ebel-la-maison-4\/#breadcrumb"},"inLanguage":"de","potentialAction":[{"@type":"ReadAction","target":["https:\/\/watch4time.eu\/de\/shop\/ebel-la-maison-4\/"]}]},{"@type":"BreadcrumbList","@id":"https:\/\/watch4time.eu\/de\/shop\/ebel-la-maison-4\/#breadcrumb","itemListElement":[{"@type":"ListItem","position":1,"name":"Hjem","item":"https:\/\/watch4time.eu\/de\/"},{"@type":"ListItem","position":2,"name":"Shop","item":"https:\/\/watch4time.eu\/de\/shop-de\/"},{"@type":"ListItem","position":3,"name":"Ebel La Maison 1216348"}]}]}},"_links":{"self":[{"href":"https:\/\/watch4time.eu\/de\/wp-json\/wp\/v2\/product\/10486"}],"collection":[{"href":"https:\/\/watch4time.eu\/de\/wp-json\/wp\/v2\/product"}],"about":[{"href":"https:\/\/watch4time.eu\/de\/wp-json\/wp\/v2\/types\/product"}],"replies":[{"embeddable":true,"href":"https:\/\/watch4time.eu\/de\/wp-json\/wp\/v2\/comments?post=10486"}],"wp:featuredmedia":[{"embeddable":true,"href":"https:\/\/watch4time.eu\/de\/wp-json\/wp\/v2\/media\/13285"}],"wp:attachment":[{"href":"https:\/\/watch4time.eu\/de\/wp-json\/wp\/v2\/media?parent=10486"}],"wp:term":[{"taxonomy":"product_cat","embeddable":true,"href":"https:\/\/watch4time.eu\/de\/wp-json\/wp\/v2\/product_cat?post=10486"},{"taxonomy":"product_tag","embeddable":true,"href":"https:\/\/watch4time.eu\/de\/wp-json\/wp\/v2\/product_tag?post=10486"}],"curies":[{"name":"wp","href":"https:\/\/api.w.org\/{rel}","templated":true}]}}